{"id":1951,"date":"2023-01-30T11:25:06","date_gmt":"2023-01-30T10:25:06","guid":{"rendered":"https:\/\/agora.xtec.cat\/esceduardtoda\/?page_id=1951"},"modified":"2023-04-24T13:02:32","modified_gmt":"2023-04-24T11:02:32","slug":"objectius","status":"publish","type":"page","link":"https:\/\/agora.xtec.cat\/esceduardtoda\/estrategia-digital-de-centre\/part-estrategica\/objectius\/","title":{"rendered":"Objectius"},"content":{"rendered":"<p dir=\"ltr\">Determinar els objectius en l&#8217;estrat\u00e8gia digital de centre \u00e9s crucial per garantir que les iniciatives digitals estiguin alineades amb les necessitats i les metes del centre educatiu.<\/p>\n<p dir=\"ltr\">Els objectius s\u00f3n importants perqu\u00e8 ajuden a establir les metes a curt i llarg termini, i a definir les accions necess\u00e0ries per assolir-les.<\/p>\n<p><a href=\"https:\/\/agora.xtec.cat\/esceduardtoda\/wp-content\/uploads\/usu2096\/2023\/04\/OBJECTIUS-EDC.png\"><img loading=\"lazy\" decoding=\"async\" class=\"size-large wp-image-2026 aligncenter\" src=\"https:\/\/agora.xtec.cat\/esceduardtoda\/wp-content\/uploads\/usu2096\/2023\/04\/OBJECTIUS-EDC-724x1024.png\" alt=\"\" width=\"724\" height=\"1024\" srcset=\"https:\/\/agora.xtec.cat\/esceduardtoda\/wp-content\/uploads\/usu2096\/2023\/04\/OBJECTIUS-EDC-724x1024.png 724w, https:\/\/agora.xtec.cat\/esceduardtoda\/wp-content\/uploads\/usu2096\/2023\/04\/OBJECTIUS-EDC-212x300.png 212w, https:\/\/agora.xtec.cat\/esceduardtoda\/wp-content\/uploads\/usu2096\/2023\/04\/OBJECTIUS-EDC-768x1086.png 768w, https:\/\/agora.xtec.cat\/esceduardtoda\/wp-content\/uploads\/usu2096\/2023\/04\/OBJECTIUS-EDC-1086x1536.png 1086w, https:\/\/agora.xtec.cat\/esceduardtoda\/wp-content\/uploads\/usu2096\/2023\/04\/OBJECTIUS-EDC-1448x2048.png 1448w, https:\/\/agora.xtec.cat\/esceduardtoda\/wp-content\/uploads\/usu2096\/2023\/04\/OBJECTIUS-EDC.png 1587w\" sizes=\"auto, (max-width: 724px) 100vw, 724px\" \/><\/a><\/p>\n","protected":false},"excerpt":{"rendered":"<p>Determinar els objectius en l&#8217;estrat\u00e8gia digital de centre \u00e9s crucial per garantir que les iniciatives digitals estiguin alineades amb les necessitats i les metes del centre educatiu. Els objectius s\u00f3n importants perqu\u00e8 ajuden a establir les metes a curt i llarg termini, i a definir les accions necess\u00e0ries per assolir-les.<\/p>\n","protected":false},"author":1,"featured_media":0,"parent":1945,"menu_order":0,"comment_status":"closed","ping_status":"closed","template":"page-templates\/side-menu.php","meta":{"_bbp_topic_count":0,"_bbp_reply_count":0,"_bbp_total_topic_count":0,"_bbp_total_reply_count":0,"_bbp_voice_count":0,"_bbp_anonymous_reply_count":0,"_bbp_topic_count_hidden":0,"_bbp_reply_count_hidden":0,"_bbp_forum_subforum_count":0,"site-sidebar-layout":"default","site-content-layout":"","ast-site-content-layout":"","site-content-style":"default","site-sidebar-style":"default","ast-global-header-display":"","ast-banner-title-visibility":"","ast-main-header-display":"","ast-hfb-above-header-display":"","ast-hfb-below-header-display":"","ast-hfb-mobile-header-display":"","site-post-title":"","ast-breadcrumbs-content":"","ast-featured-img":"","footer-sml-layout":"","theme-transparent-header-meta":"","adv-header-id-meta":"","stick-header-meta":"","header-above-stick-meta":"","header-main-stick-meta":"","header-below-stick-meta":"","astra-migrate-meta-layouts":"default","ast-page-background-enabled":"default","ast-page-background-meta":{"desktop":{"background-color":"var(--ast-global-color-4)","background-image":"","background-repeat":"repeat","background-position":"center center","background-size":"auto","background-attachment":"scroll","background-type":"","background-media":"","overlay-type":"","overlay-color":"","overlay-opacity":"","overlay-gradient":""},"tablet":{"background-color":"","background-image":"","background-repeat":"repeat","background-position":"center center","background-size":"auto","background-attachment":"scroll","background-type":"","background-media":"","overlay-type":"","overlay-color":"","overlay-opacity":"","overlay-gradient":""},"mobile":{"background-color":"","background-image":"","background-repeat":"repeat","background-position":"center center","background-size":"auto","background-attachment":"scroll","background-type":"","background-media":"","overlay-type":"","overlay-color":"","overlay-opacity":"","overlay-gradient":""}},"ast-content-background-meta":{"desktop":{"background-color":"var(--ast-global-color-5)","background-image":"","background-repeat":"repeat","background-position":"center center","background-size":"auto","background-attachment":"scroll","background-type":"","background-media":"","overlay-type":"","overlay-color":"","overlay-opacity":"","overlay-gradient":""},"tablet":{"background-color":"var(--ast-global-color-5)","background-image":"","background-repeat":"repeat","background-position":"center center","background-size":"auto","background-attachment":"scroll","background-type":"","background-media":"","overlay-type":"","overlay-color":"","overlay-opacity":"","overlay-gradient":""},"mobile":{"background-color":"var(--ast-global-color-5)","background-image":"","background-repeat":"repeat","background-position":"center center","background-size":"auto","background-attachment":"scroll","background-type":"","background-media":"","overlay-type":"","overlay-color":"","overlay-opacity":"","overlay-gradient":""}},"footnotes":""},"class_list":["post-1951","page","type-page","status-publish","hentry"],"post_mailing_queue_ids":[],"_links":{"self":[{"href":"https:\/\/agora.xtec.cat\/esceduardtoda\/wp-json\/wp\/v2\/pages\/1951","targetHints":{"allow":["GET"]}}],"collection":[{"href":"https:\/\/agora.xtec.cat\/esceduardtoda\/wp-json\/wp\/v2\/pages"}],"about":[{"href":"https:\/\/agora.xtec.cat\/esceduardtoda\/wp-json\/wp\/v2\/types\/page"}],"author":[{"embeddable":true,"href":"https:\/\/agora.xtec.cat\/esceduardtoda\/wp-json\/wp\/v2\/users\/1"}],"replies":[{"embeddable":true,"href":"https:\/\/agora.xtec.cat\/esceduardtoda\/wp-json\/wp\/v2\/comments?post=1951"}],"version-history":[{"count":3,"href":"https:\/\/agora.xtec.cat\/esceduardtoda\/wp-json\/wp\/v2\/pages\/1951\/revisions"}],"predecessor-version":[{"id":2089,"href":"https:\/\/agora.xtec.cat\/esceduardtoda\/wp-json\/wp\/v2\/pages\/1951\/revisions\/2089"}],"up":[{"embeddable":true,"href":"https:\/\/agora.xtec.cat\/esceduardtoda\/wp-json\/wp\/v2\/pages\/1945"}],"wp:attachment":[{"href":"https:\/\/agora.xtec.cat\/esceduardtoda\/wp-json\/wp\/v2\/media?parent=1951"}],"curies":[{"name":"wp","href":"https:\/\/api.w.org\/{rel}","templated":true}]}}