{"id":1948,"date":"2023-01-30T11:23:09","date_gmt":"2023-01-30T10:23:09","guid":{"rendered":"https:\/\/agora.xtec.cat\/esceduardtoda\/?page_id=1948"},"modified":"2023-06-09T10:04:23","modified_gmt":"2023-06-09T08:04:23","slug":"diagnosi","status":"publish","type":"page","link":"https:\/\/agora.xtec.cat\/esceduardtoda\/estrategia-digital-de-centre\/part-estrategica\/diagnosi\/","title":{"rendered":"Diagnosi"},"content":{"rendered":"<p>La diagnosi en l&#8217;Estrat\u00e8gia Digital de Centre es refereix a l&#8217;avaluaci\u00f3 inicial que s&#8217;efectua per identificar les necessitats, oportunitats i debilitats del centre educatiu amb relaci\u00f3 a l&#8217;\u00fas de les tecnologies i estrat\u00e8gies digitals.<\/p>\n<p>Aquesta avaluaci\u00f3 es realitza amb l&#8217;objectiu de comprendre millor com el centre est\u00e0 utilitzant actualment les tecnologies digitals, quines eines i recursos s\u00f3n necessaris per millorar tant l&#8217;efici\u00e8ncia com la qualitat educativa, i per identificar les necessitats de formaci\u00f3 i capacitaci\u00f3 del personal del centre.<\/p>\n<p dir=\"ltr\">La diagnosi del centre es va portar a terme durant el curs escolar 2022-2023 i es va realitzar utilitzant els seg\u00fcents instruments:<\/p>\n<p dir=\"ltr\">\u25cf Selfie a perfil docent<br \/>\n\u25cf Selfie a perfil alumnes<br \/>\n\u25cf Selfie a perfil equip directiu<br \/>\n\u25cf \u00cdtems de l\u2019antic Pla TAC del centre.<\/p>\n<div class=\"h5p-iframe-wrapper\"><iframe id=\"h5p-iframe-3\" class=\"h5p-iframe\" data-content-id=\"3\" style=\"height:1px\" src=\"about:blank\" frameBorder=\"0\" scrolling=\"no\" title=\"DIAGNOSI\"><\/iframe><\/div>\n","protected":false},"excerpt":{"rendered":"<p>La diagnosi en l&#8217;Estrat\u00e8gia Digital de Centre es refereix a l&#8217;avaluaci\u00f3 inicial que s&#8217;efectua per identificar les necessitats, oportunitats i debilitats del centre educatiu amb relaci\u00f3 a l&#8217;\u00fas de les tecnologies i estrat\u00e8gies digitals. Aquesta avaluaci\u00f3 es realitza amb l&#8217;objectiu de comprendre millor com el centre est\u00e0 utilitzant actualment les tecnologies digitals, quines eines i [&hellip;]<\/p>\n","protected":false},"author":1,"featured_media":0,"parent":1945,"menu_order":0,"comment_status":"closed","ping_status":"closed","template":"page-templates\/side-menu.php","meta":{"_bbp_topic_count":0,"_bbp_reply_count":0,"_bbp_total_topic_count":0,"_bbp_total_reply_count":0,"_bbp_voice_count":0,"_bbp_anonymous_reply_count":0,"_bbp_topic_count_hidden":0,"_bbp_reply_count_hidden":0,"_bbp_forum_subforum_count":0,"site-sidebar-layout":"default","site-content-layout":"","ast-site-content-layout":"","site-content-style":"default","site-sidebar-style":"default","ast-global-header-display":"","ast-banner-title-visibility":"","ast-main-header-display":"","ast-hfb-above-header-display":"","ast-hfb-below-header-display":"","ast-hfb-mobile-header-display":"","site-post-title":"","ast-breadcrumbs-content":"","ast-featured-img":"","footer-sml-layout":"","theme-transparent-header-meta":"","adv-header-id-meta":"","stick-header-meta":"","header-above-stick-meta":"","header-main-stick-meta":"","header-below-stick-meta":"","astra-migrate-meta-layouts":"default","ast-page-background-enabled":"default","ast-page-background-meta":{"desktop":{"background-color":"var(--ast-global-color-4)","background-image":"","background-repeat":"repeat","background-position":"center center","background-size":"auto","background-attachment":"scroll","background-type":"","background-media":"","overlay-type":"","overlay-color":"","overlay-opacity":"","overlay-gradient":""},"tablet":{"background-color":"","background-image":"","background-repeat":"repeat","background-position":"center center","background-size":"auto","background-attachment":"scroll","background-type":"","background-media":"","overlay-type":"","overlay-color":"","overlay-opacity":"","overlay-gradient":""},"mobile":{"background-color":"","background-image":"","background-repeat":"repeat","background-position":"center center","background-size":"auto","background-attachment":"scroll","background-type":"","background-media":"","overlay-type":"","overlay-color":"","overlay-opacity":"","overlay-gradient":""}},"ast-content-background-meta":{"desktop":{"background-color":"var(--ast-global-color-5)","background-image":"","background-repeat":"repeat","background-position":"center center","background-size":"auto","background-attachment":"scroll","background-type":"","background-media":"","overlay-type":"","overlay-color":"","overlay-opacity":"","overlay-gradient":""},"tablet":{"background-color":"var(--ast-global-color-5)","background-image":"","background-repeat":"repeat","background-position":"center center","background-size":"auto","background-attachment":"scroll","background-type":"","background-media":"","overlay-type":"","overlay-color":"","overlay-opacity":"","overlay-gradient":""},"mobile":{"background-color":"var(--ast-global-color-5)","background-image":"","background-repeat":"repeat","background-position":"center center","background-size":"auto","background-attachment":"scroll","background-type":"","background-media":"","overlay-type":"","overlay-color":"","overlay-opacity":"","overlay-gradient":""}},"footnotes":""},"class_list":["post-1948","page","type-page","status-publish","hentry"],"post_mailing_queue_ids":[],"_links":{"self":[{"href":"https:\/\/agora.xtec.cat\/esceduardtoda\/wp-json\/wp\/v2\/pages\/1948","targetHints":{"allow":["GET"]}}],"collection":[{"href":"https:\/\/agora.xtec.cat\/esceduardtoda\/wp-json\/wp\/v2\/pages"}],"about":[{"href":"https:\/\/agora.xtec.cat\/esceduardtoda\/wp-json\/wp\/v2\/types\/page"}],"author":[{"embeddable":true,"href":"https:\/\/agora.xtec.cat\/esceduardtoda\/wp-json\/wp\/v2\/users\/1"}],"replies":[{"embeddable":true,"href":"https:\/\/agora.xtec.cat\/esceduardtoda\/wp-json\/wp\/v2\/comments?post=1948"}],"version-history":[{"count":6,"href":"https:\/\/agora.xtec.cat\/esceduardtoda\/wp-json\/wp\/v2\/pages\/1948\/revisions"}],"predecessor-version":[{"id":2148,"href":"https:\/\/agora.xtec.cat\/esceduardtoda\/wp-json\/wp\/v2\/pages\/1948\/revisions\/2148"}],"up":[{"embeddable":true,"href":"https:\/\/agora.xtec.cat\/esceduardtoda\/wp-json\/wp\/v2\/pages\/1945"}],"wp:attachment":[{"href":"https:\/\/agora.xtec.cat\/esceduardtoda\/wp-json\/wp\/v2\/media?parent=1948"}],"curies":[{"name":"wp","href":"https:\/\/api.w.org\/{rel}","templated":true}]}}