{"id":36,"date":"2014-09-18T12:33:11","date_gmt":"2014-09-18T10:33:11","guid":{"rendered":"http:\/\/agora.xtec.cat\/escdelplademanlleu\/?page_id=36"},"modified":"2023-07-05T09:36:35","modified_gmt":"2023-07-05T07:36:35","slug":"material-escolar","status":"publish","type":"page","link":"https:\/\/agora.xtec.cat\/escdelplademanlleu\/lescola\/material-escolar\/","title":{"rendered":"Material escolar"},"content":{"rendered":"<p>Des de l&#8217;escola es realitzar\u00e0 una part la comanda de llibres pel curs 2023-2024, en relaci\u00f3 a aix\u00f2 trobareu la forma de pagament dels llibres i llic\u00e8ncies digitals, aix\u00ed com del material, en els documents de la p\u00e0gina Material escolar i llibres per al curs 2023-2024.<\/p>\n<p>&nbsp;<\/p>\n<p style=\"text-align: right;\">\n","protected":false},"excerpt":{"rendered":"<p>Des de l&#8217;escola es realitzar\u00e0 una part la comanda de llibres pel curs 2023-2024, en relaci\u00f3 a aix\u00f2 trobareu la forma de pagament dels llibres i llic\u00e8ncies digitals, aix\u00ed com del material, en els documents de la p\u00e0gina Material escolar i llibres per al curs&hellip;  <a href=\"https:\/\/agora.xtec.cat\/escdelplademanlleu\/lescola\/material-escolar\/\" title=\"Read Material escolar\">Llegeix m\u00e9s\u00bb<\/a><\/p>\n","protected":false},"author":1,"featured_media":0,"parent":22,"menu_order":70,"comment_status":"closed","ping_status":"closed","template":"","meta":{"_bbp_topic_count":0,"_bbp_reply_count":0,"_bbp_total_topic_count":0,"_bbp_total_reply_count":0,"_bbp_voice_count":0,"_bbp_anonymous_reply_count":0,"_bbp_topic_count_hidden":0,"_bbp_reply_count_hidden":0,"_bbp_forum_subforum_count":0,"footnotes":""},"class_list":["post-36","page","type-page","status-publish","hentry"],"post_mailing_queue_ids":[],"_links":{"self":[{"href":"https:\/\/agora.xtec.cat\/escdelplademanlleu\/wp-json\/wp\/v2\/pages\/36","targetHints":{"allow":["GET"]}}],"collection":[{"href":"https:\/\/agora.xtec.cat\/escdelplademanlleu\/wp-json\/wp\/v2\/pages"}],"about":[{"href":"https:\/\/agora.xtec.cat\/escdelplademanlleu\/wp-json\/wp\/v2\/types\/page"}],"author":[{"embeddable":true,"href":"https:\/\/agora.xtec.cat\/escdelplademanlleu\/wp-json\/wp\/v2\/users\/1"}],"replies":[{"embeddable":true,"href":"https:\/\/agora.xtec.cat\/escdelplademanlleu\/wp-json\/wp\/v2\/comments?post=36"}],"version-history":[{"count":3,"href":"https:\/\/agora.xtec.cat\/escdelplademanlleu\/wp-json\/wp\/v2\/pages\/36\/revisions"}],"predecessor-version":[{"id":4771,"href":"https:\/\/agora.xtec.cat\/escdelplademanlleu\/wp-json\/wp\/v2\/pages\/36\/revisions\/4771"}],"up":[{"embeddable":true,"href":"https:\/\/agora.xtec.cat\/escdelplademanlleu\/wp-json\/wp\/v2\/pages\/22"}],"wp:attachment":[{"href":"https:\/\/agora.xtec.cat\/escdelplademanlleu\/wp-json\/wp\/v2\/media?parent=36"}],"curies":[{"name":"wp","href":"https:\/\/api.w.org\/{rel}","templated":true}]}}