{"id":540,"date":"2023-01-25T15:38:04","date_gmt":"2023-01-25T14:38:04","guid":{"rendered":"https:\/\/agora.xtec.cat\/escdelavila\/?page_id=540"},"modified":"2024-06-26T13:34:21","modified_gmt":"2024-06-26T11:34:21","slug":"pagaments-tpv","status":"publish","type":"page","link":"https:\/\/agora.xtec.cat\/escdelavila\/curs-24-25-2\/pagaments-tpv\/","title":{"rendered":"PAGAMENTS \/ TPV"},"content":{"rendered":"<p>&nbsp;<\/p>\n<table style=\"border-collapse: collapse; width: 100%;\">\n<tbody>\n<tr>\n<td style=\"width: 100%; text-align: center;\"><strong>M\u00c8TODES DE PAGAMENT<\/strong><\/td>\n<\/tr>\n<\/tbody>\n<\/table>\n<p>&nbsp;<\/p>\n<table style=\"border-collapse: collapse; width: 100%; height: 257px;\">\n<tbody>\n<tr style=\"height: 32px;\">\n<td style=\"width: 50%; text-align: center; height: 32px;\" colspan=\"2\"><strong>TPV ESCOLA<\/strong><\/td>\n<\/tr>\n<tr style=\"height: 196px;\">\n<td style=\"width: 50%; height: 196px; text-align: center;\">Els pagaments de sortides, col\u00f2nies i del material s&#8217;hauran de realitzar utilitzant la plataforma TPV Escola.<\/td>\n<td style=\"width: 50%; height: 196px;\"><a href=\"https:\/\/tpvescola.com\/Default2.aspx\"><img loading=\"lazy\" decoding=\"async\" class=\"size-full wp-image-627 aligncenter\" src=\"https:\/\/agora.xtec.cat\/escdelavila\/wp-content\/uploads\/usu2350\/2023\/01\/TPV.jpg\" alt=\"\" width=\"320\" height=\"180\" srcset=\"https:\/\/agora.xtec.cat\/escdelavila\/wp-content\/uploads\/usu2350\/2023\/01\/TPV.jpg 320w, https:\/\/agora.xtec.cat\/escdelavila\/wp-content\/uploads\/usu2350\/2023\/01\/TPV-300x169.jpg 300w\" sizes=\"auto, (max-width: 320px) 100vw, 320px\" \/><\/a><\/td>\n<\/tr>\n<tr style=\"height: 29px;\">\n<td style=\"width: 50%; height: 29px;\" colspan=\"2\">\n<p style=\"text-align: center;\"><em><strong>Cliqueu dins de la imatge per enlla\u00e7ar a la plataforma<\/strong><\/em><\/p>\n<\/td>\n<\/tr>\n<\/tbody>\n<\/table>\n<p>&nbsp;<\/p>\n<table style=\"border-collapse: collapse; width: 100%; height: 257px;\">\n<tbody>\n<tr style=\"height: 32px;\">\n<td style=\"width: 50%; text-align: center; height: 32px;\" colspan=\"2\"><strong>TRANSFER\u00c8NCIA BANC\u00c0RIA<\/strong><\/td>\n<\/tr>\n<tr style=\"height: 196px;\">\n<td style=\"width: 50%; height: 196px; text-align: center;\"><a href=\"https:\/\/agora.xtec.cat\/escdelavila\/wp-content\/uploads\/usu2350\/2023\/03\/banco.png\"><img loading=\"lazy\" decoding=\"async\" class=\"alignnone wp-image-936 size-thumbnail\" src=\"https:\/\/agora.xtec.cat\/escdelavila\/wp-content\/uploads\/usu2350\/2023\/03\/banco-150x150.png\" alt=\"\" width=\"150\" height=\"150\" srcset=\"https:\/\/agora.xtec.cat\/escdelavila\/wp-content\/uploads\/usu2350\/2023\/03\/banco-150x150.png 150w, https:\/\/agora.xtec.cat\/escdelavila\/wp-content\/uploads\/usu2350\/2023\/03\/banco-300x300.png 300w, https:\/\/agora.xtec.cat\/escdelavila\/wp-content\/uploads\/usu2350\/2023\/03\/banco.png 512w\" sizes=\"auto, (max-width: 150px) 100vw, 150px\" \/><\/a><\/td>\n<td style=\"width: 50%; height: 196px; text-align: center;\">Tamb\u00e9 podreu fer els pagaments mitjan\u00e7ant transfer\u00e8ncia banc\u00e0ria al n\u00famero de compte de La Caixa&#8230;<\/p>\n<p style=\"text-align: center;\"><strong>ES50 2100 1843 1002 0027 9452<\/strong><\/p>\n<p>En el moment de la transfer\u00e8ncia haureu d&#8217;especificar en el concepte el motiu de la transfer\u00e8ncia (p.e. SORTIDA AL COSMOCAIXA), el nom de l&#8217;infant i el curs.<\/td>\n<\/tr>\n<\/tbody>\n<\/table>\n<p>&nbsp;<\/p>\n<table style=\"border-collapse: collapse;\">\n<tbody>\n<tr style=\"height: 32px;\">\n<td style=\"width: 50%; text-align: center; height: 32px;\" colspan=\"2\"><strong>PAGAMENTS EN EFECTIU<\/strong><\/td>\n<\/tr>\n<tr style=\"height: 196px;\">\n<td style=\"width: 50%; height: 196px; text-align: center;\">Tot i que es prioritzar\u00e0 l&#8217;\u00fas de l&#8217;aplicaci\u00f3 tamb\u00e9 podreu fer els pagaments en efectiu a la Secret\u00e0ria del centre en horari lectiu.<\/p>\n<p style=\"text-align: center;\">De <strong>dilluns<\/strong> a <strong>divendres<\/strong> de <strong>09&#8217;00 a 12&#8217;30<\/strong> i de <strong>15&#8217;00 a 16&#8217;30<\/strong>.<\/p>\n<\/td>\n<td style=\"width: 50%; height: 196px; text-align: center;\"><a href=\"https:\/\/agora.xtec.cat\/escdelavila\/wp-content\/uploads\/usu2350\/2023\/03\/pago-en-efectivo.png\"><img loading=\"lazy\" decoding=\"async\" class=\"alignnone wp-image-937 size-thumbnail\" src=\"https:\/\/agora.xtec.cat\/escdelavila\/wp-content\/uploads\/usu2350\/2023\/03\/pago-en-efectivo-150x150.png\" alt=\"\" width=\"150\" height=\"150\" srcset=\"https:\/\/agora.xtec.cat\/escdelavila\/wp-content\/uploads\/usu2350\/2023\/03\/pago-en-efectivo-150x150.png 150w, https:\/\/agora.xtec.cat\/escdelavila\/wp-content\/uploads\/usu2350\/2023\/03\/pago-en-efectivo-300x300.png 300w, https:\/\/agora.xtec.cat\/escdelavila\/wp-content\/uploads\/usu2350\/2023\/03\/pago-en-efectivo.png 512w\" sizes=\"auto, (max-width: 150px) 100vw, 150px\" \/><\/a><\/td>\n<\/tr>\n<\/tbody>\n<\/table>\n<p>&nbsp;<\/p>\n","protected":false},"excerpt":{"rendered":"<p>&nbsp;<\/p>\n<p>M\u00c8TODES DE PAGAMENT<\/p>\n<p>&nbsp;<\/p>\n<p>TPV ESCOLA<\/p>\n<p>Els pagaments de sortides, col\u00f2nies i del material s&#8217;hauran de realitzar utilitzant la plataforma TPV Escola.<br \/>\n<a href=\"https:\/\/tpvescola.com\/Default2.aspx\"><\/a><\/p>\n<p>Cliqueu dins de la imatge per enlla\u00e7ar a la plataforma<\/p>\n<p>&nbsp;<\/p>\n<p>TRANSFER\u00c8NCIA BANC\u00c0RIA<\/p>\n<p><a href=\"https:\/\/agora.xtec.cat\/escdelavila\/wp-content\/uploads\/usu2350\/2023\/03\/banco.png\"><\/a><br \/>\nTamb\u00e9 podreu fer els pagaments mitjan\u00e7ant transfer\u00e8ncia banc\u00e0ria al n\u00famero de compte de La Caixa&#8230;<br \/>\nES50&hellip;  <a href=\"https:\/\/agora.xtec.cat\/escdelavila\/curs-24-25-2\/pagaments-tpv\/\" title=\"Read PAGAMENTS \/ TPV\">Llegeix m\u00e9s\u00bb<\/a><\/p>\n","protected":false},"author":1,"featured_media":0,"parent":1587,"menu_order":50,"comment_status":"closed","ping_status":"closed","template":"page-templates\/side-menu.php","meta":{"_bbp_topic_count":0,"_bbp_reply_count":0,"_bbp_total_topic_count":0,"_bbp_total_reply_count":0,"_bbp_voice_count":0,"_bbp_anonymous_reply_count":0,"_bbp_topic_count_hidden":0,"_bbp_reply_count_hidden":0,"_bbp_forum_subforum_count":0,"footnotes":""},"class_list":["post-540","page","type-page","status-publish","hentry"],"post_mailing_queue_ids":[],"_links":{"self":[{"href":"https:\/\/agora.xtec.cat\/escdelavila\/wp-json\/wp\/v2\/pages\/540","targetHints":{"allow":["GET"]}}],"collection":[{"href":"https:\/\/agora.xtec.cat\/escdelavila\/wp-json\/wp\/v2\/pages"}],"about":[{"href":"https:\/\/agora.xtec.cat\/escdelavila\/wp-json\/wp\/v2\/types\/page"}],"author":[{"embeddable":true,"href":"https:\/\/agora.xtec.cat\/escdelavila\/wp-json\/wp\/v2\/users\/1"}],"replies":[{"embeddable":true,"href":"https:\/\/agora.xtec.cat\/escdelavila\/wp-json\/wp\/v2\/comments?post=540"}],"version-history":[{"count":3,"href":"https:\/\/agora.xtec.cat\/escdelavila\/wp-json\/wp\/v2\/pages\/540\/revisions"}],"predecessor-version":[{"id":1590,"href":"https:\/\/agora.xtec.cat\/escdelavila\/wp-json\/wp\/v2\/pages\/540\/revisions\/1590"}],"up":[{"embeddable":true,"href":"https:\/\/agora.xtec.cat\/escdelavila\/wp-json\/wp\/v2\/pages\/1587"}],"wp:attachment":[{"href":"https:\/\/agora.xtec.cat\/escdelavila\/wp-json\/wp\/v2\/media?parent=540"}],"curies":[{"name":"wp","href":"https:\/\/api.w.org\/{rel}","templated":true}]}}