{"id":84,"date":"2014-09-18T14:11:31","date_gmt":"2014-09-18T13:11:31","guid":{"rendered":"http:\/\/agora.xtec.cat\/escdelavalldan\/?page_id=84"},"modified":"2025-09-12T09:22:10","modified_gmt":"2025-09-12T07:22:10","slug":"activitats-extraescolars","status":"publish","type":"page","link":"https:\/\/agora.xtec.cat\/escdelavalldan\/serveis\/activitats-extraescolars\/","title":{"rendered":"Activitats extraescolars"},"content":{"rendered":"<p>Aquest curs a l\u2019escola s\u2019ofereixen les seg\u00fcents activitats extraescolars, en horari de migdia (*), organitzades per l\u2019empresa Sinapsis si hi ha un m\u00ednim d\u2019inscrits:<\/p>\n<ul>\n<li><b>Ordinografia:<\/b>\u00a0Dilluns de 14h a 15h. (P2 a P6)<\/li>\n<li><b>Ioga:<\/b>\u00a0Dimarts de 14h a 15h (I3 a P6)<\/li>\n<li><b>Manualitats:<\/b>\u00a0Dijous de 14h a 15h (I3 a I5)<\/li>\n<li><b>Angl\u00e8s:<\/b>\u00a0Dijous de 14h a 15h (P1 i P2)<\/li>\n<li><b>Balls:\u00a0<\/b>Divendres de 14h a 15h (P1 a P6)<\/li>\n<\/ul>\n<p>Cal fer inscripcions, dins termini a:\u00a0<a href=\"https:\/\/www.sinapsisberga.cat\/\" target=\"_blank\" rel=\"noopener\" data-saferedirecturl=\"https:\/\/www.google.com\/url?q=https:\/\/www.sinapsisberga.cat\/&amp;source=gmail&amp;ust=1730292176471000&amp;usg=AOvVaw0alTWEdFl4iJilGrfggP2V\">https:\/\/www.sinapsisberga.<wbr \/>cat\/<\/a>\u00a0o posar-se en contacte amb Sinapsis si es volen iniciar a mig curs si hi ha places.<\/p>\n<p>(*) El motiu pel qual es fan extraescolars als migdies \u00e9s a petici\u00f3 de la majoria de fam\u00edlies, per aix\u00ed ocupar la zona del migdia i no carregar les tardes d&#8217;activitats. Quan s&#8217;oferia a la tarda, en cursos anteriors, no s&#8217;apuntaven gaires alumnes i no es podien dur a terme per pocs interessats.<\/p>\n","protected":false},"excerpt":{"rendered":"<p>Aquest curs a l\u2019escola s\u2019ofereixen les seg\u00fcents activitats extraescolars, en horari de migdia (*), organitzades per l\u2019empresa Sinapsis si hi ha un m\u00ednim d\u2019inscrits: Ordinografia:\u00a0Dilluns de 14h a 15h. (P2 a P6) Ioga:\u00a0Dimarts de 14h a 15h (I3 a P6) Manualitats:\u00a0Dijous de 14h a 15h (I3 a I5) Angl\u00e8s:\u00a0Dijous de 14h a 15h (P1 i [&hellip;]<\/p>\n","protected":false},"author":1,"featured_media":0,"parent":66,"menu_order":60,"comment_status":"closed","ping_status":"closed","template":"page-templates\/side-menu.php","meta":{"_bbp_topic_count":0,"_bbp_reply_count":0,"_bbp_total_topic_count":0,"_bbp_total_reply_count":0,"_bbp_voice_count":0,"_bbp_anonymous_reply_count":0,"_bbp_topic_count_hidden":0,"_bbp_reply_count_hidden":0,"_bbp_forum_subforum_count":0,"site-sidebar-layout":"default","site-content-layout":"","ast-site-content-layout":"","site-content-style":"default","site-sidebar-style":"default","ast-global-header-display":"","ast-banner-title-visibility":"","ast-main-header-display":"","ast-hfb-above-header-display":"","ast-hfb-below-header-display":"","ast-hfb-mobile-header-display":"","site-post-title":"","ast-breadcrumbs-content":"","ast-featured-img":"","footer-sml-layout":"","theme-transparent-header-meta":"","adv-header-id-meta":"","stick-header-meta":"","header-above-stick-meta":"","header-main-stick-meta":"","header-below-stick-meta":"","astra-migrate-meta-layouts":"default","ast-page-background-enabled":"default","ast-page-background-meta":{"desktop":{"background-color":"var(--ast-global-color-4)","background-image":"","background-repeat":"repeat","background-position":"center center","background-size":"auto","background-attachment":"scroll","background-type":"","background-media":"","overlay-type":"","overlay-color":"","overlay-opacity":"","overlay-gradient":""},"tablet":{"background-color":"","background-image":"","background-repeat":"repeat","background-position":"center center","background-size":"auto","background-attachment":"scroll","background-type":"","background-media":"","overlay-type":"","overlay-color":"","overlay-opacity":"","overlay-gradient":""},"mobile":{"background-color":"","background-image":"","background-repeat":"repeat","background-position":"center center","background-size":"auto","background-attachment":"scroll","background-type":"","background-media":"","overlay-type":"","overlay-color":"","overlay-opacity":"","overlay-gradient":""}},"ast-content-background-meta":{"desktop":{"background-color":"var(--ast-global-color-5)","background-image":"","background-repeat":"repeat","background-position":"center center","background-size":"auto","background-attachment":"scroll","background-type":"","background-media":"","overlay-type":"","overlay-color":"","overlay-opacity":"","overlay-gradient":""},"tablet":{"background-color":"var(--ast-global-color-5)","background-image":"","background-repeat":"repeat","background-position":"center center","background-size":"auto","background-attachment":"scroll","background-type":"","background-media":"","overlay-type":"","overlay-color":"","overlay-opacity":"","overlay-gradient":""},"mobile":{"background-color":"var(--ast-global-color-5)","background-image":"","background-repeat":"repeat","background-position":"center center","background-size":"auto","background-attachment":"scroll","background-type":"","background-media":"","overlay-type":"","overlay-color":"","overlay-opacity":"","overlay-gradient":""}},"footnotes":""},"class_list":["post-84","page","type-page","status-publish","hentry"],"post_mailing_queue_ids":[],"_links":{"self":[{"href":"https:\/\/agora.xtec.cat\/escdelavalldan\/wp-json\/wp\/v2\/pages\/84","targetHints":{"allow":["GET"]}}],"collection":[{"href":"https:\/\/agora.xtec.cat\/escdelavalldan\/wp-json\/wp\/v2\/pages"}],"about":[{"href":"https:\/\/agora.xtec.cat\/escdelavalldan\/wp-json\/wp\/v2\/types\/page"}],"author":[{"embeddable":true,"href":"https:\/\/agora.xtec.cat\/escdelavalldan\/wp-json\/wp\/v2\/users\/1"}],"replies":[{"embeddable":true,"href":"https:\/\/agora.xtec.cat\/escdelavalldan\/wp-json\/wp\/v2\/comments?post=84"}],"version-history":[{"count":8,"href":"https:\/\/agora.xtec.cat\/escdelavalldan\/wp-json\/wp\/v2\/pages\/84\/revisions"}],"predecessor-version":[{"id":3202,"href":"https:\/\/agora.xtec.cat\/escdelavalldan\/wp-json\/wp\/v2\/pages\/84\/revisions\/3202"}],"up":[{"embeddable":true,"href":"https:\/\/agora.xtec.cat\/escdelavalldan\/wp-json\/wp\/v2\/pages\/66"}],"wp:attachment":[{"href":"https:\/\/agora.xtec.cat\/escdelavalldan\/wp-json\/wp\/v2\/media?parent=84"}],"curies":[{"name":"wp","href":"https:\/\/api.w.org\/{rel}","templated":true}]}}