{"id":73,"date":"2014-09-18T14:01:51","date_gmt":"2014-09-18T13:01:51","guid":{"rendered":"http:\/\/agora.xtec.cat\/escdelavalldan\/?page_id=73"},"modified":"2025-07-01T12:39:36","modified_gmt":"2025-07-01T10:39:36","slug":"menjador-escolar","status":"publish","type":"page","link":"https:\/\/agora.xtec.cat\/escdelavalldan\/serveis\/menjador-escolar\/","title":{"rendered":"Menjador escolar"},"content":{"rendered":"<div>\n<p><span style=\"font-weight: 400;\">L\u2019AMPA gestiona el menjador de l\u2019escola per conveni amb l\u2019Escola per poder oferir un men\u00fa de qualitat i de proximitat.<\/span><\/p>\n<p><span style=\"font-weight: 400;\">El c\u00e0tering va c\u00e0rrec del <\/span><b>Restaurant Cal Trav\u00e9 de Berga<\/b><span style=\"font-weight: 400;\"> i el monitoratge el porta l\u2019empresa <\/span><b>Sinapsis<\/b><span style=\"font-weight: 400;\">. El <\/span><b>preu del servei <\/b><span style=\"font-weight: 400;\">per aquest curs <\/span><b>25-26<\/b><span style=\"font-weight: 400;\"> \u00e9s de <\/span><b>6,50 \u20ac\/dia<\/b><span style=\"font-weight: 400;\">.<\/span><\/p>\n<ul>\n<li style=\"font-weight: 400;\" aria-level=\"1\"><a href=\"https:\/\/drive.google.com\/drive\/folders\/1Y1Pyt3_ZAL9Nh-s39lJbSlbpC1pkhfeg?usp=sharing\"><b>MEN\u00da DEL MES DEL MES ACTUAL (podeu fer clic aqu\u00ed!)<\/b><\/a><\/li>\n<\/ul>\n<p><b>NORMES DE FUNCIONAMENT:<\/b><\/p>\n<ul>\n<li aria-level=\"1\"><b>Per fer \u00fas del servei de menjador cal omplir el seg\u00fcent formulari:<\/b><\/li>\n<\/ul>\n<p><a href=\"https:\/\/docs.google.com\/forms\/d\/e\/1FAIpQLScubuYOOgPa0C5ugmjP3dHfKsM8Nc0P6DBWePjPKv2TXE2rnA\/viewform?usp=header\"><span style=\"font-weight: 400;\">Formulari d\u2019inscripci\u00f3 obligatori (abans del 5 setembre)<\/span><\/a><\/p>\n<ol start=\"2\">\n<li><b> Reserva de tiquets menjador.<\/b><\/li>\n<\/ol>\n<p><span style=\"font-weight: 400;\">A trav\u00e9s de l\u2019aplicaci\u00f3 de l\u2019escola cal reservar TOTS els dies del mes que el nen\/a es quedar\u00e0 a dinar. Si un dia no s\u2019ha marcat abans de les 9:30h, aquell dia no es podr\u00e0 quedar dinar. Igualment si no s\u2019ha anul\u00b7lat abans d\u2019aquesta hora, es cobrar\u00e0 el men\u00fa perqu\u00e8 ja estar\u00e0 demanat.<\/span><\/p>\n<p><iframe loading=\"lazy\" title=\"YouTube video player\" src=\"https:\/\/www.youtube.com\/embed\/idyV9g1whi8\" width=\"560\" height=\"315\" frameborder=\"0\" allowfullscreen=\"allowfullscreen\"><\/iframe><\/p>\n<ol start=\"3\">\n<li><b> Reserva l\u2019aplicaci\u00f3 tenint en compte les diferents modalitats:<\/b><\/li>\n<\/ol>\n<ul>\n<li style=\"font-weight: 400;\" aria-level=\"1\"><span style=\"font-weight: 400;\">Alumnes Fixes (5 dies a la setmana): Marcar tots els dies lectius (els dies no utilitzats s\u2019abonaran al seg\u00fcent rebut)<\/span><\/li>\n<li style=\"font-weight: 400;\" aria-level=\"1\"><span style=\"font-weight: 400;\">Alumnes Becats: Des de l\u2019escola ja us assignen el nombre de tiquets que toca fer \u00fas del menjador segons beca.<\/span><\/li>\n<\/ul>\n<ol start=\"4\">\n<li><b> Pagament:<\/b><\/li>\n<\/ol>\n<p><span style=\"font-weight: 400;\">Els primers dies de mes rebreu un correu electr\u00f2nic amb l\u2019import que cal abonar a l\u2019avan\u00e7ada del mes que comen\u00e7a (a excepci\u00f3 del mes de setembre que ser\u00e0 a mitjans de mes). En aquest rebut es detalla els dies lectius previstos que es cobrar\u00e0 men\u00fa segons modalitat i s\u2019abona els men\u00fas no consumits del mes anterior.<\/span><\/p>\n<p><span style=\"font-weight: 400;\">Cal fer el pagament de l\u2019import corresponent <\/span><b>abans del dia 7 del mes<\/b><span style=\"font-weight: 400;\">. Si no es fa dins aquest termini el nen\/a no es podr\u00e0 quedar a dinar fins que es faci el pagament i es desactiven els tiquets de l&#8217;aplicaci\u00f3.<\/span><\/p>\n<ol start=\"5\">\n<li><b> Espor\u00e0dics:<\/b><\/li>\n<\/ol>\n<p><span style=\"font-weight: 400;\">Les fam\u00edlies que volen fer \u00fas del servei de forma espor\u00e0dica podran pagar pr\u00e8viament, mitjan\u00e7ant ingr\u00e9s o transfer\u00e8ncia, abonaments de 5 tiquets (32,50\u20ac) o 10 tiquets (65\u20ac) que es carregaran a l\u2019aplicaci\u00f3 m\u00f2bil de l\u2019escola. Per fer-ho cal fer ingr\u00e9s al compte de l\u2019AMPA (si no el teniu, envieu un correu <\/span><a href=\"mailto:menjador.valldan@gmail.com\"><span style=\"font-weight: 400;\">menjador.valldan@gmail.com<\/span><\/a><span style=\"font-weight: 400;\">). Quan es faci l\u2019ingr\u00e9s \u00e9s necessari posar el nom de l\u2019infant i fer-nos arribar el comprovant a l\u2019AMPA per avisar de la c\u00e0rrega de tiquets a l\u2019escola.<\/span><\/p>\n<p><span style=\"font-weight: 400;\">Sempre que hi hagi una urg\u00e8ncia d\u2019\u00faltima hora justificada, l\u2019escola recollir\u00e0 els diners en met\u00e0l\u00b7lic. Per\u00f2 preguem l\u2019\u00fas del <\/span><b>prepagament dels tiquets<\/b><span style=\"font-weight: 400;\">.<\/span><\/p>\n<p><span style=\"font-weight: 400;\">A l\u2019escola no s\u2019han de comprar tiquets en met\u00e0l\u00b7lic de manera sistem\u00e0tica, ha de ser per <strong>casos excepcionals i d\u2019urg\u00e8ncia.<\/strong><\/span><\/p>\n<\/div>\n","protected":false},"excerpt":{"rendered":"<p>L\u2019AMPA gestiona el menjador de l\u2019escola per conveni amb l\u2019Escola per poder oferir un men\u00fa de qualitat i de proximitat. El c\u00e0tering va c\u00e0rrec del Restaurant Cal Trav\u00e9 de Berga i el monitoratge el porta l\u2019empresa Sinapsis. El preu del servei per aquest curs 25-26 \u00e9s de 6,50 \u20ac\/dia. MEN\u00da DEL MES DEL MES ACTUAL [&hellip;]<\/p>\n","protected":false},"author":1,"featured_media":0,"parent":66,"menu_order":30,"comment_status":"closed","ping_status":"closed","template":"page-templates\/side-menu.php","meta":{"_bbp_topic_count":0,"_bbp_reply_count":0,"_bbp_total_topic_count":0,"_bbp_total_reply_count":0,"_bbp_voice_count":0,"_bbp_anonymous_reply_count":0,"_bbp_topic_count_hidden":0,"_bbp_reply_count_hidden":0,"_bbp_forum_subforum_count":0,"site-sidebar-layout":"default","site-content-layout":"","ast-site-content-layout":"","site-content-style":"default","site-sidebar-style":"default","ast-global-header-display":"","ast-banner-title-visibility":"","ast-main-header-display":"","ast-hfb-above-header-display":"","ast-hfb-below-header-display":"","ast-hfb-mobile-header-display":"","site-post-title":"","ast-breadcrumbs-content":"","ast-featured-img":"","footer-sml-layout":"","theme-transparent-header-meta":"","adv-header-id-meta":"","stick-header-meta":"","header-above-stick-meta":"","header-main-stick-meta":"","header-below-stick-meta":"","astra-migrate-meta-layouts":"default","ast-page-background-enabled":"default","ast-page-background-meta":{"desktop":{"background-color":"var(--ast-global-color-4)","background-image":"","background-repeat":"repeat","background-position":"center center","background-size":"auto","background-attachment":"scroll","background-type":"","background-media":"","overlay-type":"","overlay-color":"","overlay-opacity":"","overlay-gradient":""},"tablet":{"background-color":"","background-image":"","background-repeat":"repeat","background-position":"center center","background-size":"auto","background-attachment":"scroll","background-type":"","background-media":"","overlay-type":"","overlay-color":"","overlay-opacity":"","overlay-gradient":""},"mobile":{"background-color":"","background-image":"","background-repeat":"repeat","background-position":"center center","background-size":"auto","background-attachment":"scroll","background-type":"","background-media":"","overlay-type":"","overlay-color":"","overlay-opacity":"","overlay-gradient":""}},"ast-content-background-meta":{"desktop":{"background-color":"var(--ast-global-color-5)","background-image":"","background-repeat":"repeat","background-position":"center center","background-size":"auto","background-attachment":"scroll","background-type":"","background-media":"","overlay-type":"","overlay-color":"","overlay-opacity":"","overlay-gradient":""},"tablet":{"background-color":"var(--ast-global-color-5)","background-image":"","background-repeat":"repeat","background-position":"center center","background-size":"auto","background-attachment":"scroll","background-type":"","background-media":"","overlay-type":"","overlay-color":"","overlay-opacity":"","overlay-gradient":""},"mobile":{"background-color":"var(--ast-global-color-5)","background-image":"","background-repeat":"repeat","background-position":"center center","background-size":"auto","background-attachment":"scroll","background-type":"","background-media":"","overlay-type":"","overlay-color":"","overlay-opacity":"","overlay-gradient":""}},"footnotes":""},"class_list":["post-73","page","type-page","status-publish","hentry"],"post_mailing_queue_ids":[],"_links":{"self":[{"href":"https:\/\/agora.xtec.cat\/escdelavalldan\/wp-json\/wp\/v2\/pages\/73","targetHints":{"allow":["GET"]}}],"collection":[{"href":"https:\/\/agora.xtec.cat\/escdelavalldan\/wp-json\/wp\/v2\/pages"}],"about":[{"href":"https:\/\/agora.xtec.cat\/escdelavalldan\/wp-json\/wp\/v2\/types\/page"}],"author":[{"embeddable":true,"href":"https:\/\/agora.xtec.cat\/escdelavalldan\/wp-json\/wp\/v2\/users\/1"}],"replies":[{"embeddable":true,"href":"https:\/\/agora.xtec.cat\/escdelavalldan\/wp-json\/wp\/v2\/comments?post=73"}],"version-history":[{"count":8,"href":"https:\/\/agora.xtec.cat\/escdelavalldan\/wp-json\/wp\/v2\/pages\/73\/revisions"}],"predecessor-version":[{"id":3192,"href":"https:\/\/agora.xtec.cat\/escdelavalldan\/wp-json\/wp\/v2\/pages\/73\/revisions\/3192"}],"up":[{"embeddable":true,"href":"https:\/\/agora.xtec.cat\/escdelavalldan\/wp-json\/wp\/v2\/pages\/66"}],"wp:attachment":[{"href":"https:\/\/agora.xtec.cat\/escdelavalldan\/wp-json\/wp\/v2\/media?parent=73"}],"curies":[{"name":"wp","href":"https:\/\/api.w.org\/{rel}","templated":true}]}}