{"id":583,"date":"2018-01-26T09:49:44","date_gmt":"2018-01-26T08:49:44","guid":{"rendered":"http:\/\/agora.xtec.cat\/escdelavalldan\/?page_id=583"},"modified":"2024-09-17T12:26:46","modified_gmt":"2024-09-17T10:26:46","slug":"projectes","status":"publish","type":"page","link":"https:\/\/agora.xtec.cat\/escdelavalldan\/lescola\/projectes\/","title":{"rendered":"Projectes"},"content":{"rendered":"<p><strong>Projecte Escola Emprenedora.<\/strong><\/p>\n<p>Des de fa uns cursos l&#8217;Escola participa en aquest projecte relacionat amb la creativitat, la innovaci\u00f3, l&#8217;habilitat per planificar i gestionar la pr\u00f2pia cooperativa. Es realitza a Cicle Superior.<\/p>\n<p><strong>Padrins.<\/strong><\/p>\n<p>Un divendres al mes, a la primera franja del mat\u00ed, es fan padrins de lectura, des d&#8217;Infantil fins a Cicle superior.<\/p>\n<p><strong>Superfilharm\u00f2nics.<\/strong><\/p>\n<p>Projecte conjuntament amb l&#8217;Escola Municipal de M\u00fasica de Berga. Els alumnes de Cicle Mitj\u00e0 aprenen a tocar instruments de vent (trompeta, tromb\u00f3 i clarinet) amb la col\u00b7laboraci\u00f3 de l&#8217;Ajuntament de Berga i de l&#8217;AMPA de l&#8217;Escola de La Valldan.<\/p>\n<p><strong>De cap a l&#8217;aigua.<\/strong><\/p>\n<p>Aquest projecte est\u00e0 subvencionat per l&#8217;Ajuntament de Berga i t\u00e9 l&#8217;objectiu que tots els nens i nenes de Cicle Inicial, Mitj\u00e0 i Superior, aprenguin a nedar i a defensar-se en el medi aqu\u00e0tic. Es realitza durant un trimestre a l&#8217;hora d&#8217;Educaci\u00f3 F\u00edsica.<\/p>\n<p><strong>Esport Blanc.<\/strong><\/p>\n<p>Durant vuit divendres, les nenes i els nens de Cicle Mitj\u00e0 practiquen les diferents modalitats d&#8217;esqu\u00ed.<\/p>\n<p><strong>Pla de consum de fruita a les escoles.<\/strong><\/p>\n<p>Un cop al mes rebem fruita i es distribueix entre l&#8217;alumnat per fer un treball de conscienciaci\u00f3 de la import\u00e0ncia del consum de fruita en la nostra dieta.<\/p>\n<p><strong>Projecte mengem fruita els dimecres.\u00a0<\/strong><\/p>\n<p>Els dimecres demanem a les fam\u00edlies que portin fruita per esmorzar.<\/p>\n<p><strong>Projecte interdisciplinari\u00a0<\/strong><\/p>\n<p>Cada curs tota l&#8217;escola realitza un projecte que parteix d&#8217;un mateix centre d&#8217;inter\u00e8s i a trav\u00e9s del qual es treballen totes les \u00e0rees.<\/p>\n<p><strong>Projecte Capit\u00e0 Vitamines a EI i CI.<\/strong><\/p>\n<p>&nbsp;<\/p>\n","protected":false},"excerpt":{"rendered":"<p>Projecte Escola Emprenedora. Des de fa uns cursos l&#8217;Escola participa en aquest projecte relacionat amb la creativitat, la innovaci\u00f3, l&#8217;habilitat per planificar i gestionar la pr\u00f2pia cooperativa. Es realitza a Cicle Superior. Padrins. Un divendres al mes, a la primera franja del mat\u00ed, es fan padrins de lectura, des d&#8217;Infantil fins a Cicle superior. Superfilharm\u00f2nics. [&hellip;]<\/p>\n","protected":false},"author":3,"featured_media":0,"parent":22,"menu_order":5,"comment_status":"closed","ping_status":"closed","template":"","meta":{"_bbp_topic_count":0,"_bbp_reply_count":0,"_bbp_total_topic_count":0,"_bbp_total_reply_count":0,"_bbp_voice_count":0,"_bbp_anonymous_reply_count":0,"_bbp_topic_count_hidden":0,"_bbp_reply_count_hidden":0,"_bbp_forum_subforum_count":0,"site-sidebar-layout":"default","site-content-layout":"","ast-site-content-layout":"","site-content-style":"default","site-sidebar-style":"default","ast-global-header-display":"","ast-banner-title-visibility":"","ast-main-header-display":"","ast-hfb-above-header-display":"","ast-hfb-below-header-display":"","ast-hfb-mobile-header-display":"","site-post-title":"","ast-breadcrumbs-content":"","ast-featured-img":"","footer-sml-layout":"","theme-transparent-header-meta":"","adv-header-id-meta":"","stick-header-meta":"","header-above-stick-meta":"","header-main-stick-meta":"","header-below-stick-meta":"","astra-migrate-meta-layouts":"default","ast-page-background-enabled":"default","ast-page-background-meta":{"desktop":{"background-color":"var(--ast-global-color-4)","background-image":"","background-repeat":"repeat","background-position":"center center","background-size":"auto","background-attachment":"scroll","background-type":"","background-media":"","overlay-type":"","overlay-color":"","overlay-opacity":"","overlay-gradient":""},"tablet":{"background-color":"","background-image":"","background-repeat":"repeat","background-position":"center center","background-size":"auto","background-attachment":"scroll","background-type":"","background-media":"","overlay-type":"","overlay-color":"","overlay-opacity":"","overlay-gradient":""},"mobile":{"background-color":"","background-image":"","background-repeat":"repeat","background-position":"center center","background-size":"auto","background-attachment":"scroll","background-type":"","background-media":"","overlay-type":"","overlay-color":"","overlay-opacity":"","overlay-gradient":""}},"ast-content-background-meta":{"desktop":{"background-color":"var(--ast-global-color-5)","background-image":"","background-repeat":"repeat","background-position":"center center","background-size":"auto","background-attachment":"scroll","background-type":"","background-media":"","overlay-type":"","overlay-color":"","overlay-opacity":"","overlay-gradient":""},"tablet":{"background-color":"var(--ast-global-color-5)","background-image":"","background-repeat":"repeat","background-position":"center center","background-size":"auto","background-attachment":"scroll","background-type":"","background-media":"","overlay-type":"","overlay-color":"","overlay-opacity":"","overlay-gradient":""},"mobile":{"background-color":"var(--ast-global-color-5)","background-image":"","background-repeat":"repeat","background-position":"center center","background-size":"auto","background-attachment":"scroll","background-type":"","background-media":"","overlay-type":"","overlay-color":"","overlay-opacity":"","overlay-gradient":""}},"footnotes":""},"class_list":["post-583","page","type-page","status-publish","hentry"],"post_mailing_queue_ids":[],"_links":{"self":[{"href":"https:\/\/agora.xtec.cat\/escdelavalldan\/wp-json\/wp\/v2\/pages\/583","targetHints":{"allow":["GET"]}}],"collection":[{"href":"https:\/\/agora.xtec.cat\/escdelavalldan\/wp-json\/wp\/v2\/pages"}],"about":[{"href":"https:\/\/agora.xtec.cat\/escdelavalldan\/wp-json\/wp\/v2\/types\/page"}],"author":[{"embeddable":true,"href":"https:\/\/agora.xtec.cat\/escdelavalldan\/wp-json\/wp\/v2\/users\/3"}],"replies":[{"embeddable":true,"href":"https:\/\/agora.xtec.cat\/escdelavalldan\/wp-json\/wp\/v2\/comments?post=583"}],"version-history":[{"count":6,"href":"https:\/\/agora.xtec.cat\/escdelavalldan\/wp-json\/wp\/v2\/pages\/583\/revisions"}],"predecessor-version":[{"id":2983,"href":"https:\/\/agora.xtec.cat\/escdelavalldan\/wp-json\/wp\/v2\/pages\/583\/revisions\/2983"}],"up":[{"embeddable":true,"href":"https:\/\/agora.xtec.cat\/escdelavalldan\/wp-json\/wp\/v2\/pages\/22"}],"wp:attachment":[{"href":"https:\/\/agora.xtec.cat\/escdelavalldan\/wp-json\/wp\/v2\/media?parent=583"}],"curies":[{"name":"wp","href":"https:\/\/api.w.org\/{rel}","templated":true}]}}