{"id":527,"date":"2018-01-15T16:09:59","date_gmt":"2018-01-15T15:09:59","guid":{"rendered":"http:\/\/agora.xtec.cat\/escdelavalldan\/?page_id=527"},"modified":"2025-09-09T11:50:45","modified_gmt":"2025-09-09T09:50:45","slug":"projectes","status":"publish","type":"page","link":"https:\/\/agora.xtec.cat\/escdelavalldan\/projectes\/","title":{"rendered":"Projectes"},"content":{"rendered":"<p><strong>Superfilharm\u00f2nics.<\/strong><\/p>\n<p>Aquest projecte es realitza conjuntament amb l&#8217;Escola Municipal de M\u00fasica de Berga. Els alumnes de Cicle Mitj\u00e0 aprenen a tocar instruments de vent (trompeta, tromb\u00f3 i clarinet) amb la col\u00b7laboraci\u00f3 de l&#8217;Ajuntament de Berga i de l&#8217;AMPA de l&#8217;Escola de La Valldan.<\/p>\n<p><strong>De cap a l&#8217;aigua.<\/strong><\/p>\n<p>Aquest projecte est\u00e0 subvencionat per l&#8217;Ajuntament de Berga i t\u00e9 l&#8217;objectiu que tots els nens i nenes de Cicle Inicial, Mitj\u00e0 i Superior, aprenguin a nedar. Es realitza l&#8217;\u00faltim trimestre, una tarda a la setmana.<\/p>\n<p><strong>Esport Blanc.<\/strong><\/p>\n<p>Durant sis divendres, les nenes i els nens de Cicle Mitj\u00e0 practiquen les diferents modalitats d&#8217;esqu\u00ed.<\/p>\n<p><strong>Pla de consum de fruita a les escoles.<\/strong><\/p>\n<p>Un cop cada tres setmanes rebem fruita i un cop per setmana (a part del dimecres), fem un treball conscienciant als alumnes de la import\u00e0ncia d&#8217;aquest consum.<\/p>\n<p><strong>Projecte mengem fruita els dimecres.\u00a0<\/strong><\/p>\n<p>Des de fa uns cursos es va decidir que fomentar\u00edem el consum de fruita a l&#8217;hora d&#8217;esmorzar. \u00c9s per aix\u00f2 que els dimecres convidem els alumnes a menjar fruita.<\/p>\n<p><strong>Col\u00b7laboraci\u00f3 campanyes solid\u00e0ries &#8211; recollida de taps.<\/strong><\/p>\n<p>Fomentem la recollida de taps d&#8217;envasos de pl\u00e0stic per a finalitats solid\u00e0ries.<\/p>\n<p><strong>Setmana Bio\u00a0<\/strong>(Del 13 al 17 d&#8217;octubre de 2025)<\/p>\n","protected":false},"excerpt":{"rendered":"<p>Superfilharm\u00f2nics. Aquest projecte es realitza conjuntament amb l&#8217;Escola Municipal de M\u00fasica de Berga. Els alumnes de Cicle Mitj\u00e0 aprenen a tocar instruments de vent (trompeta, tromb\u00f3 i clarinet) amb la col\u00b7laboraci\u00f3 de l&#8217;Ajuntament de Berga i de l&#8217;AMPA de l&#8217;Escola de La Valldan. De cap a l&#8217;aigua. Aquest projecte est\u00e0 subvencionat per l&#8217;Ajuntament de Berga [&hellip;]<\/p>\n","protected":false},"author":1,"featured_media":0,"parent":0,"menu_order":0,"comment_status":"closed","ping_status":"closed","template":"","meta":{"_bbp_topic_count":0,"_bbp_reply_count":0,"_bbp_total_topic_count":0,"_bbp_total_reply_count":0,"_bbp_voice_count":0,"_bbp_anonymous_reply_count":0,"_bbp_topic_count_hidden":0,"_bbp_reply_count_hidden":0,"_bbp_forum_subforum_count":0,"site-sidebar-layout":"default","site-content-layout":"","ast-site-content-layout":"","site-content-style":"default","site-sidebar-style":"default","ast-global-header-display":"","ast-banner-title-visibility":"","ast-main-header-display":"","ast-hfb-above-header-display":"","ast-hfb-below-header-display":"","ast-hfb-mobile-header-display":"","site-post-title":"","ast-breadcrumbs-content":"","ast-featured-img":"","footer-sml-layout":"","theme-transparent-header-meta":"","adv-header-id-meta":"","stick-header-meta":"","header-above-stick-meta":"","header-main-stick-meta":"","header-below-stick-meta":"","astra-migrate-meta-layouts":"default","ast-page-background-enabled":"default","ast-page-background-meta":{"desktop":{"background-color":"var(--ast-global-color-4)","background-image":"","background-repeat":"repeat","background-position":"center center","background-size":"auto","background-attachment":"scroll","background-type":"","background-media":"","overlay-type":"","overlay-color":"","overlay-opacity":"","overlay-gradient":""},"tablet":{"background-color":"","background-image":"","background-repeat":"repeat","background-position":"center center","background-size":"auto","background-attachment":"scroll","background-type":"","background-media":"","overlay-type":"","overlay-color":"","overlay-opacity":"","overlay-gradient":""},"mobile":{"background-color":"","background-image":"","background-repeat":"repeat","background-position":"center center","background-size":"auto","background-attachment":"scroll","background-type":"","background-media":"","overlay-type":"","overlay-color":"","overlay-opacity":"","overlay-gradient":""}},"ast-content-background-meta":{"desktop":{"background-color":"var(--ast-global-color-5)","background-image":"","background-repeat":"repeat","background-position":"center center","background-size":"auto","background-attachment":"scroll","background-type":"","background-media":"","overlay-type":"","overlay-color":"","overlay-opacity":"","overlay-gradient":""},"tablet":{"background-color":"var(--ast-global-color-5)","background-image":"","background-repeat":"repeat","background-position":"center center","background-size":"auto","background-attachment":"scroll","background-type":"","background-media":"","overlay-type":"","overlay-color":"","overlay-opacity":"","overlay-gradient":""},"mobile":{"background-color":"var(--ast-global-color-5)","background-image":"","background-repeat":"repeat","background-position":"center center","background-size":"auto","background-attachment":"scroll","background-type":"","background-media":"","overlay-type":"","overlay-color":"","overlay-opacity":"","overlay-gradient":""}},"footnotes":""},"class_list":["post-527","page","type-page","status-publish","hentry"],"post_mailing_queue_ids":[],"_links":{"self":[{"href":"https:\/\/agora.xtec.cat\/escdelavalldan\/wp-json\/wp\/v2\/pages\/527","targetHints":{"allow":["GET"]}}],"collection":[{"href":"https:\/\/agora.xtec.cat\/escdelavalldan\/wp-json\/wp\/v2\/pages"}],"about":[{"href":"https:\/\/agora.xtec.cat\/escdelavalldan\/wp-json\/wp\/v2\/types\/page"}],"author":[{"embeddable":true,"href":"https:\/\/agora.xtec.cat\/escdelavalldan\/wp-json\/wp\/v2\/users\/1"}],"replies":[{"embeddable":true,"href":"https:\/\/agora.xtec.cat\/escdelavalldan\/wp-json\/wp\/v2\/comments?post=527"}],"version-history":[{"count":5,"href":"https:\/\/agora.xtec.cat\/escdelavalldan\/wp-json\/wp\/v2\/pages\/527\/revisions"}],"predecessor-version":[{"id":3198,"href":"https:\/\/agora.xtec.cat\/escdelavalldan\/wp-json\/wp\/v2\/pages\/527\/revisions\/3198"}],"wp:attachment":[{"href":"https:\/\/agora.xtec.cat\/escdelavalldan\/wp-json\/wp\/v2\/media?parent=527"}],"curies":[{"name":"wp","href":"https:\/\/api.w.org\/{rel}","templated":true}]}}