{"id":36,"date":"2014-09-18T12:33:11","date_gmt":"2014-09-18T11:33:11","guid":{"rendered":"http:\/\/agora.xtec.cat\/escdelavalldan\/?page_id=36"},"modified":"2025-09-09T12:34:48","modified_gmt":"2025-09-09T10:34:48","slug":"material-escolar","status":"publish","type":"page","link":"https:\/\/agora.xtec.cat\/escdelavalldan\/lescola\/material-escolar\/","title":{"rendered":"Material escolar"},"content":{"rendered":"<p><span style=\"font-weight: 400;\">Enguany tornem a disposar de material fungible com\u00fa, la socialitzaci\u00f3 d\u2019aquest material permet que la despesa econ\u00f2mica en material sigui molt menor per les fam\u00edlies, molt m\u00e9s sostenible i tots els alumnes poden dur a terme el seu aprenentatge amb el material necessari i amb igualtat de condicions. <\/span><\/p>\n<p><span style=\"font-weight: 400;\">La quota de material que es passa el mes d\u2019octubre-novembre s\u2019inclou el material fungible (material d\u2019escriptori, pintures, fulls, cartolines, etc.), els teatres, la nataci\u00f3 dels cursos que en fan, l\u2019agenda, fotoc\u00f2pies i la quota digital.\u00a0<\/span><\/p>\n<p>A cicle mitj\u00e0 i cicle superior se segueix el\u00a0<strong>Projecte de socialitzaci\u00f3 de llibres\u00a0<\/strong>dut a terme per l&#8217;AMPA.<\/p>\n<p><a href=\"https:\/\/drive.google.com\/file\/d\/1m2CoSQW5OLinwevPyo8CXPMMgvUsIY6Y\/view?usp=sharing\">Llibres ed. prim\u00e0ria 25\/26<\/a><\/p>\n","protected":false},"excerpt":{"rendered":"<p>Enguany tornem a disposar de material fungible com\u00fa, la socialitzaci\u00f3 d\u2019aquest material permet que la despesa econ\u00f2mica en material sigui molt menor per les fam\u00edlies, molt m\u00e9s sostenible i tots els alumnes poden dur a terme el seu aprenentatge amb el material necessari i amb igualtat de condicions. La quota de material que es passa [&hellip;]<\/p>\n","protected":false},"author":1,"featured_media":0,"parent":22,"menu_order":70,"comment_status":"closed","ping_status":"closed","template":"page-templates\/side-menu.php","meta":{"_bbp_topic_count":0,"_bbp_reply_count":0,"_bbp_total_topic_count":0,"_bbp_total_reply_count":0,"_bbp_voice_count":0,"_bbp_anonymous_reply_count":0,"_bbp_topic_count_hidden":0,"_bbp_reply_count_hidden":0,"_bbp_forum_subforum_count":0,"site-sidebar-layout":"default","site-content-layout":"","ast-site-content-layout":"","site-content-style":"default","site-sidebar-style":"default","ast-global-header-display":"","ast-banner-title-visibility":"","ast-main-header-display":"","ast-hfb-above-header-display":"","ast-hfb-below-header-display":"","ast-hfb-mobile-header-display":"","site-post-title":"","ast-breadcrumbs-content":"","ast-featured-img":"","footer-sml-layout":"","theme-transparent-header-meta":"","adv-header-id-meta":"","stick-header-meta":"","header-above-stick-meta":"","header-main-stick-meta":"","header-below-stick-meta":"","astra-migrate-meta-layouts":"default","ast-page-background-enabled":"default","ast-page-background-meta":{"desktop":{"background-color":"var(--ast-global-color-4)","background-image":"","background-repeat":"repeat","background-position":"center center","background-size":"auto","background-attachment":"scroll","background-type":"","background-media":"","overlay-type":"","overlay-color":"","overlay-opacity":"","overlay-gradient":""},"tablet":{"background-color":"","background-image":"","background-repeat":"repeat","background-position":"center center","background-size":"auto","background-attachment":"scroll","background-type":"","background-media":"","overlay-type":"","overlay-color":"","overlay-opacity":"","overlay-gradient":""},"mobile":{"background-color":"","background-image":"","background-repeat":"repeat","background-position":"center center","background-size":"auto","background-attachment":"scroll","background-type":"","background-media":"","overlay-type":"","overlay-color":"","overlay-opacity":"","overlay-gradient":""}},"ast-content-background-meta":{"desktop":{"background-color":"var(--ast-global-color-5)","background-image":"","background-repeat":"repeat","background-position":"center center","background-size":"auto","background-attachment":"scroll","background-type":"","background-media":"","overlay-type":"","overlay-color":"","overlay-opacity":"","overlay-gradient":""},"tablet":{"background-color":"var(--ast-global-color-5)","background-image":"","background-repeat":"repeat","background-position":"center center","background-size":"auto","background-attachment":"scroll","background-type":"","background-media":"","overlay-type":"","overlay-color":"","overlay-opacity":"","overlay-gradient":""},"mobile":{"background-color":"var(--ast-global-color-5)","background-image":"","background-repeat":"repeat","background-position":"center center","background-size":"auto","background-attachment":"scroll","background-type":"","background-media":"","overlay-type":"","overlay-color":"","overlay-opacity":"","overlay-gradient":""}},"footnotes":""},"class_list":["post-36","page","type-page","status-publish","hentry"],"post_mailing_queue_ids":[],"_links":{"self":[{"href":"https:\/\/agora.xtec.cat\/escdelavalldan\/wp-json\/wp\/v2\/pages\/36","targetHints":{"allow":["GET"]}}],"collection":[{"href":"https:\/\/agora.xtec.cat\/escdelavalldan\/wp-json\/wp\/v2\/pages"}],"about":[{"href":"https:\/\/agora.xtec.cat\/escdelavalldan\/wp-json\/wp\/v2\/types\/page"}],"author":[{"embeddable":true,"href":"https:\/\/agora.xtec.cat\/escdelavalldan\/wp-json\/wp\/v2\/users\/1"}],"replies":[{"embeddable":true,"href":"https:\/\/agora.xtec.cat\/escdelavalldan\/wp-json\/wp\/v2\/comments?post=36"}],"version-history":[{"count":4,"href":"https:\/\/agora.xtec.cat\/escdelavalldan\/wp-json\/wp\/v2\/pages\/36\/revisions"}],"predecessor-version":[{"id":3199,"href":"https:\/\/agora.xtec.cat\/escdelavalldan\/wp-json\/wp\/v2\/pages\/36\/revisions\/3199"}],"up":[{"embeddable":true,"href":"https:\/\/agora.xtec.cat\/escdelavalldan\/wp-json\/wp\/v2\/pages\/22"}],"wp:attachment":[{"href":"https:\/\/agora.xtec.cat\/escdelavalldan\/wp-json\/wp\/v2\/media?parent=36"}],"curies":[{"name":"wp","href":"https:\/\/api.w.org\/{rel}","templated":true}]}}