{"id":28,"date":"2014-09-18T12:29:35","date_gmt":"2014-09-18T11:29:35","guid":{"rendered":"http:\/\/agora.xtec.cat\/escdecampllong\/?page_id=28"},"modified":"2026-04-08T10:11:03","modified_gmt":"2026-04-08T08:11:03","slug":"consell-escolar","status":"publish","type":"page","link":"https:\/\/agora.xtec.cat\/escdecampllong\/lescola\/consell-escolar\/","title":{"rendered":"Consell Escolar"},"content":{"rendered":"<p><strong><span style=\"font-family: 'trebuchet ms', geneva, sans-serif;\">Composici\u00f3 del Consell Escolar\u00a0<\/span><\/strong><\/p>\n<table style=\"border-collapse: collapse; width: 45.6209%;\">\n<tbody>\n<tr>\n<td style=\"width: 16.914%;\"><span style=\"font-family: 'trebuchet ms', geneva, sans-serif; font-size: 12pt;\">Directora<\/span><\/td>\n<td style=\"width: 21.6456%;\"><span style=\"font-family: 'trebuchet ms', geneva, sans-serif; font-size: 12pt;\">L\u00eddia Sanahuja Navarro<\/span><\/td>\n<\/tr>\n<tr>\n<td style=\"width: 16.914%;\"><span style=\"font-family: 'trebuchet ms', geneva, sans-serif; font-size: 12pt;\">Secret\u00e0ria<\/span><\/td>\n<td style=\"width: 21.6456%;\"><span style=\"font-family: 'trebuchet ms', geneva, sans-serif; font-size: 12pt;\">Serena Oliva Casademont<\/span><\/td>\n<\/tr>\n<tr>\n<td style=\"width: 16.914%;\"><span style=\"font-family: 'trebuchet ms', geneva, sans-serif; font-size: 12pt;\">Representant del professorat<\/span><\/td>\n<td style=\"width: 21.6456%;\"><span style=\"font-family: 'trebuchet ms', geneva, sans-serif; font-size: 12pt;\">Marc Nadal Baguette<\/span><\/td>\n<\/tr>\n<tr>\n<td style=\"width: 16.914%;\"><span style=\"font-family: 'trebuchet ms', geneva, sans-serif; font-size: 12pt;\">Representant del professorat<\/span><\/td>\n<td style=\"width: 21.6456%;\"><span style=\"font-family: 'trebuchet ms', geneva, sans-serif; font-size: 12pt;\">Olga Soy Pujol<\/span><\/td>\n<\/tr>\n<tr>\n<td style=\"width: 16.914%;\"><span style=\"font-family: 'trebuchet ms', geneva, sans-serif; font-size: 12pt; font-style: normal; font-weight: 400;\">Representant de fam\u00edlies<\/span><\/td>\n<td style=\"width: 21.6456%;\"><span style=\"font-family: 'trebuchet ms', geneva, sans-serif; font-size: 12pt; font-style: normal; font-weight: 400;\">Gemma Freixas Fabrellas<\/span><\/td>\n<\/tr>\n<tr>\n<td style=\"width: 16.914%;\"><span style=\"font-family: 'trebuchet ms', geneva, sans-serif; font-size: 12pt; font-style: normal; font-weight: 400;\">Representant de fam\u00edlies\u00a0<\/span><\/td>\n<td style=\"width: 21.6456%;\"><span style=\"font-family: 'trebuchet ms', geneva, sans-serif; font-size: 12pt; font-style: normal; font-weight: 400;\">N\u00faria Puigdevall Salvans<\/span><\/td>\n<\/tr>\n<tr>\n<td style=\"width: 16.914%;\"><span style=\"font-family: 'trebuchet ms', geneva, sans-serif; font-size: 12pt; font-style: normal; font-weight: 400;\">Representant de l&#8217;Ajuntament<\/span><\/td>\n<td style=\"width: 21.6456%;\"><span style=\"font-family: 'trebuchet ms', geneva, sans-serif; font-size: 12pt; font-style: normal; font-weight: 400;\">Roser Freixas Puig<\/span><\/td>\n<\/tr>\n<\/tbody>\n<\/table>\n<p>&nbsp;<\/p>\n<p><span style=\"font-family: 'trebuchet ms', geneva, sans-serif;\">Corresponen al consell escolar les funcions seg\u00fcents:<\/span><\/p>\n<ul>\n<li><span style=\"font-family: 'trebuchet ms', geneva, sans-serif;\">Aprovar el projecte educatiu i les modificacions corresponents per una majoria de tres cinquenes parts dels membres.<\/span><\/li>\n<li><span style=\"font-family: 'trebuchet ms', geneva, sans-serif;\">Aprovar la programaci\u00f3 general anual del centre i avaluar-ne el desenvolupament i els resultats.<\/span><\/li>\n<li><span style=\"font-family: 'trebuchet ms', geneva, sans-serif;\">Aprovar les propostes d&#8217;acords de corresponsabilitat, convenis i altres acords de col\u00b7laboraci\u00f3 del centre amb entitats o institucions.<\/span><\/li>\n<li><span style=\"font-family: 'trebuchet ms', geneva, sans-serif;\">Aprovar les normes d&#8217;organitzaci\u00f3 i funcionament i les modificacions corresponents.<\/span><\/li>\n<li><span style=\"font-family: 'trebuchet ms', geneva, sans-serif;\">Aprovar la carta de comprom\u00eds educatiu.<\/span><\/li>\n<li><span style=\"font-family: 'trebuchet ms', geneva, sans-serif;\">Aprovar el pressupost del centre i el rendiment de comptes.<\/span><\/li>\n<li><span style=\"font-family: 'trebuchet ms', geneva, sans-serif;\">Intervenir en el procediment d&#8217;admissi\u00f3 d&#8217;alumnes.<\/span><\/li>\n<li><span style=\"font-family: 'trebuchet ms', geneva, sans-serif;\">Participar en el procediment de selecci\u00f3 i en la proposta de cessament del director o directora.<\/span><\/li>\n<li><span style=\"font-family: 'trebuchet ms', geneva, sans-serif;\">Intervenir en la resoluci\u00f3 dels conflictes i, si escau, revisar les sancions als alumnes.<\/span><\/li>\n<li><span style=\"font-family: 'trebuchet ms', geneva, sans-serif;\">Aprovar les directrius per a la programaci\u00f3 d&#8217;activitats escolars complement\u00e0ries i d&#8217;activitats extraescolars, i avaluar-ne el desenvolupament.<\/span><\/li>\n<li><span style=\"font-family: 'trebuchet ms', geneva, sans-serif;\">Participar en les an\u00e0lisis i les avaluacions del funcionament general del centre i con\u00e8ixer l&#8217;evoluci\u00f3 del rendiment escolar.<\/span><\/li>\n<li><span style=\"font-family: 'trebuchet ms', geneva, sans-serif;\">Aprovar els criteris de col\u00b7laboraci\u00f3 amb altres centres i amb l&#8217;entorn.<\/span><\/li>\n<li><span style=\"font-family: 'trebuchet ms', geneva, sans-serif;\">Qualsevol altra que li sigui atribu\u00efda per les normes legals o reglament\u00e0ries.<\/span><\/li>\n<\/ul>\n<p>&nbsp;<\/p>\n<p>&nbsp;<\/p>\n<p><!--a=1--><\/p>\n","protected":false},"excerpt":{"rendered":"<p>Composici\u00f3 del Consell Escolar\u00a0 Directora L\u00eddia Sanahuja Navarro Secret\u00e0ria Serena Oliva Casademont Representant del professorat Marc Nadal Baguette Representant del [&hellip;]<\/p>\n","protected":false},"author":1,"featured_media":0,"parent":22,"menu_order":30,"comment_status":"closed","ping_status":"closed","template":"","meta":{"_bbp_topic_count":0,"_bbp_reply_count":0,"_bbp_total_topic_count":0,"_bbp_total_reply_count":0,"_bbp_voice_count":0,"_bbp_anonymous_reply_count":0,"_bbp_topic_count_hidden":0,"_bbp_reply_count_hidden":0,"_bbp_forum_subforum_count":0,"site-sidebar-layout":"default","site-content-layout":"","ast-site-content-layout":"default","site-content-style":"default","site-sidebar-style":"default","ast-global-header-display":"","ast-banner-title-visibility":"","ast-main-header-display":"","ast-hfb-above-header-display":"","ast-hfb-below-header-display":"","ast-hfb-mobile-header-display":"","site-post-title":"","ast-breadcrumbs-content":"","ast-featured-img":"","footer-sml-layout":"","theme-transparent-header-meta":"default","adv-header-id-meta":"","stick-header-meta":"","header-above-stick-meta":"","header-main-stick-meta":"","header-below-stick-meta":"","astra-migrate-meta-layouts":"set","ast-page-background-enabled":"default","ast-page-background-meta":{"desktop":{"background-color":"var(--ast-global-color-4)","background-image":"","background-repeat":"repeat","background-position":"center center","background-size":"auto","background-attachment":"scroll","background-type":"","background-media":"","overlay-type":"","overlay-color":"","overlay-opacity":"","overlay-gradient":""},"tablet":{"background-color":"","background-image":"","background-repeat":"repeat","background-position":"center center","background-size":"auto","background-attachment":"scroll","background-type":"","background-media":"","overlay-type":"","overlay-color":"","overlay-opacity":"","overlay-gradient":""},"mobile":{"background-color":"","background-image":"","background-repeat":"repeat","background-position":"center center","background-size":"auto","background-attachment":"scroll","background-type":"","background-media":"","overlay-type":"","overlay-color":"","overlay-opacity":"","overlay-gradient":""}},"ast-content-background-meta":{"desktop":{"background-color":"var(--ast-global-color-5)","background-image":"","background-repeat":"repeat","background-position":"center center","background-size":"auto","background-attachment":"scroll","background-type":"","background-media":"","overlay-type":"","overlay-color":"","overlay-opacity":"","overlay-gradient":""},"tablet":{"background-color":"var(--ast-global-color-5)","background-image":"","background-repeat":"repeat","background-position":"center center","background-size":"auto","background-attachment":"scroll","background-type":"","background-media":"","overlay-type":"","overlay-color":"","overlay-opacity":"","overlay-gradient":""},"mobile":{"background-color":"var(--ast-global-color-5)","background-image":"","background-repeat":"repeat","background-position":"center center","background-size":"auto","background-attachment":"scroll","background-type":"","background-media":"","overlay-type":"","overlay-color":"","overlay-opacity":"","overlay-gradient":""}},"footnotes":""},"class_list":["post-28","page","type-page","status-publish","hentry"],"post_mailing_queue_ids":[],"_links":{"self":[{"href":"https:\/\/agora.xtec.cat\/escdecampllong\/wp-json\/wp\/v2\/pages\/28","targetHints":{"allow":["GET"]}}],"collection":[{"href":"https:\/\/agora.xtec.cat\/escdecampllong\/wp-json\/wp\/v2\/pages"}],"about":[{"href":"https:\/\/agora.xtec.cat\/escdecampllong\/wp-json\/wp\/v2\/types\/page"}],"author":[{"embeddable":true,"href":"https:\/\/agora.xtec.cat\/escdecampllong\/wp-json\/wp\/v2\/users\/1"}],"replies":[{"embeddable":true,"href":"https:\/\/agora.xtec.cat\/escdecampllong\/wp-json\/wp\/v2\/comments?post=28"}],"version-history":[{"count":4,"href":"https:\/\/agora.xtec.cat\/escdecampllong\/wp-json\/wp\/v2\/pages\/28\/revisions"}],"predecessor-version":[{"id":840,"href":"https:\/\/agora.xtec.cat\/escdecampllong\/wp-json\/wp\/v2\/pages\/28\/revisions\/840"}],"up":[{"embeddable":true,"href":"https:\/\/agora.xtec.cat\/escdecampllong\/wp-json\/wp\/v2\/pages\/22"}],"wp:attachment":[{"href":"https:\/\/agora.xtec.cat\/escdecampllong\/wp-json\/wp\/v2\/media?parent=28"}],"curies":[{"name":"wp","href":"https:\/\/api.w.org\/{rel}","templated":true}]}}