{"id":64,"date":"2014-09-18T12:39:08","date_gmt":"2014-09-18T11:39:08","guid":{"rendered":"http:\/\/agora.xtec.cat\/esccasablanca\/?page_id=64"},"modified":"2025-02-13T10:24:02","modified_gmt":"2025-02-13T09:24:02","slug":"projecte-educatiu","status":"publish","type":"page","link":"https:\/\/agora.xtec.cat\/esccasablanca\/documents-del-centre\/projecte-educatiu\/","title":{"rendered":"Projecte educatiu"},"content":{"rendered":"<h3>Missi\u00f3<\/h3>\n<p>L\u2019Escola Casablanca t\u00e9 la seg\u00fcent missi\u00f3:<\/p>\n<ul>\n<li>Formar de manera integral l\u2019alumnat en un espai que faciliti la relaci\u00f3 entre iguals, desenvolupant actituds de respecte cap a les persones, la diversitat cultural i el medi ambient, fomentant el di\u00e0leg com a instrument principal per a la superaci\u00f3 dels conflictes.<\/li>\n<li>Desenvolupar les capacitats i compet\u00e8ncies de l\u2019alumnat que li permeti continuar amb seguretat la seva formaci\u00f3 posterior i una bona preparaci\u00f3 per a la vida com a ciutadans\/es.<\/li>\n<li>Fomentar els h\u00e0bits de treball, afavorir l\u2019adquisici\u00f3 d\u2019habilitats instrumentals b\u00e0siques i t\u00e8cniques i din\u00e0miques d\u2019estudi i treball; que desenvolupin la seva autonomia de tal manera que els ajudi a caminar cap al futur amb un bon bagatge d\u2019experi\u00e8ncies tant en el treball com en les relacions humanes.<\/li>\n<li>Col\u00b7laborar amb les fam\u00edlies, facilitant la igualtat d\u2019oportunitats.<\/li>\n<\/ul>\n<h3>Visi\u00f3<\/h3>\n<p>Volem ser un centre integrat en la realitat social de la localitat i especialment del barri\/districte de Casablanca i que sigui reconegut com un important referent educatiu a Sant Boi, innovador, amb una organitzaci\u00f3 de qualitat i exemplarment democr\u00e0tica. Que formi persones amb un alt nivell competencial amb una alta implicaci\u00f3 de les fam\u00edlies i un professorat comprom\u00e8s amb el projecte educatiu i la formaci\u00f3 permanent.<\/p>\n<h3>Objectius de l\u2019escola<\/h3>\n<p>Els objectius de l\u2019escola es troben alineats amb els del Departament d\u2019Ensenyament de la Generalitat de Catalunya, i els concretem de la seg\u00fcent manera:<\/p>\n<ul>\n<li>Aconseguir els aprenentatges b\u00e0sics per a tothom i els m\u00e0xims per a cadasc\u00fa.<\/li>\n<li>Acompanyar a cada alumne en el seu millor desenvolupament emocional i social.<\/li>\n<li>Afavorir l\u2019\u00fas de la llengua anglesa en diferents situacions, espais comunicatius i participant en programes innovadors.<\/li>\n<li>Construir una ciutadania respectuosa i compromesa amb les persones, els h\u00e0bits de vida saludable i el medi ambient.<\/li>\n<li>Potenciar la participaci\u00f3 i la relaci\u00f3 de les fam\u00edlies amb l\u2019escola, per acompanyar l\u2019alumnat en el seu proc\u00e9s de creixement.<\/li>\n<\/ul>\n<h3>PEC (En revisi\u00f3)<\/h3>\n<p>Cliqueu al seg\u00fcent enlla\u00e7 per veure el Projecte Educatiu complet:<\/p>\n<p style=\"text-align: center;\"><a href=\"https:\/\/agora.xtec.cat\/esccasablanca\/wp-content\/uploads\/usu1964\/2019\/07\/pec-2017.pdf\" target=\"_blank\" rel=\"noopener noreferrer\">Descarregar PEC 2017<\/a><\/p>\n<p>&nbsp;<\/p>\n","protected":false},"excerpt":{"rendered":"<p>Missi\u00f3 L\u2019Escola Casablanca t\u00e9 la seg\u00fcent missi\u00f3: Formar de manera integral l\u2019alumnat en un espai que faciliti la relaci\u00f3 entre iguals, desenvolupant actituds de respecte cap a les persones, la diversitat cultural i el medi ambient, fomentant el di\u00e0leg com a instrument principal per a la superaci\u00f3 dels conflictes. Desenvolupar les capacitats i compet\u00e8ncies de [&hellip;]<\/p>\n","protected":false},"author":1,"featured_media":0,"parent":3732,"menu_order":1,"comment_status":"closed","ping_status":"closed","template":"page-templates\/side-menu.php","meta":{"_bbp_topic_count":0,"_bbp_reply_count":0,"_bbp_total_topic_count":0,"_bbp_total_reply_count":0,"_bbp_voice_count":0,"_bbp_anonymous_reply_count":0,"_bbp_topic_count_hidden":0,"_bbp_reply_count_hidden":0,"_bbp_forum_subforum_count":0,"site-sidebar-layout":"default","site-content-layout":"","ast-site-content-layout":"","site-content-style":"default","site-sidebar-style":"default","ast-global-header-display":"","ast-banner-title-visibility":"","ast-main-header-display":"","ast-hfb-above-header-display":"","ast-hfb-below-header-display":"","ast-hfb-mobile-header-display":"","site-post-title":"","ast-breadcrumbs-content":"","ast-featured-img":"","footer-sml-layout":"","theme-transparent-header-meta":"","adv-header-id-meta":"","stick-header-meta":"","header-above-stick-meta":"","header-main-stick-meta":"","header-below-stick-meta":"","astra-migrate-meta-layouts":"default","ast-page-background-enabled":"default","ast-page-background-meta":{"desktop":{"background-color":"var(--ast-global-color-4)","background-image":"","background-repeat":"repeat","background-position":"center center","background-size":"auto","background-attachment":"scroll","background-type":"","background-media":"","overlay-type":"","overlay-color":"","overlay-opacity":"","overlay-gradient":""},"tablet":{"background-color":"","background-image":"","background-repeat":"repeat","background-position":"center center","background-size":"auto","background-attachment":"scroll","background-type":"","background-media":"","overlay-type":"","overlay-color":"","overlay-opacity":"","overlay-gradient":""},"mobile":{"background-color":"","background-image":"","background-repeat":"repeat","background-position":"center center","background-size":"auto","background-attachment":"scroll","background-type":"","background-media":"","overlay-type":"","overlay-color":"","overlay-opacity":"","overlay-gradient":""}},"ast-content-background-meta":{"desktop":{"background-color":"var(--ast-global-color-5)","background-image":"","background-repeat":"repeat","background-position":"center center","background-size":"auto","background-attachment":"scroll","background-type":"","background-media":"","overlay-type":"","overlay-color":"","overlay-opacity":"","overlay-gradient":""},"tablet":{"background-color":"var(--ast-global-color-5)","background-image":"","background-repeat":"repeat","background-position":"center center","background-size":"auto","background-attachment":"scroll","background-type":"","background-media":"","overlay-type":"","overlay-color":"","overlay-opacity":"","overlay-gradient":""},"mobile":{"background-color":"var(--ast-global-color-5)","background-image":"","background-repeat":"repeat","background-position":"center center","background-size":"auto","background-attachment":"scroll","background-type":"","background-media":"","overlay-type":"","overlay-color":"","overlay-opacity":"","overlay-gradient":""}},"footnotes":""},"class_list":["post-64","page","type-page","status-publish","hentry"],"post_mailing_queue_ids":[],"_links":{"self":[{"href":"https:\/\/agora.xtec.cat\/esccasablanca\/wp-json\/wp\/v2\/pages\/64","targetHints":{"allow":["GET"]}}],"collection":[{"href":"https:\/\/agora.xtec.cat\/esccasablanca\/wp-json\/wp\/v2\/pages"}],"about":[{"href":"https:\/\/agora.xtec.cat\/esccasablanca\/wp-json\/wp\/v2\/types\/page"}],"author":[{"embeddable":true,"href":"https:\/\/agora.xtec.cat\/esccasablanca\/wp-json\/wp\/v2\/users\/1"}],"replies":[{"embeddable":true,"href":"https:\/\/agora.xtec.cat\/esccasablanca\/wp-json\/wp\/v2\/comments?post=64"}],"version-history":[{"count":5,"href":"https:\/\/agora.xtec.cat\/esccasablanca\/wp-json\/wp\/v2\/pages\/64\/revisions"}],"predecessor-version":[{"id":6126,"href":"https:\/\/agora.xtec.cat\/esccasablanca\/wp-json\/wp\/v2\/pages\/64\/revisions\/6126"}],"up":[{"embeddable":true,"href":"https:\/\/agora.xtec.cat\/esccasablanca\/wp-json\/wp\/v2\/pages\/3732"}],"wp:attachment":[{"href":"https:\/\/agora.xtec.cat\/esccasablanca\/wp-json\/wp\/v2\/media?parent=64"}],"curies":[{"name":"wp","href":"https:\/\/api.w.org\/{rel}","templated":true}]}}