{"id":5879,"date":"2023-03-10T10:18:17","date_gmt":"2023-03-10T09:18:17","guid":{"rendered":"https:\/\/agora.xtec.cat\/esccasablanca\/?page_id=5879"},"modified":"2023-03-10T10:30:04","modified_gmt":"2023-03-10T09:30:04","slug":"estrategia-digital","status":"publish","type":"page","link":"https:\/\/agora.xtec.cat\/esccasablanca\/documents-del-centre\/estrategia-digital\/","title":{"rendered":"Estrat\u00e8gia Digital"},"content":{"rendered":"<p>L&#8217;<strong>Estrat\u00e8gia Digital de Centre<\/strong> \u00e9s el document que defineix els objectius, actuacions i gestions en el marc de l&#8217;\u00e0mbit digital de l&#8217;escola.<br \/>\nAquest document ha elaborat aquest pla a partir d&#8217;un estudi diagn\u00f2stic i estudi inicial i el podeu trobar disponible en el seg\u00fcent <a href=\"https:\/\/sites.google.com\/xtec.cat\/edccasablanca\" target=\"_blank\" rel=\"noopener\">enlla\u00e7<\/a>:<br \/>\n<a href=\"https:\/\/sites.google.com\/xtec.cat\/edccasablanca\" target=\"_blank\" rel=\"noopener\"><img loading=\"lazy\" decoding=\"async\" class=\"aligncenter wp-image-5880\" src=\"https:\/\/agora.xtec.cat\/esccasablanca\/wp-content\/uploads\/usu1964\/2023\/03\/edc.png\" alt=\"\" width=\"328\" height=\"95\" srcset=\"https:\/\/agora.xtec.cat\/esccasablanca\/wp-content\/uploads\/usu1964\/2023\/03\/edc.png 998w, https:\/\/agora.xtec.cat\/esccasablanca\/wp-content\/uploads\/usu1964\/2023\/03\/edc-300x87.png 300w, https:\/\/agora.xtec.cat\/esccasablanca\/wp-content\/uploads\/usu1964\/2023\/03\/edc-768x222.png 768w\" sizes=\"auto, (max-width: 328px) 100vw, 328px\" \/><\/a><\/p>\n","protected":false},"excerpt":{"rendered":"<p>L&#8217;Estrat\u00e8gia Digital de Centre \u00e9s el document que defineix els objectius, actuacions i gestions en el marc de l&#8217;\u00e0mbit digital de l&#8217;escola. Aquest document ha elaborat aquest pla a partir d&#8217;un estudi diagn\u00f2stic i estudi inicial i el podeu trobar disponible en el seg\u00fcent enlla\u00e7:<\/p>\n","protected":false},"author":5,"featured_media":0,"parent":3732,"menu_order":0,"comment_status":"closed","ping_status":"closed","template":"","meta":{"_bbp_topic_count":0,"_bbp_reply_count":0,"_bbp_total_topic_count":0,"_bbp_total_reply_count":0,"_bbp_voice_count":0,"_bbp_anonymous_reply_count":0,"_bbp_topic_count_hidden":0,"_bbp_reply_count_hidden":0,"_bbp_forum_subforum_count":0,"site-sidebar-layout":"default","site-content-layout":"","ast-site-content-layout":"","site-content-style":"default","site-sidebar-style":"default","ast-global-header-display":"","ast-banner-title-visibility":"","ast-main-header-display":"","ast-hfb-above-header-display":"","ast-hfb-below-header-display":"","ast-hfb-mobile-header-display":"","site-post-title":"","ast-breadcrumbs-content":"","ast-featured-img":"","footer-sml-layout":"","theme-transparent-header-meta":"","adv-header-id-meta":"","stick-header-meta":"","header-above-stick-meta":"","header-main-stick-meta":"","header-below-stick-meta":"","astra-migrate-meta-layouts":"default","ast-page-background-enabled":"default","ast-page-background-meta":{"desktop":{"background-color":"var(--ast-global-color-4)","background-image":"","background-repeat":"repeat","background-position":"center center","background-size":"auto","background-attachment":"scroll","background-type":"","background-media":"","overlay-type":"","overlay-color":"","overlay-opacity":"","overlay-gradient":""},"tablet":{"background-color":"","background-image":"","background-repeat":"repeat","background-position":"center center","background-size":"auto","background-attachment":"scroll","background-type":"","background-media":"","overlay-type":"","overlay-color":"","overlay-opacity":"","overlay-gradient":""},"mobile":{"background-color":"","background-image":"","background-repeat":"repeat","background-position":"center center","background-size":"auto","background-attachment":"scroll","background-type":"","background-media":"","overlay-type":"","overlay-color":"","overlay-opacity":"","overlay-gradient":""}},"ast-content-background-meta":{"desktop":{"background-color":"var(--ast-global-color-5)","background-image":"","background-repeat":"repeat","background-position":"center center","background-size":"auto","background-attachment":"scroll","background-type":"","background-media":"","overlay-type":"","overlay-color":"","overlay-opacity":"","overlay-gradient":""},"tablet":{"background-color":"var(--ast-global-color-5)","background-image":"","background-repeat":"repeat","background-position":"center center","background-size":"auto","background-attachment":"scroll","background-type":"","background-media":"","overlay-type":"","overlay-color":"","overlay-opacity":"","overlay-gradient":""},"mobile":{"background-color":"var(--ast-global-color-5)","background-image":"","background-repeat":"repeat","background-position":"center center","background-size":"auto","background-attachment":"scroll","background-type":"","background-media":"","overlay-type":"","overlay-color":"","overlay-opacity":"","overlay-gradient":""}},"footnotes":""},"class_list":["post-5879","page","type-page","status-publish","hentry"],"post_mailing_queue_ids":[],"_links":{"self":[{"href":"https:\/\/agora.xtec.cat\/esccasablanca\/wp-json\/wp\/v2\/pages\/5879","targetHints":{"allow":["GET"]}}],"collection":[{"href":"https:\/\/agora.xtec.cat\/esccasablanca\/wp-json\/wp\/v2\/pages"}],"about":[{"href":"https:\/\/agora.xtec.cat\/esccasablanca\/wp-json\/wp\/v2\/types\/page"}],"author":[{"embeddable":true,"href":"https:\/\/agora.xtec.cat\/esccasablanca\/wp-json\/wp\/v2\/users\/5"}],"replies":[{"embeddable":true,"href":"https:\/\/agora.xtec.cat\/esccasablanca\/wp-json\/wp\/v2\/comments?post=5879"}],"version-history":[{"count":2,"href":"https:\/\/agora.xtec.cat\/esccasablanca\/wp-json\/wp\/v2\/pages\/5879\/revisions"}],"predecessor-version":[{"id":5886,"href":"https:\/\/agora.xtec.cat\/esccasablanca\/wp-json\/wp\/v2\/pages\/5879\/revisions\/5886"}],"up":[{"embeddable":true,"href":"https:\/\/agora.xtec.cat\/esccasablanca\/wp-json\/wp\/v2\/pages\/3732"}],"wp:attachment":[{"href":"https:\/\/agora.xtec.cat\/esccasablanca\/wp-json\/wp\/v2\/media?parent=5879"}],"curies":[{"name":"wp","href":"https:\/\/api.w.org\/{rel}","templated":true}]}}