{"id":4251,"date":"2020-03-25T18:09:59","date_gmt":"2020-03-25T17:09:59","guid":{"rendered":"https:\/\/agora.xtec.cat\/esccasablanca\/?page_id=4251"},"modified":"2025-10-30T13:17:37","modified_gmt":"2025-10-30T12:17:37","slug":"extensio-del-temps-daprenentatge","status":"publish","type":"page","link":"https:\/\/agora.xtec.cat\/esccasablanca\/linia-descola\/comunitats-daprenentatge\/extensio-del-temps-daprenentatge\/","title":{"rendered":"Extensi\u00f3 del temps d&#8217;aprenentatge"},"content":{"rendered":"<p>&nbsp;<\/p>\n<p>La Biblioteca Tutoritzada \u00e9s una Actuaci\u00f3 Educativa d&#8217;\u00c8xit que amplia el temps d&#8217;aprenentatge.<\/p>\n<p>A la Biblioteca Tutoritzada es d\u00f3na suport als alumnes en les seves tasques escolars,\u00a0es resolen dubtes, es porten a terme recerques i s\u2019estudia, tot fent us de l&#8217;aprenentatge dial\u00f2gic, \u00e9s a dir, l&#8217;aprenentatge entre iguals.<\/p>\n","protected":false},"excerpt":{"rendered":"<p>&nbsp; La Biblioteca Tutoritzada \u00e9s una Actuaci\u00f3 Educativa d&#8217;\u00c8xit que amplia el temps d&#8217;aprenentatge. A la Biblioteca Tutoritzada es d\u00f3na suport als alumnes en les seves tasques escolars,\u00a0es resolen dubtes, es porten a terme recerques i s\u2019estudia, tot fent us de l&#8217;aprenentatge dial\u00f2gic, \u00e9s a dir, l&#8217;aprenentatge entre iguals.<\/p>\n","protected":false},"author":5,"featured_media":0,"parent":4232,"menu_order":0,"comment_status":"closed","ping_status":"closed","template":"","meta":{"_bbp_topic_count":0,"_bbp_reply_count":0,"_bbp_total_topic_count":0,"_bbp_total_reply_count":0,"_bbp_voice_count":0,"_bbp_anonymous_reply_count":0,"_bbp_topic_count_hidden":0,"_bbp_reply_count_hidden":0,"_bbp_forum_subforum_count":0,"site-sidebar-layout":"default","site-content-layout":"","ast-site-content-layout":"default","site-content-style":"default","site-sidebar-style":"default","ast-global-header-display":"","ast-banner-title-visibility":"","ast-main-header-display":"","ast-hfb-above-header-display":"","ast-hfb-below-header-display":"","ast-hfb-mobile-header-display":"","site-post-title":"","ast-breadcrumbs-content":"","ast-featured-img":"","footer-sml-layout":"","theme-transparent-header-meta":"default","adv-header-id-meta":"","stick-header-meta":"","header-above-stick-meta":"","header-main-stick-meta":"","header-below-stick-meta":"","astra-migrate-meta-layouts":"set","ast-page-background-enabled":"default","ast-page-background-meta":{"desktop":{"background-color":"var(--ast-global-color-4)","background-image":"","background-repeat":"repeat","background-position":"center center","background-size":"auto","background-attachment":"scroll","background-type":"","background-media":"","overlay-type":"","overlay-color":"","overlay-opacity":"","overlay-gradient":""},"tablet":{"background-color":"","background-image":"","background-repeat":"repeat","background-position":"center center","background-size":"auto","background-attachment":"scroll","background-type":"","background-media":"","overlay-type":"","overlay-color":"","overlay-opacity":"","overlay-gradient":""},"mobile":{"background-color":"","background-image":"","background-repeat":"repeat","background-position":"center center","background-size":"auto","background-attachment":"scroll","background-type":"","background-media":"","overlay-type":"","overlay-color":"","overlay-opacity":"","overlay-gradient":""}},"ast-content-background-meta":{"desktop":{"background-color":"var(--ast-global-color-5)","background-image":"","background-repeat":"repeat","background-position":"center center","background-size":"auto","background-attachment":"scroll","background-type":"","background-media":"","overlay-type":"","overlay-color":"","overlay-opacity":"","overlay-gradient":""},"tablet":{"background-color":"var(--ast-global-color-5)","background-image":"","background-repeat":"repeat","background-position":"center center","background-size":"auto","background-attachment":"scroll","background-type":"","background-media":"","overlay-type":"","overlay-color":"","overlay-opacity":"","overlay-gradient":""},"mobile":{"background-color":"var(--ast-global-color-5)","background-image":"","background-repeat":"repeat","background-position":"center center","background-size":"auto","background-attachment":"scroll","background-type":"","background-media":"","overlay-type":"","overlay-color":"","overlay-opacity":"","overlay-gradient":""}},"footnotes":""},"class_list":["post-4251","page","type-page","status-publish","hentry"],"post_mailing_queue_ids":[],"_links":{"self":[{"href":"https:\/\/agora.xtec.cat\/esccasablanca\/wp-json\/wp\/v2\/pages\/4251","targetHints":{"allow":["GET"]}}],"collection":[{"href":"https:\/\/agora.xtec.cat\/esccasablanca\/wp-json\/wp\/v2\/pages"}],"about":[{"href":"https:\/\/agora.xtec.cat\/esccasablanca\/wp-json\/wp\/v2\/types\/page"}],"author":[{"embeddable":true,"href":"https:\/\/agora.xtec.cat\/esccasablanca\/wp-json\/wp\/v2\/users\/5"}],"replies":[{"embeddable":true,"href":"https:\/\/agora.xtec.cat\/esccasablanca\/wp-json\/wp\/v2\/comments?post=4251"}],"version-history":[{"count":4,"href":"https:\/\/agora.xtec.cat\/esccasablanca\/wp-json\/wp\/v2\/pages\/4251\/revisions"}],"predecessor-version":[{"id":6224,"href":"https:\/\/agora.xtec.cat\/esccasablanca\/wp-json\/wp\/v2\/pages\/4251\/revisions\/6224"}],"up":[{"embeddable":true,"href":"https:\/\/agora.xtec.cat\/esccasablanca\/wp-json\/wp\/v2\/pages\/4232"}],"wp:attachment":[{"href":"https:\/\/agora.xtec.cat\/esccasablanca\/wp-json\/wp\/v2\/media?parent=4251"}],"curies":[{"name":"wp","href":"https:\/\/api.w.org\/{rel}","templated":true}]}}