{"id":4248,"date":"2020-03-25T18:07:44","date_gmt":"2020-03-25T17:07:44","guid":{"rendered":"https:\/\/agora.xtec.cat\/esccasablanca\/?page_id=4248"},"modified":"2025-10-30T13:26:48","modified_gmt":"2025-10-30T12:26:48","slug":"tertulies-literaries","status":"publish","type":"page","link":"https:\/\/agora.xtec.cat\/esccasablanca\/linia-descola\/comunitats-daprenentatge\/tertulies-literaries\/","title":{"rendered":"Tert\u00falies Dial\u00f2giques Liter\u00e0ries"},"content":{"rendered":"<p>L\u2019escola Casablanca realitza, des del curs escolar 2018-2019, tert\u00falies dial\u00f2giques de cl\u00e0ssics universals a les classes d\u2019infantil i prim\u00e0ria. Aquesta actuaci\u00f3 educativa d\u2019\u00e8xit contribueix a millorar l\u2019aprenentatge i facilita treballar a fons el tema dels valors i de la reflexi\u00f3 sobre els conflictes. Tamb\u00e9 ajuda a augmentar el vocabulari de l\u2019alumnat i la seva velocitat aix\u00ed com la comprensi\u00f3 lectora. Els i les alumnes aprenen a respectar el torn de paraula i la diversitat cultural.<\/p>\n<p>Llibres que llegim:<\/p>\n<p><strong>I4<\/strong><\/p>\n<ul>\n<li>El flautista d\u2019Hamelin<\/li>\n<li>La Llebre i la tortuga<\/li>\n<\/ul>\n<p><strong>I5<\/strong><\/p>\n<ul>\n<li>El llibre de la Jungla<\/li>\n<li>El meravell\u00f3s m\u00e0gic d\u2019Oz<\/li>\n<\/ul>\n<p><strong>Primer<\/strong><\/p>\n<ul>\n<li>El soldadet de plom<\/li>\n<li>El corb i la guineu<\/li>\n<\/ul>\n<p><strong>Segon<\/strong><\/p>\n<ul>\n<li>La volta al m\u00f3n en 80 dies<\/li>\n<li>El Geperut de Notr\u00ea-Dame<\/li>\n<\/ul>\n<p><strong>Tercer<\/strong><\/p>\n<ul>\n<li>Platero y yo contado a los ni\u00f1os<\/li>\n<li>Les aventures de Tom Sawyer<\/li>\n<\/ul>\n<p><strong>Quart<\/strong><\/p>\n<ul>\n<li>El Lazarillo contado a los ni\u00f1os<\/li>\n<li>L\u2019Odissea explicada els infants<\/li>\n<\/ul>\n<p><strong>Cinqu\u00e8<\/strong><\/p>\n<ul>\n<li>Leyendas de B\u00e9cquer contada a los ninos<\/li>\n<li>Oliver Twist<\/li>\n<\/ul>\n<p><strong>Sis\u00e8<\/strong><\/p>\n<ul>\n<li>\u00c9rase una vez Don Quijote<\/li>\n<li>Romeu i Julieta<\/li>\n<\/ul>\n<div style=\"width: 1280px;\" class=\"wp-video\"><!--[if lt IE 9]><script>document.createElement('video');<\/script><![endif]-->\n<video class=\"wp-video-shortcode\" id=\"video-4248-1\" width=\"1280\" height=\"720\" preload=\"metadata\" controls=\"controls\"><source type=\"video\/mp4\" src=\"https:\/\/agora.xtec.cat\/esccasablanca\/wp-content\/uploads\/usu1964\/2020\/03\/v.tert\u00falies1.mp4?_=1\" \/><a href=\"https:\/\/agora.xtec.cat\/esccasablanca\/wp-content\/uploads\/usu1964\/2020\/03\/v.tert\u00falies1.mp4\">https:\/\/agora.xtec.cat\/esccasablanca\/wp-content\/uploads\/usu1964\/2020\/03\/v.tert\u00falies1.mp4<\/a><\/video><\/div>\n<p>&nbsp;<\/p>\n","protected":false},"excerpt":{"rendered":"<p>L\u2019escola Casablanca realitza, des del curs escolar 2018-2019, tert\u00falies dial\u00f2giques de cl\u00e0ssics universals a les classes d\u2019infantil i prim\u00e0ria. Aquesta actuaci\u00f3 educativa d\u2019\u00e8xit contribueix a millorar l\u2019aprenentatge i facilita treballar a fons el tema dels valors i de la reflexi\u00f3 sobre els conflictes. Tamb\u00e9 ajuda a augmentar el vocabulari de l\u2019alumnat i la seva velocitat [&hellip;]<\/p>\n","protected":false},"author":5,"featured_media":0,"parent":4232,"menu_order":0,"comment_status":"closed","ping_status":"closed","template":"","meta":{"_bbp_topic_count":0,"_bbp_reply_count":0,"_bbp_total_topic_count":0,"_bbp_total_reply_count":0,"_bbp_voice_count":0,"_bbp_anonymous_reply_count":0,"_bbp_topic_count_hidden":0,"_bbp_reply_count_hidden":0,"_bbp_forum_subforum_count":0,"site-sidebar-layout":"default","site-content-layout":"","ast-site-content-layout":"default","site-content-style":"default","site-sidebar-style":"default","ast-global-header-display":"","ast-banner-title-visibility":"","ast-main-header-display":"","ast-hfb-above-header-display":"","ast-hfb-below-header-display":"","ast-hfb-mobile-header-display":"","site-post-title":"","ast-breadcrumbs-content":"","ast-featured-img":"","footer-sml-layout":"","theme-transparent-header-meta":"default","adv-header-id-meta":"","stick-header-meta":"","header-above-stick-meta":"","header-main-stick-meta":"","header-below-stick-meta":"","astra-migrate-meta-layouts":"set","ast-page-background-enabled":"default","ast-page-background-meta":{"desktop":{"background-color":"var(--ast-global-color-4)","background-image":"","background-repeat":"repeat","background-position":"center center","background-size":"auto","background-attachment":"scroll","background-type":"","background-media":"","overlay-type":"","overlay-color":"","overlay-opacity":"","overlay-gradient":""},"tablet":{"background-color":"","background-image":"","background-repeat":"repeat","background-position":"center center","background-size":"auto","background-attachment":"scroll","background-type":"","background-media":"","overlay-type":"","overlay-color":"","overlay-opacity":"","overlay-gradient":""},"mobile":{"background-color":"","background-image":"","background-repeat":"repeat","background-position":"center center","background-size":"auto","background-attachment":"scroll","background-type":"","background-media":"","overlay-type":"","overlay-color":"","overlay-opacity":"","overlay-gradient":""}},"ast-content-background-meta":{"desktop":{"background-color":"var(--ast-global-color-5)","background-image":"","background-repeat":"repeat","background-position":"center center","background-size":"auto","background-attachment":"scroll","background-type":"","background-media":"","overlay-type":"","overlay-color":"","overlay-opacity":"","overlay-gradient":""},"tablet":{"background-color":"var(--ast-global-color-5)","background-image":"","background-repeat":"repeat","background-position":"center center","background-size":"auto","background-attachment":"scroll","background-type":"","background-media":"","overlay-type":"","overlay-color":"","overlay-opacity":"","overlay-gradient":""},"mobile":{"background-color":"var(--ast-global-color-5)","background-image":"","background-repeat":"repeat","background-position":"center center","background-size":"auto","background-attachment":"scroll","background-type":"","background-media":"","overlay-type":"","overlay-color":"","overlay-opacity":"","overlay-gradient":""}},"footnotes":""},"class_list":["post-4248","page","type-page","status-publish","hentry"],"post_mailing_queue_ids":[],"_links":{"self":[{"href":"https:\/\/agora.xtec.cat\/esccasablanca\/wp-json\/wp\/v2\/pages\/4248","targetHints":{"allow":["GET"]}}],"collection":[{"href":"https:\/\/agora.xtec.cat\/esccasablanca\/wp-json\/wp\/v2\/pages"}],"about":[{"href":"https:\/\/agora.xtec.cat\/esccasablanca\/wp-json\/wp\/v2\/types\/page"}],"author":[{"embeddable":true,"href":"https:\/\/agora.xtec.cat\/esccasablanca\/wp-json\/wp\/v2\/users\/5"}],"replies":[{"embeddable":true,"href":"https:\/\/agora.xtec.cat\/esccasablanca\/wp-json\/wp\/v2\/comments?post=4248"}],"version-history":[{"count":5,"href":"https:\/\/agora.xtec.cat\/esccasablanca\/wp-json\/wp\/v2\/pages\/4248\/revisions"}],"predecessor-version":[{"id":6227,"href":"https:\/\/agora.xtec.cat\/esccasablanca\/wp-json\/wp\/v2\/pages\/4248\/revisions\/6227"}],"up":[{"embeddable":true,"href":"https:\/\/agora.xtec.cat\/esccasablanca\/wp-json\/wp\/v2\/pages\/4232"}],"wp:attachment":[{"href":"https:\/\/agora.xtec.cat\/esccasablanca\/wp-json\/wp\/v2\/media?parent=4248"}],"curies":[{"name":"wp","href":"https:\/\/api.w.org\/{rel}","templated":true}]}}