{"id":4246,"date":"2020-03-25T18:07:05","date_gmt":"2020-03-25T17:07:05","guid":{"rendered":"https:\/\/agora.xtec.cat\/esccasablanca\/?page_id=4246"},"modified":"2020-04-07T10:15:32","modified_gmt":"2020-04-07T08:15:32","slug":"grups-interactius","status":"publish","type":"page","link":"https:\/\/agora.xtec.cat\/esccasablanca\/linia-descola\/comunitats-daprenentatge\/grups-interactius\/","title":{"rendered":"Grups Interactius"},"content":{"rendered":"<p>Una de les activitats m\u00e9s motivadores i exitoses que realitza l\u2019Escola Casablanca des del curs escolar 2017-2018 s\u00f3n els GRUPS INTERACTIUS. Els grups interactius (G.I) \u00e9s una actuaci\u00f3 educativa d\u2019\u00e8xit identificada per la Comunitat Cient\u00edfica Internacional, com una de les organitzacions de l\u2019aula que promou m\u00e9s aprenentatge entre l\u2019alumnat i una millora de la conviv\u00e8ncia.<\/p>\n<p>Consisteix en fer agrupacions heterog\u00e8nies en l\u2019aula on m\u00e9s d\u2019un adult dinamitza el treball de l\u2019alumnat i es proposen 4 o 5 activitats ( de llengua o de matem\u00e0tiques), cadascuna amb una durada d\u2019uns 20 minuts. Els adults poden ser professorat i voluntaris (familiars, exalumnes, practicants\/es&#8230;). \u00c9s pret\u00e9n, entre d\u2019altres objectius; disminuir la competitivitat, generar solidaritat i augmentar l\u2019aprenentatge acad\u00e8mic, potenciant la interrelaci\u00f3 dels alumnes i cooperant entre tots\/es perqu\u00e8 puguin realitzar l\u2019activitat, mentre l\u2019adult potencia i modera les activitats i ajuda a que tots els alumnes participin. La diversitat en les interaccions a trav\u00e9s d\u2019un di\u00e0leg igualitari, suposa un potencial per a l\u2019acceleraci\u00f3 de l\u2019aprenentatge de tot l\u2019alumnat i la millora de la conviv\u00e8ncia.<\/p>\n<div style=\"width: 1280px;\" class=\"wp-video\"><!--[if lt IE 9]><script>document.createElement('video');<\/script><![endif]-->\n<video class=\"wp-video-shortcode\" id=\"video-4246-1\" width=\"1280\" height=\"720\" preload=\"metadata\" controls=\"controls\"><source type=\"video\/mp4\" src=\"https:\/\/agora.xtec.cat\/esccasablanca\/wp-content\/uploads\/usu1964\/2020\/04\/grups-interactius-videoweb.mp4.mp4?_=1\" \/><a href=\"https:\/\/agora.xtec.cat\/esccasablanca\/wp-content\/uploads\/usu1964\/2020\/04\/grups-interactius-videoweb.mp4.mp4\">https:\/\/agora.xtec.cat\/esccasablanca\/wp-content\/uploads\/usu1964\/2020\/04\/grups-interactius-videoweb.mp4.mp4<\/a><\/video><\/div>\n","protected":false},"excerpt":{"rendered":"<p>Una de les activitats m\u00e9s motivadores i exitoses que realitza l\u2019Escola Casablanca des del curs escolar 2017-2018 s\u00f3n els GRUPS INTERACTIUS. Els grups interactius (G.I) \u00e9s una actuaci\u00f3 educativa d\u2019\u00e8xit identificada per la Comunitat Cient\u00edfica Internacional, com una de les organitzacions de l\u2019aula que promou m\u00e9s aprenentatge entre l\u2019alumnat i una millora de la conviv\u00e8ncia. [&hellip;]<\/p>\n","protected":false},"author":5,"featured_media":0,"parent":4232,"menu_order":0,"comment_status":"closed","ping_status":"closed","template":"page-templates\/side-menu.php","meta":{"_bbp_topic_count":0,"_bbp_reply_count":0,"_bbp_total_topic_count":0,"_bbp_total_reply_count":0,"_bbp_voice_count":0,"_bbp_anonymous_reply_count":0,"_bbp_topic_count_hidden":0,"_bbp_reply_count_hidden":0,"_bbp_forum_subforum_count":0,"site-sidebar-layout":"default","site-content-layout":"","ast-site-content-layout":"","site-content-style":"default","site-sidebar-style":"default","ast-global-header-display":"","ast-banner-title-visibility":"","ast-main-header-display":"","ast-hfb-above-header-display":"","ast-hfb-below-header-display":"","ast-hfb-mobile-header-display":"","site-post-title":"","ast-breadcrumbs-content":"","ast-featured-img":"","footer-sml-layout":"","theme-transparent-header-meta":"","adv-header-id-meta":"","stick-header-meta":"","header-above-stick-meta":"","header-main-stick-meta":"","header-below-stick-meta":"","astra-migrate-meta-layouts":"default","ast-page-background-enabled":"default","ast-page-background-meta":{"desktop":{"background-color":"var(--ast-global-color-4)","background-image":"","background-repeat":"repeat","background-position":"center center","background-size":"auto","background-attachment":"scroll","background-type":"","background-media":"","overlay-type":"","overlay-color":"","overlay-opacity":"","overlay-gradient":""},"tablet":{"background-color":"","background-image":"","background-repeat":"repeat","background-position":"center center","background-size":"auto","background-attachment":"scroll","background-type":"","background-media":"","overlay-type":"","overlay-color":"","overlay-opacity":"","overlay-gradient":""},"mobile":{"background-color":"","background-image":"","background-repeat":"repeat","background-position":"center center","background-size":"auto","background-attachment":"scroll","background-type":"","background-media":"","overlay-type":"","overlay-color":"","overlay-opacity":"","overlay-gradient":""}},"ast-content-background-meta":{"desktop":{"background-color":"var(--ast-global-color-5)","background-image":"","background-repeat":"repeat","background-position":"center center","background-size":"auto","background-attachment":"scroll","background-type":"","background-media":"","overlay-type":"","overlay-color":"","overlay-opacity":"","overlay-gradient":""},"tablet":{"background-color":"var(--ast-global-color-5)","background-image":"","background-repeat":"repeat","background-position":"center center","background-size":"auto","background-attachment":"scroll","background-type":"","background-media":"","overlay-type":"","overlay-color":"","overlay-opacity":"","overlay-gradient":""},"mobile":{"background-color":"var(--ast-global-color-5)","background-image":"","background-repeat":"repeat","background-position":"center center","background-size":"auto","background-attachment":"scroll","background-type":"","background-media":"","overlay-type":"","overlay-color":"","overlay-opacity":"","overlay-gradient":""}},"footnotes":""},"class_list":["post-4246","page","type-page","status-publish","hentry"],"post_mailing_queue_ids":[],"_links":{"self":[{"href":"https:\/\/agora.xtec.cat\/esccasablanca\/wp-json\/wp\/v2\/pages\/4246","targetHints":{"allow":["GET"]}}],"collection":[{"href":"https:\/\/agora.xtec.cat\/esccasablanca\/wp-json\/wp\/v2\/pages"}],"about":[{"href":"https:\/\/agora.xtec.cat\/esccasablanca\/wp-json\/wp\/v2\/types\/page"}],"author":[{"embeddable":true,"href":"https:\/\/agora.xtec.cat\/esccasablanca\/wp-json\/wp\/v2\/users\/5"}],"replies":[{"embeddable":true,"href":"https:\/\/agora.xtec.cat\/esccasablanca\/wp-json\/wp\/v2\/comments?post=4246"}],"version-history":[{"count":3,"href":"https:\/\/agora.xtec.cat\/esccasablanca\/wp-json\/wp\/v2\/pages\/4246\/revisions"}],"predecessor-version":[{"id":4527,"href":"https:\/\/agora.xtec.cat\/esccasablanca\/wp-json\/wp\/v2\/pages\/4246\/revisions\/4527"}],"up":[{"embeddable":true,"href":"https:\/\/agora.xtec.cat\/esccasablanca\/wp-json\/wp\/v2\/pages\/4232"}],"wp:attachment":[{"href":"https:\/\/agora.xtec.cat\/esccasablanca\/wp-json\/wp\/v2\/media?parent=4246"}],"curies":[{"name":"wp","href":"https:\/\/api.w.org\/{rel}","templated":true}]}}