{"id":4242,"date":"2020-03-25T18:04:35","date_gmt":"2020-03-25T17:04:35","guid":{"rendered":"https:\/\/agora.xtec.cat\/esccasablanca\/?page_id=4242"},"modified":"2025-10-16T13:50:23","modified_gmt":"2025-10-16T11:50:23","slug":"rutes-verdes","status":"publish","type":"page","link":"https:\/\/agora.xtec.cat\/esccasablanca\/linia-descola\/rutes-verdes\/","title":{"rendered":"Rutes Verdes"},"content":{"rendered":"<p><span style=\"font-weight: 400;\">RUTES VERDES CASABLANCA:<\/span><\/p>\n<p><span style=\"font-weight: 400;\">Tota l&#8217;escola fem rutes verdes a l&#8217;entorn de Sant Boi amb l\u2019objectiu de descobrir el nostre patrimoni ambiental, fer activitats a l\u2019aire lliure i fer un exercici de resist\u00e8ncia i esfor\u00e7:<\/span><\/p>\n<p><span style=\"font-weight: 400;\">I3: Torrelavila<\/span><\/p>\n<p><span style=\"font-weight: 400;\">14: Muntanyeta<\/span><\/p>\n<p><span style=\"font-weight: 400;\">I5: Cam\u00ed vell de Sant Ram\u00f3n i mirador<\/span><\/p>\n<p><span style=\"font-weight: 400;\">1r: Parc Fluvial. Museu d\u2019hist\u00f2ria de la ciutat\u00a0<\/span><\/p>\n<p>2n: <span style=\"font-weight: 400;\">Font de Golbes. Sant Ram\u00f3n<\/span><\/p>\n<p><span style=\"font-weight: 400;\">3r: Basses de Can Dimoni. Hort urb\u00e0<\/span><\/p>\n<p>4t: <span style=\"font-weight: 400;\">Col\u00f2nia G\u00fcell<\/span><\/p>\n<p>5\u00e8: <span style=\"font-weight: 400;\">Barraques de Pedra Seca<\/span><\/p>\n<p>6\u00e8: <span style=\"font-weight: 400;\">Can Cartr\u00f3<\/span><\/p>\n<p><span style=\"font-weight: 400;\">S\u00f3n tot un \u00e8xit , els nens i nenes fan m\u00e9s quil\u00f2metres del que hav\u00edem programat!!<\/span><\/p>\n<p><span style=\"font-weight: 400;\">Volem felicitar a tots per l\u2019esfor\u00e7, per la resist\u00e8ncia, per l\u2019harmonia&#8230; Ja coneixem els nostres voltants i per aix\u00f2 creiem\u2026.QUE ELS ESTIMEM +<\/span><\/p>\n<p><span style=\"font-weight: 400;\">Gr\u00e0cies als mestres i fam\u00edlies, per caminar plegats. L\u2019escola Casablanca est\u00e0 per con\u00e8ixer, respectar i estimar el Medi ambient que ens envolta.<\/span><\/p>\n","protected":false},"excerpt":{"rendered":"<p>RUTES VERDES CASABLANCA: Tota l&#8217;escola fem rutes verdes a l&#8217;entorn de Sant Boi amb l\u2019objectiu de descobrir el nostre patrimoni ambiental, fer activitats a l\u2019aire lliure i fer un exercici de resist\u00e8ncia i esfor\u00e7: I3: Torrelavila 14: Muntanyeta I5: Cam\u00ed vell de Sant Ram\u00f3n i mirador 1r: Parc Fluvial. Museu d\u2019hist\u00f2ria de la ciutat\u00a0 2n: [&hellip;]<\/p>\n","protected":false},"author":1,"featured_media":0,"parent":4230,"menu_order":0,"comment_status":"closed","ping_status":"closed","template":"","meta":{"_bbp_topic_count":0,"_bbp_reply_count":0,"_bbp_total_topic_count":0,"_bbp_total_reply_count":0,"_bbp_voice_count":0,"_bbp_anonymous_reply_count":0,"_bbp_topic_count_hidden":0,"_bbp_reply_count_hidden":0,"_bbp_forum_subforum_count":0,"site-sidebar-layout":"default","site-content-layout":"","ast-site-content-layout":"default","site-content-style":"default","site-sidebar-style":"default","ast-global-header-display":"","ast-banner-title-visibility":"","ast-main-header-display":"","ast-hfb-above-header-display":"","ast-hfb-below-header-display":"","ast-hfb-mobile-header-display":"","site-post-title":"","ast-breadcrumbs-content":"","ast-featured-img":"","footer-sml-layout":"","theme-transparent-header-meta":"default","adv-header-id-meta":"","stick-header-meta":"","header-above-stick-meta":"","header-main-stick-meta":"","header-below-stick-meta":"","astra-migrate-meta-layouts":"set","ast-page-background-enabled":"default","ast-page-background-meta":{"desktop":{"background-color":"var(--ast-global-color-4)","background-image":"","background-repeat":"repeat","background-position":"center center","background-size":"auto","background-attachment":"scroll","background-type":"","background-media":"","overlay-type":"","overlay-color":"","overlay-opacity":"","overlay-gradient":""},"tablet":{"background-color":"","background-image":"","background-repeat":"repeat","background-position":"center center","background-size":"auto","background-attachment":"scroll","background-type":"","background-media":"","overlay-type":"","overlay-color":"","overlay-opacity":"","overlay-gradient":""},"mobile":{"background-color":"","background-image":"","background-repeat":"repeat","background-position":"center center","background-size":"auto","background-attachment":"scroll","background-type":"","background-media":"","overlay-type":"","overlay-color":"","overlay-opacity":"","overlay-gradient":""}},"ast-content-background-meta":{"desktop":{"background-color":"var(--ast-global-color-5)","background-image":"","background-repeat":"repeat","background-position":"center center","background-size":"auto","background-attachment":"scroll","background-type":"","background-media":"","overlay-type":"","overlay-color":"","overlay-opacity":"","overlay-gradient":""},"tablet":{"background-color":"var(--ast-global-color-5)","background-image":"","background-repeat":"repeat","background-position":"center center","background-size":"auto","background-attachment":"scroll","background-type":"","background-media":"","overlay-type":"","overlay-color":"","overlay-opacity":"","overlay-gradient":""},"mobile":{"background-color":"var(--ast-global-color-5)","background-image":"","background-repeat":"repeat","background-position":"center center","background-size":"auto","background-attachment":"scroll","background-type":"","background-media":"","overlay-type":"","overlay-color":"","overlay-opacity":"","overlay-gradient":""}},"footnotes":""},"class_list":["post-4242","page","type-page","status-publish","hentry"],"post_mailing_queue_ids":[],"_links":{"self":[{"href":"https:\/\/agora.xtec.cat\/esccasablanca\/wp-json\/wp\/v2\/pages\/4242","targetHints":{"allow":["GET"]}}],"collection":[{"href":"https:\/\/agora.xtec.cat\/esccasablanca\/wp-json\/wp\/v2\/pages"}],"about":[{"href":"https:\/\/agora.xtec.cat\/esccasablanca\/wp-json\/wp\/v2\/types\/page"}],"author":[{"embeddable":true,"href":"https:\/\/agora.xtec.cat\/esccasablanca\/wp-json\/wp\/v2\/users\/1"}],"replies":[{"embeddable":true,"href":"https:\/\/agora.xtec.cat\/esccasablanca\/wp-json\/wp\/v2\/comments?post=4242"}],"version-history":[{"count":6,"href":"https:\/\/agora.xtec.cat\/esccasablanca\/wp-json\/wp\/v2\/pages\/4242\/revisions"}],"predecessor-version":[{"id":6210,"href":"https:\/\/agora.xtec.cat\/esccasablanca\/wp-json\/wp\/v2\/pages\/4242\/revisions\/6210"}],"up":[{"embeddable":true,"href":"https:\/\/agora.xtec.cat\/esccasablanca\/wp-json\/wp\/v2\/pages\/4230"}],"wp:attachment":[{"href":"https:\/\/agora.xtec.cat\/esccasablanca\/wp-json\/wp\/v2\/media?parent=4242"}],"curies":[{"name":"wp","href":"https:\/\/api.w.org\/{rel}","templated":true}]}}