{"id":4240,"date":"2020-03-25T18:03:42","date_gmt":"2020-03-25T17:03:42","guid":{"rendered":"https:\/\/agora.xtec.cat\/esccasablanca\/?page_id=4240"},"modified":"2025-12-03T13:49:21","modified_gmt":"2025-12-03T12:49:21","slug":"formacio-professorat","status":"publish","type":"page","link":"https:\/\/agora.xtec.cat\/esccasablanca\/linia-descola\/comunitats-daprenentatge\/formacio-professorat\/","title":{"rendered":"Formaci\u00f3 Pedag\u00f2gica del Professorat"},"content":{"rendered":"<p>&nbsp;<\/p>\n<p>Per poder desenvolupar les actuacions educatives d\u2019\u00e8xit en els centres educatius, un aspecte imprescindible \u00e9s la formaci\u00f3 del professorat en les bases cient\u00edfiques i te\u00f2riques i en les evid\u00e8ncies avalades per la comunitat cient\u00edfica internacional.\u00a0 Tot el professorat participa en les Tert\u00falies Pedag\u00f2giques on llegim i compartim les obres originals dels referents internacionals que configuren les bases de l\u2019aprenentatge dial\u00f2gic\u00a0 i de les actuacions educatives d\u2019\u00e8xit.<\/p>\n<p>A m\u00e9s, alguns mestres de l&#8217;escola participen a altres formacions i congressos amb altres Comunitats d&#8217;Aprenentatge. Podeu veure algunes de les formacions i congressos en qu\u00e8 hem participat fins ara, en aquest enlla\u00e7: <a href=\"https:\/\/agora.xtec.cat\/esccasablanca\/categoria\/informacions\/formacions-congresos\/\">FORMACIONS I CONGRESSOS<\/a><\/p>\n","protected":false},"excerpt":{"rendered":"<p>&nbsp; Per poder desenvolupar les actuacions educatives d\u2019\u00e8xit en els centres educatius, un aspecte imprescindible \u00e9s la formaci\u00f3 del professorat en les bases cient\u00edfiques i te\u00f2riques i en les evid\u00e8ncies avalades per la comunitat cient\u00edfica internacional.\u00a0 Tot el professorat participa en les Tert\u00falies Pedag\u00f2giques on llegim i compartim les obres originals dels referents internacionals que [&hellip;]<\/p>\n","protected":false},"author":5,"featured_media":0,"parent":4232,"menu_order":0,"comment_status":"closed","ping_status":"closed","template":"","meta":{"_bbp_topic_count":0,"_bbp_reply_count":0,"_bbp_total_topic_count":0,"_bbp_total_reply_count":0,"_bbp_voice_count":0,"_bbp_anonymous_reply_count":0,"_bbp_topic_count_hidden":0,"_bbp_reply_count_hidden":0,"_bbp_forum_subforum_count":0,"site-sidebar-layout":"default","site-content-layout":"","ast-site-content-layout":"default","site-content-style":"default","site-sidebar-style":"default","ast-global-header-display":"","ast-banner-title-visibility":"","ast-main-header-display":"","ast-hfb-above-header-display":"","ast-hfb-below-header-display":"","ast-hfb-mobile-header-display":"","site-post-title":"","ast-breadcrumbs-content":"","ast-featured-img":"","footer-sml-layout":"","theme-transparent-header-meta":"default","adv-header-id-meta":"","stick-header-meta":"","header-above-stick-meta":"","header-main-stick-meta":"","header-below-stick-meta":"","astra-migrate-meta-layouts":"set","ast-page-background-enabled":"default","ast-page-background-meta":{"desktop":{"background-color":"var(--ast-global-color-4)","background-image":"","background-repeat":"repeat","background-position":"center center","background-size":"auto","background-attachment":"scroll","background-type":"","background-media":"","overlay-type":"","overlay-color":"","overlay-opacity":"","overlay-gradient":""},"tablet":{"background-color":"","background-image":"","background-repeat":"repeat","background-position":"center center","background-size":"auto","background-attachment":"scroll","background-type":"","background-media":"","overlay-type":"","overlay-color":"","overlay-opacity":"","overlay-gradient":""},"mobile":{"background-color":"","background-image":"","background-repeat":"repeat","background-position":"center center","background-size":"auto","background-attachment":"scroll","background-type":"","background-media":"","overlay-type":"","overlay-color":"","overlay-opacity":"","overlay-gradient":""}},"ast-content-background-meta":{"desktop":{"background-color":"var(--ast-global-color-5)","background-image":"","background-repeat":"repeat","background-position":"center center","background-size":"auto","background-attachment":"scroll","background-type":"","background-media":"","overlay-type":"","overlay-color":"","overlay-opacity":"","overlay-gradient":""},"tablet":{"background-color":"var(--ast-global-color-5)","background-image":"","background-repeat":"repeat","background-position":"center center","background-size":"auto","background-attachment":"scroll","background-type":"","background-media":"","overlay-type":"","overlay-color":"","overlay-opacity":"","overlay-gradient":""},"mobile":{"background-color":"var(--ast-global-color-5)","background-image":"","background-repeat":"repeat","background-position":"center center","background-size":"auto","background-attachment":"scroll","background-type":"","background-media":"","overlay-type":"","overlay-color":"","overlay-opacity":"","overlay-gradient":""}},"footnotes":""},"class_list":["post-4240","page","type-page","status-publish","hentry"],"post_mailing_queue_ids":[],"_links":{"self":[{"href":"https:\/\/agora.xtec.cat\/esccasablanca\/wp-json\/wp\/v2\/pages\/4240","targetHints":{"allow":["GET"]}}],"collection":[{"href":"https:\/\/agora.xtec.cat\/esccasablanca\/wp-json\/wp\/v2\/pages"}],"about":[{"href":"https:\/\/agora.xtec.cat\/esccasablanca\/wp-json\/wp\/v2\/types\/page"}],"author":[{"embeddable":true,"href":"https:\/\/agora.xtec.cat\/esccasablanca\/wp-json\/wp\/v2\/users\/5"}],"replies":[{"embeddable":true,"href":"https:\/\/agora.xtec.cat\/esccasablanca\/wp-json\/wp\/v2\/comments?post=4240"}],"version-history":[{"count":6,"href":"https:\/\/agora.xtec.cat\/esccasablanca\/wp-json\/wp\/v2\/pages\/4240\/revisions"}],"predecessor-version":[{"id":6235,"href":"https:\/\/agora.xtec.cat\/esccasablanca\/wp-json\/wp\/v2\/pages\/4240\/revisions\/6235"}],"up":[{"embeddable":true,"href":"https:\/\/agora.xtec.cat\/esccasablanca\/wp-json\/wp\/v2\/pages\/4232"}],"wp:attachment":[{"href":"https:\/\/agora.xtec.cat\/esccasablanca\/wp-json\/wp\/v2\/media?parent=4240"}],"curies":[{"name":"wp","href":"https:\/\/api.w.org\/{rel}","templated":true}]}}