{"id":4236,"date":"2020-03-25T17:57:54","date_gmt":"2020-03-25T16:57:54","guid":{"rendered":"https:\/\/agora.xtec.cat\/esccasablanca\/?page_id=4236"},"modified":"2025-10-16T13:52:56","modified_gmt":"2025-10-16T11:52:56","slug":"ambients-en-educacio-infantil","status":"publish","type":"page","link":"https:\/\/agora.xtec.cat\/esccasablanca\/linia-descola\/ambients-en-educacio-infantil\/","title":{"rendered":"Ambients a educaci\u00f3 infantil"},"content":{"rendered":"<p>A infantil treballem molt la lectoescriptura des de diferents vessants; sempre de manera vivencial i significativa. Als nostres alumnes els agrada d&#8217;all\u00f2 m\u00e9s practicar-la als nostres ambients: l&#8217;<strong>Hospital<\/strong><strong>\u00a0<\/strong>i el<strong> Restaurant Casablanca.<\/strong> Estan muntats en un espai del passad\u00eds de la zona d\u2019Educaci\u00f3 Infantil i estan prove\u00efts de diferents materials de joc simb\u00f2lic, aix\u00ed com material espec\u00edfic per a l\u2019aprenentatge.<\/p>\n<p>Un cop a la setmana, dividim la classe en 2 grups i van al Restaurant o a l&#8217;Hospital. All\u00e0, a part de fer joc simb\u00f2lic, s\u2019inicien en la lectura, l&#8217;escriptura i al comptatge de manera l\u00fadica, funcional i significativa.<\/p>\n<p>Una vegada a l&#8217;ambient, cada infant t\u00e9 un rol designat i l&#8217;interpreta lliurement. Segons l\u2019ambient els rols canvien: metge\/sa, dentista, infermer\/a o pacient a l\u2019Hospital;\u00a0 comensals, cuiners\/es o cambrers\/es al Restaurant&#8230;<\/p>\n<p>Als <strong>AMBIENTS DE LECTOESCRIPTURA<\/strong> treballem per aconseguir els seg\u00fcents <strong>objectius<\/strong>:<\/p>\n<ol>\n<li>Aprendre vocabulari espec\u00edfic, f\u00f3rmules de cortesia i frases correctes de cadascun dels ambients.<\/li>\n<li>Treballar la lectoescriptura mitjan\u00e7ant diferents materials: cartells, receptes, llistes de la compra, \u00a0agendes&#8230;<\/li>\n<li>Desenvolupar els diferents rols de joc simb\u00f2lic d&#8217;acord a les normes i especificitats de l&#8217;ambient.<\/li>\n<li>Elaborar frases i\/o converses amb estructures sint\u00e0ctiques correctes que els ajudin a millorar la seva comunicaci\u00f3 oral.<\/li>\n<li>Recon\u00e8ixer la funcionalitat de l\u2019escriptura i dels nombres.<\/li>\n<\/ol>\n","protected":false},"excerpt":{"rendered":"<p>A infantil treballem molt la lectoescriptura des de diferents vessants; sempre de manera vivencial i significativa. Als nostres alumnes els agrada d&#8217;all\u00f2 m\u00e9s practicar-la als nostres ambients: l&#8217;Hospital\u00a0i el Restaurant Casablanca. Estan muntats en un espai del passad\u00eds de la zona d\u2019Educaci\u00f3 Infantil i estan prove\u00efts de diferents materials de joc simb\u00f2lic, aix\u00ed com material [&hellip;]<\/p>\n","protected":false},"author":5,"featured_media":0,"parent":4230,"menu_order":0,"comment_status":"closed","ping_status":"closed","template":"","meta":{"_bbp_topic_count":0,"_bbp_reply_count":0,"_bbp_total_topic_count":0,"_bbp_total_reply_count":0,"_bbp_voice_count":0,"_bbp_anonymous_reply_count":0,"_bbp_topic_count_hidden":0,"_bbp_reply_count_hidden":0,"_bbp_forum_subforum_count":0,"site-sidebar-layout":"default","site-content-layout":"","ast-site-content-layout":"default","site-content-style":"default","site-sidebar-style":"default","ast-global-header-display":"","ast-banner-title-visibility":"","ast-main-header-display":"","ast-hfb-above-header-display":"","ast-hfb-below-header-display":"","ast-hfb-mobile-header-display":"","site-post-title":"","ast-breadcrumbs-content":"","ast-featured-img":"","footer-sml-layout":"","theme-transparent-header-meta":"default","adv-header-id-meta":"","stick-header-meta":"","header-above-stick-meta":"","header-main-stick-meta":"","header-below-stick-meta":"","astra-migrate-meta-layouts":"set","ast-page-background-enabled":"default","ast-page-background-meta":{"desktop":{"background-color":"var(--ast-global-color-4)","background-image":"","background-repeat":"repeat","background-position":"center center","background-size":"auto","background-attachment":"scroll","background-type":"","background-media":"","overlay-type":"","overlay-color":"","overlay-opacity":"","overlay-gradient":""},"tablet":{"background-color":"","background-image":"","background-repeat":"repeat","background-position":"center center","background-size":"auto","background-attachment":"scroll","background-type":"","background-media":"","overlay-type":"","overlay-color":"","overlay-opacity":"","overlay-gradient":""},"mobile":{"background-color":"","background-image":"","background-repeat":"repeat","background-position":"center center","background-size":"auto","background-attachment":"scroll","background-type":"","background-media":"","overlay-type":"","overlay-color":"","overlay-opacity":"","overlay-gradient":""}},"ast-content-background-meta":{"desktop":{"background-color":"var(--ast-global-color-5)","background-image":"","background-repeat":"repeat","background-position":"center center","background-size":"auto","background-attachment":"scroll","background-type":"","background-media":"","overlay-type":"","overlay-color":"","overlay-opacity":"","overlay-gradient":""},"tablet":{"background-color":"var(--ast-global-color-5)","background-image":"","background-repeat":"repeat","background-position":"center center","background-size":"auto","background-attachment":"scroll","background-type":"","background-media":"","overlay-type":"","overlay-color":"","overlay-opacity":"","overlay-gradient":""},"mobile":{"background-color":"var(--ast-global-color-5)","background-image":"","background-repeat":"repeat","background-position":"center center","background-size":"auto","background-attachment":"scroll","background-type":"","background-media":"","overlay-type":"","overlay-color":"","overlay-opacity":"","overlay-gradient":""}},"footnotes":""},"class_list":["post-4236","page","type-page","status-publish","hentry"],"post_mailing_queue_ids":[],"_links":{"self":[{"href":"https:\/\/agora.xtec.cat\/esccasablanca\/wp-json\/wp\/v2\/pages\/4236","targetHints":{"allow":["GET"]}}],"collection":[{"href":"https:\/\/agora.xtec.cat\/esccasablanca\/wp-json\/wp\/v2\/pages"}],"about":[{"href":"https:\/\/agora.xtec.cat\/esccasablanca\/wp-json\/wp\/v2\/types\/page"}],"author":[{"embeddable":true,"href":"https:\/\/agora.xtec.cat\/esccasablanca\/wp-json\/wp\/v2\/users\/5"}],"replies":[{"embeddable":true,"href":"https:\/\/agora.xtec.cat\/esccasablanca\/wp-json\/wp\/v2\/comments?post=4236"}],"version-history":[{"count":5,"href":"https:\/\/agora.xtec.cat\/esccasablanca\/wp-json\/wp\/v2\/pages\/4236\/revisions"}],"predecessor-version":[{"id":6214,"href":"https:\/\/agora.xtec.cat\/esccasablanca\/wp-json\/wp\/v2\/pages\/4236\/revisions\/6214"}],"up":[{"embeddable":true,"href":"https:\/\/agora.xtec.cat\/esccasablanca\/wp-json\/wp\/v2\/pages\/4230"}],"wp:attachment":[{"href":"https:\/\/agora.xtec.cat\/esccasablanca\/wp-json\/wp\/v2\/media?parent=4236"}],"curies":[{"name":"wp","href":"https:\/\/api.w.org\/{rel}","templated":true}]}}