{"id":4232,"date":"2020-03-25T14:22:30","date_gmt":"2020-03-25T13:22:30","guid":{"rendered":"https:\/\/agora.xtec.cat\/esccasablanca\/?page_id=4232"},"modified":"2025-12-03T13:28:40","modified_gmt":"2025-12-03T12:28:40","slug":"comunitats-daprenentatge","status":"publish","type":"page","link":"https:\/\/agora.xtec.cat\/esccasablanca\/linia-descola\/comunitats-daprenentatge\/","title":{"rendered":"Comunitats d&#8217;Aprenentatge"},"content":{"rendered":"<p>Les Comunitats d&#8217;Aprenentatge (CdA) s\u00f3n un projecte de transformaci\u00f3 social i cultural de l&#8217;escola i el seu entorn.\u00a0 Es fonamenten en els <a href=\"#Principis\">set principis d&#8217;aprenentatge dial\u00f2gic<\/a> i totes les pr\u00e0ctiques es basen en Actuacions Educatives d&#8217;\u00c8xit (AEE), aix\u00f2 vol dir que s\u00f3n actuacions demostrades cient\u00edficament que milloren el rendiment educatiu i conviv\u00e8ncia.<\/p>\n<p><strong><a id=\"Principis\"><\/a>PRINCIPIS DE L&#8217;APRENENTATGE DIAL\u00d2GIC<\/strong><\/p>\n<p>1. Di\u00e0leg igualitari<br \/>\n2. Intel\u00b7lig\u00e8ncia cultural<br \/>\n3. Transformaci\u00f3<br \/>\n4. Dimensi\u00f3 instrumental (\u00e8xit acad\u00e8mic)<br \/>\n5. Creaci\u00f3 de sentit<br \/>\n6. Solidaritat<br \/>\n7. Igualtat de difer\u00e8ncies<\/p>\n<p>Les nostres Actuacions Educatives s\u00f3n:<\/p>\n<table border=\"0\">\n<tbody>\n<tr>\n<td><a href=\"https:\/\/agora.xtec.cat\/esccasablanca\/linia-descola\/comunitats-daprenentatge\/grups-interactius\/\"><img loading=\"lazy\" decoding=\"async\" class=\"alignleft size-full wp-image-4302\" src=\"https:\/\/agora.xtec.cat\/esccasablanca\/wp-content\/uploads\/usu1964\/2020\/03\/AEE-grupsinteractius.jpg\" alt=\"\" width=\"300\" height=\"250\" \/><\/a><a href=\"https:\/\/agora.xtec.cat\/esccasablanca\/linia-descola\/comunitats-daprenentatge\/tertulies-literaries\/\"><img loading=\"lazy\" decoding=\"async\" class=\"alignleft size-full wp-image-4304\" src=\"https:\/\/agora.xtec.cat\/esccasablanca\/wp-content\/uploads\/usu1964\/2020\/03\/AEE-tertulies.jpg\" alt=\"\" width=\"300\" height=\"250\" \/><\/a><a href=\"https:\/\/agora.xtec.cat\/esccasablanca\/linia-descola\/comunitats-daprenentatge\/formacio-professorat\/\"><img loading=\"lazy\" decoding=\"async\" class=\"alignleft size-full wp-image-4308\" src=\"https:\/\/agora.xtec.cat\/esccasablanca\/wp-content\/uploads\/usu1964\/2020\/03\/AEE-formacionprofes.jpg\" alt=\"\" width=\"300\" height=\"250\" \/><\/a> <a href=\"https:\/\/agora.xtec.cat\/esccasablanca\/linia-descola\/comunitats-daprenentatge\/model-dialogic-de-resolucio-de-conflictes\/\"><img loading=\"lazy\" decoding=\"async\" class=\"alignleft size-full wp-image-4309\" src=\"https:\/\/agora.xtec.cat\/esccasablanca\/wp-content\/uploads\/usu1964\/2020\/03\/AEE-reslucconflictes.jpg\" alt=\"\" width=\"300\" height=\"250\" \/><\/a><a href=\"https:\/\/agora.xtec.cat\/esccasablanca\/linia-descola\/comunitats-daprenentatge\/extensio-del-temps-daprenentatge\/\"><img loading=\"lazy\" decoding=\"async\" class=\"alignleft size-full wp-image-4305\" src=\"https:\/\/agora.xtec.cat\/esccasablanca\/wp-content\/uploads\/usu1964\/2020\/03\/EE-exttemps.jpg\" alt=\"\" width=\"300\" height=\"250\" \/><\/a><a href=\"https:\/\/agora.xtec.cat\/esccasablanca\/linia-descola\/comunitats-daprenentatge\/comissions-mixtes\/\"><img loading=\"lazy\" decoding=\"async\" class=\"alignleft size-full wp-image-4307\" src=\"https:\/\/agora.xtec.cat\/esccasablanca\/wp-content\/uploads\/usu1964\/2020\/03\/AEE-comissionsmixtes.jpg\" alt=\"\" width=\"300\" height=\"250\" \/><\/a> <a href=\"https:\/\/agora.xtec.cat\/esccasablanca\/linia-descola\/comunitats-daprenentatge\/formacio-de-families\/\"><img loading=\"lazy\" decoding=\"async\" class=\"alignleft size-full wp-image-4312\" src=\"https:\/\/agora.xtec.cat\/esccasablanca\/wp-content\/uploads\/usu1964\/2020\/03\/AEE-formaciofamilies2.jpg\" alt=\"\" width=\"300\" height=\"250\" \/><\/a><\/p>\n<p>&nbsp;<\/p>\n<p><span style=\"transition-property: all;\"><a style=\"font-size: 16px; font-style: normal; font-weight: 400; transition-property: all; color: #3a3a3a;\" href=\"https:\/\/agora.xtec.cat\/esccasablanca\/linia-descola\/comunitats-daprenentatge\/els-somnis\/\"><img loading=\"lazy\" decoding=\"async\" class=\"size-full wp-image-4311 alignnone\" src=\"https:\/\/agora.xtec.cat\/esccasablanca\/wp-content\/uploads\/usu1964\/2020\/03\/AEE-somnis.jpg\" alt=\"\" width=\"300\" height=\"250\" \/><\/a><\/span><\/p>\n<p>&nbsp;<\/td>\n<\/tr>\n<\/tbody>\n<\/table>\n<p>Si voleu con\u00e8ixer m\u00e9s informaci\u00f3 sobre les<strong> CdA<\/strong> i el cam\u00ed que hem recorregut, veieu el seg\u00fcent article: <a href=\"https:\/\/agora.xtec.cat\/esccasablanca\/informacions\/general\/que-son-les-comunitats-daprenentatge\/\">Qu\u00e8 s\u00f3n les Comunitats d\u2019Aprenentatge?<\/a>.<\/p>\n<p>Si voleu con\u00e8ixer m\u00e9s informaci\u00f3 sobre els <strong>somnis<\/strong> de la nostra comunitat educativa, veieu el seg\u00fcent article o premeu la imatge: <a href=\"https:\/\/agora.xtec.cat\/esccasablanca\/linia-descola\/comunitats-daprenentatge\/els-somnis\/\">Els somnis<\/a><\/p>\n<p>&nbsp;<\/p>\n<p>&nbsp;<\/p>\n<p>&nbsp;<\/p>\n<p>&nbsp;<\/p>\n","protected":false},"excerpt":{"rendered":"<p>Les Comunitats d&#8217;Aprenentatge (CdA) s\u00f3n un projecte de transformaci\u00f3 social i cultural de l&#8217;escola i el seu entorn.\u00a0 Es fonamenten en els set principis d&#8217;aprenentatge dial\u00f2gic i totes les pr\u00e0ctiques es basen en Actuacions Educatives d&#8217;\u00c8xit (AEE), aix\u00f2 vol dir que s\u00f3n actuacions demostrades cient\u00edficament que milloren el rendiment educatiu i conviv\u00e8ncia. PRINCIPIS DE L&#8217;APRENENTATGE [&hellip;]<\/p>\n","protected":false},"author":5,"featured_media":0,"parent":4230,"menu_order":0,"comment_status":"closed","ping_status":"closed","template":"","meta":{"_bbp_topic_count":0,"_bbp_reply_count":0,"_bbp_total_topic_count":0,"_bbp_total_reply_count":0,"_bbp_voice_count":0,"_bbp_anonymous_reply_count":0,"_bbp_topic_count_hidden":0,"_bbp_reply_count_hidden":0,"_bbp_forum_subforum_count":0,"site-sidebar-layout":"default","site-content-layout":"","ast-site-content-layout":"default","site-content-style":"default","site-sidebar-style":"default","ast-global-header-display":"","ast-banner-title-visibility":"","ast-main-header-display":"","ast-hfb-above-header-display":"","ast-hfb-below-header-display":"","ast-hfb-mobile-header-display":"","site-post-title":"","ast-breadcrumbs-content":"","ast-featured-img":"","footer-sml-layout":"","theme-transparent-header-meta":"default","adv-header-id-meta":"","stick-header-meta":"","header-above-stick-meta":"","header-main-stick-meta":"","header-below-stick-meta":"","astra-migrate-meta-layouts":"set","ast-page-background-enabled":"default","ast-page-background-meta":{"desktop":{"background-color":"var(--ast-global-color-4)","background-image":"","background-repeat":"repeat","background-position":"center center","background-size":"auto","background-attachment":"scroll","background-type":"","background-media":"","overlay-type":"","overlay-color":"","overlay-opacity":"","overlay-gradient":""},"tablet":{"background-color":"","background-image":"","background-repeat":"repeat","background-position":"center center","background-size":"auto","background-attachment":"scroll","background-type":"","background-media":"","overlay-type":"","overlay-color":"","overlay-opacity":"","overlay-gradient":""},"mobile":{"background-color":"","background-image":"","background-repeat":"repeat","background-position":"center center","background-size":"auto","background-attachment":"scroll","background-type":"","background-media":"","overlay-type":"","overlay-color":"","overlay-opacity":"","overlay-gradient":""}},"ast-content-background-meta":{"desktop":{"background-color":"var(--ast-global-color-5)","background-image":"","background-repeat":"repeat","background-position":"center center","background-size":"auto","background-attachment":"scroll","background-type":"","background-media":"","overlay-type":"","overlay-color":"","overlay-opacity":"","overlay-gradient":""},"tablet":{"background-color":"var(--ast-global-color-5)","background-image":"","background-repeat":"repeat","background-position":"center center","background-size":"auto","background-attachment":"scroll","background-type":"","background-media":"","overlay-type":"","overlay-color":"","overlay-opacity":"","overlay-gradient":""},"mobile":{"background-color":"var(--ast-global-color-5)","background-image":"","background-repeat":"repeat","background-position":"center center","background-size":"auto","background-attachment":"scroll","background-type":"","background-media":"","overlay-type":"","overlay-color":"","overlay-opacity":"","overlay-gradient":""}},"footnotes":""},"class_list":["post-4232","page","type-page","status-publish","hentry"],"post_mailing_queue_ids":[],"_links":{"self":[{"href":"https:\/\/agora.xtec.cat\/esccasablanca\/wp-json\/wp\/v2\/pages\/4232","targetHints":{"allow":["GET"]}}],"collection":[{"href":"https:\/\/agora.xtec.cat\/esccasablanca\/wp-json\/wp\/v2\/pages"}],"about":[{"href":"https:\/\/agora.xtec.cat\/esccasablanca\/wp-json\/wp\/v2\/types\/page"}],"author":[{"embeddable":true,"href":"https:\/\/agora.xtec.cat\/esccasablanca\/wp-json\/wp\/v2\/users\/5"}],"replies":[{"embeddable":true,"href":"https:\/\/agora.xtec.cat\/esccasablanca\/wp-json\/wp\/v2\/comments?post=4232"}],"version-history":[{"count":6,"href":"https:\/\/agora.xtec.cat\/esccasablanca\/wp-json\/wp\/v2\/pages\/4232\/revisions"}],"predecessor-version":[{"id":6231,"href":"https:\/\/agora.xtec.cat\/esccasablanca\/wp-json\/wp\/v2\/pages\/4232\/revisions\/6231"}],"up":[{"embeddable":true,"href":"https:\/\/agora.xtec.cat\/esccasablanca\/wp-json\/wp\/v2\/pages\/4230"}],"wp:attachment":[{"href":"https:\/\/agora.xtec.cat\/esccasablanca\/wp-json\/wp\/v2\/media?parent=4232"}],"curies":[{"name":"wp","href":"https:\/\/api.w.org\/{rel}","templated":true}]}}