{"id":3604,"date":"2019-05-12T23:52:32","date_gmt":"2019-05-12T21:52:32","guid":{"rendered":"https:\/\/agora.xtec.cat\/esccasablanca\/?page_id=3604"},"modified":"2019-07-29T21:51:06","modified_gmt":"2019-07-29T19:51:06","slug":"projecte-linguistic","status":"publish","type":"page","link":"https:\/\/agora.xtec.cat\/esccasablanca\/documents-del-centre\/projecte-linguistic\/","title":{"rendered":"Projecte Ling\u00fc\u00edstic"},"content":{"rendered":"<p>El projecte ling\u00fc\u00edstic de centre (PL) \u00e9s l\u2019instrument que permet assolir els objectius generals referents a la compet\u00e8ncia ling\u00fc\u00edstica que defineix la normativa vigent<\/p>\n<p><strong>OBJECTIUS GENERALS del sistema educatiu:<\/strong><\/p>\n<ol>\n<li>Garantir, en acabar l\u2019educaci\u00f3 obligat\u00f2ria, el domini equivalent de les lleng\u00fces oficials (B2 al final de l\u2019ESO i C1 al final del batxillerat).<\/li>\n<li>Garantir un grau de compet\u00e8ncia suficient en una o dues lleng\u00fces estrangeres (B1 al final de l\u2019ESO i B2 al final del batxillerat de la primera llengua estrangera).<\/li>\n<li>Recon\u00e8ixer i fer presents a les aules i als centres les lleng\u00fces familiars dels alumnes d\u2019origen estranger i facilitar-ne l\u2019aprenentatge.<\/li>\n<li>Capacitar els alumnes per conviure en una societat multiling\u00fce i multicultural.<\/li>\n<li>Refor\u00e7ar el paper de la llengua catalana com a llengua vehicular del sistema educatiu i potenciar-ne l\u2019\u00fas per part de l\u2019alumnat.<\/li>\n<li>Garantir l\u2019acollida i l\u2019atenci\u00f3 ling\u00fc\u00edstica de l\u2019alumnat nouvingut, i la seva integraci\u00f3 a l\u2019aula ordin\u00e0ria.<\/li>\n<\/ol>\n<p>Podeu descarregar el projecte ling\u00fc\u00edstic de la nostra escola en el seg\u00fcent enlla\u00e7:<\/p>\n<p style=\"text-align: center;\"><a href=\"https:\/\/agora.xtec.cat\/esccasablanca\/wp-content\/uploads\/usu1964\/2019\/07\/plc-2017.pdf\" target=\"_blank\" rel=\"noopener noreferrer\">Projecte Ling\u00fc\u00edstic Escola Casablanca<\/a><\/p>\n<p>&nbsp;<\/p>\n","protected":false},"excerpt":{"rendered":"<p>El projecte ling\u00fc\u00edstic de centre (PL) \u00e9s l\u2019instrument que permet assolir els objectius generals referents a la compet\u00e8ncia ling\u00fc\u00edstica que defineix la normativa vigent OBJECTIUS GENERALS del sistema educatiu: Garantir, en acabar l\u2019educaci\u00f3 obligat\u00f2ria, el domini equivalent de les lleng\u00fces oficials (B2 al final de l\u2019ESO i C1 al final del batxillerat). Garantir un grau [&hellip;]<\/p>\n","protected":false},"author":5,"featured_media":0,"parent":3732,"menu_order":2,"comment_status":"closed","ping_status":"closed","template":"page-templates\/side-menu.php","meta":{"_bbp_topic_count":0,"_bbp_reply_count":0,"_bbp_total_topic_count":0,"_bbp_total_reply_count":0,"_bbp_voice_count":0,"_bbp_anonymous_reply_count":0,"_bbp_topic_count_hidden":0,"_bbp_reply_count_hidden":0,"_bbp_forum_subforum_count":0,"site-sidebar-layout":"default","site-content-layout":"","ast-site-content-layout":"","site-content-style":"default","site-sidebar-style":"default","ast-global-header-display":"","ast-banner-title-visibility":"","ast-main-header-display":"","ast-hfb-above-header-display":"","ast-hfb-below-header-display":"","ast-hfb-mobile-header-display":"","site-post-title":"","ast-breadcrumbs-content":"","ast-featured-img":"","footer-sml-layout":"","theme-transparent-header-meta":"","adv-header-id-meta":"","stick-header-meta":"","header-above-stick-meta":"","header-main-stick-meta":"","header-below-stick-meta":"","astra-migrate-meta-layouts":"default","ast-page-background-enabled":"default","ast-page-background-meta":{"desktop":{"background-color":"var(--ast-global-color-4)","background-image":"","background-repeat":"repeat","background-position":"center center","background-size":"auto","background-attachment":"scroll","background-type":"","background-media":"","overlay-type":"","overlay-color":"","overlay-opacity":"","overlay-gradient":""},"tablet":{"background-color":"","background-image":"","background-repeat":"repeat","background-position":"center center","background-size":"auto","background-attachment":"scroll","background-type":"","background-media":"","overlay-type":"","overlay-color":"","overlay-opacity":"","overlay-gradient":""},"mobile":{"background-color":"","background-image":"","background-repeat":"repeat","background-position":"center center","background-size":"auto","background-attachment":"scroll","background-type":"","background-media":"","overlay-type":"","overlay-color":"","overlay-opacity":"","overlay-gradient":""}},"ast-content-background-meta":{"desktop":{"background-color":"var(--ast-global-color-5)","background-image":"","background-repeat":"repeat","background-position":"center center","background-size":"auto","background-attachment":"scroll","background-type":"","background-media":"","overlay-type":"","overlay-color":"","overlay-opacity":"","overlay-gradient":""},"tablet":{"background-color":"var(--ast-global-color-5)","background-image":"","background-repeat":"repeat","background-position":"center center","background-size":"auto","background-attachment":"scroll","background-type":"","background-media":"","overlay-type":"","overlay-color":"","overlay-opacity":"","overlay-gradient":""},"mobile":{"background-color":"var(--ast-global-color-5)","background-image":"","background-repeat":"repeat","background-position":"center center","background-size":"auto","background-attachment":"scroll","background-type":"","background-media":"","overlay-type":"","overlay-color":"","overlay-opacity":"","overlay-gradient":""}},"footnotes":""},"class_list":["post-3604","page","type-page","status-publish","hentry"],"post_mailing_queue_ids":[],"_links":{"self":[{"href":"https:\/\/agora.xtec.cat\/esccasablanca\/wp-json\/wp\/v2\/pages\/3604","targetHints":{"allow":["GET"]}}],"collection":[{"href":"https:\/\/agora.xtec.cat\/esccasablanca\/wp-json\/wp\/v2\/pages"}],"about":[{"href":"https:\/\/agora.xtec.cat\/esccasablanca\/wp-json\/wp\/v2\/types\/page"}],"author":[{"embeddable":true,"href":"https:\/\/agora.xtec.cat\/esccasablanca\/wp-json\/wp\/v2\/users\/5"}],"replies":[{"embeddable":true,"href":"https:\/\/agora.xtec.cat\/esccasablanca\/wp-json\/wp\/v2\/comments?post=3604"}],"version-history":[{"count":3,"href":"https:\/\/agora.xtec.cat\/esccasablanca\/wp-json\/wp\/v2\/pages\/3604\/revisions"}],"predecessor-version":[{"id":3735,"href":"https:\/\/agora.xtec.cat\/esccasablanca\/wp-json\/wp\/v2\/pages\/3604\/revisions\/3735"}],"up":[{"embeddable":true,"href":"https:\/\/agora.xtec.cat\/esccasablanca\/wp-json\/wp\/v2\/pages\/3732"}],"wp:attachment":[{"href":"https:\/\/agora.xtec.cat\/esccasablanca\/wp-json\/wp\/v2\/media?parent=3604"}],"curies":[{"name":"wp","href":"https:\/\/api.w.org\/{rel}","templated":true}]}}