{"id":261,"date":"2014-10-20T09:51:41","date_gmt":"2014-10-20T07:51:41","guid":{"rendered":"http:\/\/escolamfl.wordpress.com\/?page_id=261"},"modified":"2019-07-29T22:19:50","modified_gmt":"2019-07-29T20:19:50","slug":"lampa","status":"publish","type":"page","link":"https:\/\/agora.xtec.cat\/esccasablanca\/lampa\/","title":{"rendered":"L&#8217;AFA"},"content":{"rendered":"<p>L&#8217;Associaci\u00f3 de Fam\u00edlies d\u2019Alumnes (AFA) \u00e9s un dels mitjans de participaci\u00f3 i d&#8217;informaci\u00f3 sobre l&#8217;escola. Forma part del Consell Escolar i les seves opinions en ell s\u00f3n importants. Realitza activitats extraescolars, col\u00b7labora en la socialitzaci\u00f3 amb l&#8217;escola i gestiona el menjador i l&#8217;acollida matinal. La participaci\u00f3 en l&#8217;AMPA \u00e9s una manera de contribuir a l\u2019educaci\u00f3 dels nostres fills.<br \/>\nTotes les informacions relacionades amb l&#8217;AFA estaran penjades a la seva cartellera que d\u00f3na a la pla\u00e7a dels Gegants.<br \/>\nTel\u00e8fon: 93 654-22-32<br \/>\ne-mail: ampafernandezlara@gmail.com<br \/>\nL&#8217;horari d&#8217;atenci\u00f3 a l&#8217;AFA ser\u00e0: Dilluns i dimecres de 16:30 a 17:00h<\/p>\n<p>&nbsp;<\/p>\n<p>&nbsp;<\/p>\n","protected":false},"excerpt":{"rendered":"<p>L&#8217;Associaci\u00f3 de Fam\u00edlies d\u2019Alumnes (AFA) \u00e9s un dels mitjans de participaci\u00f3 i d&#8217;informaci\u00f3 sobre l&#8217;escola. Forma part del Consell Escolar i les seves opinions en ell s\u00f3n importants. Realitza activitats extraescolars, col\u00b7labora en la socialitzaci\u00f3 amb l&#8217;escola i gestiona el menjador i l&#8217;acollida matinal. La participaci\u00f3 en l&#8217;AMPA \u00e9s una manera de contribuir a l\u2019educaci\u00f3 [&hellip;]<\/p>\n","protected":false},"author":1,"featured_media":0,"parent":0,"menu_order":0,"comment_status":"open","ping_status":"closed","template":"page-templates\/side-menu.php","meta":{"_bbp_topic_count":0,"_bbp_reply_count":0,"_bbp_total_topic_count":0,"_bbp_total_reply_count":0,"_bbp_voice_count":0,"_bbp_anonymous_reply_count":0,"_bbp_topic_count_hidden":0,"_bbp_reply_count_hidden":0,"_bbp_forum_subforum_count":0,"site-sidebar-layout":"default","site-content-layout":"","ast-site-content-layout":"","site-content-style":"default","site-sidebar-style":"default","ast-global-header-display":"","ast-banner-title-visibility":"","ast-main-header-display":"","ast-hfb-above-header-display":"","ast-hfb-below-header-display":"","ast-hfb-mobile-header-display":"","site-post-title":"","ast-breadcrumbs-content":"","ast-featured-img":"","footer-sml-layout":"","theme-transparent-header-meta":"","adv-header-id-meta":"","stick-header-meta":"","header-above-stick-meta":"","header-main-stick-meta":"","header-below-stick-meta":"","astra-migrate-meta-layouts":"default","ast-page-background-enabled":"default","ast-page-background-meta":{"desktop":{"background-color":"var(--ast-global-color-4)","background-image":"","background-repeat":"repeat","background-position":"center center","background-size":"auto","background-attachment":"scroll","background-type":"","background-media":"","overlay-type":"","overlay-color":"","overlay-opacity":"","overlay-gradient":""},"tablet":{"background-color":"","background-image":"","background-repeat":"repeat","background-position":"center center","background-size":"auto","background-attachment":"scroll","background-type":"","background-media":"","overlay-type":"","overlay-color":"","overlay-opacity":"","overlay-gradient":""},"mobile":{"background-color":"","background-image":"","background-repeat":"repeat","background-position":"center center","background-size":"auto","background-attachment":"scroll","background-type":"","background-media":"","overlay-type":"","overlay-color":"","overlay-opacity":"","overlay-gradient":""}},"ast-content-background-meta":{"desktop":{"background-color":"var(--ast-global-color-5)","background-image":"","background-repeat":"repeat","background-position":"center center","background-size":"auto","background-attachment":"scroll","background-type":"","background-media":"","overlay-type":"","overlay-color":"","overlay-opacity":"","overlay-gradient":""},"tablet":{"background-color":"var(--ast-global-color-5)","background-image":"","background-repeat":"repeat","background-position":"center center","background-size":"auto","background-attachment":"scroll","background-type":"","background-media":"","overlay-type":"","overlay-color":"","overlay-opacity":"","overlay-gradient":""},"mobile":{"background-color":"var(--ast-global-color-5)","background-image":"","background-repeat":"repeat","background-position":"center center","background-size":"auto","background-attachment":"scroll","background-type":"","background-media":"","overlay-type":"","overlay-color":"","overlay-opacity":"","overlay-gradient":""}},"footnotes":""},"class_list":["post-261","page","type-page","status-publish","hentry"],"post_mailing_queue_ids":[],"_links":{"self":[{"href":"https:\/\/agora.xtec.cat\/esccasablanca\/wp-json\/wp\/v2\/pages\/261","targetHints":{"allow":["GET"]}}],"collection":[{"href":"https:\/\/agora.xtec.cat\/esccasablanca\/wp-json\/wp\/v2\/pages"}],"about":[{"href":"https:\/\/agora.xtec.cat\/esccasablanca\/wp-json\/wp\/v2\/types\/page"}],"author":[{"embeddable":true,"href":"https:\/\/agora.xtec.cat\/esccasablanca\/wp-json\/wp\/v2\/users\/1"}],"replies":[{"embeddable":true,"href":"https:\/\/agora.xtec.cat\/esccasablanca\/wp-json\/wp\/v2\/comments?post=261"}],"version-history":[{"count":1,"href":"https:\/\/agora.xtec.cat\/esccasablanca\/wp-json\/wp\/v2\/pages\/261\/revisions"}],"predecessor-version":[{"id":3663,"href":"https:\/\/agora.xtec.cat\/esccasablanca\/wp-json\/wp\/v2\/pages\/261\/revisions\/3663"}],"wp:attachment":[{"href":"https:\/\/agora.xtec.cat\/esccasablanca\/wp-json\/wp\/v2\/media?parent=261"}],"curies":[{"name":"wp","href":"https:\/\/api.w.org\/{rel}","templated":true}]}}