{"id":9878,"date":"2019-03-27T09:16:14","date_gmt":"2019-03-27T08:16:14","guid":{"rendered":"http:\/\/agora.xtec.cat\/escbusquetsipunset\/?page_id=9878"},"modified":"2026-01-13T13:29:31","modified_gmt":"2026-01-13T12:29:31","slug":"documents-de-centre","status":"publish","type":"page","link":"https:\/\/agora.xtec.cat\/escbusquetsipunset\/documents-de-centre\/","title":{"rendered":"Documents de centre"},"content":{"rendered":"<table style=\"height: 875px; width: 52.6752%; border-collapse: collapse; border-style: hidden;\" border=\"1\">\n<tbody>\n<tr style=\"border-style: hidden;\">\n<td style=\"width: 34.6154%; height: 163px;\"><a href=\"https:\/\/agora.xtec.cat\/escbusquetsipunset\/linea-pedagogica\/\" target=\"_blank\" rel=\"noopener\"><img loading=\"lazy\" decoding=\"async\" class=\"aligncenter wp-image-20966 size-full\" src=\"https:\/\/agora.xtec.cat\/escbusquetsipunset\/wp-content\/uploads\/usu1595\/2024\/04\/PEC.jpg\" alt=\"\" width=\"272\" height=\"226\" \/><\/a><\/td>\n<td style=\"width: 71.7391%; height: 163px;\">\n<h3><a href=\"https:\/\/drive.google.com\/file\/d\/1k0D_RxR4Ygpr36XAkcQBpm1bOI0tzbip\/view\" target=\"_blank\" rel=\"noopener\">Projecte Educatiu de\u00a0 Centre<\/a><\/h3>\n<p>(en proc\u00e9s d&#8217;aprovaci\u00f3)<\/td>\n<\/tr>\n<tr style=\"border-style: hidden;\">\n<td style=\"width: 34.6154%; height: 136px;\"><a href=\"https:\/\/drive.google.com\/file\/d\/1JBJNhwOjpclPNl7p4oBmD-bo1DJzN3pi\/view?usp=sharing\" target=\"_blank\" rel=\"noopener\"><img loading=\"lazy\" decoding=\"async\" class=\"aligncenter wp-image-20965 size-full\" src=\"https:\/\/agora.xtec.cat\/escbusquetsipunset\/wp-content\/uploads\/usu1595\/2024\/04\/NOFC.jpg\" alt=\"\" width=\"231\" height=\"218\" \/><\/a><\/td>\n<td style=\"width: 71.7391%; height: 136px;\">\n<h3><a href=\"https:\/\/drive.google.com\/file\/d\/16zTWlz5a4oHa9Y_jfUD4bVaUTzqjBdls\/view?usp=sharing\" target=\"_blank\" rel=\"noopener\">Normes d&#8217;Organitzaci\u00f3 i Funcionament de Centre (NOFC)<\/a><\/h3>\n<\/td>\n<\/tr>\n<tr style=\"border-style: hidden;\">\n<td style=\"width: 34.6154%; height: 165px;\"><a href=\"https:\/\/drive.google.com\/file\/d\/1C87AwMHmnfgEQhZVs9azXW5JKKdXFmwf\/view?usp=sharing\" target=\"_blank\" rel=\"noopener\"><img loading=\"lazy\" decoding=\"async\" class=\"aligncenter wp-image-20964 size-full\" src=\"https:\/\/agora.xtec.cat\/escbusquetsipunset\/wp-content\/uploads\/usu1595\/2024\/04\/Projecte-Linguistic.jpg\" alt=\"\" width=\"219\" height=\"183\" \/><\/a><\/td>\n<td style=\"width: 71.7391%; height: 165px;\">\n<h3 style=\"background-color: #f9f9f9;\"><a style=\"color: #2795b6;\" href=\"https:\/\/drive.google.com\/file\/d\/1C87AwMHmnfgEQhZVs9azXW5JKKdXFmwf\/view?usp=sharing\" target=\"_blank\" rel=\"noopener\">Projecte Ling\u00fc\u00edstic de\u00a0 Centre<\/a><\/h3>\n<\/td>\n<\/tr>\n<tr style=\"border-style: hidden;\">\n<td style=\"width: 34.6154%; height: 187px;\"><a href=\"https:\/\/drive.google.com\/file\/d\/13g-9XWSPJT7OVRoyOe3hmKMaQmZnPuXG\/view?usp=sharing\" target=\"_blank\" rel=\"noopener\"><img loading=\"lazy\" decoding=\"async\" class=\"aligncenter wp-image-20959 size-full\" src=\"https:\/\/agora.xtec.cat\/escbusquetsipunset\/wp-content\/uploads\/usu1595\/2024\/04\/Projecte-de-Convivencia.jpg\" alt=\"\" width=\"232\" height=\"221\" \/><\/a><\/td>\n<td style=\"width: 71.7391%; height: 187px;\">\n<h3 style=\"background-color: #ffffff;\"><a href=\"https:\/\/drive.google.com\/file\/d\/13g-9XWSPJT7OVRoyOe3hmKMaQmZnPuXG\/view?usp=sharing\" target=\"_blank\" rel=\"noopener\">Projecte de Conviv\u00e8ncia<\/a><\/h3>\n<\/td>\n<\/tr>\n<tr style=\"border-style: hidden;\">\n<td style=\"width: 34.6154%; height: 224px;\"><a href=\"https:\/\/sites.google.com\/xtec.cat\/escolabusquetsipunset\/inici\"><img loading=\"lazy\" decoding=\"async\" class=\"aligncenter wp-image-20961 size-large\" src=\"https:\/\/agora.xtec.cat\/escbusquetsipunset\/wp-content\/uploads\/usu1595\/2024\/04\/Online-world-amico-1024x1024.png\" alt=\"\" width=\"1024\" height=\"1024\" srcset=\"https:\/\/agora.xtec.cat\/escbusquetsipunset\/wp-content\/uploads\/usu1595\/2024\/04\/Online-world-amico-1024x1024.png 1024w, https:\/\/agora.xtec.cat\/escbusquetsipunset\/wp-content\/uploads\/usu1595\/2024\/04\/Online-world-amico-300x300.png 300w, https:\/\/agora.xtec.cat\/escbusquetsipunset\/wp-content\/uploads\/usu1595\/2024\/04\/Online-world-amico-150x150.png 150w, https:\/\/agora.xtec.cat\/escbusquetsipunset\/wp-content\/uploads\/usu1595\/2024\/04\/Online-world-amico-768x768.png 768w, https:\/\/agora.xtec.cat\/escbusquetsipunset\/wp-content\/uploads\/usu1595\/2024\/04\/Online-world-amico-1536x1536.png 1536w, https:\/\/agora.xtec.cat\/escbusquetsipunset\/wp-content\/uploads\/usu1595\/2024\/04\/Online-world-amico.png 2000w\" sizes=\"auto, (max-width: 1024px) 100vw, 1024px\" \/><\/a><\/td>\n<td style=\"width: 71.7391%; height: 224px;\">\n<h3><a href=\"https:\/\/sites.google.com\/xtec.cat\/escolabusquetsipunset\/inici\" target=\"_blank\" rel=\"noopener\">Estrat\u00e8gia Digital de Centre<\/a><\/h3>\n<\/td>\n<\/tr>\n<\/tbody>\n<\/table>\n","protected":false},"excerpt":{"rendered":"<p>Projecte Educatiu de\u00a0 Centre (en proc\u00e9s d&#8217;aprovaci\u00f3) Normes d&#8217;Organitzaci\u00f3 i Funcionament de Centre (NOFC) Projecte Ling\u00fc\u00edstic de\u00a0 Centre Projecte de Conviv\u00e8ncia Estrat\u00e8gia Digital de Centre<\/p>\n","protected":false},"author":1,"featured_media":0,"parent":0,"menu_order":0,"comment_status":"closed","ping_status":"closed","template":"","meta":{"_bbp_topic_count":0,"_bbp_reply_count":0,"_bbp_total_topic_count":0,"_bbp_total_reply_count":0,"_bbp_voice_count":0,"_bbp_anonymous_reply_count":0,"_bbp_topic_count_hidden":0,"_bbp_reply_count_hidden":0,"_bbp_forum_subforum_count":0,"site-sidebar-layout":"default","site-content-layout":"","ast-site-content-layout":"default","site-content-style":"default","site-sidebar-style":"default","ast-global-header-display":"","ast-banner-title-visibility":"","ast-main-header-display":"","ast-hfb-above-header-display":"","ast-hfb-below-header-display":"","ast-hfb-mobile-header-display":"","site-post-title":"","ast-breadcrumbs-content":"","ast-featured-img":"","footer-sml-layout":"","theme-transparent-header-meta":"","adv-header-id-meta":"","stick-header-meta":"","header-above-stick-meta":"","header-main-stick-meta":"","header-below-stick-meta":"","astra-migrate-meta-layouts":"set","ast-page-background-enabled":"default","ast-page-background-meta":{"desktop":{"background-color":"var(--ast-global-color-4)","background-image":"","background-repeat":"repeat","background-position":"center center","background-size":"auto","background-attachment":"scroll","background-type":"","background-media":"","overlay-type":"","overlay-color":"","overlay-opacity":"","overlay-gradient":""},"tablet":{"background-color":"","background-image":"","background-repeat":"repeat","background-position":"center center","background-size":"auto","background-attachment":"scroll","background-type":"","background-media":"","overlay-type":"","overlay-color":"","overlay-opacity":"","overlay-gradient":""},"mobile":{"background-color":"","background-image":"","background-repeat":"repeat","background-position":"center center","background-size":"auto","background-attachment":"scroll","background-type":"","background-media":"","overlay-type":"","overlay-color":"","overlay-opacity":"","overlay-gradient":""}},"ast-content-background-meta":{"desktop":{"background-color":"var(--ast-global-color-5)","background-image":"","background-repeat":"repeat","background-position":"center center","background-size":"auto","background-attachment":"scroll","background-type":"","background-media":"","overlay-type":"","overlay-color":"","overlay-opacity":"","overlay-gradient":""},"tablet":{"background-color":"var(--ast-global-color-5)","background-image":"","background-repeat":"repeat","background-position":"center center","background-size":"auto","background-attachment":"scroll","background-type":"","background-media":"","overlay-type":"","overlay-color":"","overlay-opacity":"","overlay-gradient":""},"mobile":{"background-color":"var(--ast-global-color-5)","background-image":"","background-repeat":"repeat","background-position":"center center","background-size":"auto","background-attachment":"scroll","background-type":"","background-media":"","overlay-type":"","overlay-color":"","overlay-opacity":"","overlay-gradient":""}},"footnotes":""},"class_list":["post-9878","page","type-page","status-publish","hentry"],"post_mailing_queue_ids":[],"_links":{"self":[{"href":"https:\/\/agora.xtec.cat\/escbusquetsipunset\/wp-json\/wp\/v2\/pages\/9878","targetHints":{"allow":["GET"]}}],"collection":[{"href":"https:\/\/agora.xtec.cat\/escbusquetsipunset\/wp-json\/wp\/v2\/pages"}],"about":[{"href":"https:\/\/agora.xtec.cat\/escbusquetsipunset\/wp-json\/wp\/v2\/types\/page"}],"author":[{"embeddable":true,"href":"https:\/\/agora.xtec.cat\/escbusquetsipunset\/wp-json\/wp\/v2\/users\/1"}],"replies":[{"embeddable":true,"href":"https:\/\/agora.xtec.cat\/escbusquetsipunset\/wp-json\/wp\/v2\/comments?post=9878"}],"version-history":[{"count":6,"href":"https:\/\/agora.xtec.cat\/escbusquetsipunset\/wp-json\/wp\/v2\/pages\/9878\/revisions"}],"predecessor-version":[{"id":22382,"href":"https:\/\/agora.xtec.cat\/escbusquetsipunset\/wp-json\/wp\/v2\/pages\/9878\/revisions\/22382"}],"wp:attachment":[{"href":"https:\/\/agora.xtec.cat\/escbusquetsipunset\/wp-json\/wp\/v2\/media?parent=9878"}],"curies":[{"name":"wp","href":"https:\/\/api.w.org\/{rel}","templated":true}]}}