{"id":493,"date":"2017-04-04T10:32:24","date_gmt":"2017-04-04T08:32:24","guid":{"rendered":"http:\/\/agora.xtec.cat\/escbusquetsipunset\/?page_id=493"},"modified":"2025-11-06T12:02:57","modified_gmt":"2025-11-06T11:02:57","slug":"qui-som","status":"publish","type":"page","link":"https:\/\/agora.xtec.cat\/escbusquetsipunset\/lescola\/qui-som\/","title":{"rendered":"Qui som"},"content":{"rendered":"<h4 style=\"text-align: center;\"><b>ESCOLA BUSQUETS I PUNSET: EL CEL COM A SOSTRE<\/b><a style=\"color: #2795b6;\" href=\"https:\/\/agora.xtec.cat\/escbusquetsipunset\/wp-content\/uploads\/usu1595\/2020\/05\/Pati-5.jpg\"> \u00a0<\/a><\/h4>\n<h4 style=\"text-align: left;\"><a href=\"https:\/\/agora.xtec.cat\/escbusquetsipunset\/wp-content\/uploads\/usu1595\/2022\/02\/Webp.net-resizeimage-8.jpg\"><img loading=\"lazy\" decoding=\"async\" class=\"aligncenter size-medium wp-image-19257\" src=\"https:\/\/agora.xtec.cat\/escbusquetsipunset\/wp-content\/uploads\/usu1595\/2022\/02\/Webp.net-resizeimage-8-300x200.jpg\" alt=\"\" width=\"300\" height=\"200\" srcset=\"https:\/\/agora.xtec.cat\/escbusquetsipunset\/wp-content\/uploads\/usu1595\/2022\/02\/Webp.net-resizeimage-8-300x200.jpg 300w, https:\/\/agora.xtec.cat\/escbusquetsipunset\/wp-content\/uploads\/usu1595\/2022\/02\/Webp.net-resizeimage-8-1024x683.jpg 1024w, https:\/\/agora.xtec.cat\/escbusquetsipunset\/wp-content\/uploads\/usu1595\/2022\/02\/Webp.net-resizeimage-8-768x512.jpg 768w, https:\/\/agora.xtec.cat\/escbusquetsipunset\/wp-content\/uploads\/usu1595\/2022\/02\/Webp.net-resizeimage-8.jpg 1488w\" sizes=\"auto, (max-width: 300px) 100vw, 300px\" \/><\/a><\/h4>\n<p><span style=\"font-weight: 400;\">El nostre <a href=\"https:\/\/drive.google.com\/file\/d\/1Ln4Ez2mqfJQRYmvV9WwSNCXa-T1FF9rb\/view\"><strong>Projecte Educatiu<\/strong><\/a>. Els nens i les nenes desenvolupen les capacitats motrius, cognitives, afectives i socials de manera natural i de forma global. Pr<\/span>ocurem als infants espais on puguin exercir la seva autonomia i es respecti el seu ritme de treball, en un ambient de calma. Practiquem la paci\u00e8ncia i la perseveran\u00e7a per equilibrar la immediatesa en qu\u00e8 viuen molts dels\/les nostres alumnes. Procurem que trobin l\u2019empatia buscant en el gest i els ulls dels altres.<\/p>\n<p>A l&#8217;escola hi escoltem m\u00fasica i hi fem m\u00fasica; gaudim d\u2019artistes i som artistes. Cantem, ens belluguem, correm, juguem, pintem. Aprenem a no ser competitius, a compartir. Juguem amb avions de paper al pati per calcular dist\u00e0ncies, busquem paraules que comencin amb T per tots els racons i les guardem. Hi escoltem contes i fem funcionar robots. A l\u2019escola ens socialitzem, convivim els uns amb els altres, aprenem a dialogar i a fer equip: l&#8217;alumnat, les fam\u00edlies i totes les persones que hi treballem.<\/p>\n<p><strong>DIVERSITAT DE PROPOSTES<\/strong><\/p>\n<p>Tendim cap a un aprenentatge basat en situacions: projectes, observaci\u00f3 de l&#8217;entorn, pol\u00e8mica sobre temes d&#8217;actualitat, preguntes sobre elements de la realitat&#8230; Per arribar-hi oferim les seg\u00fcents propostes:<\/p>\n<ul>\n<li>A Educaci\u00f3 Infantil ens organitzem en<strong><a href=\"https:\/\/agora.xtec.cat\/escbusquetsipunset\/general\/la-biblioteca-a-infantil\/\" target=\"_blank\" rel=\"noopener\"> espais<\/a> i <a href=\"https:\/\/agora.xtec.cat\/escbusquetsipunset\/general\/racons-a-p5\/\" target=\"_blank\" rel=\"noopener\">racons<\/a>.<\/strong><\/li>\n<li>A Prim\u00e0ria elaborem els <a href=\"https:\/\/agora.xtec.cat\/escbusquetsipunset\/general\/plans-de-treball-4t-que-son-i-com-funcionen\/\" target=\"_blank\" rel=\"noopener\"><strong>Plans de treball<\/strong><\/a> amb la intenci\u00f3 que l&#8217;alumnat organitzi de manera aut\u00f2noma les seves tasques, circulant lliurement per l&#8217;aula i altres espais propers.<\/li>\n<li><strong>Codoc\u00e8ncia<\/strong>: sovint intervenim conjuntament dos mestres a l&#8217;aula per poder atendre amb major qualitat els diferents ritmes de l&#8217;alumnat i facilitar les tutories individualitzades.<\/li>\n<li>Fem diferents <strong>agrupaments<\/strong> al llarg de la setmana: tallers, espais, desdoblaments, barreges de grups&#8230;<\/li>\n<li>Hem incorporat projectes i <strong>activitats identificatives<\/strong> als diferents cursos: L&#8217;Hospitalet Dansa a 1r, La Clika a 2n, teatre a 3r, <a href=\"https:\/\/agora.xtec.cat\/escbusquetsipunset\/general\/radio-bip\/\" target=\"_blank\" rel=\"noopener\"><strong>r\u00e0dio 4t a 6\u00e8<\/strong><\/a>, cant\u00e0nia a 5\u00e8, musical a 6\u00e8.<\/li>\n<li>Treballem les <strong>capacitats motrius<\/strong> a trav\u00e9s de la <a href=\"https:\/\/agora.xtec.cat\/escbusquetsipunset\/general\/psicomotricitat-a-educacio-infantil\/\" target=\"_blank\" rel=\"noopener\"><strong>psicomotricitat a educaci\u00f3 infantil <\/strong><\/a>la <a href=\"https:\/\/agora.xtec.cat\/escbusquetsipunset\/portada\/natacio-educativa-4t-2\/\" target=\"_blank\" rel=\"noopener\"><strong>nataci\u00f3 <\/strong><\/a>d&#8217;I4 a 4t i les <strong>danses<\/strong>.<\/li>\n<li>Realitzem <strong>din\u00e0miques grupals<\/strong> a les aules: aprenentatge cooperatiu, pr\u00e0ctiques restauratives.<\/li>\n<li><strong>Activitats l\u00fadiques<\/strong>: celebraci\u00f3 de festes tradicionals, sortides curriculars, col\u00f2nies.<\/li>\n<li>Alternem <a href=\"https:\/\/agora.xtec.cat\/escbusquetsipunset\/general\/innovamat-per-a-les-families-2\/\" target=\"_blank\" rel=\"noopener\"><strong>llibres<\/strong><\/a> de text o quaderns afins a la nostra metodologia amb altres <strong>materials<\/strong>: plans de treball elaborats pels mestres, projectes, materials manipulables.<\/li>\n<li>No posem<strong> deures<\/strong>: es proposen reptes amb sentit per als infants, significatius. I s&#8217;han de poder fer de manera aut\u00f2noma, sense l&#8217;ajut de l&#8217;adult.<\/li>\n<li style=\"font-weight: 400;\"><span style=\"font-weight: 400;\">Treballem l\u2019<strong>angl\u00e8s des d&#8217;I 4.<\/strong><\/span><\/li>\n<li><span style=\"font-weight: 400;\">Hem consolidat l\u2019aprenentatge dels <a href=\"https:\/\/agora.xtec.cat\/escbusquetsipunset\/general\/escacs-a-p4\/\" target=\"_blank\" rel=\"noopener\"><strong>escacs en horari lectiu<\/strong><\/a> en els cursos de 1r, 3r i 5\u00e8.<\/span><\/li>\n<li>Fem <a href=\"https:\/\/agora.xtec.cat\/escbusquetsipunset\/general\/robotica-a-educacio-infantil\/\" target=\"_blank\" rel=\"noopener\"><strong>rob\u00f2tica a 2n, 4t i 6\u00e8.<\/strong><\/a><\/li>\n<\/ul>\n<p><span style=\"font-weight: 400;\">A l&#8217;escola mirem amunt i ens engresquem: deixem que apareguin les idees, grans i petites. Avancem, reculem, provem, consolidem. <\/span><span style=\"font-weight: 400;\">L\u2019escola \u00e9s la nostra tribu, i tots els qui en formem part estem d\u2019acord en una cosa: tenim un \u00fanic sostre, i aquest sostre \u00e9s el cel.<\/span><\/p>\n<p><b>COMUNITAT EDUCATIVA<\/b><\/p>\n<p><strong>Fam\u00edlies de l&#8217;escola<\/strong><\/p>\n<ul>\n<li><span style=\"font-family: inherit; font-size: 1em;\">Oferim servei d&#8217;<\/span><a style=\"font-family: inherit; font-size: 1em;\" href=\"https:\/\/ampabip.wordpress.com\/serveis-oferts\/acollida\/\">acollida<\/a><span style=\"font-family: inherit; font-size: 1em;\">, es fa a La Caseta, l\u2019edifici baix que hi ha a l\u2019entrada del carrer Riera del Canyet. L&#8217;organitza l&#8217;AFA, i compta amb monitores que acullen els vostres fills\/es.<\/span><\/li>\n<li><span style=\"font-weight: 400;\">Activitats <a href=\"https:\/\/ampabip.wordpress.com\/serveis-oferts\/extraescolars\/\">extraescolars<\/a>: tamb\u00e9 organitzades per l\u2019AFA. Respecten la l\u00ednia d\u2019escola: s\u00f3n activitats no competitives, l\u00fadiques la majoria, o b\u00e9 de car\u00e0cter esportiu.<\/span><\/li>\n<li>Fem una activitat conjunta de mestres, fam\u00edlies i alumnat una vegada a l&#8217;any: el\u00a0<a href=\"https:\/\/agora.xtec.cat\/escbusquetsipunset\/general\/dissabte-amb-families-2\/\" target=\"_blank\" rel=\"noopener\"><strong>Dissabte en fam\u00edlia<\/strong><\/a>. Entre tots pintem parets, plantem plantes, o el que calgui!<\/li>\n<\/ul>\n<p><a href=\"https:\/\/agora.xtec.cat\/escbusquetsipunset\/wp-content\/uploads\/usu1595\/2020\/05\/Tinc-una-idea_7.jpg\"><span style=\"color: #2795b6;\"><img loading=\"lazy\" decoding=\"async\" class=\"size-medium wp-image-10706 alignleft\" src=\"https:\/\/agora.xtec.cat\/escbusquetsipunset\/wp-content\/uploads\/usu1595\/2020\/05\/Tinc-una-idea_7-300x169.jpg\" alt=\"\" width=\"300\" height=\"169\" srcset=\"https:\/\/agora.xtec.cat\/escbusquetsipunset\/wp-content\/uploads\/usu1595\/2020\/05\/Tinc-una-idea_7-300x169.jpg 300w, https:\/\/agora.xtec.cat\/escbusquetsipunset\/wp-content\/uploads\/usu1595\/2020\/05\/Tinc-una-idea_7-768x432.jpg 768w, https:\/\/agora.xtec.cat\/escbusquetsipunset\/wp-content\/uploads\/usu1595\/2020\/05\/Tinc-una-idea_7-1024x576.jpg 1024w, https:\/\/agora.xtec.cat\/escbusquetsipunset\/wp-content\/uploads\/usu1595\/2020\/05\/Tinc-una-idea_7.jpg 1920w\" sizes=\"auto, (max-width: 300px) 100vw, 300px\" \/><\/span><\/a><a style=\"color: #2795b6;\" href=\"https:\/\/agora.xtec.cat\/escbusquetsipunset\/wp-content\/uploads\/usu1595\/2020\/05\/Tinc-una-idea_15.jpg\"><img loading=\"lazy\" decoding=\"async\" class=\"size-medium wp-image-10707 alignleft\" src=\"https:\/\/agora.xtec.cat\/escbusquetsipunset\/wp-content\/uploads\/usu1595\/2020\/05\/Tinc-una-idea_15-300x169.jpg\" alt=\"\" width=\"300\" height=\"169\" srcset=\"https:\/\/agora.xtec.cat\/escbusquetsipunset\/wp-content\/uploads\/usu1595\/2020\/05\/Tinc-una-idea_15-300x169.jpg 300w, https:\/\/agora.xtec.cat\/escbusquetsipunset\/wp-content\/uploads\/usu1595\/2020\/05\/Tinc-una-idea_15-768x432.jpg 768w, https:\/\/agora.xtec.cat\/escbusquetsipunset\/wp-content\/uploads\/usu1595\/2020\/05\/Tinc-una-idea_15-1024x576.jpg 1024w, https:\/\/agora.xtec.cat\/escbusquetsipunset\/wp-content\/uploads\/usu1595\/2020\/05\/Tinc-una-idea_15.jpg 1920w\" sizes=\"auto, (max-width: 300px) 100vw, 300px\" \/><\/a><\/p>\n<p><strong>Espai de migdia<\/strong><\/p>\n<ul>\n<li>Disposem de cuina pr\u00f2pia.\u00a0El servei de menjador est\u00e0 gestionat per l\u2019AFA de l\u2019Escola Busquets i Punset i les empreses\u00a0<strong>DACOR Educaci\u00f3 i Plat de Colors<\/strong>.<\/li>\n<\/ul>\n<p>Tornar a la <a href=\"https:\/\/agora.xtec.cat\/escbusquetsipunset\/?p=10634&amp;preview=true\">visita guiada<\/a>.<\/p>\n","protected":false},"excerpt":{"rendered":"<p>ESCOLA BUSQUETS I PUNSET: EL CEL COM A SOSTRE \u00a0 El nostre Projecte Educatiu. Els nens i les nenes desenvolupen les capacitats motrius, cognitives, afectives i socials de manera natural i de forma global. Procurem als infants espais on puguin exercir la seva autonomia i es respecti el seu ritme de treball, en un ambient [&hellip;]<\/p>\n","protected":false},"author":1,"featured_media":0,"parent":22,"menu_order":0,"comment_status":"closed","ping_status":"closed","template":"","meta":{"_bbp_topic_count":0,"_bbp_reply_count":0,"_bbp_total_topic_count":0,"_bbp_total_reply_count":0,"_bbp_voice_count":0,"_bbp_anonymous_reply_count":0,"_bbp_topic_count_hidden":0,"_bbp_reply_count_hidden":0,"_bbp_forum_subforum_count":0,"site-sidebar-layout":"default","site-content-layout":"","ast-site-content-layout":"default","site-content-style":"default","site-sidebar-style":"default","ast-global-header-display":"","ast-banner-title-visibility":"","ast-main-header-display":"","ast-hfb-above-header-display":"","ast-hfb-below-header-display":"","ast-hfb-mobile-header-display":"","site-post-title":"","ast-breadcrumbs-content":"","ast-featured-img":"","footer-sml-layout":"","theme-transparent-header-meta":"","adv-header-id-meta":"","stick-header-meta":"","header-above-stick-meta":"","header-main-stick-meta":"","header-below-stick-meta":"","astra-migrate-meta-layouts":"set","ast-page-background-enabled":"default","ast-page-background-meta":{"desktop":{"background-color":"var(--ast-global-color-4)","background-image":"","background-repeat":"repeat","background-position":"center center","background-size":"auto","background-attachment":"scroll","background-type":"","background-media":"","overlay-type":"","overlay-color":"","overlay-opacity":"","overlay-gradient":""},"tablet":{"background-color":"","background-image":"","background-repeat":"repeat","background-position":"center center","background-size":"auto","background-attachment":"scroll","background-type":"","background-media":"","overlay-type":"","overlay-color":"","overlay-opacity":"","overlay-gradient":""},"mobile":{"background-color":"","background-image":"","background-repeat":"repeat","background-position":"center center","background-size":"auto","background-attachment":"scroll","background-type":"","background-media":"","overlay-type":"","overlay-color":"","overlay-opacity":"","overlay-gradient":""}},"ast-content-background-meta":{"desktop":{"background-color":"var(--ast-global-color-5)","background-image":"","background-repeat":"repeat","background-position":"center center","background-size":"auto","background-attachment":"scroll","background-type":"","background-media":"","overlay-type":"","overlay-color":"","overlay-opacity":"","overlay-gradient":""},"tablet":{"background-color":"var(--ast-global-color-5)","background-image":"","background-repeat":"repeat","background-position":"center center","background-size":"auto","background-attachment":"scroll","background-type":"","background-media":"","overlay-type":"","overlay-color":"","overlay-opacity":"","overlay-gradient":""},"mobile":{"background-color":"var(--ast-global-color-5)","background-image":"","background-repeat":"repeat","background-position":"center center","background-size":"auto","background-attachment":"scroll","background-type":"","background-media":"","overlay-type":"","overlay-color":"","overlay-opacity":"","overlay-gradient":""}},"footnotes":""},"class_list":["post-493","page","type-page","status-publish","hentry"],"post_mailing_queue_ids":[],"_links":{"self":[{"href":"https:\/\/agora.xtec.cat\/escbusquetsipunset\/wp-json\/wp\/v2\/pages\/493","targetHints":{"allow":["GET"]}}],"collection":[{"href":"https:\/\/agora.xtec.cat\/escbusquetsipunset\/wp-json\/wp\/v2\/pages"}],"about":[{"href":"https:\/\/agora.xtec.cat\/escbusquetsipunset\/wp-json\/wp\/v2\/types\/page"}],"author":[{"embeddable":true,"href":"https:\/\/agora.xtec.cat\/escbusquetsipunset\/wp-json\/wp\/v2\/users\/1"}],"replies":[{"embeddable":true,"href":"https:\/\/agora.xtec.cat\/escbusquetsipunset\/wp-json\/wp\/v2\/comments?post=493"}],"version-history":[{"count":3,"href":"https:\/\/agora.xtec.cat\/escbusquetsipunset\/wp-json\/wp\/v2\/pages\/493\/revisions"}],"predecessor-version":[{"id":22130,"href":"https:\/\/agora.xtec.cat\/escbusquetsipunset\/wp-json\/wp\/v2\/pages\/493\/revisions\/22130"}],"up":[{"embeddable":true,"href":"https:\/\/agora.xtec.cat\/escbusquetsipunset\/wp-json\/wp\/v2\/pages\/22"}],"wp:attachment":[{"href":"https:\/\/agora.xtec.cat\/escbusquetsipunset\/wp-json\/wp\/v2\/media?parent=493"}],"curies":[{"name":"wp","href":"https:\/\/api.w.org\/{rel}","templated":true}]}}