{"id":462,"date":"2016-11-29T13:46:43","date_gmt":"2016-11-29T12:46:43","guid":{"rendered":"http:\/\/agora.xtec.cat\/escbusquetsipunset\/?page_id=462"},"modified":"2025-09-16T14:44:40","modified_gmt":"2025-09-16T12:44:40","slug":"equip-huma","status":"publish","type":"page","link":"https:\/\/agora.xtec.cat\/escbusquetsipunset\/lescola\/equip-huma\/","title":{"rendered":"Equip hum\u00e0"},"content":{"rendered":"<h3>CURS 2025-2026<\/h3>\n<p>&nbsp;<\/p>\n<p><strong>EQUIP DIRECTIU<\/strong><\/p>\n<p><strong>Director:<\/strong> Rub\u00e9n Moreno Ferrado<br \/>\n<strong>Cap d\u2019estudis:<\/strong> M\u00f2nica Taboada Campuzano<br \/>\n<strong>Secretari:<\/strong> Kike Gonz\u00e1lez Catal\u00e1n<\/p>\n<p>&nbsp;<\/p>\n<p><strong>EDUCACI\u00d3 INFANTIL\u00a0<\/strong><\/p>\n<p><strong>I3A:<\/strong> N\u00faria Segura Llambrich<br \/>\n<strong>I3B:<\/strong> Patr\u00edcia Barreales Rueda<br \/>\n<strong>I4A:<\/strong> Mari F\u00e9 Rubio Romero<br \/>\n<strong>I4B:<\/strong> N\u00faria Cabanillas Sala<br \/>\n<strong>I5A:<\/strong> Ma Carmen Escobar<br \/>\n<strong>I5B:<\/strong> Loli Guerrero G\u00f3mez<br \/>\n<strong>SUPORT INFANTIL:<\/strong> Txell Soler (TEI), Cristina Mateu Oll\u00e9, Merche Amaro, M\u00f2nica Taboada<\/p>\n<p>&nbsp;<\/p>\n<p><strong>EDUCACI\u00d3 PRIM\u00c0RIA<\/strong><\/p>\n<p><strong>1rA:<\/strong> Rosa Torrella Manera<br \/>\n<strong>1rB:<\/strong> Manoli Romero<br \/>\n<strong>2nA:<\/strong> Elisabeth S\u00e0nchez S\u00e0nchez<br \/>\n<strong>2nB:<\/strong> S\u00edlvia Gonz\u00e1lez Salazar<\/p>\n<p><strong>3rA:<\/strong> Raquel Medina Garcia<br \/>\n<strong>3rB:<\/strong> Rosa Blanco Ortiz<br \/>\n<strong>4tA:<\/strong> Cristina P\u00e9rez<br \/>\n<strong>4tB:<\/strong> Olga Martinez Tejero<\/p>\n<p><strong>5\u00e8A:<\/strong> Sandra Mata Morales<br \/>\n<strong>5\u00e8B:<\/strong> Laura Maestro<br \/>\n<strong>6\u00e8A:<\/strong> Al\u00edcia Diaz Pastrana<br \/>\n<strong>6\u00e8B:<\/strong> Carme Espejo Pineda<br \/>\n<strong>6\u00e8C:<\/strong> Cristian Poyatos Vico<\/p>\n<p><strong>SUPORT PRIM\u00c0RIA:<\/strong> Kike Gonz\u00e1lez, Rub\u00e9n Moreno<br \/>\n<strong>Especialistes d\u2019Angl\u00e8s:<\/strong> Marina Su\u00e1rez (CI), Cristina Carbonell Mir\u00f3 (CM), Raquel Rodr\u00edguez (CS)<br \/>\n<strong>Especialistes d\u2019Educaci\u00f3 F\u00edsica:<\/strong> Carla L\u00f3pez, Al\u00edcia Diaz, Cristian Poyatos<br \/>\n<strong>Especialista de M\u00fasica:<\/strong> H\u00e8ctor S\u00e1nchez Blanco<br \/>\n<strong>Educaci\u00f3 Especial:<\/strong> Merche Amaro (INF), Carme Murillo (CI), C\u00e8lia Rodriguez (CM), Carme Fortuny (CS)<br \/>\n<strong>Aula d\u2019acollida:<\/strong> Ana Cruzado P\u00e9rez<br \/>\n<strong>SIEI:<\/strong> Laia Fluvi\u00e0\u00a0 \u00a0 \u00a0 \u00a0<strong>Educadora:<\/strong> Sara Gonz\u00e1lez Cort\u00e9s\u00a0 \u00a0 \u00a0 <strong>Vetlladores:<\/strong> Bane i Mari.<\/p>\n<p><b>Equip Psicopedag\u00f2gic<\/b><span style=\"font-weight: 400;\">: \u00c0ngels Morillo.<\/span><\/p>\n<p><b>Administrativa<\/b><span style=\"font-weight: 400;\">: Kassia<\/span><\/p>\n<p><b>Conserges<\/b><span style=\"font-weight: 400;\">: Montse i Jorge.<\/span><\/p>\n<h4><\/h4>\n","protected":false},"excerpt":{"rendered":"<p>CURS 2025-2026 &nbsp; EQUIP DIRECTIU Director: Rub\u00e9n Moreno Ferrado Cap d\u2019estudis: M\u00f2nica Taboada Campuzano Secretari: Kike Gonz\u00e1lez Catal\u00e1n &nbsp; EDUCACI\u00d3 INFANTIL\u00a0 I3A: N\u00faria Segura Llambrich I3B: Patr\u00edcia Barreales Rueda I4A: Mari F\u00e9 Rubio Romero I4B: N\u00faria Cabanillas Sala I5A: Ma Carmen Escobar I5B: Loli Guerrero G\u00f3mez SUPORT INFANTIL: Txell Soler (TEI), Cristina Mateu Oll\u00e9, Merche [&hellip;]<\/p>\n","protected":false},"author":1,"featured_media":0,"parent":22,"menu_order":55,"comment_status":"closed","ping_status":"closed","template":"page-templates\/side-menu.php","meta":{"_bbp_topic_count":0,"_bbp_reply_count":0,"_bbp_total_topic_count":0,"_bbp_total_reply_count":0,"_bbp_voice_count":0,"_bbp_anonymous_reply_count":0,"_bbp_topic_count_hidden":0,"_bbp_reply_count_hidden":0,"_bbp_forum_subforum_count":0,"site-sidebar-layout":"default","site-content-layout":"","ast-site-content-layout":"","site-content-style":"default","site-sidebar-style":"default","ast-global-header-display":"","ast-banner-title-visibility":"","ast-main-header-display":"","ast-hfb-above-header-display":"","ast-hfb-below-header-display":"","ast-hfb-mobile-header-display":"","site-post-title":"","ast-breadcrumbs-content":"","ast-featured-img":"","footer-sml-layout":"","theme-transparent-header-meta":"","adv-header-id-meta":"","stick-header-meta":"","header-above-stick-meta":"","header-main-stick-meta":"","header-below-stick-meta":"","astra-migrate-meta-layouts":"default","ast-page-background-enabled":"default","ast-page-background-meta":{"desktop":{"background-color":"var(--ast-global-color-4)","background-image":"","background-repeat":"repeat","background-position":"center center","background-size":"auto","background-attachment":"scroll","background-type":"","background-media":"","overlay-type":"","overlay-color":"","overlay-opacity":"","overlay-gradient":""},"tablet":{"background-color":"","background-image":"","background-repeat":"repeat","background-position":"center center","background-size":"auto","background-attachment":"scroll","background-type":"","background-media":"","overlay-type":"","overlay-color":"","overlay-opacity":"","overlay-gradient":""},"mobile":{"background-color":"","background-image":"","background-repeat":"repeat","background-position":"center center","background-size":"auto","background-attachment":"scroll","background-type":"","background-media":"","overlay-type":"","overlay-color":"","overlay-opacity":"","overlay-gradient":""}},"ast-content-background-meta":{"desktop":{"background-color":"var(--ast-global-color-5)","background-image":"","background-repeat":"repeat","background-position":"center center","background-size":"auto","background-attachment":"scroll","background-type":"","background-media":"","overlay-type":"","overlay-color":"","overlay-opacity":"","overlay-gradient":""},"tablet":{"background-color":"var(--ast-global-color-5)","background-image":"","background-repeat":"repeat","background-position":"center center","background-size":"auto","background-attachment":"scroll","background-type":"","background-media":"","overlay-type":"","overlay-color":"","overlay-opacity":"","overlay-gradient":""},"mobile":{"background-color":"var(--ast-global-color-5)","background-image":"","background-repeat":"repeat","background-position":"center center","background-size":"auto","background-attachment":"scroll","background-type":"","background-media":"","overlay-type":"","overlay-color":"","overlay-opacity":"","overlay-gradient":""}},"footnotes":""},"class_list":["post-462","page","type-page","status-publish","hentry"],"post_mailing_queue_ids":[],"_links":{"self":[{"href":"https:\/\/agora.xtec.cat\/escbusquetsipunset\/wp-json\/wp\/v2\/pages\/462","targetHints":{"allow":["GET"]}}],"collection":[{"href":"https:\/\/agora.xtec.cat\/escbusquetsipunset\/wp-json\/wp\/v2\/pages"}],"about":[{"href":"https:\/\/agora.xtec.cat\/escbusquetsipunset\/wp-json\/wp\/v2\/types\/page"}],"author":[{"embeddable":true,"href":"https:\/\/agora.xtec.cat\/escbusquetsipunset\/wp-json\/wp\/v2\/users\/1"}],"replies":[{"embeddable":true,"href":"https:\/\/agora.xtec.cat\/escbusquetsipunset\/wp-json\/wp\/v2\/comments?post=462"}],"version-history":[{"count":6,"href":"https:\/\/agora.xtec.cat\/escbusquetsipunset\/wp-json\/wp\/v2\/pages\/462\/revisions"}],"predecessor-version":[{"id":21847,"href":"https:\/\/agora.xtec.cat\/escbusquetsipunset\/wp-json\/wp\/v2\/pages\/462\/revisions\/21847"}],"up":[{"embeddable":true,"href":"https:\/\/agora.xtec.cat\/escbusquetsipunset\/wp-json\/wp\/v2\/pages\/22"}],"wp:attachment":[{"href":"https:\/\/agora.xtec.cat\/escbusquetsipunset\/wp-json\/wp\/v2\/media?parent=462"}],"curies":[{"name":"wp","href":"https:\/\/api.w.org\/{rel}","templated":true}]}}