{"id":30,"date":"2014-09-18T12:30:23","date_gmt":"2014-09-18T11:30:23","guid":{"rendered":"http:\/\/agora.xtec.cat\/escbusquetsipunset\/?page_id=30"},"modified":"2025-11-06T13:24:20","modified_gmt":"2025-11-06T12:24:20","slug":"instal%c2%b7lacions","status":"publish","type":"page","link":"https:\/\/agora.xtec.cat\/escbusquetsipunset\/lescola\/instal%c2%b7lacions\/","title":{"rendered":"Equipaments"},"content":{"rendered":"\r\n\t<div class=\"slideshow_container slideshow_container_style-light\" style=\"height: 300px; \" data-slideshow-id=\"549\" data-style-name=\"style-light\" data-style-version=\"2.3.1\" >\r\n\r\n\t\t\t\t\t<div class=\"slideshow_loading_icon\"><\/div>\r\n\t\t\r\n\t\t<div class=\"slideshow_content\" style=\"display: none;\">\r\n\r\n\t\t\t<div class=\"slideshow_view\">\r\n\t\t\t\t<div class=\"slideshow_slide slideshow_slide_image\">\r\n\t\t\t\t\t\t\t\t\t\t\t<img src=\"https:\/\/agora.xtec.cat\/escbusquetsipunset\/wp-content\/uploads\/usu1595\/2020\/05\/Pati2-1.jpg\" alt=\"Pati2\" width=\"1913\" height=\"676\" \/>\r\n\t\t\t\t\t\t\t\t\t\t<div class=\"slideshow_description_box slideshow_transparent\">\r\n\t\t\t\t\t\t<div class=\"slideshow_title\">Pati2<\/div>\t\t\t\t\t\t\t\t\t\t\t<\/div>\r\n\t\t\t\t<\/div>\r\n\r\n\t\t\t\t\t\t<div style=\"clear: both;\"><\/div><\/div><div class=\"slideshow_view\">\r\n\t\t\t\t<div class=\"slideshow_slide slideshow_slide_image\">\r\n\t\t\t\t\t\t\t\t\t\t\t<img src=\"https:\/\/agora.xtec.cat\/escbusquetsipunset\/wp-content\/uploads\/usu1595\/2020\/05\/Pati-1.jpg\" alt=\"Pati (1)\" width=\"1920\" height=\"1080\" \/>\r\n\t\t\t\t\t\t\t\t\t\t<div class=\"slideshow_description_box slideshow_transparent\">\r\n\t\t\t\t\t\t<div class=\"slideshow_title\">Pati (1)<\/div>\t\t\t\t\t\t\t\t\t\t\t<\/div>\r\n\t\t\t\t<\/div>\r\n\r\n\t\t\t\t\t\t<div style=\"clear: both;\"><\/div><\/div><div class=\"slideshow_view\">\r\n\t\t\t\t<div class=\"slideshow_slide slideshow_slide_image\">\r\n\t\t\t\t\t\t\t\t\t\t\t<img src=\"https:\/\/agora.xtec.cat\/escbusquetsipunset\/wp-content\/uploads\/usu1595\/2020\/05\/biblio.jpg\" alt=\"biblio\" width=\"1920\" height=\"1080\" \/>\r\n\t\t\t\t\t\t\t\t\t\t<div class=\"slideshow_description_box slideshow_transparent\">\r\n\t\t\t\t\t\t<div class=\"slideshow_title\">biblio<\/div>\t\t\t\t\t\t\t\t\t\t\t<\/div>\r\n\t\t\t\t<\/div>\r\n\r\n\t\t\t\t\t\t<div style=\"clear: both;\"><\/div><\/div><div class=\"slideshow_view\">\r\n\t\t\t\t<div class=\"slideshow_slide slideshow_slide_image\">\r\n\t\t\t\t\t\t\t\t\t\t\t<img src=\"https:\/\/agora.xtec.cat\/escbusquetsipunset\/wp-content\/uploads\/usu1595\/2020\/05\/Informatica.jpg\" alt=\"Informatica\" width=\"1920\" height=\"1080\" \/>\r\n\t\t\t\t\t\t\t\t\t\t<div class=\"slideshow_description_box slideshow_transparent\">\r\n\t\t\t\t\t\t<div class=\"slideshow_title\">Informatica<\/div>\t\t\t\t\t\t\t\t\t\t\t<\/div>\r\n\t\t\t\t<\/div>\r\n\r\n\t\t\t\t\t\t<div style=\"clear: both;\"><\/div><\/div><div class=\"slideshow_view\">\r\n\t\t\t\t<div class=\"slideshow_slide slideshow_slide_image\">\r\n\t\t\t\t\t\t\t\t\t\t\t<img src=\"https:\/\/agora.xtec.cat\/escbusquetsipunset\/wp-content\/uploads\/usu1595\/2020\/05\/Sala-polivalent-1.jpg\" alt=\"Sala polivalent\" width=\"1920\" height=\"1080\" \/>\r\n\t\t\t\t\t\t\t\t\t\t<div class=\"slideshow_description_box slideshow_transparent\">\r\n\t\t\t\t\t\t<div class=\"slideshow_title\">Sala polivalent<\/div>\t\t\t\t\t\t\t\t\t\t\t<\/div>\r\n\t\t\t\t<\/div>\r\n\r\n\t\t\t\t\t\t<div style=\"clear: both;\"><\/div><\/div><div class=\"slideshow_view\">\r\n\t\t\t\t<div class=\"slideshow_slide slideshow_slide_image\">\r\n\t\t\t\t\t\t\t\t\t\t\t<img src=\"https:\/\/agora.xtec.cat\/escbusquetsipunset\/wp-content\/uploads\/usu1595\/2017\/05\/DSC01815.jpg\" alt=\"DSC01815\" width=\"1021\" height=\"374\" \/>\r\n\t\t\t\t\t\t\t\t\t\t<div class=\"slideshow_description_box slideshow_transparent\">\r\n\t\t\t\t\t\t<div class=\"slideshow_title\">DSC01815<\/div>\t\t\t\t\t\t\t\t\t\t\t<\/div>\r\n\t\t\t\t<\/div>\r\n\r\n\t\t\t\t\t\t<div style=\"clear: both;\"><\/div><\/div><div class=\"slideshow_view\">\r\n\t\t\t\t<div class=\"slideshow_slide slideshow_slide_image\">\r\n\t\t\t\t\t\t\t\t\t\t\t<img src=\"https:\/\/agora.xtec.cat\/escbusquetsipunset\/wp-content\/uploads\/usu1595\/2017\/05\/DSC01862.jpg\" alt=\"DSC01862\" width=\"1024\" height=\"685\" \/>\r\n\t\t\t\t\t\t\t\t\t\t<div class=\"slideshow_description_box slideshow_transparent\">\r\n\t\t\t\t\t\t<div class=\"slideshow_title\">DSC01862<\/div>\t\t\t\t\t\t\t\t\t\t\t<\/div>\r\n\t\t\t\t<\/div>\r\n\r\n\t\t\t\t\t\t<div style=\"clear: both;\"><\/div><\/div><div class=\"slideshow_view\">\r\n\t\t\t\t<div class=\"slideshow_slide slideshow_slide_image\">\r\n\t\t\t\t\t\t\t\t\t\t\t<img src=\"https:\/\/agora.xtec.cat\/escbusquetsipunset\/wp-content\/uploads\/usu1595\/2017\/05\/DSC01853.jpg\" alt=\"DSC01853\" width=\"1024\" height=\"685\" \/>\r\n\t\t\t\t\t\t\t\t\t\t<div class=\"slideshow_description_box slideshow_transparent\">\r\n\t\t\t\t\t\t<div class=\"slideshow_title\">DSC01853<\/div>\t\t\t\t\t\t\t\t\t\t\t<\/div>\r\n\t\t\t\t<\/div>\r\n\r\n\t\t\t\t\t\t<div style=\"clear: both;\"><\/div><\/div><div class=\"slideshow_view\">\r\n\t\t\t\t<div class=\"slideshow_slide slideshow_slide_image\">\r\n\t\t\t\t\t\t\t\t\t\t\t<img src=\"https:\/\/agora.xtec.cat\/escbusquetsipunset\/wp-content\/uploads\/usu1595\/2017\/05\/DSC01842.jpg\" alt=\"DSC01842\" width=\"1024\" height=\"685\" \/>\r\n\t\t\t\t\t\t\t\t\t\t<div class=\"slideshow_description_box slideshow_transparent\">\r\n\t\t\t\t\t\t<div class=\"slideshow_title\">DSC01842<\/div>\t\t\t\t\t\t\t\t\t\t\t<\/div>\r\n\t\t\t\t<\/div>\r\n\r\n\t\t\t\t\t\t<div style=\"clear: both;\"><\/div><\/div><div class=\"slideshow_view\">\r\n\t\t\t\t<div class=\"slideshow_slide slideshow_slide_image\">\r\n\t\t\t\t\t\t\t\t\t\t\t<img src=\"https:\/\/agora.xtec.cat\/escbusquetsipunset\/wp-content\/uploads\/usu1595\/2017\/05\/DSC01821.jpg\" alt=\"DSC01821\" width=\"1024\" height=\"685\" \/>\r\n\t\t\t\t\t\t\t\t\t\t<div class=\"slideshow_description_box slideshow_transparent\">\r\n\t\t\t\t\t\t<div class=\"slideshow_title\">DSC01821<\/div>\t\t\t\t\t\t\t\t\t\t\t<\/div>\r\n\t\t\t\t<\/div>\r\n\r\n\t\t\t\t\t\t<div style=\"clear: both;\"><\/div><\/div><div class=\"slideshow_view\">\r\n\t\t\t\t<div class=\"slideshow_slide slideshow_slide_image\">\r\n\t\t\t\t\t\t\t\t\t\t\t<img src=\"https:\/\/agora.xtec.cat\/escbusquetsipunset\/wp-content\/uploads\/usu1595\/2017\/05\/DSC01805.jpg\" alt=\"DSC01805\" width=\"1024\" height=\"685\" \/>\r\n\t\t\t\t\t\t\t\t\t\t<div class=\"slideshow_description_box slideshow_transparent\">\r\n\t\t\t\t\t\t<div class=\"slideshow_title\">DSC01805<\/div>\t\t\t\t\t\t\t\t\t\t\t<\/div>\r\n\t\t\t\t<\/div>\r\n\r\n\t\t\t\t\t\t<div style=\"clear: both;\"><\/div><\/div><div class=\"slideshow_view\">\r\n\t\t\t\t<div class=\"slideshow_slide slideshow_slide_image\">\r\n\t\t\t\t\t\t\t\t\t\t\t<img src=\"https:\/\/agora.xtec.cat\/escbusquetsipunset\/wp-content\/uploads\/usu1595\/2017\/05\/DSC01797.jpg\" alt=\"DSC01797\" width=\"1024\" height=\"685\" \/>\r\n\t\t\t\t\t\t\t\t\t\t<div class=\"slideshow_description_box slideshow_transparent\">\r\n\t\t\t\t\t\t<div class=\"slideshow_title\">DSC01797<\/div>\t\t\t\t\t\t\t\t\t\t\t<\/div>\r\n\t\t\t\t<\/div>\r\n\r\n\t\t\t\t\t\t<div style=\"clear: both;\"><\/div><\/div>\r\n\t\t<\/div>\r\n\r\n\t\t<div class=\"slideshow_controlPanel slideshow_transparent\" style=\"display: none;\"><ul><li class=\"slideshow_togglePlay\" data-play-text=\"Visualitza\" data-pause-text=\"Pausa\"><\/li><\/ul><\/div>\r\n\r\n\t\t<div class=\"slideshow_button slideshow_previous slideshow_transparent\" role=\"button\" data-previous-text=\"Anterior\" style=\"display: none;\"><\/div>\r\n\t\t<div class=\"slideshow_button slideshow_next slideshow_transparent\" role=\"button\" data-next-text=\"Seg\u00fcent\" style=\"display: none;\"><\/div>\r\n\r\n\t\t<div class=\"slideshow_pagination\" style=\"display: none;\" data-go-to-text=\"V\u00e9s a la diapositiva\"><div class=\"slideshow_pagination_center\"><\/div><\/div>\r\n\r\n\t\t<!-- WordPress Slideshow Version 2.3.1 -->\r\n\r\n\t\t\t<\/div>\r\n\r\n\n<p><span style=\"font-weight: 400;\">L\u2019escola est\u00e0 en proc\u00e9s de remodelaci\u00f3, amb la col\u00b7laboraci\u00f3 de l\u2019Ajuntament i del Departament d\u2019Ensenyament. Les seves caracter\u00edstiques principals s\u00f3n els espais amplis i lluminosos.<\/span><\/p>\n<p><b>EQUIPAMENTS<\/b><\/p>\n<ul>\n<li><strong>Sala polivalent i de joc simb\u00f2lic<\/strong> \u00e0mplia i condicionada recentment. Es fa servir en l&#8217;horari lectiu i en els espais d&#8217;aprenentatge d&#8217;Educaci\u00f3 Infantil.<\/li>\n<li style=\"font-weight: 400;\"><span style=\"font-weight: 400;\"><strong>Gimn\u00e0s<\/strong> ampli per activitats d\u2019Educaci\u00f3 F\u00edsica i Psicomotricitat, i per activitats extraescolars fora de l\u2019horari lectiu. Tamb\u00e9 fa les funcions puntuals de teatre o auditori.<\/span><\/li>\n<li><strong>Aula d&#8217;acollida<\/strong> per l&#8217;alumnat de 3r a 6\u00e8 nouvingut per poder incorporar la llengua catalana en el seu dia a dia.<\/li>\n<li style=\"font-weight: 400;\"><span style=\"font-weight: 400;\"><strong>Zona del pati<\/strong>: dues pistes esportives per a l\u2019esbarjo i activitats en horari lectiu. Estem en proc\u00e9s de convertir una de les pistes en una zona verda, dins del projecte de renovaci\u00f3 del pati, en conveni amb l\u2019Ajuntament de l\u2019Hospitalet.<\/span><\/li>\n<li style=\"font-weight: 400;\"><span style=\"font-weight: 400;\"><strong>Pati d\u2019Infantil<\/strong>, independent per a l\u2019\u00fas dels alumnes m\u00e9s petits tant en horari lectiu com a l\u2019estona de menjador.\u00a0 Tamb\u00e9 est\u00e0 previst dotar-lo de major nombre de plantes i arbustos, dins del projecte esmentat.<\/span><span style=\"font-weight: 400;\">\u00a0<\/span><\/li>\n<\/ul>\n<p><b>Espais:<\/b><\/p>\n<ul>\n<li style=\"font-weight: 400;\"><span style=\"font-weight: 400;\"><strong>Espai polivalent<\/strong>: sala de joc simb\u00f2lic per Infantil, sala de teatre i d\u2019expressi\u00f3 corporal. Un espai per poder fer assemblees i reunions de fam\u00edlies.<\/span><\/li>\n<li style=\"font-weight: 400;\"><span style=\"font-weight: 400;\"><strong>Espai de M\u00fasica<\/strong>, amb el terra condicionat per anar descal\u00e7 i amb equip de m\u00fasica per fer\u00a0 audicions i amb instruments.<\/span><\/li>\n<li style=\"font-weight: 400;\"><span style=\"font-weight: 400;\"><strong>Espai de ci\u00e8ncia <\/strong>, amb aigua corrent i mobiliari adequat per a activitats d\u2019experimentaci\u00f3 cient\u00edfica per a tot l&#8217;alumnat de l&#8217;escola.<\/span><\/li>\n<li><strong>Espai d&#8217;art<\/strong>, espai ampli<span style=\"font-weight: 400;\"> i condicionat recentment. Un espai que utilitza tota l&#8217;escola quan \u00e9s l&#8217;hora dels tallers art\u00edstics o els Espais d&#8217;aprenentatge d&#8217;Educaci\u00f3 Infantil.<\/span><\/li>\n<li style=\"font-weight: 400;\"><span style=\"font-weight: 400;\">Petites aules a cada cicle destinades a ser <strong>espais polivalents<\/strong> que afavoreixen diferents agrupaments:\u00a0 racons, Grups Interactius&#8230;<\/span><\/li>\n<li style=\"font-weight: 400;\"><span style=\"font-weight: 400;\"><strong>Espais de la calma<\/strong> (amb catifes, joguines i contes) a disposici\u00f3 de tot l\u2019alumnat, els quals s\u00f3n utilitzats de manera lliure i espont\u00e0nia.<\/span><\/li>\n<\/ul>\n<p><span style=\"font-weight: 400;\">Estem fent una renovaci\u00f3 escalonada del mobiliari, de les aules i els passadissos per afavorir una bona distribuci\u00f3 dels espais. Volem afavorir l\u2019autonomia\u00a0 i el moviment lliure de l\u2019alumnat. Tamb\u00e9 anem incrementant any rere any el material manipulatiu per tal que les activitats esdevinguin encara m\u00e9s significatives per als nens i les nenes.<\/span><\/p>\n<p><b>Menjador:<\/b><\/p>\n<ul style=\"list-style-type: disc;\">\n<li><span style=\"font-weight: 400;\">Disposem d&#8217;un menjador i cuina pr\u00f2pia al centre.<\/span><\/li>\n<li><span style=\"font-weight: 400;\">Vetllem perqu\u00e8 les activitats de lleure en aquesta estona siguin afins amb la nostra l\u00ednia d\u2019escola.<\/span><\/li>\n<li style=\"list-style-type: none;\"><\/li>\n<\/ul>\n","protected":false},"excerpt":{"rendered":"<p>L\u2019escola est\u00e0 en proc\u00e9s de remodelaci\u00f3, amb la col\u00b7laboraci\u00f3 de l\u2019Ajuntament i del Departament d\u2019Ensenyament. Les seves caracter\u00edstiques principals s\u00f3n els espais amplis i lluminosos. EQUIPAMENTS Sala polivalent i de joc simb\u00f2lic \u00e0mplia i condicionada recentment. Es fa servir en l&#8217;horari lectiu i en els espais d&#8217;aprenentatge d&#8217;Educaci\u00f3 Infantil. Gimn\u00e0s ampli per activitats d\u2019Educaci\u00f3 F\u00edsica [&hellip;]<\/p>\n","protected":false},"author":1,"featured_media":0,"parent":22,"menu_order":60,"comment_status":"closed","ping_status":"closed","template":"","meta":{"_bbp_topic_count":0,"_bbp_reply_count":0,"_bbp_total_topic_count":0,"_bbp_total_reply_count":0,"_bbp_voice_count":0,"_bbp_anonymous_reply_count":0,"_bbp_topic_count_hidden":0,"_bbp_reply_count_hidden":0,"_bbp_forum_subforum_count":0,"site-sidebar-layout":"default","site-content-layout":"","ast-site-content-layout":"default","site-content-style":"default","site-sidebar-style":"default","ast-global-header-display":"","ast-banner-title-visibility":"","ast-main-header-display":"","ast-hfb-above-header-display":"","ast-hfb-below-header-display":"","ast-hfb-mobile-header-display":"","site-post-title":"","ast-breadcrumbs-content":"","ast-featured-img":"","footer-sml-layout":"","theme-transparent-header-meta":"","adv-header-id-meta":"","stick-header-meta":"","header-above-stick-meta":"","header-main-stick-meta":"","header-below-stick-meta":"","astra-migrate-meta-layouts":"set","ast-page-background-enabled":"default","ast-page-background-meta":{"desktop":{"background-color":"var(--ast-global-color-4)","background-image":"","background-repeat":"repeat","background-position":"center center","background-size":"auto","background-attachment":"scroll","background-type":"","background-media":"","overlay-type":"","overlay-color":"","overlay-opacity":"","overlay-gradient":""},"tablet":{"background-color":"","background-image":"","background-repeat":"repeat","background-position":"center center","background-size":"auto","background-attachment":"scroll","background-type":"","background-media":"","overlay-type":"","overlay-color":"","overlay-opacity":"","overlay-gradient":""},"mobile":{"background-color":"","background-image":"","background-repeat":"repeat","background-position":"center center","background-size":"auto","background-attachment":"scroll","background-type":"","background-media":"","overlay-type":"","overlay-color":"","overlay-opacity":"","overlay-gradient":""}},"ast-content-background-meta":{"desktop":{"background-color":"var(--ast-global-color-5)","background-image":"","background-repeat":"repeat","background-position":"center center","background-size":"auto","background-attachment":"scroll","background-type":"","background-media":"","overlay-type":"","overlay-color":"","overlay-opacity":"","overlay-gradient":""},"tablet":{"background-color":"var(--ast-global-color-5)","background-image":"","background-repeat":"repeat","background-position":"center center","background-size":"auto","background-attachment":"scroll","background-type":"","background-media":"","overlay-type":"","overlay-color":"","overlay-opacity":"","overlay-gradient":""},"mobile":{"background-color":"var(--ast-global-color-5)","background-image":"","background-repeat":"repeat","background-position":"center center","background-size":"auto","background-attachment":"scroll","background-type":"","background-media":"","overlay-type":"","overlay-color":"","overlay-opacity":"","overlay-gradient":""}},"footnotes":""},"class_list":["post-30","page","type-page","status-publish","hentry"],"post_mailing_queue_ids":[],"_links":{"self":[{"href":"https:\/\/agora.xtec.cat\/escbusquetsipunset\/wp-json\/wp\/v2\/pages\/30","targetHints":{"allow":["GET"]}}],"collection":[{"href":"https:\/\/agora.xtec.cat\/escbusquetsipunset\/wp-json\/wp\/v2\/pages"}],"about":[{"href":"https:\/\/agora.xtec.cat\/escbusquetsipunset\/wp-json\/wp\/v2\/types\/page"}],"author":[{"embeddable":true,"href":"https:\/\/agora.xtec.cat\/escbusquetsipunset\/wp-json\/wp\/v2\/users\/1"}],"replies":[{"embeddable":true,"href":"https:\/\/agora.xtec.cat\/escbusquetsipunset\/wp-json\/wp\/v2\/comments?post=30"}],"version-history":[{"count":4,"href":"https:\/\/agora.xtec.cat\/escbusquetsipunset\/wp-json\/wp\/v2\/pages\/30\/revisions"}],"predecessor-version":[{"id":22132,"href":"https:\/\/agora.xtec.cat\/escbusquetsipunset\/wp-json\/wp\/v2\/pages\/30\/revisions\/22132"}],"up":[{"embeddable":true,"href":"https:\/\/agora.xtec.cat\/escbusquetsipunset\/wp-json\/wp\/v2\/pages\/22"}],"wp:attachment":[{"href":"https:\/\/agora.xtec.cat\/escbusquetsipunset\/wp-json\/wp\/v2\/media?parent=30"}],"curies":[{"name":"wp","href":"https:\/\/api.w.org\/{rel}","templated":true}]}}