{"id":22240,"date":"2025-11-24T18:54:07","date_gmt":"2025-11-24T17:54:07","guid":{"rendered":"https:\/\/agora.xtec.cat\/escbusquetsipunset\/?page_id=22240"},"modified":"2025-11-25T14:52:04","modified_gmt":"2025-11-25T13:52:04","slug":"espais-3","status":"publish","type":"page","link":"https:\/\/agora.xtec.cat\/escbusquetsipunset\/espais-3\/","title":{"rendered":"Espais"},"content":{"rendered":"\n<p><strong>Espais d\u2019Aprenentatge a Infantil: cr\u00e9ixer jugant, explorant i descobrint<\/strong><\/p>\n\n\n\n<p>Els <strong>espais d\u2019aprenentatge<\/strong> s\u00f3n una manera d\u2019organitzar l\u2019aula que situa l\u2019infant al centre del seu propi proc\u00e9s educatiu. Des del joc, la investigaci\u00f3 i les relacions amb els altres, els nens i les nenes exploren, trien, imaginen i resolen reptes significatius. Tal com recull el <em>Curr\u00edculum i orientacions d\u2019Educaci\u00f3 Infantil (Segon Cicle)<\/em>, l\u2019infant esdev\u00e9 protagonista, pren decisions i desenvolupa estrat\u00e8gies pr\u00f2pies, mentre l\u2019adult acompanya, observa i guia.<\/p>\n\n\n\n<p><strong>Com funcionen els espais a la nostra escola?<\/strong><\/p>\n\n\n\n<p>Els oferim des d\u2019<strong>I3 fins a I5<\/strong>, per\u00f2 respectant els ritmes i necessitats de cada edat:<\/p>\n\n\n\n<ul class=\"wp-block-list\">\n<li><strong>Primer trimestre:<\/strong> hi participen els infants d\u2019<strong>I4 i I5<\/strong>. Els nens i les nenes d\u2019<strong>I3<\/strong> es mantenen fora dels espais per garantir un <strong>temps de familiaritzaci\u00f3 i adaptaci\u00f3<\/strong> tranquil i respectu\u00f3s.<\/li>\n\n\n\n<li><strong>A partir del segon trimestre:<\/strong> els <strong>tres nivells (I3, I4 i I5)<\/strong> ja formen part dels espais.<\/li>\n\n\n\n<li>Els fem <strong>dos dies per setmana: dilluns i dijous<\/strong>.<\/li>\n\n\n\n<li>Al mat\u00ed, cada infant <strong>tria l\u2019espai on vol anar<\/strong>, i <strong>hi passa tota la tarda<\/strong>.<\/li>\n\n\n\n<li>S\u00f3n espais de <strong>lliure elecci\u00f3<\/strong>, per\u00f2 no de lliure circulaci\u00f3: un cop escollit l\u2019espai, s\u2019hi queda per afavorir la continu\u00eftat, la concentraci\u00f3 i els vincles.<\/li>\n<\/ul>\n\n\n\n<p>Les propostes s\u2019organitzen en per\u00edodes d\u2019<strong>un mes<\/strong>, i es renoven per oferir noves oportunitats de joc i descobertes.<\/p>\n\n\n\n<hr class=\"wp-block-separator has-alpha-channel-opacity\"\/>\n\n\n\n<p><strong>Els nostres espais:<\/strong><\/p>\n\n\n\n<p><\/p>\n\n\n\n<p class=\"has-text-align-left\"><strong>Art<\/strong>: Dibuixar, pintar, modelar, retallar, construir\u2026 han de ser activitats plaents, amb les quals els infants han de poder gaudir i expressar emocions, sensacions, viv\u00e8ncies o fantasies. El llenguatge art\u00edstic \u00e9s una forma d\u2019expressi\u00f3 personal i \u00fanica i, per tant, cal respectar-la i valorar-la com es mereix. <\/p>\n\n\n\n<p class=\"has-text-align-center\"><img loading=\"lazy\" decoding=\"async\" width=\"300\" height=\"212\" class=\"wp-image-22247\" style=\"width: 300px;\" src=\"https:\/\/agora.xtec.cat\/escbusquetsipunset\/wp-content\/uploads\/usu1595\/2025\/11\/art.jpg\" alt=\"\" srcset=\"https:\/\/agora.xtec.cat\/escbusquetsipunset\/wp-content\/uploads\/usu1595\/2025\/11\/art.jpg 2000w, https:\/\/agora.xtec.cat\/escbusquetsipunset\/wp-content\/uploads\/usu1595\/2025\/11\/art-300x212.jpg 300w, https:\/\/agora.xtec.cat\/escbusquetsipunset\/wp-content\/uploads\/usu1595\/2025\/11\/art-1024x724.jpg 1024w, https:\/\/agora.xtec.cat\/escbusquetsipunset\/wp-content\/uploads\/usu1595\/2025\/11\/art-768x543.jpg 768w, https:\/\/agora.xtec.cat\/escbusquetsipunset\/wp-content\/uploads\/usu1595\/2025\/11\/art-1536x1086.jpg 1536w\" sizes=\"auto, (max-width: 300px) 100vw, 300px\" \/><\/p>\n\n\n\n<p><strong>Fer i Desfer<\/strong>: A l\u2019Espai fer i desfer els nens i les nenes es troben propostes de construir i d\u2019altres que pretenen desenvolupar la psicomotricitat fina. A partir de diferents materials es pret\u00e9n fomentar un tipus de joc de manipulaci\u00f3 i de descobriment.<br>Els infants es troben algunes provocacions que conviden a construir, dissenyar, tocar, cargolar, cosir\u2026i fer servir els seus dits i algunes eines amb una certa precisi\u00f3.<\/p>\n\n\n\n<figure class=\"wp-block-image aligncenter size-large is-resized\"><a href=\"https:\/\/agora.xtec.cat\/escbusquetsipunset\/wp-content\/uploads\/usu1595\/2025\/11\/1.jpg\"><img loading=\"lazy\" decoding=\"async\" width=\"1024\" height=\"724\" src=\"https:\/\/agora.xtec.cat\/escbusquetsipunset\/wp-content\/uploads\/usu1595\/2025\/11\/1-1024x724.jpg\" alt=\"\" class=\"wp-image-22252\" style=\"width:303px;height:auto\" srcset=\"https:\/\/agora.xtec.cat\/escbusquetsipunset\/wp-content\/uploads\/usu1595\/2025\/11\/1-1024x724.jpg 1024w, https:\/\/agora.xtec.cat\/escbusquetsipunset\/wp-content\/uploads\/usu1595\/2025\/11\/1-300x212.jpg 300w, https:\/\/agora.xtec.cat\/escbusquetsipunset\/wp-content\/uploads\/usu1595\/2025\/11\/1-768x543.jpg 768w, https:\/\/agora.xtec.cat\/escbusquetsipunset\/wp-content\/uploads\/usu1595\/2025\/11\/1-1536x1086.jpg 1536w, https:\/\/agora.xtec.cat\/escbusquetsipunset\/wp-content\/uploads\/usu1595\/2025\/11\/1.jpg 1750w\" sizes=\"auto, (max-width: 1024px) 100vw, 1024px\" \/><\/a><\/figure>\n\n\n\n<p><strong>Natura<\/strong>: Un espai d\u2019investigaci\u00f3, on els materials, estris i l\u2019entorn conviden als infants a fer l\u2019espai de la curiositat, de l\u2019assaig, del m\u2019ajudes, ho tornar\u00e9 a intentar fins aconseguir-ho, l\u2019espai de la sorpresa\u2026 Aqu\u00ed descobrim elements naturals com pedres, fulles, fruites, flors, aigua, gel, sorra, troncs\u2026 Observem, toquem i aprenem sobre el nostre entorn mentre fomentem el respecte pel medi ambient.<\/p>\n\n\n\n<figure class=\"wp-block-image aligncenter size-large is-resized\"><a href=\"https:\/\/agora.xtec.cat\/escbusquetsipunset\/wp-content\/uploads\/usu1595\/2025\/11\/2.jpg\"><img loading=\"lazy\" decoding=\"async\" width=\"1024\" height=\"724\" src=\"https:\/\/agora.xtec.cat\/escbusquetsipunset\/wp-content\/uploads\/usu1595\/2025\/11\/2-1024x724.jpg\" alt=\"\" class=\"wp-image-22251\" style=\"width:313px;height:auto\" srcset=\"https:\/\/agora.xtec.cat\/escbusquetsipunset\/wp-content\/uploads\/usu1595\/2025\/11\/2-1024x724.jpg 1024w, https:\/\/agora.xtec.cat\/escbusquetsipunset\/wp-content\/uploads\/usu1595\/2025\/11\/2-300x212.jpg 300w, https:\/\/agora.xtec.cat\/escbusquetsipunset\/wp-content\/uploads\/usu1595\/2025\/11\/2-768x543.jpg 768w, https:\/\/agora.xtec.cat\/escbusquetsipunset\/wp-content\/uploads\/usu1595\/2025\/11\/2-1536x1086.jpg 1536w, https:\/\/agora.xtec.cat\/escbusquetsipunset\/wp-content\/uploads\/usu1595\/2025\/11\/2.jpg 1750w\" sizes=\"auto, (max-width: 1024px) 100vw, 1024px\" \/><\/a><\/figure>\n\n\n\n<p><strong>Cos i Moviment al pati<\/strong>: En aquest espai el joc lliure \u00e9s una activitat espont\u00e0nia i permissiva que s\u2019organitza progressivament a trav\u00e9s dels objectes disposats pel joc dels infants. Un joc espontani sense ser jutjat i sense consignes precises basant-se en el cos, el moviment i l\u2019espai.<\/p>\n\n\n\n<figure class=\"wp-block-image aligncenter size-large is-resized\"><a href=\"https:\/\/agora.xtec.cat\/escbusquetsipunset\/wp-content\/uploads\/usu1595\/2025\/11\/Copia-de-cartells-espais.jpg\"><img loading=\"lazy\" decoding=\"async\" width=\"1024\" height=\"724\" src=\"https:\/\/agora.xtec.cat\/escbusquetsipunset\/wp-content\/uploads\/usu1595\/2025\/11\/Copia-de-cartells-espais-1024x724.jpg\" alt=\"\" class=\"wp-image-22246\" style=\"width:313px;height:auto\" srcset=\"https:\/\/agora.xtec.cat\/escbusquetsipunset\/wp-content\/uploads\/usu1595\/2025\/11\/Copia-de-cartells-espais-1024x724.jpg 1024w, https:\/\/agora.xtec.cat\/escbusquetsipunset\/wp-content\/uploads\/usu1595\/2025\/11\/Copia-de-cartells-espais-300x212.jpg 300w, https:\/\/agora.xtec.cat\/escbusquetsipunset\/wp-content\/uploads\/usu1595\/2025\/11\/Copia-de-cartells-espais-768x543.jpg 768w, https:\/\/agora.xtec.cat\/escbusquetsipunset\/wp-content\/uploads\/usu1595\/2025\/11\/Copia-de-cartells-espais-1536x1086.jpg 1536w, https:\/\/agora.xtec.cat\/escbusquetsipunset\/wp-content\/uploads\/usu1595\/2025\/11\/Copia-de-cartells-espais.jpg 2000w\" sizes=\"auto, (max-width: 1024px) 100vw, 1024px\" \/><\/a><\/figure>\n\n\n\n<p><strong>Experimentaci\u00f3<\/strong>: En aquest espai els infants entren en contacte amb uns \u00e0mbits que estan pensats, dissenyats i creats per tal que evolucioni el seu coneixement, desperti la seva curiositat i es mantingui el seu inter\u00e8s pel m\u00f3n cient\u00edfic. De forma aut\u00f2noma, per\u00f2 acompanyada dels suggeriments de les seves mestres, i interactuant amb els seus companys\/es, experimenten, fan hip\u00f2tesis, raonen, expressen i evolucionen.<\/p>\n\n\n\n<figure class=\"wp-block-image aligncenter size-large is-resized\"><a href=\"https:\/\/agora.xtec.cat\/escbusquetsipunset\/wp-content\/uploads\/usu1595\/2025\/11\/4.jpg\"><img loading=\"lazy\" decoding=\"async\" width=\"1750\" height=\"1237\" src=\"https:\/\/agora.xtec.cat\/escbusquetsipunset\/wp-content\/uploads\/usu1595\/2025\/11\/4-1024x724.jpg\" alt=\"\" class=\"wp-image-22249\" style=\"width:298px;height:auto\" srcset=\"https:\/\/agora.xtec.cat\/escbusquetsipunset\/wp-content\/uploads\/usu1595\/2025\/11\/4-1024x724.jpg 1024w, https:\/\/agora.xtec.cat\/escbusquetsipunset\/wp-content\/uploads\/usu1595\/2025\/11\/4-300x212.jpg 300w, https:\/\/agora.xtec.cat\/escbusquetsipunset\/wp-content\/uploads\/usu1595\/2025\/11\/4-768x543.jpg 768w, https:\/\/agora.xtec.cat\/escbusquetsipunset\/wp-content\/uploads\/usu1595\/2025\/11\/4-1536x1086.jpg 1536w, https:\/\/agora.xtec.cat\/escbusquetsipunset\/wp-content\/uploads\/usu1595\/2025\/11\/4.jpg 1750w\" sizes=\"auto, (max-width: 1750px) 100vw, 1750px\" \/><\/a><\/figure>\n\n\n\n<p><strong>Juguem a ser<\/strong>: \u00c9s l\u2019espai del joc simb\u00f2lic per excel\u00b7l\u00e8ncia. Aqu\u00ed els infants poden jugar a ser tot all\u00f2 que imaginin. Permet als infants recrear experi\u00e8ncies quotidianes, assumir rols diferents als habituals, i faciliten representar diferents situacions.<\/p>\n\n\n\n<figure class=\"wp-block-image aligncenter size-large is-resized\"><a href=\"https:\/\/agora.xtec.cat\/escbusquetsipunset\/wp-content\/uploads\/usu1595\/2025\/11\/3.jpg\"><img loading=\"lazy\" decoding=\"async\" width=\"1024\" height=\"724\" src=\"https:\/\/agora.xtec.cat\/escbusquetsipunset\/wp-content\/uploads\/usu1595\/2025\/11\/3-1024x724.jpg\" alt=\"\" class=\"wp-image-22250\" style=\"width:307px;height:auto\" srcset=\"https:\/\/agora.xtec.cat\/escbusquetsipunset\/wp-content\/uploads\/usu1595\/2025\/11\/3-1024x724.jpg 1024w, https:\/\/agora.xtec.cat\/escbusquetsipunset\/wp-content\/uploads\/usu1595\/2025\/11\/3-300x212.jpg 300w, https:\/\/agora.xtec.cat\/escbusquetsipunset\/wp-content\/uploads\/usu1595\/2025\/11\/3-768x543.jpg 768w, https:\/\/agora.xtec.cat\/escbusquetsipunset\/wp-content\/uploads\/usu1595\/2025\/11\/3-1536x1086.jpg 1536w, https:\/\/agora.xtec.cat\/escbusquetsipunset\/wp-content\/uploads\/usu1595\/2025\/11\/3.jpg 1750w\" sizes=\"auto, (max-width: 1024px) 100vw, 1024px\" \/><\/a><\/figure>\n\n\n\n<p><strong>Llum i foscor<\/strong>: Experimentem amb taules de llum, llanternes, projeccions i diferents materials per jugar amb els contrastos, els colors i les formes. Un espai m\u00e0gic que desperta la curiositat.<\/p>\n\n\n\n<figure class=\"wp-block-image aligncenter size-large is-resized\"><a href=\"https:\/\/agora.xtec.cat\/escbusquetsipunset\/wp-content\/uploads\/usu1595\/2025\/11\/6.jpg\"><img loading=\"lazy\" decoding=\"async\" width=\"1024\" height=\"724\" src=\"https:\/\/agora.xtec.cat\/escbusquetsipunset\/wp-content\/uploads\/usu1595\/2025\/11\/6-1024x724.jpg\" alt=\"\" class=\"wp-image-22248\" style=\"width:306px;height:auto\" srcset=\"https:\/\/agora.xtec.cat\/escbusquetsipunset\/wp-content\/uploads\/usu1595\/2025\/11\/6-1024x724.jpg 1024w, https:\/\/agora.xtec.cat\/escbusquetsipunset\/wp-content\/uploads\/usu1595\/2025\/11\/6-300x212.jpg 300w, https:\/\/agora.xtec.cat\/escbusquetsipunset\/wp-content\/uploads\/usu1595\/2025\/11\/6-768x543.jpg 768w, https:\/\/agora.xtec.cat\/escbusquetsipunset\/wp-content\/uploads\/usu1595\/2025\/11\/6-1536x1086.jpg 1536w, https:\/\/agora.xtec.cat\/escbusquetsipunset\/wp-content\/uploads\/usu1595\/2025\/11\/6.jpg 1750w\" sizes=\"auto, (max-width: 1024px) 100vw, 1024px\" \/><\/a><\/figure>\n\n\n\n<p><strong>Dins d\u2019un conte<\/strong>: Aquest espai ens obre un m\u00f3n de fantasia on els infants poden ser el seu personatge favorit, crear protagonistes \u00fanics o representar hist\u00f2ries pr\u00f2pies. Amb disfresses, titelles i llibres creatius, s\u2019endinsen en un univers m\u00e0gic ple d\u2019il\u00b7lusi\u00f3 on els somnis es fan realitat.<\/p>\n\n\n\n<figure class=\"wp-block-image aligncenter size-large is-resized\"><a href=\"https:\/\/agora.xtec.cat\/escbusquetsipunset\/wp-content\/uploads\/usu1595\/2025\/11\/dinsconte.jpg\"><img loading=\"lazy\" decoding=\"async\" width=\"1024\" height=\"724\" src=\"https:\/\/agora.xtec.cat\/escbusquetsipunset\/wp-content\/uploads\/usu1595\/2025\/11\/dinsconte-1024x724.jpg\" alt=\"\" class=\"wp-image-22264\" style=\"width:318px;height:auto\" srcset=\"https:\/\/agora.xtec.cat\/escbusquetsipunset\/wp-content\/uploads\/usu1595\/2025\/11\/dinsconte-1024x724.jpg 1024w, https:\/\/agora.xtec.cat\/escbusquetsipunset\/wp-content\/uploads\/usu1595\/2025\/11\/dinsconte-300x212.jpg 300w, https:\/\/agora.xtec.cat\/escbusquetsipunset\/wp-content\/uploads\/usu1595\/2025\/11\/dinsconte-768x543.jpg 768w, https:\/\/agora.xtec.cat\/escbusquetsipunset\/wp-content\/uploads\/usu1595\/2025\/11\/dinsconte-1536x1086.jpg 1536w, https:\/\/agora.xtec.cat\/escbusquetsipunset\/wp-content\/uploads\/usu1595\/2025\/11\/dinsconte.jpg 2000w\" sizes=\"auto, (max-width: 1024px) 100vw, 1024px\" \/><\/a><\/figure>\n\n\n\n<p><\/p>\n\n\n\n<p>Els espais d\u2019aprenentatge s\u00f3n molt m\u00e9s que racons: s\u00f3n llocs on els infants <strong>creixen com a persones<\/strong>, aprenen a conviure, a prendre decisions, a expressar-se i a descobrir el m\u00f3n amb curiositat i alegria. Una manera d\u2019aprendre que posa al centre el joc, l\u2019autonomia i el benestar.<\/p>\n\n\n\n<p>Per veure tots els articles relacionats amb <strong>Espais<\/strong> feu clic <a href=\"https:\/\/agora.xtec.cat\/escbusquetsipunset\/?s=ESPAIS\">AQU\u00cd<\/a><\/p>\n\n\n\n<p><\/p>\n","protected":false},"excerpt":{"rendered":"<p>Espais d\u2019Aprenentatge a Infantil: cr\u00e9ixer jugant, explorant i descobrint Els espais d\u2019aprenentatge s\u00f3n una manera d\u2019organitzar l\u2019aula que situa l\u2019infant al centre del seu propi proc\u00e9s educatiu. Des del joc, la investigaci\u00f3 i les relacions amb els altres, els nens i les nenes exploren, trien, imaginen i resolen reptes significatius. Tal com recull el Curr\u00edculum [&hellip;]<\/p>\n","protected":false},"author":1,"featured_media":0,"parent":0,"menu_order":0,"comment_status":"closed","ping_status":"close","template":"","meta":{"_bbp_topic_count":0,"_bbp_reply_count":0,"_bbp_total_topic_count":0,"_bbp_total_reply_count":0,"_bbp_voice_count":0,"_bbp_anonymous_reply_count":0,"_bbp_topic_count_hidden":0,"_bbp_reply_count_hidden":0,"_bbp_forum_subforum_count":0,"site-sidebar-layout":"default","site-content-layout":"","ast-site-content-layout":"default","site-content-style":"default","site-sidebar-style":"default","ast-global-header-display":"","ast-banner-title-visibility":"","ast-main-header-display":"","ast-hfb-above-header-display":"","ast-hfb-below-header-display":"","ast-hfb-mobile-header-display":"","site-post-title":"","ast-breadcrumbs-content":"","ast-featured-img":"","footer-sml-layout":"","theme-transparent-header-meta":"","adv-header-id-meta":"","stick-header-meta":"","header-above-stick-meta":"","header-main-stick-meta":"","header-below-stick-meta":"","astra-migrate-meta-layouts":"set","ast-page-background-enabled":"default","ast-page-background-meta":{"desktop":{"background-color":"var(--ast-global-color-4)","background-image":"","background-repeat":"repeat","background-position":"center center","background-size":"auto","background-attachment":"scroll","background-type":"","background-media":"","overlay-type":"","overlay-color":"","overlay-opacity":"","overlay-gradient":""},"tablet":{"background-color":"","background-image":"","background-repeat":"repeat","background-position":"center center","background-size":"auto","background-attachment":"scroll","background-type":"","background-media":"","overlay-type":"","overlay-color":"","overlay-opacity":"","overlay-gradient":""},"mobile":{"background-color":"","background-image":"","background-repeat":"repeat","background-position":"center center","background-size":"auto","background-attachment":"scroll","background-type":"","background-media":"","overlay-type":"","overlay-color":"","overlay-opacity":"","overlay-gradient":""}},"ast-content-background-meta":{"desktop":{"background-color":"var(--ast-global-color-5)","background-image":"","background-repeat":"repeat","background-position":"center center","background-size":"auto","background-attachment":"scroll","background-type":"","background-media":"","overlay-type":"","overlay-color":"","overlay-opacity":"","overlay-gradient":""},"tablet":{"background-color":"var(--ast-global-color-5)","background-image":"","background-repeat":"repeat","background-position":"center center","background-size":"auto","background-attachment":"scroll","background-type":"","background-media":"","overlay-type":"","overlay-color":"","overlay-opacity":"","overlay-gradient":""},"mobile":{"background-color":"var(--ast-global-color-5)","background-image":"","background-repeat":"repeat","background-position":"center center","background-size":"auto","background-attachment":"scroll","background-type":"","background-media":"","overlay-type":"","overlay-color":"","overlay-opacity":"","overlay-gradient":""}},"footnotes":""},"class_list":["post-22240","page","type-page","status-publish","hentry"],"post_mailing_queue_ids":[],"_links":{"self":[{"href":"https:\/\/agora.xtec.cat\/escbusquetsipunset\/wp-json\/wp\/v2\/pages\/22240","targetHints":{"allow":["GET"]}}],"collection":[{"href":"https:\/\/agora.xtec.cat\/escbusquetsipunset\/wp-json\/wp\/v2\/pages"}],"about":[{"href":"https:\/\/agora.xtec.cat\/escbusquetsipunset\/wp-json\/wp\/v2\/types\/page"}],"author":[{"embeddable":true,"href":"https:\/\/agora.xtec.cat\/escbusquetsipunset\/wp-json\/wp\/v2\/users\/1"}],"replies":[{"embeddable":true,"href":"https:\/\/agora.xtec.cat\/escbusquetsipunset\/wp-json\/wp\/v2\/comments?post=22240"}],"version-history":[{"count":6,"href":"https:\/\/agora.xtec.cat\/escbusquetsipunset\/wp-json\/wp\/v2\/pages\/22240\/revisions"}],"predecessor-version":[{"id":22267,"href":"https:\/\/agora.xtec.cat\/escbusquetsipunset\/wp-json\/wp\/v2\/pages\/22240\/revisions\/22267"}],"wp:attachment":[{"href":"https:\/\/agora.xtec.cat\/escbusquetsipunset\/wp-json\/wp\/v2\/media?parent=22240"}],"curies":[{"name":"wp","href":"https:\/\/api.w.org\/{rel}","templated":true}]}}