{"id":21476,"date":"2025-02-06T11:43:08","date_gmt":"2025-02-06T10:43:08","guid":{"rendered":"https:\/\/agora.xtec.cat\/escbusquetsipunset\/?page_id=21476"},"modified":"2025-02-06T13:01:48","modified_gmt":"2025-02-06T12:01:48","slug":"naturalitzacio-del-pati","status":"publish","type":"page","link":"https:\/\/agora.xtec.cat\/escbusquetsipunset\/naturalitzacio-del-pati\/","title":{"rendered":"Naturalitzaci\u00f3 del Pati"},"content":{"rendered":"<p>El pati de la nostra escola \u00e9s un espai sense verd, amb un d\u00e8ficit important d\u2019ombra i poc confortable per la seva duresa i l&#8217;exc\u00e9s de ciment. Per aquest motiu l&#8217;any 2019 es va posar en marxa un programa de treball amb la comunitat educativa (mestres, alumnat i fam\u00edlies), els t\u00e8cnics municipals i d\u2019acord amb el Departament d\u2019Ensenyament de la Generalitat de Catalunya, per generar un document marc des d\u2019on desenvolupar les actuacions particulars per Naturalitzar el pati de la nostra Escola.<\/p>\n<p>L\u2019objecte del projecte es basava en tres premisses. D\u2019una banda, fer del pati de l\u2019escola un lloc d\u2019aprenentatge, una extensi\u00f3 de les aules. D&#8217;altra banda, aconseguir fer del pati un espai de biodiversitat, m\u00e9s tou, amb arbres que proporcionin ombra, amb esp\u00e8cies que afavoreixin la qualitat de l\u2019aire, fent un espai saludable a l\u2019escola. I finalment, obrir el pati a la ciutadania, apropant el verd al ciutad\u00e0 i fent-lo part\u00edcip de la xarxa de refugis clim\u00e0tics de l&#8217;Ajuntament.<\/p>\n<p>Per fer realitat el Projecte el primer pas va ser que la comunitat educativa (alumnat, mestres i fam\u00edlies) imagin\u00e9ssim com seria el nostre pati ideal i f\u00e9ssim propostes. (<a href=\"https:\/\/drive.google.com\/file\/d\/18DYspEtmhAAkzfaGs5nj06-2aNO8zzWS\/view?usp=sharing\" target=\"_blank\" rel=\"noopener\">Recull propostes alumnat<\/a>)<\/p>\n<p>Ho vam fer per nivells i van ser els grans de l&#8217;Escola, l&#8217;alumnat de sis\u00e8, qui es va encarregar de fer una s\u00edntesi de totes les idees recollides i van preparar un document per definir, junt amb una empresa especialitzada en gesti\u00f3 i disseny de patis escolars, com vol\u00edem que fos el nostre pati.<\/p>\n<p>M\u00e9s endavant vam tenir reunions amb els t\u00e8cnics per definir qu\u00e8 era possible i qu\u00e8 no i acabar de pactar el Projecte Definitiu.<\/p>\n<p>Ara, gaireb\u00e9 sis anys m\u00e9s tard ja est\u00e0 el Projecte de Naturalitzaci\u00f3 de Pati definit i, si tot va b\u00e9, al llarg d&#8217;aquest any 2025 comen\u00e7aran les obres.<\/p>\n<p>Compartim amb vosaltres <a href=\"https:\/\/drive.google.com\/file\/d\/15e5BYoTuVlHf0iB8FWzR5cw_peTBELQs\/view?usp=sharing\" target=\"_blank\" rel=\"noopener\">els pl\u00e0nols del Projecte<\/a> i una <a href=\"https:\/\/drive.google.com\/file\/d\/1JIvlvConiVrN90cobKJDIKKRWR9SvK41\/view?usp=sharing\" target=\"_blank\" rel=\"noopener\">imatge<\/a> per a qu\u00e8 veieu com ser\u00e0 el nostre Pati.<\/p>\n<p><!--a=1--><\/p>\n<p><!--a=1--><\/p>\n<p><!--a=1--><\/p>\n<p><!--a=1--><\/p>\n","protected":false},"excerpt":{"rendered":"<p>El pati de la nostra escola \u00e9s un espai sense verd, amb un d\u00e8ficit important d\u2019ombra i poc confortable per la seva duresa i l&#8217;exc\u00e9s de ciment. Per aquest motiu l&#8217;any 2019 es va posar en marxa un programa de treball amb la comunitat educativa (mestres, alumnat i fam\u00edlies), els t\u00e8cnics municipals i d\u2019acord amb [&hellip;]<\/p>\n","protected":false},"author":1,"featured_media":0,"parent":0,"menu_order":0,"comment_status":"closed","ping_status":"closed","template":"","meta":{"_bbp_topic_count":0,"_bbp_reply_count":0,"_bbp_total_topic_count":0,"_bbp_total_reply_count":0,"_bbp_voice_count":0,"_bbp_anonymous_reply_count":0,"_bbp_topic_count_hidden":0,"_bbp_reply_count_hidden":0,"_bbp_forum_subforum_count":0,"site-sidebar-layout":"default","site-content-layout":"","ast-site-content-layout":"","site-content-style":"default","site-sidebar-style":"default","ast-global-header-display":"","ast-banner-title-visibility":"","ast-main-header-display":"","ast-hfb-above-header-display":"","ast-hfb-below-header-display":"","ast-hfb-mobile-header-display":"","site-post-title":"","ast-breadcrumbs-content":"","ast-featured-img":"","footer-sml-layout":"","theme-transparent-header-meta":"","adv-header-id-meta":"","stick-header-meta":"","header-above-stick-meta":"","header-main-stick-meta":"","header-below-stick-meta":"","astra-migrate-meta-layouts":"default","ast-page-background-enabled":"default","ast-page-background-meta":{"desktop":{"background-color":"var(--ast-global-color-4)","background-image":"","background-repeat":"repeat","background-position":"center center","background-size":"auto","background-attachment":"scroll","background-type":"","background-media":"","overlay-type":"","overlay-color":"","overlay-opacity":"","overlay-gradient":""},"tablet":{"background-color":"","background-image":"","background-repeat":"repeat","background-position":"center center","background-size":"auto","background-attachment":"scroll","background-type":"","background-media":"","overlay-type":"","overlay-color":"","overlay-opacity":"","overlay-gradient":""},"mobile":{"background-color":"","background-image":"","background-repeat":"repeat","background-position":"center center","background-size":"auto","background-attachment":"scroll","background-type":"","background-media":"","overlay-type":"","overlay-color":"","overlay-opacity":"","overlay-gradient":""}},"ast-content-background-meta":{"desktop":{"background-color":"var(--ast-global-color-5)","background-image":"","background-repeat":"repeat","background-position":"center center","background-size":"auto","background-attachment":"scroll","background-type":"","background-media":"","overlay-type":"","overlay-color":"","overlay-opacity":"","overlay-gradient":""},"tablet":{"background-color":"var(--ast-global-color-5)","background-image":"","background-repeat":"repeat","background-position":"center center","background-size":"auto","background-attachment":"scroll","background-type":"","background-media":"","overlay-type":"","overlay-color":"","overlay-opacity":"","overlay-gradient":""},"mobile":{"background-color":"var(--ast-global-color-5)","background-image":"","background-repeat":"repeat","background-position":"center center","background-size":"auto","background-attachment":"scroll","background-type":"","background-media":"","overlay-type":"","overlay-color":"","overlay-opacity":"","overlay-gradient":""}},"footnotes":""},"class_list":["post-21476","page","type-page","status-publish","hentry"],"post_mailing_queue_ids":[],"_links":{"self":[{"href":"https:\/\/agora.xtec.cat\/escbusquetsipunset\/wp-json\/wp\/v2\/pages\/21476","targetHints":{"allow":["GET"]}}],"collection":[{"href":"https:\/\/agora.xtec.cat\/escbusquetsipunset\/wp-json\/wp\/v2\/pages"}],"about":[{"href":"https:\/\/agora.xtec.cat\/escbusquetsipunset\/wp-json\/wp\/v2\/types\/page"}],"author":[{"embeddable":true,"href":"https:\/\/agora.xtec.cat\/escbusquetsipunset\/wp-json\/wp\/v2\/users\/1"}],"replies":[{"embeddable":true,"href":"https:\/\/agora.xtec.cat\/escbusquetsipunset\/wp-json\/wp\/v2\/comments?post=21476"}],"version-history":[{"count":5,"href":"https:\/\/agora.xtec.cat\/escbusquetsipunset\/wp-json\/wp\/v2\/pages\/21476\/revisions"}],"predecessor-version":[{"id":21484,"href":"https:\/\/agora.xtec.cat\/escbusquetsipunset\/wp-json\/wp\/v2\/pages\/21476\/revisions\/21484"}],"wp:attachment":[{"href":"https:\/\/agora.xtec.cat\/escbusquetsipunset\/wp-json\/wp\/v2\/media?parent=21476"}],"curies":[{"name":"wp","href":"https:\/\/api.w.org\/{rel}","templated":true}]}}