{"id":20942,"date":"2024-04-24T08:15:51","date_gmt":"2024-04-24T06:15:51","guid":{"rendered":"https:\/\/agora.xtec.cat\/escbusquetsipunset\/?page_id=20942"},"modified":"2026-01-28T16:50:38","modified_gmt":"2026-01-28T15:50:38","slug":"informacions-consell-escolar","status":"publish","type":"page","link":"https:\/\/agora.xtec.cat\/escbusquetsipunset\/lescola\/consell-escolar\/informacions-consell-escolar\/","title":{"rendered":"Informacions Consell Escolar"},"content":{"rendered":"<p>Benvolgudes fam\u00edlies,<\/p>\n<p>En aquest espai anirem penjant els resums dels temes tractats en cada sessi\u00f3 de Consell Escolar convocada amb la intenci\u00f3 que tota la Comunitat Educativa tingui acc\u00e9s a la informaci\u00f3 i que sigui de domini p\u00fablic.<\/p>\n<hr \/>\n<table style=\"border-collapse: collapse; width: 31.0109%; height: 367px;\">\n<tbody>\n<tr style=\"height: 31px;\">\n<th style=\"width: 49.7326%; background-color: #9fd1c5; border-color: #046951; border-style: solid; text-align: center; vertical-align: middle; height: 31px;\"><strong>CURS 2024-2025<\/strong><\/th>\n<th style=\"width: 49.7326%; background-color: #9fd1c5; border-color: #046951; border-style: solid; text-align: center; vertical-align: middle;\"><strong>CURS 2025-2026<\/strong><\/th>\n<\/tr>\n<tr style=\"height: 31px;\">\n<th style=\"width: 49.7326%; text-align: center; vertical-align: middle; border-color: #046951; border-style: solid; height: 31px;\">\n<pre><a href=\"https:\/\/drive.google.com\/file\/d\/1RnxM75wqwA3d4DxW8LVfjMATQOJvU9cE\/view?usp=sharing\" target=\"_blank\" rel=\"noopener\"><em>CE01-24-25<\/em><\/a><\/pre>\n<\/th>\n<th style=\"width: 49.7326%; vertical-align: middle; border-color: #046951; border-style: solid; text-align: center;\">\n<pre><a href=\"https:\/\/drive.google.com\/file\/d\/1vZ2TdSt3eNk7aLKC00PEPqeR9YW4ErqP\/view?usp=sharing\" target=\"_blank\" rel=\"noopener\"><em>CE01-25-26<\/em><\/a><\/pre>\n<\/th>\n<\/tr>\n<tr style=\"height: 31px;\">\n<th style=\"width: 49.7326%; text-align: center; vertical-align: middle; border-color: #046951; border-style: solid; height: 31px;\">\n<pre><a href=\"https:\/\/drive.google.com\/file\/d\/19eyN9H8JhnRRhWRWQ7UsbHz4Y6gCWgWM\/view?usp=sharing\" target=\"_blank\" rel=\"noopener\"><em>CE02-24-25<\/em><\/a><\/pre>\n<\/th>\n<th style=\"width: 49.7326%; text-align: center; vertical-align: middle; border-color: #046951; border-style: solid;\">\n<pre><a href=\"https:\/\/drive.google.com\/file\/d\/1j5dfc33EoGBekTXyljXDc1nTVhAWWeJJ\/view?usp=sharing\" target=\"_blank\" rel=\"noopener\"><em>CE02-25-26<\/em><\/a><\/pre>\n<\/th>\n<\/tr>\n<tr style=\"height: 31px;\">\n<th style=\"width: 49.7326%; text-align: center; vertical-align: middle; border-color: #046951; border-style: solid; height: 31px;\">\n<pre><a href=\"https:\/\/drive.google.com\/file\/d\/1kAA8W4EHSzbJig1a83J1C2RT4aLSVLdW\/view?usp=sharing\" target=\"_blank\" rel=\"noopener\"><em>CE03-24-25<\/em><\/a><\/pre>\n<\/th>\n<th style=\"width: 49.7326%; text-align: center; vertical-align: middle; border-color: #046951; border-style: solid;\">\n<pre><em><a href=\"https:\/\/drive.google.com\/file\/d\/1xu5fYtIYx-XrYkug8cmOn9rtvyi0nDkb\/view?usp=sharing\" target=\"_blank\" rel=\"noopener\">CE03-25-26<\/a><\/em><\/pre>\n<\/th>\n<\/tr>\n<tr style=\"height: 30px;\">\n<th style=\"width: 49.7326%; text-align: center; vertical-align: middle; border-color: #046951; border-style: solid; height: 30px;\">\n<pre><a href=\"https:\/\/drive.google.com\/file\/d\/17GclOfVyg_XvltERdcVONLCK9_j-kFGx\/view?usp=sharing\" target=\"_blank\" rel=\"noopener\"><em>CE04-24-25<\/em><\/a><\/pre>\n<\/th>\n<th style=\"width: 49.7326%; text-align: center; vertical-align: middle; border-color: #046951; border-style: solid;\"><em>\u00a0<\/em><\/th>\n<\/tr>\n<tr style=\"height: 30px;\">\n<th style=\"width: 49.7326%; text-align: center; vertical-align: middle; border-color: #046951; border-style: solid; height: 30px;\">\n<pre><a href=\"https:\/\/drive.google.com\/file\/d\/1R90bFjKeEqKpksvEPzsTOkdOgfBcJrOs\/view?usp=sharing\" target=\"_blank\" rel=\"noopener\"><em>CE05-24-25<\/em><\/a><\/pre>\n<\/th>\n<th style=\"width: 49.7326%; text-align: center; vertical-align: middle; border-color: #046951; border-style: solid;\"><em>\u00a0<\/em><\/th>\n<\/tr>\n<tr style=\"height: 30px;\">\n<th style=\"width: 49.7326%; text-align: center; vertical-align: middle; border-color: #046951; border-style: solid; height: 30px;\">\n<pre><a href=\"https:\/\/drive.google.com\/file\/d\/1shfeG94cwguwHKBkyOsxBW6YAhPRXBID\/view?usp=sharing\" target=\"_blank\" rel=\"noopener\"><em>CE06-24-25<\/em><\/a><\/pre>\n<\/th>\n<th style=\"width: 49.7326%; text-align: center; vertical-align: middle; border-color: #046951; border-style: solid;\"><em>\u00a0<\/em><\/th>\n<\/tr>\n<\/tbody>\n<\/table>\n","protected":false},"excerpt":{"rendered":"<p>Benvolgudes fam\u00edlies, En aquest espai anirem penjant els resums dels temes tractats en cada sessi\u00f3 de Consell Escolar convocada amb la intenci\u00f3 que tota la Comunitat Educativa tingui acc\u00e9s a la informaci\u00f3 i que sigui de domini p\u00fablic. CURS 2024-2025 CURS 2025-2026 CE01-24-25 CE01-25-26 CE02-24-25 CE02-25-26 CE03-24-25 CE03-25-26 CE04-24-25 \u00a0 CE05-24-25 \u00a0 CE06-24-25 \u00a0<\/p>\n","protected":false},"author":1,"featured_media":0,"parent":28,"menu_order":0,"comment_status":"closed","ping_status":"closed","template":"","meta":{"_bbp_topic_count":0,"_bbp_reply_count":0,"_bbp_total_topic_count":0,"_bbp_total_reply_count":0,"_bbp_voice_count":0,"_bbp_anonymous_reply_count":0,"_bbp_topic_count_hidden":0,"_bbp_reply_count_hidden":0,"_bbp_forum_subforum_count":0,"site-sidebar-layout":"default","site-content-layout":"","ast-site-content-layout":"default","site-content-style":"default","site-sidebar-style":"default","ast-global-header-display":"","ast-banner-title-visibility":"","ast-main-header-display":"","ast-hfb-above-header-display":"","ast-hfb-below-header-display":"","ast-hfb-mobile-header-display":"","site-post-title":"","ast-breadcrumbs-content":"","ast-featured-img":"","footer-sml-layout":"","theme-transparent-header-meta":"","adv-header-id-meta":"","stick-header-meta":"","header-above-stick-meta":"","header-main-stick-meta":"","header-below-stick-meta":"","astra-migrate-meta-layouts":"set","ast-page-background-enabled":"default","ast-page-background-meta":{"desktop":{"background-color":"var(--ast-global-color-4)","background-image":"","background-repeat":"repeat","background-position":"center center","background-size":"auto","background-attachment":"scroll","background-type":"","background-media":"","overlay-type":"","overlay-color":"","overlay-opacity":"","overlay-gradient":""},"tablet":{"background-color":"","background-image":"","background-repeat":"repeat","background-position":"center center","background-size":"auto","background-attachment":"scroll","background-type":"","background-media":"","overlay-type":"","overlay-color":"","overlay-opacity":"","overlay-gradient":""},"mobile":{"background-color":"","background-image":"","background-repeat":"repeat","background-position":"center center","background-size":"auto","background-attachment":"scroll","background-type":"","background-media":"","overlay-type":"","overlay-color":"","overlay-opacity":"","overlay-gradient":""}},"ast-content-background-meta":{"desktop":{"background-color":"var(--ast-global-color-5)","background-image":"","background-repeat":"repeat","background-position":"center center","background-size":"auto","background-attachment":"scroll","background-type":"","background-media":"","overlay-type":"","overlay-color":"","overlay-opacity":"","overlay-gradient":""},"tablet":{"background-color":"var(--ast-global-color-5)","background-image":"","background-repeat":"repeat","background-position":"center center","background-size":"auto","background-attachment":"scroll","background-type":"","background-media":"","overlay-type":"","overlay-color":"","overlay-opacity":"","overlay-gradient":""},"mobile":{"background-color":"var(--ast-global-color-5)","background-image":"","background-repeat":"repeat","background-position":"center center","background-size":"auto","background-attachment":"scroll","background-type":"","background-media":"","overlay-type":"","overlay-color":"","overlay-opacity":"","overlay-gradient":""}},"footnotes":""},"class_list":["post-20942","page","type-page","status-publish","hentry"],"post_mailing_queue_ids":[],"_links":{"self":[{"href":"https:\/\/agora.xtec.cat\/escbusquetsipunset\/wp-json\/wp\/v2\/pages\/20942","targetHints":{"allow":["GET"]}}],"collection":[{"href":"https:\/\/agora.xtec.cat\/escbusquetsipunset\/wp-json\/wp\/v2\/pages"}],"about":[{"href":"https:\/\/agora.xtec.cat\/escbusquetsipunset\/wp-json\/wp\/v2\/types\/page"}],"author":[{"embeddable":true,"href":"https:\/\/agora.xtec.cat\/escbusquetsipunset\/wp-json\/wp\/v2\/users\/1"}],"replies":[{"embeddable":true,"href":"https:\/\/agora.xtec.cat\/escbusquetsipunset\/wp-json\/wp\/v2\/comments?post=20942"}],"version-history":[{"count":6,"href":"https:\/\/agora.xtec.cat\/escbusquetsipunset\/wp-json\/wp\/v2\/pages\/20942\/revisions"}],"predecessor-version":[{"id":22442,"href":"https:\/\/agora.xtec.cat\/escbusquetsipunset\/wp-json\/wp\/v2\/pages\/20942\/revisions\/22442"}],"up":[{"embeddable":true,"href":"https:\/\/agora.xtec.cat\/escbusquetsipunset\/wp-json\/wp\/v2\/pages\/28"}],"wp:attachment":[{"href":"https:\/\/agora.xtec.cat\/escbusquetsipunset\/wp-json\/wp\/v2\/media?parent=20942"}],"curies":[{"name":"wp","href":"https:\/\/api.w.org\/{rel}","templated":true}]}}