{"id":20308,"date":"2023-06-08T08:52:01","date_gmt":"2023-06-08T06:52:01","guid":{"rendered":"https:\/\/agora.xtec.cat\/escbusquetsipunset\/?page_id=20308"},"modified":"2023-06-14T08:53:01","modified_gmt":"2023-06-14T06:53:01","slug":"la-musica-a-lescola","status":"publish","type":"page","link":"https:\/\/agora.xtec.cat\/escbusquetsipunset\/linia-pedagogica\/la-musica-a-lescola\/","title":{"rendered":"La m\u00fasica a l&#8217;escola"},"content":{"rendered":"<p>La m\u00fasica a l&#8217;escola sempre t\u00e9 un lloc especial i cada any fem diferents projectes on l&#8217;alumnat t\u00e9 l&#8217;oportunitat de participar-hi.<\/p>\n<p>Aquest any les activitats proposades han estat:<\/p>\n<p>El projecte <strong>MUSICAL SUMMER CAMP. <\/strong>On l&#8217;alumnat de cinqu\u00e8 han estat aprenent les can\u00e7ons i les coreografies d\u2019aquest musical que han interpretat amb d\u2019altres escoles al Teatre Alian\u00e7a del Poblenou, ha estat una gran experi\u00e8ncia.<\/p>\n<p>L&#8217;activitat del <strong>TOCA-TOCA<\/strong> per l&#8217;alumnat de quart on treballen la percussi\u00f3 corporal.<\/p>\n<p><strong>Donem la llauna<\/strong> que ha participat l&#8217;alumnat de tercer que han creat els seus propis instruments.<\/p>\n<p>L&#8217;activitat <strong>La Clika<\/strong> amb l&#8217;alumnat de segon de prim\u00e0ria al Teatre Joventut de L&#8217;Hospitalet.<\/p>\n<p>Les<strong> danses<\/strong> de primer de prim\u00e0ria a l&#8217;Estadi de futbol de L\u2019Hospitalet.<\/p>\n<p>Tots aquest projectes es fan conjuntament amb altres escoles i estan organitzats per la Casa de la M\u00fasica d&#8217;Hospitalet de Llobregat.<\/p>\n<p>&nbsp;<\/p>\n<p><a href=\"https:\/\/agora.xtec.cat\/escbusquetsipunset\/wp-content\/uploads\/usu1595\/2023\/06\/baixa-1.jpg\"><img loading=\"lazy\" decoding=\"async\" class=\"aligncenter size-full wp-image-20310\" src=\"https:\/\/agora.xtec.cat\/escbusquetsipunset\/wp-content\/uploads\/usu1595\/2023\/06\/baixa-1.jpg\" alt=\"\" width=\"225\" height=\"225\" srcset=\"https:\/\/agora.xtec.cat\/escbusquetsipunset\/wp-content\/uploads\/usu1595\/2023\/06\/baixa-1.jpg 225w, https:\/\/agora.xtec.cat\/escbusquetsipunset\/wp-content\/uploads\/usu1595\/2023\/06\/baixa-1-150x150.jpg 150w\" sizes=\"auto, (max-width: 225px) 100vw, 225px\" \/><\/a><\/p>\n","protected":false},"excerpt":{"rendered":"<p>La m\u00fasica a l&#8217;escola sempre t\u00e9 un lloc especial i cada any fem diferents projectes on l&#8217;alumnat t\u00e9 l&#8217;oportunitat de participar-hi. Aquest any les activitats proposades han estat: El projecte MUSICAL SUMMER CAMP. On l&#8217;alumnat de cinqu\u00e8 han estat aprenent les can\u00e7ons i les coreografies d\u2019aquest musical que han interpretat amb d\u2019altres escoles al Teatre [&hellip;]<\/p>\n","protected":false},"author":1,"featured_media":0,"parent":20276,"menu_order":0,"comment_status":"closed","ping_status":"closed","template":"","meta":{"_bbp_topic_count":0,"_bbp_reply_count":0,"_bbp_total_topic_count":0,"_bbp_total_reply_count":0,"_bbp_voice_count":0,"_bbp_anonymous_reply_count":0,"_bbp_topic_count_hidden":0,"_bbp_reply_count_hidden":0,"_bbp_forum_subforum_count":0,"site-sidebar-layout":"default","site-content-layout":"","ast-site-content-layout":"","site-content-style":"default","site-sidebar-style":"default","ast-global-header-display":"","ast-banner-title-visibility":"","ast-main-header-display":"","ast-hfb-above-header-display":"","ast-hfb-below-header-display":"","ast-hfb-mobile-header-display":"","site-post-title":"","ast-breadcrumbs-content":"","ast-featured-img":"","footer-sml-layout":"","theme-transparent-header-meta":"","adv-header-id-meta":"","stick-header-meta":"","header-above-stick-meta":"","header-main-stick-meta":"","header-below-stick-meta":"","astra-migrate-meta-layouts":"default","ast-page-background-enabled":"default","ast-page-background-meta":{"desktop":{"background-color":"var(--ast-global-color-4)","background-image":"","background-repeat":"repeat","background-position":"center center","background-size":"auto","background-attachment":"scroll","background-type":"","background-media":"","overlay-type":"","overlay-color":"","overlay-opacity":"","overlay-gradient":""},"tablet":{"background-color":"","background-image":"","background-repeat":"repeat","background-position":"center center","background-size":"auto","background-attachment":"scroll","background-type":"","background-media":"","overlay-type":"","overlay-color":"","overlay-opacity":"","overlay-gradient":""},"mobile":{"background-color":"","background-image":"","background-repeat":"repeat","background-position":"center center","background-size":"auto","background-attachment":"scroll","background-type":"","background-media":"","overlay-type":"","overlay-color":"","overlay-opacity":"","overlay-gradient":""}},"ast-content-background-meta":{"desktop":{"background-color":"var(--ast-global-color-5)","background-image":"","background-repeat":"repeat","background-position":"center center","background-size":"auto","background-attachment":"scroll","background-type":"","background-media":"","overlay-type":"","overlay-color":"","overlay-opacity":"","overlay-gradient":""},"tablet":{"background-color":"var(--ast-global-color-5)","background-image":"","background-repeat":"repeat","background-position":"center center","background-size":"auto","background-attachment":"scroll","background-type":"","background-media":"","overlay-type":"","overlay-color":"","overlay-opacity":"","overlay-gradient":""},"mobile":{"background-color":"var(--ast-global-color-5)","background-image":"","background-repeat":"repeat","background-position":"center center","background-size":"auto","background-attachment":"scroll","background-type":"","background-media":"","overlay-type":"","overlay-color":"","overlay-opacity":"","overlay-gradient":""}},"footnotes":""},"class_list":["post-20308","page","type-page","status-publish","hentry"],"post_mailing_queue_ids":[],"_links":{"self":[{"href":"https:\/\/agora.xtec.cat\/escbusquetsipunset\/wp-json\/wp\/v2\/pages\/20308","targetHints":{"allow":["GET"]}}],"collection":[{"href":"https:\/\/agora.xtec.cat\/escbusquetsipunset\/wp-json\/wp\/v2\/pages"}],"about":[{"href":"https:\/\/agora.xtec.cat\/escbusquetsipunset\/wp-json\/wp\/v2\/types\/page"}],"author":[{"embeddable":true,"href":"https:\/\/agora.xtec.cat\/escbusquetsipunset\/wp-json\/wp\/v2\/users\/1"}],"replies":[{"embeddable":true,"href":"https:\/\/agora.xtec.cat\/escbusquetsipunset\/wp-json\/wp\/v2\/comments?post=20308"}],"version-history":[{"count":2,"href":"https:\/\/agora.xtec.cat\/escbusquetsipunset\/wp-json\/wp\/v2\/pages\/20308\/revisions"}],"predecessor-version":[{"id":20333,"href":"https:\/\/agora.xtec.cat\/escbusquetsipunset\/wp-json\/wp\/v2\/pages\/20308\/revisions\/20333"}],"up":[{"embeddable":true,"href":"https:\/\/agora.xtec.cat\/escbusquetsipunset\/wp-json\/wp\/v2\/pages\/20276"}],"wp:attachment":[{"href":"https:\/\/agora.xtec.cat\/escbusquetsipunset\/wp-json\/wp\/v2\/media?parent=20308"}],"curies":[{"name":"wp","href":"https:\/\/api.w.org\/{rel}","templated":true}]}}