{"id":20292,"date":"2023-06-07T12:45:55","date_gmt":"2023-06-07T10:45:55","guid":{"rendered":"https:\/\/agora.xtec.cat\/escbusquetsipunset\/?page_id=20292"},"modified":"2023-06-07T12:45:55","modified_gmt":"2023-06-07T10:45:55","slug":"radio-bip","status":"publish","type":"page","link":"https:\/\/agora.xtec.cat\/escbusquetsipunset\/linia-pedagogica\/radio-bip\/","title":{"rendered":"R\u00e0dio BIP"},"content":{"rendered":"<p>Des de l&#8217;any 2021 l&#8217;alumnat de l&#8217;escola Busquets i Punset realitzem una activitat de r\u00e0dio. Anem per la segona temporada i \u00e9s tot un \u00e8xit.<\/p>\n<p>Tot va comen\u00e7ar escoltant alguns programes fets per altres escoles i escollint les seccions que formarien part del nostre Magazine setmanal. En el nostre cas, podreu escoltar seccions d&#8217;actualitat, esports, cinema, literatura, ci\u00e8ncia, jocs, meteorologia, cuina, curiositats&#8230;<\/p>\n<p style=\"text-align: center;\"><em><span style=\"font-weight: 400;\">\u201cLa r\u00e0dio, dona llum a trav\u00e9s de la veu, a un mili\u00f3 d\u2019imatges en un mili\u00f3 de cervells\u201d<\/span><\/em><\/p>\n<p>Segona temporada 2022 &#8211; 2023<\/p>\n<table style=\"height: 384px; width: 72.167%; border-collapse: collapse; background-color: #0eede6;\">\n<tbody>\n<tr style=\"height: 32px;\">\n<td style=\"width: 28.7731%; height: 32px;\"><span style=\"color: #000000;\">6\u00e8 A<\/span><\/td>\n<td style=\"width: 29.8308%; height: 32px;\"><span style=\"color: #000000;\">6\u00e8 B<\/span><\/td>\n<td style=\"width: 27.8585%; height: 32px;\"><span style=\"color: #000000;\">4t\u00a0 A i B<\/span><\/td>\n<\/tr>\n<tr style=\"background-color: #daf4f7;\">\n<td style=\"width: 28.7731%; height: 32px;\"><a href=\"https:\/\/drive.google.com\/file\/d\/11JJ9BTWs1jjZFOQCfif9itkjGMO8Ole0\/view?usp=share_link\">PROGRAMA 1<\/a><\/td>\n<td style=\"width: 29.8308%; height: 32px;\"><a href=\"https:\/\/drive.google.com\/file\/d\/1C2PrVHsmDfI_b4TWjEsHWOs_kiTdOC9Q\/view?usp=share_link\">PROGRAMA 1<\/a><\/td>\n<td style=\"width: 27.8585%; height: 32px;\"><a href=\"https:\/\/drive.google.com\/file\/d\/1MPwvaEtZ3REQVGTL97ng_pfGadjvP0Tc\/view?usp=share_link\">PROGRAMA 1<\/a><\/td>\n<\/tr>\n<tr style=\"background-color: #daf4f7;\">\n<td style=\"width: 28.7731%; height: 32px;\"><a href=\"https:\/\/drive.google.com\/file\/d\/1oloL2QFesKtG5iPUZm8QdJcj7b2qzKPx\/view?usp=share_link\">PROGRAMA 2<\/a><\/td>\n<td style=\"width: 29.8308%; height: 32px;\"><a href=\"https:\/\/drive.google.com\/file\/d\/1X5WodJS2Re-onPRjUUzkO0boAS5VRRk4\/view?usp=share_link\">PROGRAMA 2<\/a><\/td>\n<td style=\"width: 27.8585%; height: 32px;\"><a href=\"https:\/\/drive.google.com\/file\/d\/1V6R3nCVoU4t8dW5kXme9FLcpwe1rVfJN\/view?usp=share_link\">PROGRAMA 2<\/a><\/td>\n<\/tr>\n<tr style=\"background-color: #daf4f7;\">\n<td style=\"width: 28.7731%; height: 32px;\"><a href=\"https:\/\/drive.google.com\/file\/d\/1PS4Ks2ngcV82EkypSI-SYCLOVR5qW913\/view?usp=share_link\">PROGRAMA 3<\/a><\/td>\n<td style=\"width: 29.8308%; height: 32px;\"><a href=\"https:\/\/drive.google.com\/file\/d\/1inm3M9ibKNAucGAsluloBpNApiLm5H-7\/view?usp=share_link\">PROGRAMA 3<\/a><\/td>\n<td style=\"width: 27.8585%; height: 32px;\"><a href=\"https:\/\/drive.google.com\/file\/d\/1q1FRw6Kdh0AQJ5L6JkHLvQqllf0L0kaT\/view?usp=share_link\">PROGRAMA 3<\/a><\/td>\n<\/tr>\n<tr style=\"background-color: #daf4f7;\">\n<td style=\"width: 28.7731%; height: 32px;\"><a href=\"https:\/\/drive.google.com\/file\/d\/1UhFqStxEZEvi-xQq_j8EoizVC58rmh0N\/view?usp=share_link\">PROGRAMA 4<\/a><\/td>\n<td style=\"width: 29.8308%; height: 32px;\"><a href=\"https:\/\/drive.google.com\/file\/d\/10nNA9KG6GRgRuyEJDfD4aYcNa3v-25m8\/view?usp=share_link\">PROGRAMA 4<\/a><\/td>\n<td style=\"width: 27.8585%; height: 32px;\"><a href=\"https:\/\/drive.google.com\/file\/d\/1nGqOyelAm9ePU7CQFvuw-whyAwA0KZ0c\/view?usp=share_link\">PROGRAMA 4<\/a><\/td>\n<\/tr>\n<tr style=\"background-color: #daf4f7;\">\n<td style=\"width: 28.7731%; height: 32px;\"><a href=\"https:\/\/drive.google.com\/file\/d\/11xu_8rTNvpSbjKL8ykgz0TLpW3OzDdXf\/view?usp=share_link\">PROGRAMA 5<\/a><\/td>\n<td style=\"width: 29.8308%; height: 32px;\"><a href=\"https:\/\/drive.google.com\/file\/d\/10KSdzU0jCLjYXuYGD0B46dPZinqq5aOI\/view?usp=share_link\">PROGRAMA 5<\/a><\/td>\n<td style=\"width: 27.8585%; height: 32px;\"><a href=\"https:\/\/drive.google.com\/file\/d\/1wLoLCCdSPpy7NbpTRvUWQrYfXtD4RVpp\/view?usp=share_link\">PROGRAMA 5<\/a><\/td>\n<\/tr>\n<tr style=\"background-color: #daf4f7;\">\n<td style=\"width: 28.7731%; height: 32px;\"><a href=\"https:\/\/drive.google.com\/file\/d\/1fMOLxXVpDwksrW7yKeEosBwMDlyL1W7w\/view?usp=share_link\">PROGRAMA 1 CAST<\/a><\/td>\n<td style=\"width: 29.8308%; height: 32px;\"><a href=\"https:\/\/drive.google.com\/file\/d\/1uNWJZb8M1Cu-I82vblMg1i1w6bFamUSY\/view?usp=share_link\">PROGRAMA 1 CAST<\/a><\/td>\n<td style=\"width: 27.8585%; height: 32px;\"><a href=\"https:\/\/drive.google.com\/file\/d\/1VXVT-LhM9BC-j0atdU6v2nLEg_27Ctrw\/view?usp=share_link\">PROGRAMA 6<\/a><\/td>\n<\/tr>\n<tr style=\"background-color: #daf4f7;\">\n<td style=\"width: 28.7731%; height: 32px;\"><a href=\"https:\/\/drive.google.com\/file\/d\/1G5HkIOgu7xJffU7Vli1aoL3oEZ4xdrM6\/view?usp=share_link\">PROGRAMA 2 CAST<\/a><\/td>\n<td style=\"width: 29.8308%; height: 32px;\"><a href=\"https:\/\/drive.google.com\/file\/d\/1Dq4rBbykRUoDRWwiWC_zghoZL8_0Cag_\/view?usp=share_link\">PROGRAMA 2 CAST<\/a><\/td>\n<td style=\"width: 27.8585%; height: 32px;\"><a href=\"https:\/\/drive.google.com\/file\/d\/1XurpHv9CH8ik9iqOYu6CsFMoBAiE6E4H\/view?usp=share_link\">PROGRAMA 7<\/a><\/td>\n<\/tr>\n<tr style=\"background-color: #daf4f7;\">\n<td style=\"width: 28.7731%; height: 32px;\"><a href=\"https:\/\/drive.google.com\/file\/d\/1tXb3VVsJwsvsTRc_x6axNHzP8MBx3NB2\/view?usp=share_link\">PROGRAMA ESPECIAL<\/a><\/td>\n<td style=\"width: 29.8308%; height: 32px;\"><a href=\"https:\/\/drive.google.com\/file\/d\/1pOfIgIrmUXPhYdIkTngPq48lLTRrg-NG\/view?usp=share_link\">PROGRAMA ESPECIAL<\/a><\/td>\n<td style=\"width: 27.8585%; height: 32px;\"><a href=\"https:\/\/drive.google.com\/file\/d\/1KuPUQ0zZKZZCZsa9m4fPk0dSrQ7-8xjo\/view?usp=share_link\">PROGRAMA 8<\/a><\/td>\n<\/tr>\n<tr style=\"background-color: #daf4f7;\">\n<td style=\"width: 28.7731%; height: 32px;\"><a href=\"https:\/\/drive.google.com\/file\/d\/1SGY_PgtFRJ-vce2uZH1Kdo-Pqf8Tjase\/view?usp=share_link\">PROGRAMA 3 CAST<\/a><\/td>\n<td style=\"width: 29.8308%; height: 32px;\"><a href=\"https:\/\/drive.google.com\/file\/d\/10KSdzU0jCLjYXuYGD0B46dPZinqq5aOI\/view?usp=share_link\">PROGRAMA 3 CAST<\/a><\/td>\n<td style=\"width: 27.8585%; height: 32px;\"><a href=\"https:\/\/drive.google.com\/file\/d\/1_uaz3nyHdDqT9vlTwfOKyvN56I4LJKxx\/view?usp=share_link\">PROGRAMA 9<\/a><\/td>\n<\/tr>\n<tr style=\"background-color: #daf4f7;\">\n<td style=\"width: 28.7731%; height: 32px;\"><a href=\"https:\/\/drive.google.com\/file\/d\/12fU9ENQwzcOBNI3oStIzzNHw6AjsIyME\/view?usp=share_link\">PROGRAMA 4 CAST<\/a><\/td>\n<td style=\"width: 29.8308%; height: 32px;\"><a href=\"https:\/\/drive.google.com\/file\/d\/1e19nfIivjAltemf-bCAG-52XGbq0LrYt\/view?usp=share_link\">PROGRAMA 4 CAST<\/a><\/td>\n<td style=\"width: 27.8585%; height: 32px;\"><a href=\"https:\/\/drive.google.com\/file\/d\/1SWtYR4SnBX2taT7S13x1tMikidLgv7QS\/view?usp=share_link\">PROGRAMA 10<\/a><\/td>\n<\/tr>\n<tr style=\"background-color: #daf4f7;\">\n<td style=\"width: 28.7731%; height: 32px;\"><a href=\"https:\/\/drive.google.com\/file\/d\/1k32zVh8ksPeiDV0Q7-suZPg1liFrDuR3\/view?usp=share_link\">PROGRAMA 5 CAST<\/a><\/td>\n<td style=\"width: 29.8308%; height: 32px;\"><\/td>\n<td style=\"width: 27.8585%; height: 32px;\"><\/td>\n<\/tr>\n<\/tbody>\n<\/table>\n<p>Primera temporada 2021-2022<\/p>\n<table style=\"border-collapse: collapse; width: 100.162%; height: 97px;\">\n<tbody>\n<tr style=\"border-color: #0f0e0e; background-color: #6565f0; height: 33px;\">\n<td style=\"width: 123.25px; text-align: center; height: 33px;\"><strong>4t A<\/strong><\/td>\n<td style=\"width: 123.25px; text-align: center; height: 33px;\"><strong>4t B<\/strong><\/td>\n<td style=\"width: 123.25px; text-align: center; height: 33px;\"><strong>5\u00e8 A<\/strong><\/td>\n<td style=\"width: 123.25px; text-align: center; height: 33px;\"><strong>5\u00e8 B<\/strong><\/td>\n<td style=\"width: 123.25px; text-align: center; height: 33px;\"><strong>6\u00e8 A<\/strong><\/td>\n<td style=\"width: 123.271px; text-align: center; height: 33px;\"><strong>6\u00e8 B<\/strong><\/td>\n<\/tr>\n<tr style=\"height: 32px;\">\n<td style=\"width: 123.25px; text-align: center; height: 32px;\"><a href=\"https:\/\/drive.google.com\/file\/d\/1nbX3Zt45eIZ1KRyNv6uMztP2PmMZjj-f\/view?usp=sharing\">PROGRAMA 1<\/a><\/td>\n<td style=\"width: 123.25px; text-align: center; height: 32px;\"><a href=\"https:\/\/drive.google.com\/file\/d\/1sgT-msfHWPx2GxLpbipElBjDpcAieDlj\/view?usp=sharing\">PROGRAMA 1<\/a><\/td>\n<td style=\"width: 123.25px; text-align: center; height: 32px;\"><a href=\"https:\/\/drive.google.com\/file\/d\/1_WFPe6T2Lz6nOH_8Nj3TTe16cOTo1AAg\/view?usp=sharing\" target=\"_blank\" rel=\"noopener\">PROGRAMA 1<\/a><\/td>\n<td style=\"width: 123.25px; text-align: center; height: 32px;\"><a href=\"https:\/\/drive.google.com\/file\/d\/1D9ielQNUnTlfdUjSQ-TM8enmvyB2YUMA\/view?usp=sharing\" target=\"_blank\" rel=\"noopener\">PROGRAMA 1<\/a><\/td>\n<td style=\"width: 123.25px; height: 32px; text-align: center;\"><a href=\"https:\/\/drive.google.com\/file\/d\/1NFIITWeLBsHNFf63R1chX4HjdUgXHJK6\/view?usp=sharing\">PROGRAMA 1<\/a><\/td>\n<td style=\"width: 123.271px; height: 32px; text-align: center;\"><a href=\"https:\/\/drive.google.com\/file\/d\/1lErAVuX4BA6GlJUV0nBnH7_TdabFkV9B\/view?usp=sharing\">PROGRAMA 1<\/a><\/td>\n<\/tr>\n<tr>\n<td style=\"width: 123.25px; text-align: center;\"><a href=\"https:\/\/drive.google.com\/file\/d\/1nTVXDlX6mI5S7vC8ObWo5EJlIrp5qqS1\/view?usp=sharing\">PROGRAMA 2<\/a><\/td>\n<td style=\"width: 123.25px; text-align: center;\"><a href=\"https:\/\/drive.google.com\/file\/d\/1KDykZxUSQi9mkw-dUqcx5kK7GycYj54A\/view?usp=sharing\">PROGRAMA 2<\/a><\/td>\n<td style=\"width: 123.25px; text-align: center;\"><a href=\"https:\/\/drive.google.com\/file\/d\/1rqKFddjKS_ico40_4yaPNyAMu4I6QzrA\/view?usp=sharing\" target=\"_blank\" rel=\"noopener\">PROGRAMA 2<\/a><\/td>\n<td style=\"width: 123.25px; text-align: center;\"><a href=\"https:\/\/drive.google.com\/file\/d\/1aDMJmgFtcHZDFlxf4eLoSMl5zM-II-8M\/view?usp=sharing\" target=\"_blank\" rel=\"noopener\">PROGRAMA 2<\/a><\/td>\n<td style=\"width: 123.25px; text-align: center;\"><a href=\"https:\/\/drive.google.com\/file\/d\/1QJ2qtjecNmBuZg_pt08UAadpL6dxLyjX\/view?usp=sharing\">PROGRAMA 2<\/a><\/td>\n<td style=\"width: 123.271px; text-align: center;\"><a href=\"https:\/\/drive.google.com\/file\/d\/157a5u3URZZCU8saXsc6LGZuR4tLHA4_q\/view?usp=sharing\">PROGRAMA 2<\/a><\/td>\n<\/tr>\n<tr>\n<td style=\"width: 123.25px; text-align: center;\"><a href=\"https:\/\/drive.google.com\/file\/d\/1paQHjlVspKGwLaqKDA6RKIpAJQEHWTIp\/view?usp=sharing\">PROGRAMA 3<\/a><\/td>\n<td style=\"width: 123.25px; text-align: center;\"><a href=\"https:\/\/drive.google.com\/file\/d\/12xotolEQZdA8Y3dv3aWnQWKEgrMue0LE\/view?usp=sharing\">PROGRAMA 3<\/a><\/td>\n<td style=\"width: 123.25px; text-align: center;\"><a href=\"https:\/\/drive.google.com\/file\/d\/1SgrwuMc1L4srIMjY_cBGkqrH2sRbuLug\/view?usp=sharing\" target=\"_blank\" rel=\"noopener\">PROGRAMA 3<\/a><\/td>\n<td style=\"width: 123.25px; text-align: center;\"><a href=\"https:\/\/drive.google.com\/file\/d\/1-bFpGu6EF27jr3RSwQKzx9CRtKjWB8ur\/view?usp=sharing\" target=\"_blank\" rel=\"noopener\">PROGRAMA 3<\/a><\/td>\n<td style=\"width: 123.25px; text-align: center;\"><a href=\"https:\/\/drive.google.com\/file\/d\/1V97E5M2l4esZo8kQVW87JebQaXzSmuvH\/view?usp=sharing\">PROGRAMA 3<\/a><\/td>\n<td style=\"width: 123.271px; text-align: center;\"><a href=\"https:\/\/drive.google.com\/file\/d\/1KWeUZ9rnwoMDYxnpMfqKK8TfZNV_THkr\/view?usp=sharing\">PROGRAMA 3<\/a><\/td>\n<\/tr>\n<tr>\n<td style=\"width: 123.25px; text-align: center;\"><a href=\"https:\/\/drive.google.com\/file\/d\/1BCWfCRS6L49Uui8U6taxSc_3Rn-AK7I4\/view?usp=sharing\">PROGRAMA 4<\/a><\/td>\n<td style=\"width: 123.25px; text-align: center;\"><a href=\"https:\/\/drive.google.com\/file\/d\/1dhdbm1dZgmSTui9yqPziNynS3XgGKYh9\/view?usp=sharing\">PROGRAMA 4<\/a><\/td>\n<td style=\"width: 123.25px; text-align: center;\"><a href=\"https:\/\/drive.google.com\/file\/d\/196kcEVYbWYEQ9U82JPKyjUGykm_N3NIZ\/view?usp=sharing\" target=\"_blank\" rel=\"noopener\">PROGRAMA 4<\/a><\/td>\n<td style=\"width: 123.25px; text-align: center;\"><a href=\"https:\/\/drive.google.com\/file\/d\/14QwB7R9gMpIg5ea8nLVwxMFVaMNS_mvT\/view?usp=sharing\" target=\"_blank\" rel=\"noopener\">PROGRAMA 4<\/a><\/td>\n<td style=\"width: 123.25px; text-align: center;\"><a href=\"https:\/\/drive.google.com\/file\/d\/1NTI9d9p67Qb4icTNE6AyupUQmNRDyvVC\/view?usp=sharing\">PROGRAMA 4<\/a><\/td>\n<td style=\"width: 123.271px; text-align: center;\"><a href=\"https:\/\/drive.google.com\/file\/d\/1boG9OxDppFwp1GY-IwZ4uKFTd2d7mBRh\/view?usp=sharing\">PROGRAMA 4<\/a><\/td>\n<\/tr>\n<tr>\n<td style=\"width: 123.25px; text-align: center;\"><a href=\"https:\/\/drive.google.com\/file\/d\/17J-7C10_uZpIjmxUDpLG_F2LmNkoa9Iu\/view?usp=sharing\">PROGRAMA 5<\/a><\/td>\n<td style=\"width: 123.25px; text-align: center;\"><a href=\"https:\/\/drive.google.com\/file\/d\/10sCN9ESMaH2a2w9v63uDsKvKkVUStcng\/view?usp=sharing\">PROGRAMA 5<\/a><\/td>\n<td style=\"width: 123.25px; text-align: center;\"><a href=\"https:\/\/drive.google.com\/file\/d\/1tqILB6ScwvZ9kWZ98M_jfjrDPM-o1gvy\/view?usp=sharing\" target=\"_blank\" rel=\"noopener\">PROGRAMA 5<\/a><\/td>\n<td style=\"width: 123.25px; text-align: center;\">PROGRAMA 5<\/td>\n<td style=\"width: 123.25px; text-align: center;\"><a href=\"https:\/\/drive.google.com\/file\/d\/1C2kFPt3kPxRTh_l0cbhqkhSMGPWOWZOT\/view?usp=sharing\">PROGRAMA 5<\/a><\/td>\n<td style=\"width: 123.271px; text-align: center;\"><a href=\"https:\/\/drive.google.com\/file\/d\/1PsHuugF2hAZ2bAMtEsvD1K4kgyBFpvAV\/view?usp=sharing\">PROGRAMA 5<\/a><\/td>\n<\/tr>\n<tr>\n<td style=\"width: 123.25px; text-align: center;\"><a href=\"https:\/\/drive.google.com\/file\/d\/1vJlwbYuXnHK1SYFCreBsVlz_fzklydqU\/view?usp=sharing\">PROGRAMA 6<\/a><\/td>\n<td style=\"width: 123.25px; text-align: center;\"><a href=\"https:\/\/drive.google.com\/file\/d\/1u7RMWMshoo1MU4ilKqan7MgFRlBGt_Ss\/view?usp=sharing\">PROGRAMA 6<\/a><\/td>\n<td style=\"width: 123.25px; text-align: center;\"><a href=\"https:\/\/drive.google.com\/file\/d\/1GzwQViHmLvF-8iw3cAsLB-Y4-KDuEgTx\/view?usp=sharing\" target=\"_blank\" rel=\"noopener\">PROGRAMA 6<\/a><\/td>\n<td style=\"width: 123.25px; text-align: center;\"><a href=\"https:\/\/drive.google.com\/file\/d\/14KdSC9gZU-GvkLAyQFudoFqK-s_QksOW\/view?usp=sharing\" target=\"_blank\" rel=\"noopener\">PROGRAMA 6<\/a><\/td>\n<td style=\"width: 123.25px; text-align: center;\"><a href=\"https:\/\/drive.google.com\/file\/d\/131jHD-WmEfO3J7UmRd22MPn9bF8djqmu\/view?usp=sharing\">PROGRAMA 6<\/a><\/td>\n<td style=\"width: 123.271px; text-align: center;\"><\/td>\n<\/tr>\n<tr>\n<td style=\"width: 123.25px; text-align: center;\"><a href=\"https:\/\/drive.google.com\/file\/d\/1mAVuqT_FzeFbRRAfQdkE9zZ7hnOjP76c\/view?usp=sharing\">PROGRAMA 7<\/a><\/td>\n<td style=\"width: 123.25px; text-align: center;\"><a href=\"https:\/\/drive.google.com\/file\/d\/1jP_UUJz-3lqr4fy0a9lH7Y_Y22CRkrqr\/view?usp=sharing\">PROGRAMA 7<\/a><\/td>\n<td style=\"width: 123.25px; text-align: center;\"><a href=\"https:\/\/drive.google.com\/file\/d\/1OXpEv1NCprMm_6iKJlBjV-ZBY6SbnZ2m\/view?usp=sharing\">PROGRAMA 7<\/a><\/td>\n<td style=\"width: 123.25px; text-align: center;\"><a href=\"https:\/\/drive.google.com\/file\/d\/1sgUbKg7r3npeCOeMHZrcnRMRb1xpBprg\/view?usp=sharing\">PROGRAMA 7<\/a><\/td>\n<td style=\"width: 123.25px; text-align: center;\"><\/td>\n<td style=\"width: 123.271px; text-align: center;\"><\/td>\n<\/tr>\n<tr>\n<td style=\"width: 123.25px; text-align: center;\"><a href=\"https:\/\/drive.google.com\/file\/d\/1kgR2_LnXFVblSM6hr29hmLmpvJBVHY5a\/view?usp=sharing\">PROGRAMA 8<\/a><\/td>\n<td style=\"width: 123.25px; text-align: center;\"><a href=\"https:\/\/drive.google.com\/file\/d\/1JLtLedZIjqnSVpoARvDyFRh8rX7R_t2k\/view?usp=sharing\">PROGRAMA 8<\/a><\/td>\n<td style=\"width: 123.25px; text-align: center;\"><a href=\"https:\/\/drive.google.com\/file\/d\/1gpI8Er75J8OTkN578zpY1Wz2vCUA6YEE\/view?usp=sharing\" target=\"_blank\" rel=\"noopener\">PROGRAMA 8<\/a><\/td>\n<td style=\"width: 123.25px; text-align: center;\"><a href=\"https:\/\/drive.google.com\/file\/d\/1UnRySzpoMTNgZuXTJ78Bfrr0QKa5U8jC\/view?usp=sharing\" target=\"_blank\" rel=\"noopener\">PROGRAMA 8<\/a><\/td>\n<td style=\"width: 123.25px; text-align: center;\"><\/td>\n<td style=\"width: 123.271px; text-align: center;\"><\/td>\n<\/tr>\n<tr>\n<td style=\"width: 123.25px; text-align: center;\"><a href=\"https:\/\/drive.google.com\/file\/d\/110bLj2nqlnsJCC9Oo9kwOLnd1QZk7M7v\/view?usp=sharing\">PROGRAMA 9<\/a><\/td>\n<td style=\"width: 123.25px; text-align: center;\">PROGRAMA 9<\/td>\n<td style=\"width: 123.25px; text-align: center;\"><a href=\"https:\/\/drive.google.com\/file\/d\/14qg5-EFlg5jjL26NWq_y0i50gnzP4gi3\/view?usp=sharing\" target=\"_blank\" rel=\"noopener\">PROGRAMA 9<\/a><\/td>\n<td style=\"width: 123.25px; text-align: center;\"><a href=\"https:\/\/drive.google.com\/file\/d\/1cp8cO1mCcN8fIy4C_PGLPNNQ1aj-Rtfo\/view?usp=sharing\" target=\"_blank\" rel=\"noopener\">PROGRAMA 9<\/a><\/td>\n<td style=\"width: 123.25px; text-align: center;\"><\/td>\n<td style=\"width: 123.271px; text-align: center;\"><\/td>\n<\/tr>\n<tr>\n<td style=\"width: 123.25px; text-align: center;\"><\/td>\n<td style=\"width: 123.25px; text-align: center;\"><\/td>\n<td style=\"width: 123.25px; text-align: center;\"><\/td>\n<td style=\"width: 123.25px; text-align: center;\"><a href=\"https:\/\/drive.google.com\/file\/d\/1r05xTz1-5CYJ2t76JHg-Bh0y2YHbHzum\/view?usp=sharing\" target=\"_blank\" rel=\"noopener\">PROGRAMA 10<\/a><\/td>\n<td style=\"width: 123.25px; text-align: center;\"><\/td>\n<td style=\"width: 123.271px; text-align: center;\"><\/td>\n<\/tr>\n<\/tbody>\n<\/table>\n<p>&nbsp;<\/p>\n","protected":false},"excerpt":{"rendered":"<p>Des de l&#8217;any 2021 l&#8217;alumnat de l&#8217;escola Busquets i Punset realitzem una activitat de r\u00e0dio. Anem per la segona temporada i \u00e9s tot un \u00e8xit. Tot va comen\u00e7ar escoltant alguns programes fets per altres escoles i escollint les seccions que formarien part del nostre Magazine setmanal. En el nostre cas, podreu escoltar seccions d&#8217;actualitat, esports, [&hellip;]<\/p>\n","protected":false},"author":1,"featured_media":0,"parent":20276,"menu_order":0,"comment_status":"closed","ping_status":"closed","template":"","meta":{"_bbp_topic_count":0,"_bbp_reply_count":0,"_bbp_total_topic_count":0,"_bbp_total_reply_count":0,"_bbp_voice_count":0,"_bbp_anonymous_reply_count":0,"_bbp_topic_count_hidden":0,"_bbp_reply_count_hidden":0,"_bbp_forum_subforum_count":0,"site-sidebar-layout":"default","site-content-layout":"","ast-site-content-layout":"","site-content-style":"default","site-sidebar-style":"default","ast-global-header-display":"","ast-banner-title-visibility":"","ast-main-header-display":"","ast-hfb-above-header-display":"","ast-hfb-below-header-display":"","ast-hfb-mobile-header-display":"","site-post-title":"","ast-breadcrumbs-content":"","ast-featured-img":"","footer-sml-layout":"","theme-transparent-header-meta":"","adv-header-id-meta":"","stick-header-meta":"","header-above-stick-meta":"","header-main-stick-meta":"","header-below-stick-meta":"","astra-migrate-meta-layouts":"default","ast-page-background-enabled":"default","ast-page-background-meta":{"desktop":{"background-color":"var(--ast-global-color-4)","background-image":"","background-repeat":"repeat","background-position":"center center","background-size":"auto","background-attachment":"scroll","background-type":"","background-media":"","overlay-type":"","overlay-color":"","overlay-opacity":"","overlay-gradient":""},"tablet":{"background-color":"","background-image":"","background-repeat":"repeat","background-position":"center center","background-size":"auto","background-attachment":"scroll","background-type":"","background-media":"","overlay-type":"","overlay-color":"","overlay-opacity":"","overlay-gradient":""},"mobile":{"background-color":"","background-image":"","background-repeat":"repeat","background-position":"center center","background-size":"auto","background-attachment":"scroll","background-type":"","background-media":"","overlay-type":"","overlay-color":"","overlay-opacity":"","overlay-gradient":""}},"ast-content-background-meta":{"desktop":{"background-color":"var(--ast-global-color-5)","background-image":"","background-repeat":"repeat","background-position":"center center","background-size":"auto","background-attachment":"scroll","background-type":"","background-media":"","overlay-type":"","overlay-color":"","overlay-opacity":"","overlay-gradient":""},"tablet":{"background-color":"var(--ast-global-color-5)","background-image":"","background-repeat":"repeat","background-position":"center center","background-size":"auto","background-attachment":"scroll","background-type":"","background-media":"","overlay-type":"","overlay-color":"","overlay-opacity":"","overlay-gradient":""},"mobile":{"background-color":"var(--ast-global-color-5)","background-image":"","background-repeat":"repeat","background-position":"center center","background-size":"auto","background-attachment":"scroll","background-type":"","background-media":"","overlay-type":"","overlay-color":"","overlay-opacity":"","overlay-gradient":""}},"footnotes":""},"class_list":["post-20292","page","type-page","status-publish","hentry"],"post_mailing_queue_ids":[],"_links":{"self":[{"href":"https:\/\/agora.xtec.cat\/escbusquetsipunset\/wp-json\/wp\/v2\/pages\/20292","targetHints":{"allow":["GET"]}}],"collection":[{"href":"https:\/\/agora.xtec.cat\/escbusquetsipunset\/wp-json\/wp\/v2\/pages"}],"about":[{"href":"https:\/\/agora.xtec.cat\/escbusquetsipunset\/wp-json\/wp\/v2\/types\/page"}],"author":[{"embeddable":true,"href":"https:\/\/agora.xtec.cat\/escbusquetsipunset\/wp-json\/wp\/v2\/users\/1"}],"replies":[{"embeddable":true,"href":"https:\/\/agora.xtec.cat\/escbusquetsipunset\/wp-json\/wp\/v2\/comments?post=20292"}],"version-history":[{"count":1,"href":"https:\/\/agora.xtec.cat\/escbusquetsipunset\/wp-json\/wp\/v2\/pages\/20292\/revisions"}],"predecessor-version":[{"id":20293,"href":"https:\/\/agora.xtec.cat\/escbusquetsipunset\/wp-json\/wp\/v2\/pages\/20292\/revisions\/20293"}],"up":[{"embeddable":true,"href":"https:\/\/agora.xtec.cat\/escbusquetsipunset\/wp-json\/wp\/v2\/pages\/20276"}],"wp:attachment":[{"href":"https:\/\/agora.xtec.cat\/escbusquetsipunset\/wp-json\/wp\/v2\/media?parent=20292"}],"curies":[{"name":"wp","href":"https:\/\/api.w.org\/{rel}","templated":true}]}}