{"id":20282,"date":"2023-06-07T12:17:39","date_gmt":"2023-06-07T10:17:39","guid":{"rendered":"https:\/\/agora.xtec.cat\/escbusquetsipunset\/?page_id=20282"},"modified":"2025-11-24T19:24:31","modified_gmt":"2025-11-24T18:24:31","slug":"plans-de-treball","status":"publish","type":"page","link":"https:\/\/agora.xtec.cat\/escbusquetsipunset\/linia-pedagogica\/plans-de-treball\/","title":{"rendered":"Plans de treball"},"content":{"rendered":"<p>Benvolgudes fam\u00edlies,<\/p>\n<p>La necessitat de treballar els diversos tipus de sabers a l&#8217;escola ens fa plantejar propostes diferents dins d&#8217;unes metodologies concretes.<\/p>\n<p>Com ja sabeu, els plans de treball s\u00f3n l&#8217;eina m\u00e9s emprada a Prim\u00e0ria per regular les decisions de l&#8217;alumnat i promoure que es desenvolupi la seva autonomia<span style=\"font-family: inherit; font-size: 1em;\">. Si pretenem que l&#8217;alumnat es faci aut\u00f2nom una de les millors maneres de demostrar-ho \u00e9s permetent que prenguin decisions i que aconsegueixin els recursos i els estris necessaris per portar-ho a terme sense la nostra ajuda directa. Aquesta pr\u00e0ctica educativa ha estat reconeguda pel Departament d&#8217;Educaci\u00f3 com una pr\u00e0ctica de refer\u00e8ncia d&#8217;Innovaci\u00f3 Pedag\u00f2gica a Catalunya.<\/span><\/p>\n<p>Us expliquem con ens organitzem i en qu\u00e8 consisteixen:<\/p>\n<p><strong>ORGANITZACI\u00d3 DELS ESPAIS<\/strong><\/p>\n<p>A l&#8217;hora d&#8217;organitzar l&#8217;espai volem aconseguir un entorn proper a l&#8217;alumnat que faciliti la interacci\u00f3 entre els dos grups d&#8217;un mateix nivell. Per aix\u00f2 disposem de dues aules i un tros de passad\u00eds que busquem que convidin a actuar, els proposi desig d&#8217;acci\u00f3 i relaci\u00f3.<\/p>\n<p><a href=\"https:\/\/agora.xtec.cat\/escbusquetsipunset\/wp-content\/uploads\/usu1595\/2023\/02\/Organitzacio-espai.jpg\"><img loading=\"lazy\" decoding=\"async\" class=\"aligncenter size-medium wp-image-19993\" src=\"https:\/\/agora.xtec.cat\/escbusquetsipunset\/wp-content\/uploads\/usu1595\/2023\/02\/Organitzacio-espai-300x160.jpg\" alt=\"\" width=\"300\" height=\"160\" srcset=\"https:\/\/agora.xtec.cat\/escbusquetsipunset\/wp-content\/uploads\/usu1595\/2023\/02\/Organitzacio-espai-300x160.jpg 300w, https:\/\/agora.xtec.cat\/escbusquetsipunset\/wp-content\/uploads\/usu1595\/2023\/02\/Organitzacio-espai.jpg 483w\" sizes=\"auto, (max-width: 300px) 100vw, 300px\" \/><\/a><\/p>\n<p>A Prim\u00e0ria, transformem les dues classes d&#8217;un mateix nivell en dos espais d&#8217;utilitzaci\u00f3 comuna per a tots dos grups en les franges de pla de treball. Aquest \u00e9s un punt clau de la nostra organitzaci\u00f3. Trobem atractiva la idea de compartir l&#8217;espai, els materials, les activitats.. Desitgem que aquesta ordenaci\u00f3 de l&#8217;espai constitueixi una refer\u00e8ncia que estructuri positivament l&#8217;activitat i el treball dels grups classe, afavorint aix\u00ed l&#8217;equilibri i l&#8217;harmonia entre les relacions que s&#8217;hi estableixin.<\/p>\n<p><strong>ORGANITZACI\u00d3 DE L&#8217;ALUMNAT<\/strong><\/p>\n<p>En aquestes franges hor\u00e0ries l&#8217;alumnat es mou de manera espont\u00e0nia i aut\u00f2noma, tenint en compte el seu pla de treball o l&#8217;itinerari de racons que s&#8217;hagi plantejat a l&#8217;aula. Pot comen\u00e7ar a treballar en propostes que ja t\u00e9 comen\u00e7ades o b\u00e9 iniciar-ne de noves nom\u00e9s consultant el seu full de registre.<\/p>\n<p>Afavorim la interacci\u00f3 entre l&#8217;alumnat i potenciem diferents tipus d&#8217;agrupament procurant que dins de cada espai sigui possible realitzar activitats individualment, per parelles o en petit grup. Aquestes situacions les regulem f\u00e0cilment amb la distribuci\u00f3 del mobiliari i\/o especificant-les en els seus plans de treball.<\/p>\n<p>A inicis de setmana el professorat presenta el Pla de Treball als infants i els hi entrega el seu full de registre. La durada del pla de treball pot variar en funci\u00f3 de l&#8217;entrenament que tingui l&#8217;alumnat amb aquesta eina. Al primer cicle de prim\u00e0ria acostuma a iniciar-se dins d&#8217;una mateixa franja i amb poques propostes, utilitzant la pissarra per a poder portar un registre. Quan ja hi tenen una mica de pr\u00e0ctica anem ampliant-lo a m\u00e9s d&#8217;un dia per arribar a ser setmanal o quinzenal. <em>Us deixem alguns exemples de cada Cicle:<\/em><\/p>\n<table style=\"border-collapse: collapse; width: 100%;\">\n<tbody>\n<tr>\n<td style=\"width: 33.3333%; text-align: center;\"><a href=\"https:\/\/drive.google.com\/file\/d\/1yYgOdJufDzYMdYWAYvobY5hTMvXVLLZI\/view?usp=sharing\" target=\"_blank\" rel=\"noopener\"><img loading=\"lazy\" decoding=\"async\" class=\"aligncenter size-thumbnail wp-image-20003\" src=\"https:\/\/agora.xtec.cat\/escbusquetsipunset\/wp-content\/uploads\/usu1595\/2023\/02\/Exemple-PT-Cicle-Inicial-150x150.jpg\" alt=\"\" width=\"150\" height=\"150\" \/><\/a>\n<p><a href=\"https:\/\/drive.google.com\/file\/d\/1yYgOdJufDzYMdYWAYvobY5hTMvXVLLZI\/view?usp=sharing\" target=\"_blank\" rel=\"noopener\">Exemple Pla de treball Cicle Inicial<\/a><\/p>\n<\/td>\n<td style=\"width: 33.3333%; text-align: center;\"><a href=\"https:\/\/drive.google.com\/file\/d\/1yfEDZ_qZEVAMNo4L3r7PZGp-IoXSyLW1\/view?usp=drive_link\" target=\"_blank\" rel=\"noopener\"><img loading=\"lazy\" decoding=\"async\" class=\"aligncenter size-thumbnail wp-image-19998\" src=\"https:\/\/agora.xtec.cat\/escbusquetsipunset\/wp-content\/uploads\/usu1595\/2023\/02\/PT-4t-150x150.jpg\" alt=\"\" width=\"150\" height=\"150\" \/><\/a>\n<p><a href=\"https:\/\/drive.google.com\/file\/d\/1yfEDZ_qZEVAMNo4L3r7PZGp-IoXSyLW1\/view?usp=drive_link\" target=\"_blank\" rel=\"noopener\">Exemple Pla de treball Cicle Mitj\u00e0<\/a><\/p>\n<\/td>\n<td style=\"width: 33.3333%; text-align: center;\"><a href=\"https:\/\/drive.google.com\/file\/d\/1YIYjUuyFUCxZhbE1pEwG4yvauX_oybXi\/view?usp=drive_link\" target=\"_blank\" rel=\"noopener\"><img loading=\"lazy\" decoding=\"async\" class=\"aligncenter size-thumbnail wp-image-19997\" src=\"https:\/\/agora.xtec.cat\/escbusquetsipunset\/wp-content\/uploads\/usu1595\/2023\/02\/Exemple-PT1-1-150x150.jpg\" alt=\"\" width=\"150\" height=\"150\" \/><\/a>\n<p><a href=\"https:\/\/drive.google.com\/file\/d\/1YIYjUuyFUCxZhbE1pEwG4yvauX_oybXi\/view?usp=drive_link\" target=\"_blank\" rel=\"noopener\">Exemple Pla de treball Cicle Superior\u00a0<\/a><\/p>\n<\/td>\n<\/tr>\n<\/tbody>\n<\/table>\n<p><strong>ELS MATERIALS<\/strong><\/p>\n<p>A l&#8217;escola s&#8217;ha comen\u00e7at a reduir molt la pres\u00e8ncia del llibre de text com a material b\u00e0sic d&#8217;aprenentatge. Estem immersos en un proc\u00e9s de creaci\u00f3 de materials tenint en compte una s\u00e8rie de premisses. Volem que els materials amb els quals treballi l&#8217;alumnat de l&#8217;escola siguin:<\/p>\n<ul>\n<li><strong>Engrescadors:<\/strong> que captin l&#8217;atenci\u00f3 i la mantinguin; aqu\u00ed hi entren aspectes que van des del disseny fins a la rellev\u00e0ncia.<\/li>\n<li><strong>Intu\u00eftius:<\/strong> que facilitin l&#8217;autonomia sense la necessitat de la intervenci\u00f3 dels docents.<\/li>\n<li><strong>Diversos:<\/strong> que hi convisquin a les aules materials manipulables, materials m\u00e9s estructurats, jocs de taula, tauletes, ordinadors, llibres de consulta, quaderns, fitxes&#8230;<\/li>\n<li><strong>Progressius\u00a0<\/strong>per nivell perqu\u00e8 tothom hi pugui accedir i tingui garantia d&#8217;\u00e8xit.<\/li>\n<\/ul>\n<p><strong>POSEM IMATGE A LES PARAULES..<\/strong><\/p>\n<p>Us deixem un seguit de links dels diferents Cicles amb algun v\u00eddeo i moltes imatges extretes dels Plans de Treball que s&#8217;estan fent al llarg del curs:<\/p>\n<table style=\"border-collapse: collapse; width: 100%;\">\n<tbody>\n<tr>\n<td style=\"width: 33.3333%; text-align: center;\"><a href=\"https:\/\/drive.google.com\/drive\/folders\/1BGRiCt_Lmw8NNa6hJt9uwBo7FV-BdYYq?usp=sharing\" target=\"_blank\" rel=\"noopener\"><strong>Cicle Inicial<\/strong><\/a><\/td>\n<td style=\"width: 33.3333%; text-align: center;\"><a href=\"https:\/\/drive.google.com\/file\/d\/1m8M9nt_lzsI0yJi4-ec_6UfGAFJUtGor\/view?usp=sharing\" target=\"_blank\" rel=\"noopener\"><strong>Cicle Mitj\u00e0<\/strong><\/a><\/td>\n<td style=\"width: 33.3333%; text-align: center;\"><a href=\"https:\/\/drive.google.com\/drive\/folders\/1T6n80Qva5IZ5vdJ8Yi8-h82_Q_vT0x95?usp=sharing\" target=\"_blank\" rel=\"noopener\"><strong>Cicle Superior<\/strong><\/a><\/td>\n<\/tr>\n<\/tbody>\n<\/table>\n<p>Per \u00faltim, alumnes del Cicle Superior han fet un programa de r\u00e0dio especial per explicar-vos de primera m\u00e0 en qu\u00e8 consisteixen aquestes din\u00e0miques i com es gestionen. Esperem que us agradi!<\/p>\n<p style=\"text-align: center;\"><strong><a href=\"https:\/\/drive.google.com\/file\/d\/1jueqbdlS4D9n-QchonIE_a0A1Cxz-VT2\/view?usp=sharing\" target=\"_blank\" rel=\"noopener\">Programa R\u00e0dio BiP Plans de Treball<\/a><\/strong><\/p>\n<p><a href=\"https:\/\/agora.xtec.cat\/escbusquetsipunset\/general\/plans-de-treball-a-primaria\/\" target=\"_blank\" rel=\"cc:attributionURL noopener noreferrer\">Plans de treball a Prim\u00e0ria\u00a0<\/a>\u00a9 2023\u00a0by\u00a0Escola Busquets i Punset\u00a0is licensed under\u00a0<a href=\"http:\/\/creativecommons.org\/licenses\/by-nc-sa\/4.0\/?ref=chooser-v1\" target=\"_blank\" rel=\"license noopener noreferrer\">CC BY-NC-SA 4.0\u00a0<span class=\"icon\" data-v-a0d4e8a8=\"\"><img loading=\"lazy\" decoding=\"async\" src=\"https:\/\/chooser-beta.creativecommons.org\/img\/cc-logo.f0ab4ebe.svg\" width=\"20\" height=\"20\" data-v-a0d4e8a8=\"\" \/><img loading=\"lazy\" decoding=\"async\" src=\"https:\/\/chooser-beta.creativecommons.org\/img\/cc-by.21b728bb.svg\" width=\"20\" height=\"20\" data-v-a0d4e8a8=\"\" \/><\/span><\/a><\/p>\n\n\n<p><\/p>\n\n\n\n<p>Per veure tots els articles relacionats amb <strong>Plans de Treball <\/strong>feu clic <a href=\"https:\/\/agora.xtec.cat\/escbusquetsipunset\/?s=PLANS+DE+TREBALL\">AQU\u00cd <\/a><\/p>\n\n\n\n<p><\/p>\n","protected":false},"excerpt":{"rendered":"<p>Benvolgudes fam\u00edlies, La necessitat de treballar els diversos tipus de sabers a l&#8217;escola ens fa plantejar propostes diferents dins d&#8217;unes metodologies concretes. Com ja sabeu, els plans de treball s\u00f3n l&#8217;eina m\u00e9s emprada a Prim\u00e0ria per regular les decisions de l&#8217;alumnat i promoure que es desenvolupi la seva autonomia. Si pretenem que l&#8217;alumnat es faci [&hellip;]<\/p>\n","protected":false},"author":1,"featured_media":0,"parent":20276,"menu_order":0,"comment_status":"closed","ping_status":"closed","template":"","meta":{"_bbp_topic_count":0,"_bbp_reply_count":0,"_bbp_total_topic_count":0,"_bbp_total_reply_count":0,"_bbp_voice_count":0,"_bbp_anonymous_reply_count":0,"_bbp_topic_count_hidden":0,"_bbp_reply_count_hidden":0,"_bbp_forum_subforum_count":0,"site-sidebar-layout":"default","site-content-layout":"","ast-site-content-layout":"default","site-content-style":"default","site-sidebar-style":"default","ast-global-header-display":"","ast-banner-title-visibility":"","ast-main-header-display":"","ast-hfb-above-header-display":"","ast-hfb-below-header-display":"","ast-hfb-mobile-header-display":"","site-post-title":"","ast-breadcrumbs-content":"","ast-featured-img":"","footer-sml-layout":"","theme-transparent-header-meta":"","adv-header-id-meta":"","stick-header-meta":"","header-above-stick-meta":"","header-main-stick-meta":"","header-below-stick-meta":"","astra-migrate-meta-layouts":"set","ast-page-background-enabled":"default","ast-page-background-meta":{"desktop":{"background-color":"var(--ast-global-color-4)","background-image":"","background-repeat":"repeat","background-position":"center center","background-size":"auto","background-attachment":"scroll","background-type":"","background-media":"","overlay-type":"","overlay-color":"","overlay-opacity":"","overlay-gradient":""},"tablet":{"background-color":"","background-image":"","background-repeat":"repeat","background-position":"center center","background-size":"auto","background-attachment":"scroll","background-type":"","background-media":"","overlay-type":"","overlay-color":"","overlay-opacity":"","overlay-gradient":""},"mobile":{"background-color":"","background-image":"","background-repeat":"repeat","background-position":"center center","background-size":"auto","background-attachment":"scroll","background-type":"","background-media":"","overlay-type":"","overlay-color":"","overlay-opacity":"","overlay-gradient":""}},"ast-content-background-meta":{"desktop":{"background-color":"var(--ast-global-color-5)","background-image":"","background-repeat":"repeat","background-position":"center center","background-size":"auto","background-attachment":"scroll","background-type":"","background-media":"","overlay-type":"","overlay-color":"","overlay-opacity":"","overlay-gradient":""},"tablet":{"background-color":"var(--ast-global-color-5)","background-image":"","background-repeat":"repeat","background-position":"center center","background-size":"auto","background-attachment":"scroll","background-type":"","background-media":"","overlay-type":"","overlay-color":"","overlay-opacity":"","overlay-gradient":""},"mobile":{"background-color":"var(--ast-global-color-5)","background-image":"","background-repeat":"repeat","background-position":"center center","background-size":"auto","background-attachment":"scroll","background-type":"","background-media":"","overlay-type":"","overlay-color":"","overlay-opacity":"","overlay-gradient":""}},"footnotes":""},"class_list":["post-20282","page","type-page","status-publish","hentry"],"post_mailing_queue_ids":[],"_links":{"self":[{"href":"https:\/\/agora.xtec.cat\/escbusquetsipunset\/wp-json\/wp\/v2\/pages\/20282","targetHints":{"allow":["GET"]}}],"collection":[{"href":"https:\/\/agora.xtec.cat\/escbusquetsipunset\/wp-json\/wp\/v2\/pages"}],"about":[{"href":"https:\/\/agora.xtec.cat\/escbusquetsipunset\/wp-json\/wp\/v2\/types\/page"}],"author":[{"embeddable":true,"href":"https:\/\/agora.xtec.cat\/escbusquetsipunset\/wp-json\/wp\/v2\/users\/1"}],"replies":[{"embeddable":true,"href":"https:\/\/agora.xtec.cat\/escbusquetsipunset\/wp-json\/wp\/v2\/comments?post=20282"}],"version-history":[{"count":4,"href":"https:\/\/agora.xtec.cat\/escbusquetsipunset\/wp-json\/wp\/v2\/pages\/20282\/revisions"}],"predecessor-version":[{"id":22260,"href":"https:\/\/agora.xtec.cat\/escbusquetsipunset\/wp-json\/wp\/v2\/pages\/20282\/revisions\/22260"}],"up":[{"embeddable":true,"href":"https:\/\/agora.xtec.cat\/escbusquetsipunset\/wp-json\/wp\/v2\/pages\/20276"}],"wp:attachment":[{"href":"https:\/\/agora.xtec.cat\/escbusquetsipunset\/wp-json\/wp\/v2\/media?parent=20282"}],"curies":[{"name":"wp","href":"https:\/\/api.w.org\/{rel}","templated":true}]}}