{"id":20276,"date":"2023-06-07T12:12:30","date_gmt":"2023-06-07T10:12:30","guid":{"rendered":"https:\/\/agora.xtec.cat\/escbusquetsipunset\/?page_id=20276"},"modified":"2026-01-13T13:35:01","modified_gmt":"2026-01-13T12:35:01","slug":"linia-pedagogica","status":"publish","type":"page","link":"https:\/\/agora.xtec.cat\/escbusquetsipunset\/linia-pedagogica\/","title":{"rendered":"L\u00ednia pedag\u00f2gica"},"content":{"rendered":"<h2><strong>EL NOSTRE PROJECTE EDUCATIU<\/strong><\/h2>\n<p>L&#8217;equip de l&#8217;escola estem conven\u00e7uts que els nens i les nenes desenvolupen les capacitats motrius, cognitives, afectives i socials de manera natural i de forma global. Procurem als infants espais on puguin exercir la seva <strong>autonomia<\/strong> i es respecti el seu ritme de treball, en un ambient de <strong>calma<\/strong>. Practiquem la paci\u00e8ncia i la perseveran\u00e7a per equilibrar la immediatesa en qu\u00e8 viuen molts dels\/les nostres alumnes. Procurem que trobin l\u2019empatia buscant en el gest i els ulls dels altres.<\/p>\n<p>A l\u2019escola hi escoltem m\u00fasica i hi fem m\u00fasica; gaudim d\u2019artistes i som artistes. Cantem, ens belluguem, correm, juguem, pintem. Aprenem a no ser competitius, a compartir. Juguem amb avions de paper al pati per calcular dist\u00e0ncies, busquem paraules que comencin amb T per tots els racons i les guardem. Hi escoltem contes i fem funcionar robots. A l\u2019escola ens socialitzem, convivim els uns amb els altres, aprenem a dialogar i a fer equip: l\u2019alumnat, les fam\u00edlies i totes les persones que hi treballem.<\/p>\n<h4>EL NOSTRE DIA A DIA<\/h4>\n<p>Tendim cap a un aprenentatge basat en situacions: projectes, observaci\u00f3 de l\u2019entorn, pol\u00e8mica sobre temes d\u2019actualitat, preguntes sobre elements de la realitat\u2026 Per arribar-hi oferim les seg\u00fcents propostes:<\/p>\n<ul>\n<li>A Educaci\u00f3 Infantil ens organitzem en<strong><a href=\"https:\/\/agora.xtec.cat\/escbusquetsipunset\/general\/espais-daprenentatge-educacio-infantil\/\" target=\"_blank\" rel=\"noopener\">\u00a0espais<\/a>\u00a0i\u00a0<a href=\"https:\/\/agora.xtec.cat\/escbusquetsipunset\/general\/racons-a-educacio-infantil\/\" target=\"_blank\" rel=\"noopener\">racons<\/a>. <\/strong><a href=\"https:\/\/youtu.be\/s63fVGTV-iU?si=Na2Ul5tBZKfsICq1\" target=\"_blank\" rel=\"noopener\">(v\u00eddeo espais)<\/a> <a href=\"https:\/\/www.youtube.com\/watch?v=Pz-IJgqW8TU\" target=\"_blank\" rel=\"noopener\">(v\u00eddeo racons)<\/a><\/li>\n<li>A Prim\u00e0ria elaborem els\u00a0<a href=\"https:\/\/agora.xtec.cat\/escbusquetsipunset\/general\/plans-de-treball-a-primaria\/\" target=\"_blank\" rel=\"noopener\"><strong>Plans de treball<\/strong><\/a> amb la intenci\u00f3 que l\u2019alumnat organitzi de manera aut\u00f2noma les seves tasques, circulant lliurement per l\u2019aula i altres espais propers. <a href=\"https:\/\/agora.xtec.cat\/escbusquetsipunset\/general\/aixi-treballem-a-cicle-inicial\/\" target=\"_blank\" rel=\"noopener\">(v\u00eddeos racons i espais al cicle inicial)<\/a> <a href=\"https:\/\/www.youtube.com\/watch?v=Jv06D8gmNQA\" target=\"_blank\" rel=\"noopener\">(v\u00eddeo plans de treball Cicle Superior)<\/a><\/li>\n<li>Entenem el <strong>pati<\/strong> com un espai primordial on aprendre i poder tenir experi\u00e8ncies enriquidores. Incorporem activitats per fer-lo m\u00e9s valu\u00f3s i estem en espera de la seva <a href=\"https:\/\/agora.xtec.cat\/escbusquetsipunset\/naturalitzacio-del-pati\/\">Naturalitzaci\u00f3<\/a>.<\/li>\n<li><strong>Codoc\u00e8ncia<\/strong>: sovint intervenim conjuntament dos mestres a l\u2019aula per poder atendre amb major qualitat els diferents ritmes de l\u2019alumnat i facilitar les tutories individualitzades.<\/li>\n<li>Fem diferents\u00a0<strong>agrupaments<\/strong>\u00a0al llarg de la setmana: tallers, desdoblaments, barreges de grups\u2026<\/li>\n<li>Incorporem projectes i <strong>activitats identificatives dins de l&#8217;horari lectiu<\/strong> a diferents cursos: M\u00fasica dansa i moviment (EMMCA) a I3 i I4, Escacs (Escola Catalana d&#8217;escacs) [ 1r, 3r i 5\u00e8], <a href=\"https:\/\/sites.google.com\/xtec.cat\/radiobip?usp=sharing\" target=\"_blank\" rel=\"noopener\">r\u00e0dio 3r a 6\u00e8..<\/a><\/li>\n<li>Participem en diferents projectes musicals amb els cursos de prim\u00e0ria: La Canalla Balla a 1r, <a href=\"https:\/\/agora.xtec.cat\/escbusquetsipunset\/general\/la-clika\/\" target=\"_blank\" rel=\"noopener\">La Clika a 2n<\/a>, <a href=\"https:\/\/agora.xtec.cat\/escbusquetsipunset\/general\/donem-la-llauna\/\" target=\"_blank\" rel=\"noopener\">Donem la Llauna a 3r<\/a>, <a href=\"https:\/\/agora.xtec.cat\/escbusquetsipunset\/general\/toca-toca-2\/\" target=\"_blank\" rel=\"noopener\">Toca-Toca a 4t<\/a>, <a href=\"https:\/\/agora.xtec.cat\/escbusquetsipunset\/portada\/cantania-clara-lart-per-dins\/\" target=\"_blank\" rel=\"noopener\">cant\u00e0nia a 5\u00e8<\/a>, <a href=\"https:\/\/agora.xtec.cat\/escbusquetsipunset\/general\/musical-6e-el-millor-teatre-del-mon\/\" target=\"_blank\" rel=\"noopener\">musical a 6\u00e8<\/a>&#8230;<\/li>\n<li><strong>Cada dos cursos<\/strong>, fem <a href=\"https:\/\/agora.xtec.cat\/escbusquetsipunset\/general\/nadal-2023\/\" target=\"_blank\" rel=\"noopener\"><strong>concerts de Nadal<\/strong> <\/a>oberts a les fam\u00edlies dins de l&#8217;escola!<\/li>\n<li>Treballem les\u00a0<strong>capacitats motrius<\/strong>\u00a0a trav\u00e9s de la\u00a0<a href=\"https:\/\/agora.xtec.cat\/escbusquetsipunset\/general\/psicomotricitat-a-educacio-infantil\/\" target=\"_blank\" rel=\"noopener\">psicomotricitat<\/a>, la\u00a0<a href=\"https:\/\/agora.xtec.cat\/escbusquetsipunset\/portada\/p5-comenca-a-nedar\/\" target=\"_blank\" rel=\"noopener\">nataci\u00f3 en horari lectiu [I4 a 4t]<\/a>, i les\u00a0<strong>danses<\/strong>.<\/li>\n<li>Realitzem\u00a0<strong>din\u00e0miques grupals<\/strong> a les aules: <a href=\"https:\/\/www.youtube.com\/watch?v=B_MFb5iH7lU\" target=\"_blank\" rel=\"noopener\">assemblees<\/a>, aprenentatge cooperatiu, pr\u00e0ctiques restauratives..<\/li>\n<li><strong>Activitats l\u00fadiques<\/strong>: celebraci\u00f3 de festes tradicionals, sortides curriculars anuals, <a href=\"https:\/\/agora.xtec.cat\/escbusquetsipunset\/infantil\/colonies-can-miquelo-p5\/\" target=\"_blank\" rel=\"noopener\">col\u00f2nies<\/a> a finals de cada cicle (I5,2n, 4t i 6\u00e8).<\/li>\n<li>Cada mat\u00ed dediquem una estona a fomentar el <a href=\"https:\/\/www.youtube.com\/watch?v=2kITLmcp5q8\" target=\"_blank\" rel=\"noopener\"><strong>gust per la lectura<\/strong><\/a> a prim\u00e0ria. Ho fem en un ambient relaxat i el m\u00e9s acollidor possible.<\/li>\n<li>Fem servir el llibre<span style=\"font-family: inherit; font-size: 1em;\"> de text <a href=\"https:\/\/agora.xtec.cat\/escbusquetsipunset\/general\/innovamat-per-a-les-families-2\/\">d&#8217;Innovamat<\/a> a matem\u00e0tiques a tota l&#8217;escola. A la resta d&#8217;\u00e0rees dissenyem els nostres propis <\/span><strong style=\"font-family: inherit; font-size: 1em;\">materials multinivell<\/strong><\/li>\n<li><strong>Deures<\/strong>: en alguns cursos de prim\u00e0ria es proposen reptes amb sentit per als infants, significatius. I s\u2019han de poder fer de manera aut\u00f2noma, sense l\u2019ajut de l\u2019adult. Tamb\u00e9 es treballa l&#8217;\u00fas de l&#8217;agenda a prim\u00e0ria.<\/li>\n<li>Treballem l\u2019<a href=\"https:\/\/agora.xtec.cat\/escbusquetsipunset\/general\/english-time\/\" target=\"_blank\" rel=\"noopener\">angl\u00e8s des d&#8217; I4<\/a><strong>.<\/strong><\/li>\n<li>Hem consolidat l\u2019aprenentatge dels\u00a0<a href=\"https:\/\/agora.xtec.cat\/escbusquetsipunset\/general\/escacs-a-p4\/\" target=\"_blank\" rel=\"noopener\">escacs en horari lectiu<\/a> en els cursos de 1r,3r i 5\u00e8 amb l&#8217;escola d&#8217;escacs de Barcelona.<\/li>\n<li>Fem T\u00e0ndem amb Nub\u00f2tica i treballem la programaci\u00f3 i <a href=\"https:\/\/agora.xtec.cat\/escbusquetsipunset\/general\/robotica-a-educacio-infantil\/\" target=\"_blank\" rel=\"noopener\">rob\u00f2tica<\/a> des d&#8217; I3 fins a 6\u00e8 amb diferents propostes. Fins i tot hem estat reconeguts amb algun <a href=\"https:\/\/agora.xtec.cat\/escbusquetsipunset\/general\/premiats-a-lscratch-challenge-2022\/\" target=\"_blank\" rel=\"noopener\">premi<\/a>!<\/li>\n<\/ul>\n<p>A l\u2019escola mirem amunt i ens engresquem: deixem que apareguin les idees, grans i petites. Avancem, reculem, provem, consolidem.\u00a0L\u2019escola \u00e9s la nostra tribu, i tots els qui en formem part estem d\u2019acord en una cosa: tenim un \u00fanic sostre, i aquest sostre \u00e9s el cel.<\/p>\n<p style=\"text-align: center;\">Si voleu consultar el nostre Projecte Educatiu <em>cliqueu sobre la imatge<a href=\"https:\/\/drive.google.com\/file\/d\/1k0D_RxR4Ygpr36XAkcQBpm1bOI0tzbip\/view?usp=drive_link\" target=\"_blank\" rel=\"noopener\"><img loading=\"lazy\" decoding=\"async\" class=\"aligncenter wp-image-22376 size-medium\" src=\"https:\/\/agora.xtec.cat\/escbusquetsipunset\/wp-content\/uploads\/usu1595\/2026\/01\/PEC-Portada-205x300.png\" alt=\"\" width=\"205\" height=\"300\" srcset=\"https:\/\/agora.xtec.cat\/escbusquetsipunset\/wp-content\/uploads\/usu1595\/2026\/01\/PEC-Portada-205x300.png 205w, https:\/\/agora.xtec.cat\/escbusquetsipunset\/wp-content\/uploads\/usu1595\/2026\/01\/PEC-Portada.png 436w\" sizes=\"auto, (max-width: 205px) 100vw, 205px\" \/><\/a><\/em><\/p>\n<p><b>COMUNITAT EDUCATIVA<\/b><\/p>\n<p><strong>Fam\u00edlies de l\u2019escola<\/strong><\/p>\n<ul>\n<li>Oferim servei d\u2019<a href=\"https:\/\/ampabip.wordpress.com\/serveis-oferts\/acollida\/\">acollida<\/a>, es fa a La Caseta, l\u2019edifici baix que hi ha a l\u2019entrada del carrer Riera del Canyet. L\u2019organitza l\u2019AFA, i compta amb monitores que acullen els vostres fills\/es.<\/li>\n<li>Activitats\u00a0<a href=\"https:\/\/ampabip.wordpress.com\/2024\/06\/19\/extraescolars-2024-2025\/\" target=\"_blank\" rel=\"noopener\">extraescolars<\/a>: tamb\u00e9 organitzades per l\u2019AFA. Respecten la l\u00ednia d\u2019escola: s\u00f3n activitats no competitives, l\u00fadiques la majoria, o b\u00e9 de caire esportiu.<\/li>\n<li>Obrim l&#8217;escola a les fam\u00edlies per col\u00b7laborar en diferents <a href=\"https:\/\/ampabip.wordpress.com\/2023\/01\/17\/crida-voluntaris-bip-per-programacio-i-robotica-a-classe\/\" target=\"_blank\" rel=\"noopener\">activitats<\/a>.<\/li>\n<li>Des de l&#8217;AFA s&#8217;organitzen <a href=\"https:\/\/ampabip.wordpress.com\/2023\/10\/19\/bip-vermut-solidari-halloween\/\" target=\"_blank\" rel=\"noopener\">vermuts solidaris<\/a> per bones causes.<\/li>\n<\/ul>\n<p><strong>Espai de migdia<\/strong><\/p>\n<ul>\n<li>Disposem de cuina pr\u00f2pia. El servei \u00e9s gestionat per l\u2019empresa <a href=\"https:\/\/www.menjadorbusquetsipunset.com\/\">Dacor Educaci\u00f3 i Plat de colors<\/a>, amb la qual compartim la mateixa l\u00ednia educativa.<\/li>\n<\/ul>\n<p><!--a=1--><\/p>\n","protected":false},"excerpt":{"rendered":"<p>EL NOSTRE PROJECTE EDUCATIU L&#8217;equip de l&#8217;escola estem conven\u00e7uts que els nens i les nenes desenvolupen les capacitats motrius, cognitives, afectives i socials de manera natural i de forma global. Procurem als infants espais on puguin exercir la seva autonomia i es respecti el seu ritme de treball, en un ambient de calma. Practiquem la [&hellip;]<\/p>\n","protected":false},"author":1,"featured_media":0,"parent":0,"menu_order":0,"comment_status":"closed","ping_status":"closed","template":"","meta":{"_bbp_topic_count":0,"_bbp_reply_count":0,"_bbp_total_topic_count":0,"_bbp_total_reply_count":0,"_bbp_voice_count":0,"_bbp_anonymous_reply_count":0,"_bbp_topic_count_hidden":0,"_bbp_reply_count_hidden":0,"_bbp_forum_subforum_count":0,"site-sidebar-layout":"default","site-content-layout":"","ast-site-content-layout":"default","site-content-style":"default","site-sidebar-style":"default","ast-global-header-display":"","ast-banner-title-visibility":"","ast-main-header-display":"","ast-hfb-above-header-display":"","ast-hfb-below-header-display":"","ast-hfb-mobile-header-display":"","site-post-title":"","ast-breadcrumbs-content":"","ast-featured-img":"","footer-sml-layout":"","theme-transparent-header-meta":"","adv-header-id-meta":"","stick-header-meta":"","header-above-stick-meta":"","header-main-stick-meta":"","header-below-stick-meta":"","astra-migrate-meta-layouts":"set","ast-page-background-enabled":"default","ast-page-background-meta":{"desktop":{"background-color":"var(--ast-global-color-4)","background-image":"","background-repeat":"repeat","background-position":"center center","background-size":"auto","background-attachment":"scroll","background-type":"","background-media":"","overlay-type":"","overlay-color":"","overlay-opacity":"","overlay-gradient":""},"tablet":{"background-color":"","background-image":"","background-repeat":"repeat","background-position":"center center","background-size":"auto","background-attachment":"scroll","background-type":"","background-media":"","overlay-type":"","overlay-color":"","overlay-opacity":"","overlay-gradient":""},"mobile":{"background-color":"","background-image":"","background-repeat":"repeat","background-position":"center center","background-size":"auto","background-attachment":"scroll","background-type":"","background-media":"","overlay-type":"","overlay-color":"","overlay-opacity":"","overlay-gradient":""}},"ast-content-background-meta":{"desktop":{"background-color":"var(--ast-global-color-5)","background-image":"","background-repeat":"repeat","background-position":"center center","background-size":"auto","background-attachment":"scroll","background-type":"","background-media":"","overlay-type":"","overlay-color":"","overlay-opacity":"","overlay-gradient":""},"tablet":{"background-color":"var(--ast-global-color-5)","background-image":"","background-repeat":"repeat","background-position":"center center","background-size":"auto","background-attachment":"scroll","background-type":"","background-media":"","overlay-type":"","overlay-color":"","overlay-opacity":"","overlay-gradient":""},"mobile":{"background-color":"var(--ast-global-color-5)","background-image":"","background-repeat":"repeat","background-position":"center center","background-size":"auto","background-attachment":"scroll","background-type":"","background-media":"","overlay-type":"","overlay-color":"","overlay-opacity":"","overlay-gradient":""}},"footnotes":""},"class_list":["post-20276","page","type-page","status-publish","hentry"],"post_mailing_queue_ids":[],"_links":{"self":[{"href":"https:\/\/agora.xtec.cat\/escbusquetsipunset\/wp-json\/wp\/v2\/pages\/20276","targetHints":{"allow":["GET"]}}],"collection":[{"href":"https:\/\/agora.xtec.cat\/escbusquetsipunset\/wp-json\/wp\/v2\/pages"}],"about":[{"href":"https:\/\/agora.xtec.cat\/escbusquetsipunset\/wp-json\/wp\/v2\/types\/page"}],"author":[{"embeddable":true,"href":"https:\/\/agora.xtec.cat\/escbusquetsipunset\/wp-json\/wp\/v2\/users\/1"}],"replies":[{"embeddable":true,"href":"https:\/\/agora.xtec.cat\/escbusquetsipunset\/wp-json\/wp\/v2\/comments?post=20276"}],"version-history":[{"count":6,"href":"https:\/\/agora.xtec.cat\/escbusquetsipunset\/wp-json\/wp\/v2\/pages\/20276\/revisions"}],"predecessor-version":[{"id":22381,"href":"https:\/\/agora.xtec.cat\/escbusquetsipunset\/wp-json\/wp\/v2\/pages\/20276\/revisions\/22381"}],"wp:attachment":[{"href":"https:\/\/agora.xtec.cat\/escbusquetsipunset\/wp-json\/wp\/v2\/media?parent=20276"}],"curies":[{"name":"wp","href":"https:\/\/api.w.org\/{rel}","templated":true}]}}