{"id":848,"date":"2017-03-01T13:25:02","date_gmt":"2017-03-01T12:25:02","guid":{"rendered":"http:\/\/agora.xtec.cat\/escbernarditolra\/?page_id=848"},"modified":"2025-11-14T11:37:50","modified_gmt":"2025-11-14T10:37:50","slug":"el-xandall","status":"publish","type":"page","link":"https:\/\/agora.xtec.cat\/escbernarditolra\/pagina-dinici-buida\/el-xandall\/","title":{"rendered":"El xandall"},"content":{"rendered":"<p>El xandall \u00e9s <strong>obligatori\u00a0<\/strong>per educaci\u00f3 f\u00edsica i per les sortides.<\/p>\n<p>Consta de pantalons blau mar\u00ed, la samarreta blanca amb el logo de l&#8217;escola (m\u00e0niga curta i\/o m\u00e0niga llarga), la jaqueta blava amb caputxa i el polar blau. Per completar l&#8217;equipaci\u00f3 tamb\u00e9 hi ha la possibilitat d&#8217;adquirir l&#8217;anorac de l&#8217;escola.<\/p>\n<p>Tot seguit us adjuntem les imatges.<\/p>\n<p>Tota l&#8217;equipaci\u00f3 es pot comprar a la botiga Fruit&amp;Co\u00a0 <a href=\"https:\/\/maps.app.goo.gl\/LGo8DqJRBJrnny6U8\">(Fruit of the Loom)<\/a> de Valls.<\/p>\n<p>&nbsp;<\/p>\n<p><img loading=\"lazy\" decoding=\"async\" class=\"alignnone size-full wp-image-849\" src=\"http:\/\/agora.xtec.cat\/escbernarditolra\/wp-content\/uploads\/usu1025\/2017\/03\/IMG_3394.jpg\" alt=\"img_3394\" width=\"336\" height=\"391\" srcset=\"https:\/\/agora.xtec.cat\/escbernarditolra\/wp-content\/uploads\/usu1025\/2017\/03\/IMG_3394.jpg 336w, https:\/\/agora.xtec.cat\/escbernarditolra\/wp-content\/uploads\/usu1025\/2017\/03\/IMG_3394-258x300.jpg 258w\" sizes=\"auto, (max-width: 336px) 100vw, 336px\" \/> <img loading=\"lazy\" decoding=\"async\" class=\"alignnone size-full wp-image-850\" src=\"http:\/\/agora.xtec.cat\/escbernarditolra\/wp-content\/uploads\/usu1025\/2017\/03\/xandall.jpg\" alt=\"xandall\" width=\"336\" height=\"409\" srcset=\"https:\/\/agora.xtec.cat\/escbernarditolra\/wp-content\/uploads\/usu1025\/2017\/03\/xandall.jpg 336w, https:\/\/agora.xtec.cat\/escbernarditolra\/wp-content\/uploads\/usu1025\/2017\/03\/xandall-246x300.jpg 246w\" sizes=\"auto, (max-width: 336px) 100vw, 336px\" \/><\/p>\n","protected":false},"excerpt":{"rendered":"<p>El xandall \u00e9s obligatori\u00a0per educaci\u00f3 f\u00edsica i per les sortides. Consta de pantalons blau mar\u00ed, la samarreta blanca amb el logo de l&#8217;escola (m\u00e0niga curta i\/o m\u00e0niga llarga), la jaqueta blava amb caputxa i el polar blau. Per completar l&#8217;equipaci\u00f3 tamb\u00e9 hi ha la possibilitat d&#8217;adquirir l&#8217;anorac de l&#8217;escola. Tot seguit us adjuntem les imatges. [&hellip;]<\/p>\n","protected":false},"author":1,"featured_media":0,"parent":9,"menu_order":0,"comment_status":"closed","ping_status":"closed","template":"","meta":{"_bbp_topic_count":0,"_bbp_reply_count":0,"_bbp_total_topic_count":0,"_bbp_total_reply_count":0,"_bbp_voice_count":0,"_bbp_anonymous_reply_count":0,"_bbp_topic_count_hidden":0,"_bbp_reply_count_hidden":0,"_bbp_forum_subforum_count":0,"site-sidebar-layout":"default","site-content-layout":"","ast-site-content-layout":"","site-content-style":"default","site-sidebar-style":"default","ast-global-header-display":"","ast-banner-title-visibility":"","ast-main-header-display":"","ast-hfb-above-header-display":"","ast-hfb-below-header-display":"","ast-hfb-mobile-header-display":"","site-post-title":"","ast-breadcrumbs-content":"","ast-featured-img":"","footer-sml-layout":"","theme-transparent-header-meta":"","adv-header-id-meta":"","stick-header-meta":"","header-above-stick-meta":"","header-main-stick-meta":"","header-below-stick-meta":"","astra-migrate-meta-layouts":"default","ast-page-background-enabled":"default","ast-page-background-meta":{"desktop":{"background-color":"var(--ast-global-color-4)","background-image":"","background-repeat":"repeat","background-position":"center center","background-size":"auto","background-attachment":"scroll","background-type":"","background-media":"","overlay-type":"","overlay-color":"","overlay-opacity":"","overlay-gradient":""},"tablet":{"background-color":"","background-image":"","background-repeat":"repeat","background-position":"center center","background-size":"auto","background-attachment":"scroll","background-type":"","background-media":"","overlay-type":"","overlay-color":"","overlay-opacity":"","overlay-gradient":""},"mobile":{"background-color":"","background-image":"","background-repeat":"repeat","background-position":"center center","background-size":"auto","background-attachment":"scroll","background-type":"","background-media":"","overlay-type":"","overlay-color":"","overlay-opacity":"","overlay-gradient":""}},"ast-content-background-meta":{"desktop":{"background-color":"var(--ast-global-color-5)","background-image":"","background-repeat":"repeat","background-position":"center center","background-size":"auto","background-attachment":"scroll","background-type":"","background-media":"","overlay-type":"","overlay-color":"","overlay-opacity":"","overlay-gradient":""},"tablet":{"background-color":"var(--ast-global-color-5)","background-image":"","background-repeat":"repeat","background-position":"center center","background-size":"auto","background-attachment":"scroll","background-type":"","background-media":"","overlay-type":"","overlay-color":"","overlay-opacity":"","overlay-gradient":""},"mobile":{"background-color":"var(--ast-global-color-5)","background-image":"","background-repeat":"repeat","background-position":"center center","background-size":"auto","background-attachment":"scroll","background-type":"","background-media":"","overlay-type":"","overlay-color":"","overlay-opacity":"","overlay-gradient":""}},"footnotes":""},"class_list":["post-848","page","type-page","status-publish","hentry"],"post_mailing_queue_ids":[],"_links":{"self":[{"href":"https:\/\/agora.xtec.cat\/escbernarditolra\/wp-json\/wp\/v2\/pages\/848","targetHints":{"allow":["GET"]}}],"collection":[{"href":"https:\/\/agora.xtec.cat\/escbernarditolra\/wp-json\/wp\/v2\/pages"}],"about":[{"href":"https:\/\/agora.xtec.cat\/escbernarditolra\/wp-json\/wp\/v2\/types\/page"}],"author":[{"embeddable":true,"href":"https:\/\/agora.xtec.cat\/escbernarditolra\/wp-json\/wp\/v2\/users\/1"}],"replies":[{"embeddable":true,"href":"https:\/\/agora.xtec.cat\/escbernarditolra\/wp-json\/wp\/v2\/comments?post=848"}],"version-history":[{"count":3,"href":"https:\/\/agora.xtec.cat\/escbernarditolra\/wp-json\/wp\/v2\/pages\/848\/revisions"}],"predecessor-version":[{"id":3308,"href":"https:\/\/agora.xtec.cat\/escbernarditolra\/wp-json\/wp\/v2\/pages\/848\/revisions\/3308"}],"up":[{"embeddable":true,"href":"https:\/\/agora.xtec.cat\/escbernarditolra\/wp-json\/wp\/v2\/pages\/9"}],"wp:attachment":[{"href":"https:\/\/agora.xtec.cat\/escbernarditolra\/wp-json\/wp\/v2\/media?parent=848"}],"curies":[{"name":"wp","href":"https:\/\/api.w.org\/{rel}","templated":true}]}}