{"id":64,"date":"2014-09-18T12:39:08","date_gmt":"2014-09-18T11:39:08","guid":{"rendered":"http:\/\/agora.xtec.cat\/escbernarditolra\/?page_id=64"},"modified":"2024-04-17T19:03:17","modified_gmt":"2024-04-17T17:03:17","slug":"projecte-educatiu","status":"publish","type":"page","link":"https:\/\/agora.xtec.cat\/escbernarditolra\/projecte-educatiu\/","title":{"rendered":"Documents"},"content":{"rendered":"<p>Documents escola:<\/p>\n<ul>\n<li><strong>PLC<\/strong> : podeu trobar el document <a href=\"https:\/\/drive.google.com\/file\/d\/1RaSAfbVbK_DWEV7jwhMDGxefbv4GTiEY\/view?usp=sharing\">aqu\u00ed<\/a>.<\/li>\n<li><strong>NOFC:<\/strong> podeu\u00a0 trobar el document <a href=\"https:\/\/drive.google.com\/file\/d\/1NwpadIfQ9T2x9EWb6ogFaDSl0NUo3tEz\/view?usp=sharing\">aqu\u00ed<\/a>.<\/li>\n<li><strong>Cartes comprom\u00eds<\/strong>: <span style=\"color: #000000; font-size: medium;\">La finalitat de la carta de comprom\u00eds \u00e9s potenciar la comunicaci\u00f3, la participaci\u00f3, la implicaci\u00f3, el comprom\u00eds i la coresponsabilitat entre l\u2019Escola i les fam\u00edlies en l\u2019educaci\u00f3 dels infants. <\/span><span style=\"color: #000000; font-size: medium;\">Es presenta la carta de comprom\u00eds educatiu a les fam\u00edlies i totes les fam\u00edlies la signen a inici de curs. <a href=\"https:\/\/drive.google.com\/file\/d\/1VNWsvDN6nnEAVCVu56Y1du87ICdniiVl\/view?usp=sharing\">Carta de comprom\u00eds d&#8217;infantil<\/a> i <a href=\"https:\/\/drive.google.com\/file\/d\/1vBKdBhnIfcrvPK-omppYG29nIYZQ68ZT\/view?usp=sharing\">carta comprom\u00eds de prim\u00e0ria.\u00a0<\/a><\/span><\/li>\n<li><strong>Pla d&#8217;acollida<\/strong>: podeu trobar el document<a href=\"https:\/\/drive.google.com\/file\/d\/1MKyfDE9s7AaXAOtKjoZ7paRBCZIuryHl\/view?usp=sharing\"> aqu\u00ed.\u00a0<\/a><\/li>\n<li><strong>Pressupost 2024:\u00a0<\/strong>podeu trobar el pressupost <a href=\"https:\/\/drive.google.com\/file\/d\/1obw2EBV4V3Js-sxviFUQvqj10KH7_jOc\/view?usp=sharing\">aqu\u00ed<\/a>.<\/li>\n<\/ul>\n","protected":false},"excerpt":{"rendered":"<p>Documents escola: PLC : podeu trobar el document aqu\u00ed. NOFC: podeu\u00a0 trobar el document aqu\u00ed. Cartes comprom\u00eds: La finalitat de la carta de comprom\u00eds \u00e9s potenciar la comunicaci\u00f3, la participaci\u00f3, la implicaci\u00f3, el comprom\u00eds i la coresponsabilitat entre l\u2019Escola i les fam\u00edlies en l\u2019educaci\u00f3 dels infants. Es presenta la carta de comprom\u00eds educatiu a les [&hellip;]<\/p>\n","protected":false},"author":1,"featured_media":0,"parent":0,"menu_order":0,"comment_status":"closed","ping_status":"closed","template":"page-templates\/side-menu.php","meta":{"_bbp_topic_count":0,"_bbp_reply_count":0,"_bbp_total_topic_count":0,"_bbp_total_reply_count":0,"_bbp_voice_count":0,"_bbp_anonymous_reply_count":0,"_bbp_topic_count_hidden":0,"_bbp_reply_count_hidden":0,"_bbp_forum_subforum_count":0,"site-sidebar-layout":"default","site-content-layout":"","ast-site-content-layout":"","site-content-style":"default","site-sidebar-style":"default","ast-global-header-display":"","ast-banner-title-visibility":"","ast-main-header-display":"","ast-hfb-above-header-display":"","ast-hfb-below-header-display":"","ast-hfb-mobile-header-display":"","site-post-title":"","ast-breadcrumbs-content":"","ast-featured-img":"","footer-sml-layout":"","theme-transparent-header-meta":"","adv-header-id-meta":"","stick-header-meta":"","header-above-stick-meta":"","header-main-stick-meta":"","header-below-stick-meta":"","astra-migrate-meta-layouts":"default","ast-page-background-enabled":"default","ast-page-background-meta":{"desktop":{"background-color":"var(--ast-global-color-4)","background-image":"","background-repeat":"repeat","background-position":"center center","background-size":"auto","background-attachment":"scroll","background-type":"","background-media":"","overlay-type":"","overlay-color":"","overlay-opacity":"","overlay-gradient":""},"tablet":{"background-color":"","background-image":"","background-repeat":"repeat","background-position":"center center","background-size":"auto","background-attachment":"scroll","background-type":"","background-media":"","overlay-type":"","overlay-color":"","overlay-opacity":"","overlay-gradient":""},"mobile":{"background-color":"","background-image":"","background-repeat":"repeat","background-position":"center center","background-size":"auto","background-attachment":"scroll","background-type":"","background-media":"","overlay-type":"","overlay-color":"","overlay-opacity":"","overlay-gradient":""}},"ast-content-background-meta":{"desktop":{"background-color":"var(--ast-global-color-5)","background-image":"","background-repeat":"repeat","background-position":"center center","background-size":"auto","background-attachment":"scroll","background-type":"","background-media":"","overlay-type":"","overlay-color":"","overlay-opacity":"","overlay-gradient":""},"tablet":{"background-color":"var(--ast-global-color-5)","background-image":"","background-repeat":"repeat","background-position":"center center","background-size":"auto","background-attachment":"scroll","background-type":"","background-media":"","overlay-type":"","overlay-color":"","overlay-opacity":"","overlay-gradient":""},"mobile":{"background-color":"var(--ast-global-color-5)","background-image":"","background-repeat":"repeat","background-position":"center center","background-size":"auto","background-attachment":"scroll","background-type":"","background-media":"","overlay-type":"","overlay-color":"","overlay-opacity":"","overlay-gradient":""}},"footnotes":""},"class_list":["post-64","page","type-page","status-publish","hentry"],"post_mailing_queue_ids":[],"_links":{"self":[{"href":"https:\/\/agora.xtec.cat\/escbernarditolra\/wp-json\/wp\/v2\/pages\/64","targetHints":{"allow":["GET"]}}],"collection":[{"href":"https:\/\/agora.xtec.cat\/escbernarditolra\/wp-json\/wp\/v2\/pages"}],"about":[{"href":"https:\/\/agora.xtec.cat\/escbernarditolra\/wp-json\/wp\/v2\/types\/page"}],"author":[{"embeddable":true,"href":"https:\/\/agora.xtec.cat\/escbernarditolra\/wp-json\/wp\/v2\/users\/1"}],"replies":[{"embeddable":true,"href":"https:\/\/agora.xtec.cat\/escbernarditolra\/wp-json\/wp\/v2\/comments?post=64"}],"version-history":[{"count":7,"href":"https:\/\/agora.xtec.cat\/escbernarditolra\/wp-json\/wp\/v2\/pages\/64\/revisions"}],"predecessor-version":[{"id":3301,"href":"https:\/\/agora.xtec.cat\/escbernarditolra\/wp-json\/wp\/v2\/pages\/64\/revisions\/3301"}],"wp:attachment":[{"href":"https:\/\/agora.xtec.cat\/escbernarditolra\/wp-json\/wp\/v2\/media?parent=64"}],"curies":[{"name":"wp","href":"https:\/\/api.w.org\/{rel}","templated":true}]}}