{"id":3247,"date":"2023-11-29T12:18:27","date_gmt":"2023-11-29T11:18:27","guid":{"rendered":"https:\/\/agora.xtec.cat\/escbernarditolra\/?page_id=3247"},"modified":"2023-11-29T12:39:50","modified_gmt":"2023-11-29T11:39:50","slug":"families","status":"publish","type":"page","link":"https:\/\/agora.xtec.cat\/escbernarditolra\/estrategia-digital-de-centre-edc\/cultura-digital\/families\/","title":{"rendered":"Fam\u00edlies"},"content":{"rendered":"<p>En aquest espai enlla\u00e7arem diferents recursos que creiem que poden ser \u00fatils en la vostra etapa a l&#8217;escola.<\/p>\n<p><a href=\"https:\/\/docs.google.com\/document\/d\/1iykglWJrfcF5rQKKLJjUVEjih8OAA0jJKglZmt-n0VM\/preview\" target=\"_blank\" rel=\"noopener\"><button class=\"btn btn-info\" type=\"button\">Acollida Digital<\/button><\/a><\/p>\n<p><button class=\"btn btn-info\" type=\"button\">Plantilla documents<\/button><\/p>\n<p><button class=\"btn btn-info\" type=\"button\">Recursos digitals<\/button><\/p>\n<p><center><iframe loading=\"lazy\" src=\"https:\/\/projectes.xtec.cat\/digital\/competencia-digital\/families-digitalment-competents\/\" width=\"840\" height=\"480\"><span data-mce-type=\"bookmark\" style=\"display: inline-block; width: 0px; overflow: hidden; line-height: 0;\" class=\"mce_SELRES_start\"><span data-mce-type=\"bookmark\" style=\"display: inline-block; width: 0px; overflow: hidden; line-height: 0;\" class=\"mce_SELRES_start\">\ufeff<\/span>\ufeff<\/span><\/iframe><\/center><\/p>\n","protected":false},"excerpt":{"rendered":"<p>En aquest espai enlla\u00e7arem diferents recursos que creiem que poden ser \u00fatils en la vostra etapa a l&#8217;escola. Acollida Digital Plantilla documents Recursos digitals \ufeff\ufeff<\/p>\n","protected":false},"author":1,"featured_media":0,"parent":3110,"menu_order":0,"comment_status":"closed","ping_status":"closed","template":"","meta":{"_bbp_topic_count":0,"_bbp_reply_count":0,"_bbp_total_topic_count":0,"_bbp_total_reply_count":0,"_bbp_voice_count":0,"_bbp_anonymous_reply_count":0,"_bbp_topic_count_hidden":0,"_bbp_reply_count_hidden":0,"_bbp_forum_subforum_count":0,"site-sidebar-layout":"default","site-content-layout":"","ast-site-content-layout":"","site-content-style":"default","site-sidebar-style":"default","ast-global-header-display":"","ast-banner-title-visibility":"","ast-main-header-display":"","ast-hfb-above-header-display":"","ast-hfb-below-header-display":"","ast-hfb-mobile-header-display":"","site-post-title":"","ast-breadcrumbs-content":"","ast-featured-img":"","footer-sml-layout":"","theme-transparent-header-meta":"","adv-header-id-meta":"","stick-header-meta":"","header-above-stick-meta":"","header-main-stick-meta":"","header-below-stick-meta":"","astra-migrate-meta-layouts":"default","ast-page-background-enabled":"default","ast-page-background-meta":{"desktop":{"background-color":"var(--ast-global-color-4)","background-image":"","background-repeat":"repeat","background-position":"center center","background-size":"auto","background-attachment":"scroll","background-type":"","background-media":"","overlay-type":"","overlay-color":"","overlay-opacity":"","overlay-gradient":""},"tablet":{"background-color":"","background-image":"","background-repeat":"repeat","background-position":"center center","background-size":"auto","background-attachment":"scroll","background-type":"","background-media":"","overlay-type":"","overlay-color":"","overlay-opacity":"","overlay-gradient":""},"mobile":{"background-color":"","background-image":"","background-repeat":"repeat","background-position":"center center","background-size":"auto","background-attachment":"scroll","background-type":"","background-media":"","overlay-type":"","overlay-color":"","overlay-opacity":"","overlay-gradient":""}},"ast-content-background-meta":{"desktop":{"background-color":"var(--ast-global-color-5)","background-image":"","background-repeat":"repeat","background-position":"center center","background-size":"auto","background-attachment":"scroll","background-type":"","background-media":"","overlay-type":"","overlay-color":"","overlay-opacity":"","overlay-gradient":""},"tablet":{"background-color":"var(--ast-global-color-5)","background-image":"","background-repeat":"repeat","background-position":"center center","background-size":"auto","background-attachment":"scroll","background-type":"","background-media":"","overlay-type":"","overlay-color":"","overlay-opacity":"","overlay-gradient":""},"mobile":{"background-color":"var(--ast-global-color-5)","background-image":"","background-repeat":"repeat","background-position":"center center","background-size":"auto","background-attachment":"scroll","background-type":"","background-media":"","overlay-type":"","overlay-color":"","overlay-opacity":"","overlay-gradient":""}},"footnotes":""},"class_list":["post-3247","page","type-page","status-publish","hentry"],"post_mailing_queue_ids":[],"_links":{"self":[{"href":"https:\/\/agora.xtec.cat\/escbernarditolra\/wp-json\/wp\/v2\/pages\/3247","targetHints":{"allow":["GET"]}}],"collection":[{"href":"https:\/\/agora.xtec.cat\/escbernarditolra\/wp-json\/wp\/v2\/pages"}],"about":[{"href":"https:\/\/agora.xtec.cat\/escbernarditolra\/wp-json\/wp\/v2\/types\/page"}],"author":[{"embeddable":true,"href":"https:\/\/agora.xtec.cat\/escbernarditolra\/wp-json\/wp\/v2\/users\/1"}],"replies":[{"embeddable":true,"href":"https:\/\/agora.xtec.cat\/escbernarditolra\/wp-json\/wp\/v2\/comments?post=3247"}],"version-history":[{"count":6,"href":"https:\/\/agora.xtec.cat\/escbernarditolra\/wp-json\/wp\/v2\/pages\/3247\/revisions"}],"predecessor-version":[{"id":3266,"href":"https:\/\/agora.xtec.cat\/escbernarditolra\/wp-json\/wp\/v2\/pages\/3247\/revisions\/3266"}],"up":[{"embeddable":true,"href":"https:\/\/agora.xtec.cat\/escbernarditolra\/wp-json\/wp\/v2\/pages\/3110"}],"wp:attachment":[{"href":"https:\/\/agora.xtec.cat\/escbernarditolra\/wp-json\/wp\/v2\/media?parent=3247"}],"curies":[{"name":"wp","href":"https:\/\/api.w.org\/{rel}","templated":true}]}}