{"id":2919,"date":"2021-03-01T16:01:08","date_gmt":"2021-03-01T15:01:08","guid":{"rendered":"http:\/\/agora.xtec.cat\/escbernarditolra\/?page_id=2919"},"modified":"2025-11-14T11:43:33","modified_gmt":"2025-11-14T10:43:33","slug":"eraasmus-hello-dear-cli-mates","status":"publish","type":"page","link":"https:\/\/agora.xtec.cat\/escbernarditolra\/projectes-3\/eraasmus-hello-dear-cli-mates\/","title":{"rendered":"Erasmus+: Hello, dear cli-mates"},"content":{"rendered":"<p>&nbsp;<\/p>\n<p>Aquest curs 2020-21 comencem un nou Erasmus+.<\/p>\n<p>El nostre projecte es diu Hello, dear cli-mates.<\/p>\n<p>Les escoles que formen part d\u2019aquest projecte s\u00f3n:<\/p>\n<ul>\n<li><span style=\"font-family: inherit; font-size: 1em;\">(Turquia)<\/span><\/li>\n<li>(Romania)<\/li>\n<li>Martinsicuro (It\u00e0lia)<\/li>\n<li>Vila-rodona (Catalunya)<\/li>\n<\/ul>\n<p>Durant dos cursos escolars treballarem conjuntament els efectes del canvi clim\u00e0tic.<\/p>\n<p>Cada escola porta a terme el projecte a partir de les reunions transnacionals virtuals.<\/p>\n<p>Tamb\u00e9 utilitzem la plataforma Etwinning on a part de les escoles esmentades n&#8217;hi ha d&#8217;altres d&#8217;arreu d&#8217;Europa.<\/p>\n","protected":false},"excerpt":{"rendered":"<p>&nbsp; Aquest curs 2020-21 comencem un nou Erasmus+. El nostre projecte es diu Hello, dear cli-mates. Les escoles que formen part d\u2019aquest projecte s\u00f3n: (Turquia) (Romania) Martinsicuro (It\u00e0lia) Vila-rodona (Catalunya) Durant dos cursos escolars treballarem conjuntament els efectes del canvi clim\u00e0tic. Cada escola porta a terme el projecte a partir de les reunions transnacionals virtuals. [&hellip;]<\/p>\n","protected":false},"author":1,"featured_media":0,"parent":2913,"menu_order":0,"comment_status":"closed","ping_status":"closed","template":"","meta":{"_bbp_topic_count":0,"_bbp_reply_count":0,"_bbp_total_topic_count":0,"_bbp_total_reply_count":0,"_bbp_voice_count":0,"_bbp_anonymous_reply_count":0,"_bbp_topic_count_hidden":0,"_bbp_reply_count_hidden":0,"_bbp_forum_subforum_count":0,"site-sidebar-layout":"default","site-content-layout":"","ast-site-content-layout":"","site-content-style":"default","site-sidebar-style":"default","ast-global-header-display":"","ast-banner-title-visibility":"","ast-main-header-display":"","ast-hfb-above-header-display":"","ast-hfb-below-header-display":"","ast-hfb-mobile-header-display":"","site-post-title":"","ast-breadcrumbs-content":"","ast-featured-img":"","footer-sml-layout":"","theme-transparent-header-meta":"","adv-header-id-meta":"","stick-header-meta":"","header-above-stick-meta":"","header-main-stick-meta":"","header-below-stick-meta":"","astra-migrate-meta-layouts":"default","ast-page-background-enabled":"default","ast-page-background-meta":{"desktop":{"background-color":"var(--ast-global-color-4)","background-image":"","background-repeat":"repeat","background-position":"center center","background-size":"auto","background-attachment":"scroll","background-type":"","background-media":"","overlay-type":"","overlay-color":"","overlay-opacity":"","overlay-gradient":""},"tablet":{"background-color":"","background-image":"","background-repeat":"repeat","background-position":"center center","background-size":"auto","background-attachment":"scroll","background-type":"","background-media":"","overlay-type":"","overlay-color":"","overlay-opacity":"","overlay-gradient":""},"mobile":{"background-color":"","background-image":"","background-repeat":"repeat","background-position":"center center","background-size":"auto","background-attachment":"scroll","background-type":"","background-media":"","overlay-type":"","overlay-color":"","overlay-opacity":"","overlay-gradient":""}},"ast-content-background-meta":{"desktop":{"background-color":"var(--ast-global-color-5)","background-image":"","background-repeat":"repeat","background-position":"center center","background-size":"auto","background-attachment":"scroll","background-type":"","background-media":"","overlay-type":"","overlay-color":"","overlay-opacity":"","overlay-gradient":""},"tablet":{"background-color":"var(--ast-global-color-5)","background-image":"","background-repeat":"repeat","background-position":"center center","background-size":"auto","background-attachment":"scroll","background-type":"","background-media":"","overlay-type":"","overlay-color":"","overlay-opacity":"","overlay-gradient":""},"mobile":{"background-color":"var(--ast-global-color-5)","background-image":"","background-repeat":"repeat","background-position":"center center","background-size":"auto","background-attachment":"scroll","background-type":"","background-media":"","overlay-type":"","overlay-color":"","overlay-opacity":"","overlay-gradient":""}},"footnotes":""},"class_list":["post-2919","page","type-page","status-publish","hentry"],"post_mailing_queue_ids":[],"_links":{"self":[{"href":"https:\/\/agora.xtec.cat\/escbernarditolra\/wp-json\/wp\/v2\/pages\/2919","targetHints":{"allow":["GET"]}}],"collection":[{"href":"https:\/\/agora.xtec.cat\/escbernarditolra\/wp-json\/wp\/v2\/pages"}],"about":[{"href":"https:\/\/agora.xtec.cat\/escbernarditolra\/wp-json\/wp\/v2\/types\/page"}],"author":[{"embeddable":true,"href":"https:\/\/agora.xtec.cat\/escbernarditolra\/wp-json\/wp\/v2\/users\/1"}],"replies":[{"embeddable":true,"href":"https:\/\/agora.xtec.cat\/escbernarditolra\/wp-json\/wp\/v2\/comments?post=2919"}],"version-history":[{"count":2,"href":"https:\/\/agora.xtec.cat\/escbernarditolra\/wp-json\/wp\/v2\/pages\/2919\/revisions"}],"predecessor-version":[{"id":2922,"href":"https:\/\/agora.xtec.cat\/escbernarditolra\/wp-json\/wp\/v2\/pages\/2919\/revisions\/2922"}],"up":[{"embeddable":true,"href":"https:\/\/agora.xtec.cat\/escbernarditolra\/wp-json\/wp\/v2\/pages\/2913"}],"wp:attachment":[{"href":"https:\/\/agora.xtec.cat\/escbernarditolra\/wp-json\/wp\/v2\/media?parent=2919"}],"curies":[{"name":"wp","href":"https:\/\/api.w.org\/{rel}","templated":true}]}}