{"id":26,"date":"2014-09-18T12:24:32","date_gmt":"2014-09-18T11:24:32","guid":{"rendered":"http:\/\/agora.xtec.cat\/escbernarditolra\/?page_id=26"},"modified":"2025-11-14T11:33:41","modified_gmt":"2025-11-14T10:33:41","slug":"historia","status":"publish","type":"page","link":"https:\/\/agora.xtec.cat\/escbernarditolra\/pagina-dinici-buida\/historia\/","title":{"rendered":"Hist\u00f2ria"},"content":{"rendered":"<p>Les antigues escoles del 1960 estaven ubicades al carrer de les escoles, constaven de dues aules i pati. A mesura que van passar els anys i va cr\u00e9ixer la poblaci\u00f3, l&#8217;any 1980 es van comen\u00e7ar a cosntruir unes altres escoles en un tur\u00f3 fora del nucli urb\u00e0, igual que el Casal es va aconseguir aquest nou edifici gr\u00e0cies a l&#8217;esfor\u00e7 de la poblaci\u00f3. Tot i que els alumnes de prim\u00e0ria anaven a l&#8217;escola nova, els de parvulari continuaven anant a l&#8217;antic fins l&#8217;any 2003 que es \u00a0feu una nova ampliaci\u00f3 de dues aules aix\u00ed aconseguint estar tots els alumnes en el mateix centre.<\/p>\n<p>El juny del 2008 degut a les esquerdes el Departament d&#8217;Ensenyament va decidir que l&#8217;escola s&#8217;havia d&#8217;enderrocar i actualment els alumnes estan en cinc m\u00f2duls en espera de la nova construcci\u00f3.<\/p>\n<p>El curs 1996 l&#8217;escola va iniciar activitats conjuntes amb les escoles de Rodony\u00e0, la Joncosa i Maslloren\u00e7 formant un agrupament rural i despr\u00e9s va ser la ZER El Montmell, l&#8217;any 2000.<\/p>\n<p>El 31 d&#8217;agost del 2010 es va dissoldre la ZER i des del curs 2011-2012 som escola d&#8217;una l\u00ednia.<\/p>\n<p>&nbsp;<\/p>\n","protected":false},"excerpt":{"rendered":"<p>Les antigues escoles del 1960 estaven ubicades al carrer de les escoles, constaven de dues aules i pati. A mesura que van passar els anys i va cr\u00e9ixer la poblaci\u00f3, l&#8217;any 1980 es van comen\u00e7ar a cosntruir unes altres escoles en un tur\u00f3 fora del nucli urb\u00e0, igual que el Casal es va aconseguir aquest [&hellip;]<\/p>\n","protected":false},"author":1,"featured_media":0,"parent":9,"menu_order":20,"comment_status":"closed","ping_status":"closed","template":"","meta":{"_bbp_topic_count":0,"_bbp_reply_count":0,"_bbp_total_topic_count":0,"_bbp_total_reply_count":0,"_bbp_voice_count":0,"_bbp_anonymous_reply_count":0,"_bbp_topic_count_hidden":0,"_bbp_reply_count_hidden":0,"_bbp_forum_subforum_count":0,"site-sidebar-layout":"default","site-content-layout":"","ast-site-content-layout":"","site-content-style":"default","site-sidebar-style":"default","ast-global-header-display":"","ast-banner-title-visibility":"","ast-main-header-display":"","ast-hfb-above-header-display":"","ast-hfb-below-header-display":"","ast-hfb-mobile-header-display":"","site-post-title":"","ast-breadcrumbs-content":"","ast-featured-img":"","footer-sml-layout":"","theme-transparent-header-meta":"","adv-header-id-meta":"","stick-header-meta":"","header-above-stick-meta":"","header-main-stick-meta":"","header-below-stick-meta":"","astra-migrate-meta-layouts":"default","ast-page-background-enabled":"default","ast-page-background-meta":{"desktop":{"background-color":"var(--ast-global-color-4)","background-image":"","background-repeat":"repeat","background-position":"center center","background-size":"auto","background-attachment":"scroll","background-type":"","background-media":"","overlay-type":"","overlay-color":"","overlay-opacity":"","overlay-gradient":""},"tablet":{"background-color":"","background-image":"","background-repeat":"repeat","background-position":"center center","background-size":"auto","background-attachment":"scroll","background-type":"","background-media":"","overlay-type":"","overlay-color":"","overlay-opacity":"","overlay-gradient":""},"mobile":{"background-color":"","background-image":"","background-repeat":"repeat","background-position":"center center","background-size":"auto","background-attachment":"scroll","background-type":"","background-media":"","overlay-type":"","overlay-color":"","overlay-opacity":"","overlay-gradient":""}},"ast-content-background-meta":{"desktop":{"background-color":"var(--ast-global-color-5)","background-image":"","background-repeat":"repeat","background-position":"center center","background-size":"auto","background-attachment":"scroll","background-type":"","background-media":"","overlay-type":"","overlay-color":"","overlay-opacity":"","overlay-gradient":""},"tablet":{"background-color":"var(--ast-global-color-5)","background-image":"","background-repeat":"repeat","background-position":"center center","background-size":"auto","background-attachment":"scroll","background-type":"","background-media":"","overlay-type":"","overlay-color":"","overlay-opacity":"","overlay-gradient":""},"mobile":{"background-color":"var(--ast-global-color-5)","background-image":"","background-repeat":"repeat","background-position":"center center","background-size":"auto","background-attachment":"scroll","background-type":"","background-media":"","overlay-type":"","overlay-color":"","overlay-opacity":"","overlay-gradient":""}},"footnotes":""},"class_list":["post-26","page","type-page","status-publish","hentry"],"post_mailing_queue_ids":[],"_links":{"self":[{"href":"https:\/\/agora.xtec.cat\/escbernarditolra\/wp-json\/wp\/v2\/pages\/26","targetHints":{"allow":["GET"]}}],"collection":[{"href":"https:\/\/agora.xtec.cat\/escbernarditolra\/wp-json\/wp\/v2\/pages"}],"about":[{"href":"https:\/\/agora.xtec.cat\/escbernarditolra\/wp-json\/wp\/v2\/types\/page"}],"author":[{"embeddable":true,"href":"https:\/\/agora.xtec.cat\/escbernarditolra\/wp-json\/wp\/v2\/users\/1"}],"replies":[{"embeddable":true,"href":"https:\/\/agora.xtec.cat\/escbernarditolra\/wp-json\/wp\/v2\/comments?post=26"}],"version-history":[{"count":3,"href":"https:\/\/agora.xtec.cat\/escbernarditolra\/wp-json\/wp\/v2\/pages\/26\/revisions"}],"predecessor-version":[{"id":898,"href":"https:\/\/agora.xtec.cat\/escbernarditolra\/wp-json\/wp\/v2\/pages\/26\/revisions\/898"}],"up":[{"embeddable":true,"href":"https:\/\/agora.xtec.cat\/escbernarditolra\/wp-json\/wp\/v2\/pages\/9"}],"wp:attachment":[{"href":"https:\/\/agora.xtec.cat\/escbernarditolra\/wp-json\/wp\/v2\/media?parent=26"}],"curies":[{"name":"wp","href":"https:\/\/api.w.org\/{rel}","templated":true}]}}