{"id":22,"date":"2014-09-18T12:19:57","date_gmt":"2014-09-18T11:19:57","guid":{"rendered":"http:\/\/agora.xtec.cat\/escbenissanet\/?page_id=22"},"modified":"2018-10-25T16:59:49","modified_gmt":"2018-10-25T14:59:49","slug":"lescola","status":"publish","type":"page","link":"https:\/\/agora.xtec.cat\/escbenissanet\/lescola\/","title":{"rendered":"L&#8217;escola"},"content":{"rendered":"<h3>Informacions pr\u00e0ctiques per al curs 2018\/2019<\/h3>\n<p>En el seg\u00fcent document estan descrites els projectes i les activitats que es realitzaran al llarg d&#8217;aquest curs a la nostra escola, a m\u00e9s a m\u00e9s d&#8217;una s\u00e8rie d&#8217;indicacions i recomanacions per a la bona gesti\u00f3 del curs escolar.<\/p>\n<p><a href=\"https:\/\/agora.xtec.cat\/escbenissanet\/docs\/presentacio-2018-2019\/?bp-attachment=Triptic-inici-de-curs.docx\">Document de presentaci\u00f3<\/a><\/p>\n","protected":false},"excerpt":{"rendered":"<p>Informacions pr\u00e0ctiques per al curs 2018\/2019<br \/>\nEn el seg\u00fcent document estan descrites els projectes i les activitats que es realitzaran al llarg d&#8217;aquest curs a la nostra escola, a m\u00e9s a m\u00e9s d&#8217;una s\u00e8rie d&#8217;indicacions i recomanacions per a la bona gesti\u00f3 del curs escolar.<br \/>\n<a href=\"https:\/\/agora.xtec.cat\/escbenissanet\/docs\/presentacio-2018-2019\/?bp-attachment=Triptic-inici-de-curs.docx\">Document&hellip;  <a href=\"https:\/\/agora.xtec.cat\/escbenissanet\/lescola\/\" title=\"Read L&#8217;escola\">Llegeix m\u00e9s\u00bb<\/a><\/p>\n","protected":false},"author":1,"featured_media":0,"parent":0,"menu_order":0,"comment_status":"closed","ping_status":"closed","template":"page-templates\/side-menu.php","meta":{"_bbp_topic_count":0,"_bbp_reply_count":0,"_bbp_total_topic_count":0,"_bbp_total_reply_count":0,"_bbp_voice_count":0,"_bbp_anonymous_reply_count":0,"_bbp_topic_count_hidden":0,"_bbp_reply_count_hidden":0,"_bbp_forum_subforum_count":0,"footnotes":""},"class_list":["post-22","page","type-page","status-publish","hentry"],"post_mailing_queue_ids":[],"_links":{"self":[{"href":"https:\/\/agora.xtec.cat\/escbenissanet\/wp-json\/wp\/v2\/pages\/22","targetHints":{"allow":["GET"]}}],"collection":[{"href":"https:\/\/agora.xtec.cat\/escbenissanet\/wp-json\/wp\/v2\/pages"}],"about":[{"href":"https:\/\/agora.xtec.cat\/escbenissanet\/wp-json\/wp\/v2\/types\/page"}],"author":[{"embeddable":true,"href":"https:\/\/agora.xtec.cat\/escbenissanet\/wp-json\/wp\/v2\/users\/1"}],"replies":[{"embeddable":true,"href":"https:\/\/agora.xtec.cat\/escbenissanet\/wp-json\/wp\/v2\/comments?post=22"}],"version-history":[{"count":3,"href":"https:\/\/agora.xtec.cat\/escbenissanet\/wp-json\/wp\/v2\/pages\/22\/revisions"}],"predecessor-version":[{"id":1752,"href":"https:\/\/agora.xtec.cat\/escbenissanet\/wp-json\/wp\/v2\/pages\/22\/revisions\/1752"}],"wp:attachment":[{"href":"https:\/\/agora.xtec.cat\/escbenissanet\/wp-json\/wp\/v2\/media?parent=22"}],"curies":[{"name":"wp","href":"https:\/\/api.w.org\/{rel}","templated":true}]}}