{"id":1509,"date":"2018-10-13T23:39:46","date_gmt":"2018-10-13T21:39:46","guid":{"rendered":"http:\/\/agora.xtec.cat\/escbenissanet\/?page_id=1509"},"modified":"2022-09-21T14:11:11","modified_gmt":"2022-09-21T12:11:11","slug":"oferta-educativa","status":"publish","type":"page","link":"https:\/\/agora.xtec.cat\/escbenissanet\/lescola\/oferta-educativa\/","title":{"rendered":"Oferta educativa"},"content":{"rendered":"<p>L\u2019escola\u00a0Antoni Nat, com a centre d\u2019educaci\u00f3 infantil i prim\u00e0ria,\u00a0<strong>ofereix ensenyament des d&#8217;I3 fins a 6\u00e8 curs<\/strong>.<\/p>\n<ul>\n<li>2 unitats d\u2019educaci\u00f3 infantil<\/li>\n<li>3 unitats d\u2019educaci\u00f3 prim\u00e0ria<\/li>\n<\/ul>\n<div class=\"entry-content\">\n<p>L\u2019educaci\u00f3 prim\u00e0ria, com a etapa educativa de car\u00e0cter obligatori, compr\u00e8n sis cursos acad\u00e8mics i s\u2019organitza en tres cicles de dos cursos: cicle inicial, cicle mitj\u00e0 i cicle superior. Amb car\u00e0cter general, s\u2019inicia l\u2019any natural que es compleixen 6 anys i es cursa fins als 12 anys.<\/p>\n<p>La finalitat de l\u2019educaci\u00f3 prim\u00e0ria \u00e9s preparar els alumnes perqu\u00e8 puguin donar respostes innovadores en una societat canviant i en evoluci\u00f3 constant. Els nens han d\u2019aprendre a pensar i actuar de manera integrada, considerant les interconnexions i interrelacions entre els aprenentatges. S\u2019ha de promoure, de manera transversal, l\u2019adquisici\u00f3 d\u2019h\u00e0bits i valors per resoldre problemes i situacions des de qualsevol de les \u00e0rees curriculars, s\u2019ha de fomentar la iniciativa, la creativitat, l\u2019esperit cr\u00edtic i el gust per aprendre, i s\u2019ha de desenvolupar la capacitat de l\u2019esfor\u00e7 i la cultura del treball.<\/p>\n<p>Els continguts de les \u00e0rees com a element fonamental per a l\u2019assoliment de les compet\u00e8ncies s\u2019organitzen amb un enfocament integral, multifuncional i transferible de coneixements, destreses i actituds que tots els individus necessiten per al seu desenvolupament personal i social. Aquests continguts degudament combinats i contextualitzats permeten assolir, en acabar l\u2019ensenyament obligatori, les compet\u00e8ncies b\u00e0siques, la base per continuar l\u2019aprenentatge al llarg de la vida i per poder desenvolupar projectes individuals i col\u00b7lectius.<\/p>\n<h5 style=\"text-align: center;\"><a href=\"http:\/\/portaldogc.gencat.cat\/utilsEADOP\/PDF\/6900\/1431926.pdf\" target=\"_blank\" rel=\"noopener noreferrer\">Ordenaci\u00f3 dels Ensenyaments de l\u2019Educaci\u00f3 Prim\u00e0ria<\/a><\/h5>\n<\/div>\n","protected":false},"excerpt":{"rendered":"<p>L\u2019escola\u00a0Antoni Nat, com a centre d\u2019educaci\u00f3 infantil i prim\u00e0ria,\u00a0ofereix ensenyament des d&#8217;I3 fins a 6\u00e8 curs.<\/p>\n<ul>\n<li>2 unitats d\u2019educaci\u00f3 infantil<\/li>\n<li>3 unitats d\u2019educaci\u00f3 prim\u00e0ria<\/li>\n<\/ul>\n<p>L\u2019educaci\u00f3 prim\u00e0ria, com a etapa educativa de car\u00e0cter obligatori, compr\u00e8n sis cursos acad\u00e8mics i s\u2019organitza en tres cicles de dos cursos: cicle inicial, cicle&hellip;  <a href=\"https:\/\/agora.xtec.cat\/escbenissanet\/lescola\/oferta-educativa\/\" title=\"Read Oferta educativa\">Llegeix m\u00e9s\u00bb<\/a><\/p>\n","protected":false},"author":1,"featured_media":0,"parent":22,"menu_order":50,"comment_status":"closed","ping_status":"closed","template":"page-templates\/side-menu.php","meta":{"_bbp_topic_count":0,"_bbp_reply_count":0,"_bbp_total_topic_count":0,"_bbp_total_reply_count":0,"_bbp_voice_count":0,"_bbp_anonymous_reply_count":0,"_bbp_topic_count_hidden":0,"_bbp_reply_count_hidden":0,"_bbp_forum_subforum_count":0,"footnotes":""},"class_list":["post-1509","page","type-page","status-publish","hentry"],"post_mailing_queue_ids":[],"_links":{"self":[{"href":"https:\/\/agora.xtec.cat\/escbenissanet\/wp-json\/wp\/v2\/pages\/1509","targetHints":{"allow":["GET"]}}],"collection":[{"href":"https:\/\/agora.xtec.cat\/escbenissanet\/wp-json\/wp\/v2\/pages"}],"about":[{"href":"https:\/\/agora.xtec.cat\/escbenissanet\/wp-json\/wp\/v2\/types\/page"}],"author":[{"embeddable":true,"href":"https:\/\/agora.xtec.cat\/escbenissanet\/wp-json\/wp\/v2\/users\/1"}],"replies":[{"embeddable":true,"href":"https:\/\/agora.xtec.cat\/escbenissanet\/wp-json\/wp\/v2\/comments?post=1509"}],"version-history":[{"count":3,"href":"https:\/\/agora.xtec.cat\/escbenissanet\/wp-json\/wp\/v2\/pages\/1509\/revisions"}],"predecessor-version":[{"id":5090,"href":"https:\/\/agora.xtec.cat\/escbenissanet\/wp-json\/wp\/v2\/pages\/1509\/revisions\/5090"}],"up":[{"embeddable":true,"href":"https:\/\/agora.xtec.cat\/escbenissanet\/wp-json\/wp\/v2\/pages\/22"}],"wp:attachment":[{"href":"https:\/\/agora.xtec.cat\/escbenissanet\/wp-json\/wp\/v2\/media?parent=1509"}],"curies":[{"name":"wp","href":"https:\/\/api.w.org\/{rel}","templated":true}]}}