{"id":1294,"date":"2018-05-04T16:12:24","date_gmt":"2018-05-04T14:12:24","guid":{"rendered":"http:\/\/agora.xtec.cat\/escbenissanet\/?page_id=1294"},"modified":"2018-10-13T23:56:54","modified_gmt":"2018-10-13T21:56:54","slug":"bibliocabas","status":"publish","type":"page","link":"https:\/\/agora.xtec.cat\/escbenissanet\/bibliocabas\/","title":{"rendered":"Bibliocab\u00e0s"},"content":{"rendered":"<h4>ELS NOSTRES LLIBRES VIATGERS RECOMANATS AL CAB\u00c0S:<\/h4>\n<ol>\n<li><strong>L\u2019aranyeta de Betlem<\/strong> Ed. Combel I1<\/li>\n<li><strong>I tu, qui ets? El poltre<\/strong> Ed. Combel 59 BAR<\/li>\n<li><a href=\"http:\/\/blocs.xtec.cat\/bibliotecaescolarantoninat\/2015\/09\/28\/matilda-el-nostre-llibre-recomanat\/\"><strong>Matilda *<\/strong><\/a> Dahl, Roald. Ed. Estrella Polar I3<\/li>\n<li><strong>En Mahias i l\u2019A,adou a la descoberta de la cooperaci\u00f3 al desenvolupament<\/strong> I2<\/li>\n<li><strong>Superllopis. El supergrup Efep\u00e9<\/strong>, Grup Zeta, ed. B. C EFE<\/li>\n<li><strong>Contes de Marta i Arnau *<\/strong> Franch, Remei. Edicions del Pirata I2 FRA<\/li>\n<li><strong>3 i un papagai, obren la cambra del tresor<\/strong> Friedrich, Ed. edeb\u00e9 I2 FRI<\/li>\n<li><strong>Els quatre amics i mig en\u2026El cas del robatori dels diamants<\/strong> Friedrich. Edeb\u00e9 I3<\/li>\n<li><strong>El cas del Pare Noel. Col. Quatre amic i mig en\u2026<\/strong>Friedrich, Joachim. Edeb\u00e9 I3 \u2014<\/li>\n<li><strong>On visc? El tigre Ganges.<\/strong> Combel 59 GAN<\/li>\n<li><strong>En Joanet Capdestopes i l\u2019indi invisible<\/strong> Janosch. Cru\u00eflla I2\/I3<\/li>\n<li><strong>Cavaller o cavalleresca, ho sabr\u00e0s ben de pressa<\/strong> Lluch, Enric. Edeb\u00e9 I2\/I3<\/li>\n<li><strong>Escombra que escombrar\u00e0s<\/strong> Mathieu, Renada. La Galera I1<\/li>\n<li><strong>I la Rapunzel es va tallar la cabellera<\/strong> M\u00f3ra. Edeb\u00e9 I2 MOR<\/li>\n<li><strong>Dewey: Un gat a la biblioteca! *<\/strong> MYron, Vicki Edeb\u00e9 I1-I2 \u2014<\/li>\n<li><a href=\"http:\/\/xtec.gencat.cat\/web\/.content\/alfresco\/d\/d\/workspace\/SpacesStore\/0040\/289e26d0-c56d-4855-85f4-751b40f390fc\/CM_Frederica_prof.pdf\"><strong>Frederica la p\u00e8l-roja *<\/strong> <\/a>N\u00f6stlinger, Christine. Cru\u00eflla I2\/I3<\/li>\n<li><strong>Llollipop<\/strong> N\u00f6stlinger, Christine Alfaguara I2-I3<\/li>\n<li><strong>Tapallunes<\/strong> Puybaret, \u00c9ric . Vicens-Vives I1-I2-I3<\/li>\n<li><strong>El llop Pepito a la perruqueria<\/strong> Roca. Barcanova I ROC<\/li>\n<li><a href=\"http:\/\/xtec.gencat.cat\/web\/.content\/projectes\/lectura\/gustperlalectura\/materialdidactic\/documents\/primaria\/families_Quan-el-meu-pare-era-un-arbust_CS_complet.pdf\"><strong>Quan el meu pare era un arbust *<\/strong><\/a> Van Leeuwen. Cru\u00eflla I3<\/li>\n<\/ol>\n<p>*Tenim proposta lectora recollida i compartida al Seminari de Biblioteques Escolars.<\/p>\n<p><img decoding=\"async\" src=\"https:\/\/agora.xtec.cat\/escbenissanet\/wp-content\/uploads\/usu1059\/2017\/04\/Dewey.jpg\" alt=\"Dewey\" \/>\u00a0\u00a0<a href=\"http:\/\/www.llegircruilla.cat\/2013\/06\/quan-el-meu-pare-era-un-arbust\/\" target=\"_blank\" rel=\"noopener noreferrer\"><img loading=\"lazy\" decoding=\"async\" class=\"alignnone\" src=\"https:\/\/agora.xtec.cat\/escbenissanet\/wp-content\/uploads\/usu1059\/2017\/04\/Quan-el-meu-pare-era-un-arbust-193x300.jpg\" alt=\"140944_01CU-188.ps, page 1 @ Preflight ( 140944_01CU-188.indd )\" width=\"144\" height=\"224\" \/><\/a><\/p>\n<p>Cada curs recomanem des de l\u2019aula algun llibre nou al cab\u00e0s.<\/p>\n<p>Podeu consultar la guia d\u2019aquests llibres recomanats al Cab\u00e0s des de l\u2019Epergam de cada curs, on cada cicle ha proposat algun llibre llegit:<\/p>\n<ul>\n<li><a href=\"https:\/\/aplicacions.gestioeducativa.gencat.cat\/epergam\/web\/infoGuiaweb.jsp?id=22172&amp;idBiblio=9883&amp;titolGuia=RECOMANATS%20AL%201r%20CAB%C3%80S%20VIATGER\">Recomanats el curs 2013-14<\/a><\/li>\n<li><a href=\"https:\/\/aplicacions.gestioeducativa.gencat.cat\/epergam\/web\/infoGuiaweb.jsp?id=1018774&amp;idBiblio=9883&amp;titolGuia=Recomanats%202n%20Cab%C3%A0s%20Viatger\">Recomanats el curs 2014-15<\/a><\/li>\n<li><a href=\"https:\/\/aplicacions.gestioeducativa.gencat.cat\/epergam\/web\/infoGuiaweb.jsp?id=1019302&amp;idBiblio=9883&amp;titolGuia=Recomanats%203r%20CAB%C3%80S%20VIATGER\">Recomanats el curs 2015-16<\/a><\/li>\n<li>Recomanats el curs 2016-17<\/li>\n<\/ul>\n<h4>ENS VISITA EL CAB\u00c0S- ACTIVITATS DEL BIBLIOCAB\u00c0S:<\/h4>\n<p>Des del curs 2014-15 rebem a l\u2019escola cada any el CAB\u00c0S VIATGER de la Ribera mitjan\u00e7ant la coordinaci\u00f3 del Seminari de Biblioteques Escolars de la Ribera d\u2019Ebre i l\u2019assessora del CRP. Un cab\u00e0s ple de llibres recomanats per xiquets i xiquetes d\u2019altres escoles. Hi trobem lectures per a tots els nivells. Nosaltres el podem gaudir durant un mes i aix\u00ed podem triar els llibres que ens agraden m\u00e9s i deixar els nostres comentaris. <a href=\"http:\/\/blocs.xtec.cat\/bibliotecaescolarantoninat\/category\/cabas-viatger\/\">Cliqueu aqu\u00ed per anar als nostres articles.<\/a><\/p>\n<p><img decoding=\"async\" class=\"aligncenter\" src=\"http:\/\/blocs.xtec.cat\/bibliotecaescolarantoninat\/files\/2015\/02\/cartellBIBLIOCAB%C3%80S-300x199.jpg\" alt=\"cartellBIBLIOCAB\u00c3\u0080S\" \/><\/p>\n<p><a href=\"http:\/\/blocs.xtec.cat\/bibliotequesescolarsriberadebre\/bibliocabas\/\">Proposta del Seminari aqu\u00ed.<\/a><\/p>\n","protected":false},"excerpt":{"rendered":"<p>ELS NOSTRES LLIBRES VIATGERS RECOMANATS AL CAB\u00c0S:<\/p>\n<ol>\n<li>L\u2019aranyeta de Betlem Ed. Combel I1<\/li>\n<li>I tu, qui ets? El poltre Ed. Combel 59 BAR<\/li>\n<li><a href=\"http:\/\/blocs.xtec.cat\/bibliotecaescolarantoninat\/2015\/09\/28\/matilda-el-nostre-llibre-recomanat\/\">Matilda *<\/a> Dahl, Roald. Ed. Estrella Polar I3<\/li>\n<li>En Mahias i l\u2019A,adou a la descoberta de la cooperaci\u00f3 al desenvolupament I2<\/li>\n<li>Superllopis. El supergrup Efep\u00e9, Grup&hellip;  <a href=\"https:\/\/agora.xtec.cat\/escbenissanet\/bibliocabas\/\" title=\"Read Bibliocab\u00e0s\">Llegeix m\u00e9s\u00bb<\/a><br \/>\n","protected":false},"author":1,"featured_media":0,"parent":0,"menu_order":30,"comment_status":"closed","ping_status":"closed","template":"","meta":{"_bbp_topic_count":0,"_bbp_reply_count":0,"_bbp_total_topic_count":0,"_bbp_total_reply_count":0,"_bbp_voice_count":0,"_bbp_anonymous_reply_count":0,"_bbp_topic_count_hidden":0,"_bbp_reply_count_hidden":0,"_bbp_forum_subforum_count":0,"footnotes":""},"class_list":["post-1294","page","type-page","status-publish","hentry"],"post_mailing_queue_ids":[],"_links":{"self":[{"href":"https:\/\/agora.xtec.cat\/escbenissanet\/wp-json\/wp\/v2\/pages\/1294","targetHints":{"allow":["GET"]}}],"collection":[{"href":"https:\/\/agora.xtec.cat\/escbenissanet\/wp-json\/wp\/v2\/pages"}],"about":[{"href":"https:\/\/agora.xtec.cat\/escbenissanet\/wp-json\/wp\/v2\/types\/page"}],"author":[{"embeddable":true,"href":"https:\/\/agora.xtec.cat\/escbenissanet\/wp-json\/wp\/v2\/users\/1"}],"replies":[{"embeddable":true,"href":"https:\/\/agora.xtec.cat\/escbenissanet\/wp-json\/wp\/v2\/comments?post=1294"}],"version-history":[{"count":1,"href":"https:\/\/agora.xtec.cat\/escbenissanet\/wp-json\/wp\/v2\/pages\/1294\/revisions"}],"predecessor-version":[{"id":1295,"href":"https:\/\/agora.xtec.cat\/escbenissanet\/wp-json\/wp\/v2\/pages\/1294\/revisions\/1295"}],"wp:attachment":[{"href":"https:\/\/agora.xtec.cat\/escbenissanet\/wp-json\/wp\/v2\/media?parent=1294"}],"curies":[{"name":"wp","href":"https:\/\/api.w.org\/{rel}","templated":true}]}}