{"id":1291,"date":"2018-05-04T16:05:25","date_gmt":"2018-05-04T14:05:25","guid":{"rendered":"http:\/\/agora.xtec.cat\/escbenissanet\/?page_id=1291"},"modified":"2018-10-13T23:56:41","modified_gmt":"2018-10-13T21:56:41","slug":"revista-el-portal","status":"publish","type":"page","link":"https:\/\/agora.xtec.cat\/escbenissanet\/revista-el-portal\/","title":{"rendered":"Revista Escolar El Portal"},"content":{"rendered":"<p>La nostra revista escolar EL PORTAL es va crear l\u2019any 1984, ja t\u00e9 m\u00e9s de trenta anys.<\/p>\n<p>\u00c9s una revista col\u00b7laborativa que recull les aportacions de tota la comunitat educativa, des de l\u2019Ajuntament de Benissanet fins a l\u2019AMPA, amb la participaci\u00f3 de tot el claustre i l\u2019alumnat.<\/p>\n<p>S\u2019editen 2 revistes cada curs, una al desembre i l\u2019altra al juny. La tem\u00e0tica \u00e9s monogr\u00e0fica amb el recull de les activitats realitzades al centre.<\/p>\n<p>Aquestes s\u00f3n les darreres revistes amb el nou format i el nou apartat dedicat a la biblioteca o des de la biblioteca escolar.<\/p>\n<p><img decoding=\"async\" class=\"aligncenter\" src=\"https:\/\/agora.xtec.cat\/escbenissanet\/wp-content\/uploads\/usu1059\/2016\/04\/REVISTES.jpg\" \/><\/p>\n<p>La primera que us presentem va ser un monogr\u00e0fic dedicat a la Biblioteca perqu\u00e8 va ser l\u2019any que es va inaugurar el nou espai amb la reforma de l\u2019antiga biblioteca escolar.<\/p>\n<p><img decoding=\"async\" class=\"aligncenter\" src=\"https:\/\/agora.xtec.cat\/escbenissanet\/wp-content\/uploads\/usu1059\/2016\/04\/REVISTA-EL-PORTAL-68.jpg\" alt=\"REVISTA EL PORTAL 68\" \/><\/p>\n","protected":false},"excerpt":{"rendered":"<p>La nostra revista escolar EL PORTAL es va crear l\u2019any 1984, ja t\u00e9 m\u00e9s de trenta anys.<br \/>\n\u00c9s una revista col\u00b7laborativa que recull les aportacions de tota la comunitat educativa, des de l\u2019Ajuntament de Benissanet fins a l\u2019AMPA, amb la participaci\u00f3 de tot el claustre i&hellip;  <a href=\"https:\/\/agora.xtec.cat\/escbenissanet\/revista-el-portal\/\" title=\"Read Revista Escolar El Portal\">Llegeix m\u00e9s\u00bb<\/a><\/p>\n","protected":false},"author":1,"featured_media":0,"parent":0,"menu_order":20,"comment_status":"closed","ping_status":"closed","template":"","meta":{"_bbp_topic_count":0,"_bbp_reply_count":0,"_bbp_total_topic_count":0,"_bbp_total_reply_count":0,"_bbp_voice_count":0,"_bbp_anonymous_reply_count":0,"_bbp_topic_count_hidden":0,"_bbp_reply_count_hidden":0,"_bbp_forum_subforum_count":0,"footnotes":""},"class_list":["post-1291","page","type-page","status-publish","hentry"],"post_mailing_queue_ids":[],"_links":{"self":[{"href":"https:\/\/agora.xtec.cat\/escbenissanet\/wp-json\/wp\/v2\/pages\/1291","targetHints":{"allow":["GET"]}}],"collection":[{"href":"https:\/\/agora.xtec.cat\/escbenissanet\/wp-json\/wp\/v2\/pages"}],"about":[{"href":"https:\/\/agora.xtec.cat\/escbenissanet\/wp-json\/wp\/v2\/types\/page"}],"author":[{"embeddable":true,"href":"https:\/\/agora.xtec.cat\/escbenissanet\/wp-json\/wp\/v2\/users\/1"}],"replies":[{"embeddable":true,"href":"https:\/\/agora.xtec.cat\/escbenissanet\/wp-json\/wp\/v2\/comments?post=1291"}],"version-history":[{"count":1,"href":"https:\/\/agora.xtec.cat\/escbenissanet\/wp-json\/wp\/v2\/pages\/1291\/revisions"}],"predecessor-version":[{"id":1292,"href":"https:\/\/agora.xtec.cat\/escbenissanet\/wp-json\/wp\/v2\/pages\/1291\/revisions\/1292"}],"wp:attachment":[{"href":"https:\/\/agora.xtec.cat\/escbenissanet\/wp-json\/wp\/v2\/media?parent=1291"}],"curies":[{"name":"wp","href":"https:\/\/api.w.org\/{rel}","templated":true}]}}