{"id":1285,"date":"2018-05-04T16:02:41","date_gmt":"2018-05-04T14:02:41","guid":{"rendered":"http:\/\/agora.xtec.cat\/escbenissanet\/?page_id=1285"},"modified":"2018-10-13T23:56:46","modified_gmt":"2018-10-13T21:56:46","slug":"funcionament-biblio","status":"publish","type":"page","link":"https:\/\/agora.xtec.cat\/escbenissanet\/funcionament-biblio\/","title":{"rendered":"Funcionament"},"content":{"rendered":"<p>La nostra biblioteca \u00e9s acollidora i ofereix tots els serveis, amb un <a href=\"https:\/\/aplicacions.gestioeducativa.gencat.cat\/epergam\/web\/biblioteca.jsp?codi=43000561\">cat\u00e0leg en xarxa Epergam<\/a> per a la consulta i pr\u00e9stec del material.<\/p>\n<p>Cada curs escolar s\u2019acorda l\u2019horari de biblioteca per classes i\/o nivells.<\/p>\n<p>El servei de pr\u00e8stec s\u2019organitza en dos sessions a la setmana de bibliopati per a prim\u00e0ria.<\/p>\n<p>Des de la biblioteca escolar tamb\u00e9 es potencia la biblioteca d\u2019aula a tots els cicles.<\/p>\n<p>Tot el claustre coneix l\u2019organitzaci\u00f3 i funcionament de la biblioteca i participa en el servei de pr\u00e9stec.<\/p>\n<p>Cada curs durant el mes d\u2019octubre celebrem el Mes de la Biblioteca i s\u2019aprofita per treballar els h\u00e0bits i recordar les normes de la biblioteca.<\/p>\n<p>&nbsp;<\/p>\n<p>Des de la biblioteca es potencia el treball dels tres eixos del Pla de Lectura:<\/p>\n<ul>\n<li>El gust per llegir i l\u2019h\u00e0bit lector.<\/li>\n<li>La compet\u00e8ncia lectora- Aprendre a llegir i millorar en la lectura<\/li>\n<li>La compet\u00e8ncia informacional-Llegir per aprendre<\/li>\n<\/ul>\n<div class=\"slideshow_container slideshow_container_style-light\" data-slideshow-id=\"509\" data-style-name=\"style-light\" data-style-version=\"2.3.1\" data-slideshow-active=\"1\">\n<div class=\"slideshow_content\">\n<div class=\"slideshow_view\">\n<div class=\"slideshow_slide slideshow_slide_image\">\n<p><img loading=\"lazy\" decoding=\"async\" src=\"https:\/\/agora.xtec.cat\/escbenissanet\/wp-content\/uploads\/usu1059\/2016\/04\/911.jpg\" alt=\"91\" width=\"400\" height=\"300\" \/><\/p>\n<div class=\"slideshow_description_box slideshow_transparent\">\n<div class=\"slideshow_title\"><\/div>\n<\/div>\n<\/div>\n<\/div>\n<div class=\"slideshow_view\">\n<div class=\"slideshow_slide slideshow_slide_image\">\n<div class=\"slideshow_title\">Mascota Biblioteca Escolar Antoni Nat de Benissanet<\/div>\n<\/div>\n<div><\/div>\n<\/div>\n<div class=\"slideshow_view\">\n<div class=\"slideshow_slide slideshow_slide_image\">\n<p><img loading=\"lazy\" decoding=\"async\" src=\"https:\/\/agora.xtec.cat\/escbenissanet\/wp-content\/uploads\/usu1059\/2016\/04\/9.jpg\" alt=\"Rac\u00f3 infantil Biblioteca Escola Antoni Nat de Benissanet\" width=\"225\" height=\"300\" \/><\/p>\n<div class=\"slideshow_description_box slideshow_transparent\">\n<div class=\"slideshow_title\">Rac\u00f3 infantil Biblioteca Escola Antoni Nat de Benissanet<\/div>\n<\/div>\n<\/div>\n<div><\/div>\n<\/div>\n<div class=\"slideshow_view\">\n<div class=\"slideshow_slide slideshow_slide_image\">\n<p><img loading=\"lazy\" decoding=\"async\" src=\"https:\/\/agora.xtec.cat\/escbenissanet\/wp-content\/uploads\/usu1059\/2016\/04\/8.jpg\" alt=\"8\" width=\"400\" height=\"300\" \/><\/p>\n<div class=\"slideshow_description_box slideshow_transparent\">\n<div class=\"slideshow_title\"><\/div>\n<\/div>\n<\/div>\n<div><\/div>\n<\/div>\n<div class=\"slideshow_view slideshow_currentView\">\n<div class=\"slideshow_slide slideshow_slide_image\"><img loading=\"lazy\" decoding=\"async\" src=\"https:\/\/agora.xtec.cat\/escbenissanet\/wp-content\/uploads\/usu1059\/2016\/04\/7.jpg\" alt=\"7\" width=\"400\" height=\"300\" \/><\/div>\n<\/div>\n<\/div>\n<\/div>\n<p>&nbsp;<\/p>\n<h4>ORGANITZACI\u00d3 I CLASSIFICACI\u00d3 DEL FONS DOCUMENTAL:<\/h4>\n<p>Seguint les directrius del Programa Puntedu del Departament d\u2019Ensenyament i l\u2019assessorament del SE-CRP de la Ribera d\u2019Ebre, el fons documental est\u00e0 organitzat segons aquest ordre:<\/p>\n<ul>\n<li><strong>LLIBRES DE CONEIXEMENTS<\/strong>, per numeraci\u00f3 tem\u00e0tica de la CDU (Classificaci\u00f3 Decimal Universal) adaptada a la biblioteca escolar.<\/li>\n<li><strong>LLIBRES DE FICCI\u00d3-IMAGINACI\u00d3<\/strong>, segons nivell lector a prim\u00e0ria (I1, I2 i I3) amb gomets de colors. A banda els d\u2019educaci\u00f3 infantil, els c\u00f2mics, els \u00e0lbums il\u00b7lustrats, els contes riberencs i les novetats de literatura infantil i juvenil.<\/li>\n<li><strong>EXPOSITOR DE REVISTES<\/strong>, inclosa la nostra revista escolar EL PORTAL.<\/li>\n<li><strong>Rac\u00f3 de l\u2019autor local ARTUR BLAD\u00c9 DESUMVILA<\/strong>, escriptor que va col\u2022laborar a les revistes escolars durant molts anys.<\/li>\n<li><strong>Armari amb el fons audiovisual i port\u00e0til amb connexi\u00f3 en xarxa.<\/strong><\/li>\n<\/ul>\n<h4>SERVEIS DE LA BIBLIOTECA ESCOLAR:<\/h4>\n<ul>\n<li>Pr\u00e9stec a totes les aules i alumnes.<\/li>\n<li>Horari de consulta i lectura per a tots els cicles.<\/li>\n<li>Butllet\u00ed de Biblioteca amb recomanacions per a les fam\u00edlies.<\/li>\n<li>Blog de Biblioteca amb articles i recomanacions per a la comunitat educativa.<\/li>\n<li>Cat\u00e0leg Epergam en l\u00ednia per a la consulta i cerca dels llibres de la biblioteca.<\/li>\n<li>Exposicions de novetats i exposicions tem\u00e0tiques amb presentacions de llibres.<\/li>\n<li>Cartellera informativa a l\u2019entrada de l\u2019escola.<\/li>\n<li>Assessorament de lectures per alumnes, professorat i fam\u00edlies.<\/li>\n<li>Pautes de formaci\u00f3 d\u2019usuaris de biblioteques.<\/li>\n<li>Guia de la biblioteca &#8211; triptic informatiu.<\/li>\n<li>Article de la biblioteca a la revista escolar El Portal.<\/li>\n<li>Ordinador per a la consulta online i xarxa wiffi.<\/li>\n<li>Dia de portes obertes a les fam\u00edlies.<\/li>\n<\/ul>\n<p><a href=\"https:\/\/aplicacions.gestioeducativa.gencat.cat\/epergam\/web\/biblioteca.jsp\" target=\"_blank\" rel=\"noopener noreferrer\"><img loading=\"lazy\" decoding=\"async\" class=\"aligncenter\" src=\"https:\/\/agora.xtec.cat\/escbenissanet\/wp-content\/uploads\/usu1059\/2016\/02\/EpergamBenissanet-1024x768.jpg\" alt=\"EpergamBenissanet\" width=\"536\" height=\"402\" \/><\/a><\/p>\n<h4>COORDINACIONS:<\/h4>\n<ul>\n<li><strong>BIBLIOTECA D\u2019AULA:<\/strong> La biblioteca escolar es nodreix de les aportacions de tots els cicles i a la vegada dinamitza activitats per a totes les aules.<\/li>\n<li><strong>COMISSI\u00d3 DE BIBLIOTECA ESCOLAR:<\/strong> La comissi\u00f3 de biblioteca es reuneix peri\u00f2dicament al llarg del curs per a programar i recollir activitats.<\/li>\n<li><strong>BIBLIOTECA DE ZER:<\/strong> Amb la biblioteca de l\u2019escola Roc Llop i Convalia de Miravet, compartim i coordinem activitats lectores, visita d\u2019autors i propostes de lectura per a tots els cicles a nivell de ZER.<\/li>\n<li><strong>BIBLIOTECA P\u00daBLICA DE BENISSANET, CENTRE CULTURAL ARTUR BLAD\u00c9 DESUMVILA:<\/strong> Amb la Biblioteca P\u00fablica creada l\u2019any 2015 estem en coordinaci\u00f3 i fem difusi\u00f3 d\u2019activitats.<\/li>\n<li><strong>SEMINARI DE BIBLIOTEQUES ESCOLARS DE LA RIBERA D\u2019EBRE:<\/strong> Participaci\u00f3 al seminari de biblioteques des de l\u2019any 2012.<\/li>\n<li><strong>XARXA BIBLIOTEQUES ESCOLARS DEPARTAMENT D\u2019ENSENYAMENT DE LA GENERALITAT DE CATALUNYA:<\/strong> Des del Programa Puntedu i el SE-CRP rebem les directrius i el suport a la biblioteca escolar.<\/li>\n<\/ul>\n<h4>ACTIVITATS DESTACADES:<\/h4>\n<ul>\n<li><strong>APADRINAMENT LECTOR:<\/strong> Des del curs 2013-14 realitzem aquesta activitat intercicles, a partir de la proposta del Seminari de Biblioteques Escolars de la Ribera.<\/li>\n<li><strong>CAB\u00c0S VIATGER:<\/strong> Per a recomanar llibres nostres que viatgen en un cab\u00e0s i rebre llibres recomanats d\u2019altres escoles de la comarca en un bibliocab\u00e0s, sota la coordinaci\u00f3 del Seminari de Biblioteques, per a tots els cicles.<\/li>\n<li><strong>CELEBREM DIADES i TRADICIONS:<\/strong> Dia de la Biblioteca (a l\u2019octubre), Nadal, Dia de la Pau (al gener), Dia de la Poesia (al mar\u00e7), St. Jordi (a l\u2019abril), \u2026 Amb exposicions de llibres a la biblioteca i lectures compartides a nivell de tota l\u2019escola.<\/li>\n<li><strong>BIBLIOPATI:<\/strong> Dos dies a la setmana s\u2019obri la biblioteca durant el pati per als alumnes de prim\u00e0ria.<\/li>\n<li><strong>VISITA AUTORS<\/strong> de Literatura infantil, amb lectura dels seus llibres i la seva obra.<\/li>\n<li><strong>EXPOSICIONS TEM\u00c0TIQUES<\/strong>, amb presentacions de llibres i diversitat de lectures per a tots els cicles.<\/li>\n<\/ul>\n<p style=\"text-align: center;\"><strong>GAUDIM I COMPARTIM VIV\u00c8NCIES I LECTURES A LA BIBLIOTECA DE L\u2019ESCOLA.<\/strong><\/p>\n<p style=\"text-align: center;\"><em>UN ESPAI DE TOTS I TOTES !!!<\/em><\/p>\n","protected":false},"excerpt":{"rendered":"<p>La nostra biblioteca \u00e9s acollidora i ofereix tots els serveis, amb un <a href=\"https:\/\/aplicacions.gestioeducativa.gencat.cat\/epergam\/web\/biblioteca.jsp?codi=43000561\">cat\u00e0leg en xarxa Epergam<\/a> per a la consulta i pr\u00e9stec del material.<br \/>\nCada curs escolar s\u2019acorda l\u2019horari de biblioteca per classes i\/o nivells.<br \/>\nEl servei de pr\u00e8stec s\u2019organitza en dos sessions a la setmana&hellip;  <a href=\"https:\/\/agora.xtec.cat\/escbenissanet\/funcionament-biblio\/\" title=\"Read Funcionament\">Llegeix m\u00e9s\u00bb<\/a><\/p>\n","protected":false},"author":1,"featured_media":0,"parent":0,"menu_order":10,"comment_status":"closed","ping_status":"closed","template":"","meta":{"_bbp_topic_count":0,"_bbp_reply_count":0,"_bbp_total_topic_count":0,"_bbp_total_reply_count":0,"_bbp_voice_count":0,"_bbp_anonymous_reply_count":0,"_bbp_topic_count_hidden":0,"_bbp_reply_count_hidden":0,"_bbp_forum_subforum_count":0,"footnotes":""},"class_list":["post-1285","page","type-page","status-publish","hentry"],"post_mailing_queue_ids":[],"_links":{"self":[{"href":"https:\/\/agora.xtec.cat\/escbenissanet\/wp-json\/wp\/v2\/pages\/1285","targetHints":{"allow":["GET"]}}],"collection":[{"href":"https:\/\/agora.xtec.cat\/escbenissanet\/wp-json\/wp\/v2\/pages"}],"about":[{"href":"https:\/\/agora.xtec.cat\/escbenissanet\/wp-json\/wp\/v2\/types\/page"}],"author":[{"embeddable":true,"href":"https:\/\/agora.xtec.cat\/escbenissanet\/wp-json\/wp\/v2\/users\/1"}],"replies":[{"embeddable":true,"href":"https:\/\/agora.xtec.cat\/escbenissanet\/wp-json\/wp\/v2\/comments?post=1285"}],"version-history":[{"count":2,"href":"https:\/\/agora.xtec.cat\/escbenissanet\/wp-json\/wp\/v2\/pages\/1285\/revisions"}],"predecessor-version":[{"id":1488,"href":"https:\/\/agora.xtec.cat\/escbenissanet\/wp-json\/wp\/v2\/pages\/1285\/revisions\/1488"}],"wp:attachment":[{"href":"https:\/\/agora.xtec.cat\/escbenissanet\/wp-json\/wp\/v2\/media?parent=1285"}],"curies":[{"name":"wp","href":"https:\/\/api.w.org\/{rel}","templated":true}]}}