{"id":73,"date":"2014-09-18T14:01:51","date_gmt":"2014-09-18T13:01:51","guid":{"rendered":"http:\/\/agora.xtec.cat\/escbellavista\/?page_id=73"},"modified":"2026-03-27T12:09:41","modified_gmt":"2026-03-27T11:09:41","slug":"menjador-escolar","status":"publish","type":"page","link":"https:\/\/agora.xtec.cat\/escbellavista\/serveis\/menjador-escolar\/","title":{"rendered":"Menjador escolar"},"content":{"rendered":"<p>Butllet\u00ed curs 2025-2026 <a href=\"https:\/\/drive.google.com\/file\/d\/1-gD4xivpaYccHmX5VSaiQcX5HDPSbMen\/view?usp=sharing\">AQU\u00cd!<\/a><\/p>\n<p>Com fer inscripci\u00f3 del menjador a trav\u00e9s de la web <a href=\"https:\/\/drive.google.com\/file\/d\/1iMpyaM7dmRwi0Zcva_tMmZzHKAq-TNlF\/view?usp=sharing\">AQU\u00cd!<\/a><\/p>\n<p>Protocol disciplinari de l&#8217;empresa TRESMES ECOACTIVA SL <a href=\"https:\/\/drive.google.com\/file\/d\/1Ciip9qFh0_0KyeK-dj7hc5Ii2hBWcrJC\/view?usp=drive_link\">AQU\u00cd!<\/a><\/p>\n<p>Informaci\u00f3 per a les fam\u00edlies d&#8217;Educaci\u00f3 Infantil <a href=\"https:\/\/drive.google.com\/file\/d\/1h0Qbnh0iNJQFlgrg6k4P14UFWbkC-XL6\/view?usp=sharing\">AQU\u00cd!<\/a><\/p>\n<p>MEN\u00da MENSUAL: <a href=\"https:\/\/drive.google.com\/drive\/folders\/1ziuKUswtvPTc4giPuwENCnx4HU9zZm4r?usp=drive_link\">ABRIL<\/a><\/p>\n<p>&nbsp;<\/p>\n<p style=\"text-align: center;\"><a href=\"https:\/\/tresmes.com\/\"><img loading=\"lazy\" decoding=\"async\" class=\"alignnone size-full wp-image-1837 alignleft\" src=\"https:\/\/agora.xtec.cat\/escbellavista\/wp-content\/uploads\/usu1127\/2020\/09\/tresmes.png\" alt=\"\" width=\"317\" height=\"214\" srcset=\"https:\/\/agora.xtec.cat\/escbellavista\/wp-content\/uploads\/usu1127\/2020\/09\/tresmes.png 317w, https:\/\/agora.xtec.cat\/escbellavista\/wp-content\/uploads\/usu1127\/2020\/09\/tresmes-300x203.png 300w\" sizes=\"auto, (max-width: 317px) 100vw, 317px\" \/><\/a><\/p>\n","protected":false},"excerpt":{"rendered":"<p>Butllet\u00ed curs 2025-2026 <a href=\"https:\/\/drive.google.com\/file\/d\/1-gD4xivpaYccHmX5VSaiQcX5HDPSbMen\/view?usp=sharing\">AQU\u00cd!<\/a><br \/>\nCom fer inscripci\u00f3 del menjador a trav\u00e9s de la web <a href=\"https:\/\/drive.google.com\/file\/d\/1iMpyaM7dmRwi0Zcva_tMmZzHKAq-TNlF\/view?usp=sharing\">AQU\u00cd!<\/a><br \/>\nProtocol disciplinari de l&#8217;empresa TRESMES ECOACTIVA SL <a href=\"https:\/\/drive.google.com\/file\/d\/1Ciip9qFh0_0KyeK-dj7hc5Ii2hBWcrJC\/view?usp=drive_link\">AQU\u00cd!<\/a><br \/>\nInformaci\u00f3 per a les fam\u00edlies d&#8217;Educaci\u00f3 Infantil <a href=\"https:\/\/drive.google.com\/file\/d\/1h0Qbnh0iNJQFlgrg6k4P14UFWbkC-XL6\/view?usp=sharing\">AQU\u00cd!<\/a><br \/>\nMEN\u00da MENSUAL: <a href=\"https:\/\/drive.google.com\/drive\/folders\/1ziuKUswtvPTc4giPuwENCnx4HU9zZm4r?usp=drive_link\">ABRIL<\/a><br \/>\n&nbsp;<br \/>\n<a href=\"https:\/\/tresmes.com\/\"><\/a><\/p>\n","protected":false},"author":1,"featured_media":0,"parent":66,"menu_order":30,"comment_status":"closed","ping_status":"closed","template":"page-templates\/side-menu.php","meta":{"_bbp_topic_count":0,"_bbp_reply_count":0,"_bbp_total_topic_count":0,"_bbp_total_reply_count":0,"_bbp_voice_count":0,"_bbp_anonymous_reply_count":0,"_bbp_topic_count_hidden":0,"_bbp_reply_count_hidden":0,"_bbp_forum_subforum_count":0,"footnotes":""},"class_list":["post-73","page","type-page","status-publish","hentry"],"post_mailing_queue_ids":[],"_links":{"self":[{"href":"https:\/\/agora.xtec.cat\/escbellavista\/wp-json\/wp\/v2\/pages\/73","targetHints":{"allow":["GET"]}}],"collection":[{"href":"https:\/\/agora.xtec.cat\/escbellavista\/wp-json\/wp\/v2\/pages"}],"about":[{"href":"https:\/\/agora.xtec.cat\/escbellavista\/wp-json\/wp\/v2\/types\/page"}],"author":[{"embeddable":true,"href":"https:\/\/agora.xtec.cat\/escbellavista\/wp-json\/wp\/v2\/users\/1"}],"replies":[{"embeddable":true,"href":"https:\/\/agora.xtec.cat\/escbellavista\/wp-json\/wp\/v2\/comments?post=73"}],"version-history":[{"count":7,"href":"https:\/\/agora.xtec.cat\/escbellavista\/wp-json\/wp\/v2\/pages\/73\/revisions"}],"predecessor-version":[{"id":4500,"href":"https:\/\/agora.xtec.cat\/escbellavista\/wp-json\/wp\/v2\/pages\/73\/revisions\/4500"}],"up":[{"embeddable":true,"href":"https:\/\/agora.xtec.cat\/escbellavista\/wp-json\/wp\/v2\/pages\/66"}],"wp:attachment":[{"href":"https:\/\/agora.xtec.cat\/escbellavista\/wp-json\/wp\/v2\/media?parent=73"}],"curies":[{"name":"wp","href":"https:\/\/api.w.org\/{rel}","templated":true}]}}