{"id":3901,"date":"2025-03-12T16:30:36","date_gmt":"2025-03-12T15:30:36","guid":{"rendered":"https:\/\/agora.xtec.cat\/escbellavista\/?page_id=3901"},"modified":"2025-03-18T12:46:11","modified_gmt":"2025-03-18T11:46:11","slug":"atencio-educativa-inclusiva","status":"publish","type":"page","link":"https:\/\/agora.xtec.cat\/escbellavista\/atencio-educativa-inclusiva\/","title":{"rendered":"Atenci\u00f3 Educativa Inclusiva"},"content":{"rendered":"<p><span style=\"font-weight: 400;\">\u00c9s important destacar que l&#8217;atenci\u00f3 a la diversitat a la nostra escola constitueix un pilar fonamental no nom\u00e9s en l&#8217;\u00e0mbit educatiu o acad\u00e8mic de l\u2019alumnat, sin\u00f3 tamb\u00e9 en tot all\u00f2 que concerneix l&#8217;atenci\u00f3 a les seves fam\u00edlies. Aquesta atenci\u00f3 inclou diverses facetes, com ara l&#8217;acollida, la gesti\u00f3 de serveis de traducci\u00f3 per a les entrevistes, l&#8217;assist\u00e8ncia en la sol\u00b7licitud d&#8217;ajuts, i la participaci\u00f3 en les activitats complement\u00e0ries i extraescolars, entre altres aspectes.<\/span><\/p>\n<p><span style=\"font-weight: 400;\">Dins del marc de la <strong>p<\/strong><\/span><b>lanificaci\u00f3 i organitzaci\u00f3 de recursos per a l\u2019atenci\u00f3 de la diversitat<\/b><span style=\"font-weight: 400;\">, s&#8217;ha donat prioritat a les<strong> Mesures i Suports Universals sota el model del Disseny Universal d&#8217;Aprenentatge (DUA),<\/strong> amb la possibilitat d&#8217;implementar mesures addicionals o intensives si fos necessari. Amb aquest objectiu en ment, es posa en \u00e8mfasi l&#8217;actuaci\u00f3 del personal docent especialitzat en atenci\u00f3 a la diversitat, promocionant la seva intervenci\u00f3 dins de l&#8217;aula.\u00a0<\/span><span style=\"font-weight: 400;\">A m\u00e9s a m\u00e9s, es vetlla per assegurar l&#8217;adquisici\u00f3 dels recursos humans i els suports necessaris per atendre l&#8217;alumnat m\u00e9s vulnerable. <\/span><\/p>\n<p><span style=\"font-weight: 400;\">Pel que fa a planificaci\u00f3 curricular, s&#8217;han integrat estrat\u00e8gies, procediments i recursos rellevants en les programacions d&#8217;aula i en les diferents situacions d&#8217;aprenentatge. Aquestes inclouen el treball multinivell, la doc\u00e8ncia compartida, els grups cooperatius i d&#8217;aprenentatge entre iguals, aix\u00ed com la creaci\u00f3 d&#8217;espais estimulants com racons i ambients a educaci\u00f3 infantil. Altres m\u00e8todes com el treball per projectes, reptes, ludificaci\u00f3 i l&#8217;\u00fas de suports digitals tamb\u00e9 han estat destacats en aquesta l\u00ednia d&#8217;actuaci\u00f3.<\/span><\/p>\n<p><span style=\"font-weight: 400;\">Aix\u00ed mateix, s&#8217;han elaborat plans d&#8217;acci\u00f3 espec\u00edfics centrats en la coeducaci\u00f3 i la integraci\u00f3 de la perspectiva de g\u00e8nere.<\/span><\/p>\n<p>Recursos de qu\u00e8 disposa el centre per a l&#8217;atenci\u00f3 a la diversitat:<\/p>\n<ul>\n<li>Els suports intensius per a l\u2019escolaritzaci\u00f3 inclusiva (SIEI) s\u00f3n dotacions extraordin\u00e0ries de professionals que s\u2019incorporen a les plantilles d\u2019escoles i instituts com a recursos intensius per atendre l&#8217;alumnat amb necessitats educatives especials que ho necessitin. El SIEI \u00e9s un recurs per al centre, que se suma als suports universals i addicionals per a la inclusi\u00f3. Tot l&#8217;alumnat at\u00e8s al SIEI tenen un dictamen fet per l\u2019EAP i generalment tamb\u00e9 un certificat de discapacitat (CAD).<\/li>\n<li>Aula d&#8217;Acollida\u00a0\u00e9s un suport addicional adre\u00e7at a l&#8217;alumnat nouvingut, \u00e9s un punt de refer\u00e8ncia i un marc de treball obert, amb una interacci\u00f3 constant amb la din\u00e0mica del centre, que permet una atenci\u00f3 emocional i curricular personalitzada, i un aprenentatge intensiu de la llengua catalana. Proporciona a l&#8217;alumnat nouvingut una atenci\u00f3 adequada a les necessitats i als progressos relacionals i ling\u00fc\u00edstics, com a complement del treball del grup<br \/>\nclasse al qual estigui adscrit.<\/li>\n<li>MESI. Mestres especialistes de suport a la inclusi\u00f3<\/li>\n<li>Auxiliar d&#8217;Educaci\u00f3 Especial i Vetlladors\/es<\/li>\n<li>TIS. T\u00e8cnic d&#8217;integraci\u00f3 social.<\/li>\n<li>EAP. Equip d&#8217;Assessorament Psicopedag\u00f2gica del Departament d&#8217;Educaci\u00f3.<\/li>\n<li>Centre de Recursos Educatius per a Deficients Auditius (CREDA) i logop\u00e8dia municipal.<\/li>\n<\/ul>\n<p>&nbsp;<\/p>\n","protected":false},"excerpt":{"rendered":"<p>\u00c9s important destacar que l&#8217;atenci\u00f3 a la diversitat a la nostra escola constitueix un pilar fonamental no nom\u00e9s en l&#8217;\u00e0mbit educatiu o acad\u00e8mic de l\u2019alumnat, sin\u00f3 tamb\u00e9 en tot all\u00f2 que concerneix l&#8217;atenci\u00f3 a les seves fam\u00edlies. Aquesta atenci\u00f3 inclou diverses facetes, com ara l&#8217;acollida,&hellip;  <a href=\"https:\/\/agora.xtec.cat\/escbellavista\/atencio-educativa-inclusiva\/\" title=\"Read Atenci\u00f3 Educativa Inclusiva\">Llegeix m\u00e9s\u00bb<\/a><\/p>\n","protected":false},"author":1,"featured_media":0,"parent":0,"menu_order":0,"comment_status":"closed","ping_status":"closed","template":"","meta":{"_bbp_topic_count":0,"_bbp_reply_count":0,"_bbp_total_topic_count":0,"_bbp_total_reply_count":0,"_bbp_voice_count":0,"_bbp_anonymous_reply_count":0,"_bbp_topic_count_hidden":0,"_bbp_reply_count_hidden":0,"_bbp_forum_subforum_count":0,"footnotes":""},"class_list":["post-3901","page","type-page","status-publish","hentry"],"post_mailing_queue_ids":[],"_links":{"self":[{"href":"https:\/\/agora.xtec.cat\/escbellavista\/wp-json\/wp\/v2\/pages\/3901","targetHints":{"allow":["GET"]}}],"collection":[{"href":"https:\/\/agora.xtec.cat\/escbellavista\/wp-json\/wp\/v2\/pages"}],"about":[{"href":"https:\/\/agora.xtec.cat\/escbellavista\/wp-json\/wp\/v2\/types\/page"}],"author":[{"embeddable":true,"href":"https:\/\/agora.xtec.cat\/escbellavista\/wp-json\/wp\/v2\/users\/1"}],"replies":[{"embeddable":true,"href":"https:\/\/agora.xtec.cat\/escbellavista\/wp-json\/wp\/v2\/comments?post=3901"}],"version-history":[{"count":3,"href":"https:\/\/agora.xtec.cat\/escbellavista\/wp-json\/wp\/v2\/pages\/3901\/revisions"}],"predecessor-version":[{"id":3922,"href":"https:\/\/agora.xtec.cat\/escbellavista\/wp-json\/wp\/v2\/pages\/3901\/revisions\/3922"}],"wp:attachment":[{"href":"https:\/\/agora.xtec.cat\/escbellavista\/wp-json\/wp\/v2\/media?parent=3901"}],"curies":[{"name":"wp","href":"https:\/\/api.w.org\/{rel}","templated":true}]}}