{"id":38,"date":"2014-09-18T12:34:08","date_gmt":"2014-09-18T11:34:08","guid":{"rendered":"http:\/\/agora.xtec.cat\/escbellavista\/?page_id=38"},"modified":"2026-02-03T12:53:26","modified_gmt":"2026-02-03T11:53:26","slug":"salut","status":"publish","type":"page","link":"https:\/\/agora.xtec.cat\/escbellavista\/lescola\/salut\/","title":{"rendered":"Salut Escolar"},"content":{"rendered":"<p><strong>Medicaments<\/strong><\/p>\n<p>Per poder administrar medicaci\u00f3 a l&#8217;alumnat, cal que -els pares portin una recepta o informe del metge on consti el nom de l&#8217;alumne, la pauta i el nom del medicament que ha de prendre. Aix\u00ed mateix, els pares han de signar una autoritzaci\u00f3 que els proporcionar\u00e0 el centre, sempre que sigui imprescindible la seva administraci\u00f3 en horari lectiu.<\/p>\n<p><strong>Al\u00b7l\u00e8rgies\u00a0<\/strong><\/p>\n<p>A la fitxa de la preinscripci\u00f3 es recull les al\u00b7l\u00e8rgies de cada alumne\/a. Si durant el curs o els anys escolars\u00a0 apareixen noves al\u00b7l\u00e8rgies s&#8217;ha de comunicar al tutor\/a.<\/p>\n<p><strong>Par\u00e0sits<\/strong><\/p>\n<p>Mesures de prevenci\u00f3<\/p>\n<ul>\n<li>Aquestes mesures de prevenci\u00f3 es prenen tant pel mateix nen\/a com pel perill de contagi que pot suposar pels seus companys.<\/li>\n<li>En cas de detectar polls vius en un\/a nen\/a a la classe us recordem que \u00e9s responsabilitat de la fam\u00edlia acabar amb el focus d&#8217;infecci\u00f3.<\/li>\n<li>Des del centre es trucar\u00e0 a la fam\u00edlia per tal que el vinguin a buscar i se li recomanar\u00e0 que es faci el tractament pertinent.<\/li>\n<\/ul>\n<p><strong>Malalties\u00a0<\/strong><b>transmissibles<\/b><\/p>\n<p>Per tal d&#8217;informar les fam\u00edlies sobre l&#8217;assist\u00e8ncia o no dels infants al centre educatiu quan pateixen una malaltia transmissible, el Departament de Salut, a trav\u00e9s de la Subdirecci\u00f3 de Vigil\u00e0ncia i Resposta a Emerg\u00e8ncies de Salut P\u00fablica, ha publicat uns <strong><em>criteris de no assist\u00e8ncia de l&#8217;alumnat durant un per\u00edode de temps determinat a causa de malalties transmissibles<\/em><\/strong>. En general, l&#8217;alumnat que presenta o ha presentat febre en les \u00faltimes 24 hores, letargia, irritabilitat, plora constantment, respira amb dificultat o altres signes que evidenci\u00efn una malaltia greu no pot assistir a l&#8217;escola.\u00a0 A continuaci\u00f3 s&#8217;adjunta document.<\/p>\n<p><a href=\"https:\/\/drive.google.com\/file\/d\/1rTm-AaHXr8z89Jq22YwRYKZys0Xun__h\/view?usp=sharing\">Enlla\u00e7 al protocol de No Assist\u00e8ncia a l&#8217;escola<\/a><\/p>\n<p>&nbsp;<\/p>\n<p>&nbsp;<\/p>\n<p>&nbsp;<\/p>\n","protected":false},"excerpt":{"rendered":"<p>Medicaments<br \/>\nPer poder administrar medicaci\u00f3 a l&#8217;alumnat, cal que -els pares portin una recepta o informe del metge on consti el nom de l&#8217;alumne, la pauta i el nom del medicament que ha de prendre. Aix\u00ed mateix, els pares han de signar una autoritzaci\u00f3 que els&hellip;  <a href=\"https:\/\/agora.xtec.cat\/escbellavista\/lescola\/salut\/\" title=\"Read Salut Escolar\">Llegeix m\u00e9s\u00bb<\/a><\/p>\n","protected":false},"author":1,"featured_media":0,"parent":22,"menu_order":80,"comment_status":"closed","ping_status":"closed","template":"page-templates\/side-menu.php","meta":{"_bbp_topic_count":0,"_bbp_reply_count":0,"_bbp_total_topic_count":0,"_bbp_total_reply_count":0,"_bbp_voice_count":0,"_bbp_anonymous_reply_count":0,"_bbp_topic_count_hidden":0,"_bbp_reply_count_hidden":0,"_bbp_forum_subforum_count":0,"footnotes":""},"class_list":["post-38","page","type-page","status-publish","hentry"],"post_mailing_queue_ids":[],"_links":{"self":[{"href":"https:\/\/agora.xtec.cat\/escbellavista\/wp-json\/wp\/v2\/pages\/38","targetHints":{"allow":["GET"]}}],"collection":[{"href":"https:\/\/agora.xtec.cat\/escbellavista\/wp-json\/wp\/v2\/pages"}],"about":[{"href":"https:\/\/agora.xtec.cat\/escbellavista\/wp-json\/wp\/v2\/types\/page"}],"author":[{"embeddable":true,"href":"https:\/\/agora.xtec.cat\/escbellavista\/wp-json\/wp\/v2\/users\/1"}],"replies":[{"embeddable":true,"href":"https:\/\/agora.xtec.cat\/escbellavista\/wp-json\/wp\/v2\/comments?post=38"}],"version-history":[{"count":6,"href":"https:\/\/agora.xtec.cat\/escbellavista\/wp-json\/wp\/v2\/pages\/38\/revisions"}],"predecessor-version":[{"id":465,"href":"https:\/\/agora.xtec.cat\/escbellavista\/wp-json\/wp\/v2\/pages\/38\/revisions\/465"}],"up":[{"embeddable":true,"href":"https:\/\/agora.xtec.cat\/escbellavista\/wp-json\/wp\/v2\/pages\/22"}],"wp:attachment":[{"href":"https:\/\/agora.xtec.cat\/escbellavista\/wp-json\/wp\/v2\/media?parent=38"}],"curies":[{"name":"wp","href":"https:\/\/api.w.org\/{rel}","templated":true}]}}