{"id":36,"date":"2014-09-18T12:33:11","date_gmt":"2014-09-18T11:33:11","guid":{"rendered":"http:\/\/agora.xtec.cat\/escbellavista\/?page_id=36"},"modified":"2020-01-27T19:09:33","modified_gmt":"2020-01-27T18:09:33","slug":"material-escolar","status":"publish","type":"page","link":"https:\/\/agora.xtec.cat\/escbellavista\/lescola\/material-escolar\/","title":{"rendered":"Material escolar"},"content":{"rendered":"<p>L&#8217;escola facilita el material escolar als alumnes. Aquest material varia segons el cicle. \u00c9s un acord dels\/les pares\/mares d&#8217;aquesta escola, i aprovat pel Consell Escolar del centre, que el material fungible que utilitzen els\/les sigui socialitzat, \u00e9s a dir, \u00e9s un material com\u00fa que facilita el centre un cop les fam\u00edlies ingressen una quota anual actualitzada, fixada i aprovada pel Consell Escolar. D&#8217;aquesta manera surt m\u00e9s econ\u00f2mic per a tothom degut a que es fa una gran comanda, reverteix en positiu individualment i col\u00b7lectiva per tal de no fer difer\u00e8ncies entre els alumnes i fa que el material estigui disponible quan cal als tutors\/es.<\/p>\n<p>Amb la quota de material s&#8217;inverteix en material did\u00e0ctic, fotoc\u00f2pies dossiers, dotaci\u00f3 de material per les diferents aules i espais de treball, dotaci\u00f3 de llibres de consulta i de lectura per a les aules i els diferents espais de lectura de l\u2019escola, sortides i activitats culturals.<\/p>\n<p>El cobrament de la quota de material escolar ho gestiona la mateixa escola a trav\u00e9s de l&#8217;aplicaci\u00f3 TPV.<\/p>\n<p><a href=\"https:\/\/tpvescola.com\"><img loading=\"lazy\" decoding=\"async\" class=\"alignnone wp-image-1464 size-full\" src=\"https:\/\/agora.xtec.cat\/escbellavista\/wp-content\/uploads\/usu1127\/2020\/01\/logo-tpv-escola.png\" alt=\"\" width=\"220\" height=\"87\" \/><\/a><\/p>\n","protected":false},"excerpt":{"rendered":"<p>L&#8217;escola facilita el material escolar als alumnes. Aquest material varia segons el cicle. \u00c9s un acord dels\/les pares\/mares d&#8217;aquesta escola, i aprovat pel Consell Escolar del centre, que el material fungible que utilitzen els\/les sigui socialitzat, \u00e9s a dir, \u00e9s un material com\u00fa que facilita&hellip;  <a href=\"https:\/\/agora.xtec.cat\/escbellavista\/lescola\/material-escolar\/\" title=\"Read Material escolar\">Llegeix m\u00e9s\u00bb<\/a><\/p>\n","protected":false},"author":1,"featured_media":0,"parent":22,"menu_order":70,"comment_status":"closed","ping_status":"closed","template":"page-templates\/side-menu.php","meta":{"_bbp_topic_count":0,"_bbp_reply_count":0,"_bbp_total_topic_count":0,"_bbp_total_reply_count":0,"_bbp_voice_count":0,"_bbp_anonymous_reply_count":0,"_bbp_topic_count_hidden":0,"_bbp_reply_count_hidden":0,"_bbp_forum_subforum_count":0,"footnotes":""},"class_list":["post-36","page","type-page","status-publish","hentry"],"post_mailing_queue_ids":[],"_links":{"self":[{"href":"https:\/\/agora.xtec.cat\/escbellavista\/wp-json\/wp\/v2\/pages\/36","targetHints":{"allow":["GET"]}}],"collection":[{"href":"https:\/\/agora.xtec.cat\/escbellavista\/wp-json\/wp\/v2\/pages"}],"about":[{"href":"https:\/\/agora.xtec.cat\/escbellavista\/wp-json\/wp\/v2\/types\/page"}],"author":[{"embeddable":true,"href":"https:\/\/agora.xtec.cat\/escbellavista\/wp-json\/wp\/v2\/users\/1"}],"replies":[{"embeddable":true,"href":"https:\/\/agora.xtec.cat\/escbellavista\/wp-json\/wp\/v2\/comments?post=36"}],"version-history":[{"count":4,"href":"https:\/\/agora.xtec.cat\/escbellavista\/wp-json\/wp\/v2\/pages\/36\/revisions"}],"predecessor-version":[{"id":1465,"href":"https:\/\/agora.xtec.cat\/escbellavista\/wp-json\/wp\/v2\/pages\/36\/revisions\/1465"}],"up":[{"embeddable":true,"href":"https:\/\/agora.xtec.cat\/escbellavista\/wp-json\/wp\/v2\/pages\/22"}],"wp:attachment":[{"href":"https:\/\/agora.xtec.cat\/escbellavista\/wp-json\/wp\/v2\/media?parent=36"}],"curies":[{"name":"wp","href":"https:\/\/api.w.org\/{rel}","templated":true}]}}