{"id":2208,"date":"2021-04-30T16:22:39","date_gmt":"2021-04-30T14:22:39","guid":{"rendered":"http:\/\/agora.xtec.cat\/escbellavista\/?page_id=2208"},"modified":"2023-11-20T12:14:14","modified_gmt":"2023-11-20T11:14:14","slug":"pla-de-millora-doportunitats-educatives-2020-2021","status":"publish","type":"page","link":"https:\/\/agora.xtec.cat\/escbellavista\/pla-de-millora-doportunitats-educatives-2020-2021\/","title":{"rendered":"PMOE-PROA+"},"content":{"rendered":"<p>Atesa la coincid\u00e8ncia del <strong>Pla de millora d\u2019oportunitats educatives (PMOE) i el Programa de cooperaci\u00f3 territorial per a l&#8217;orientaci\u00f3, l&#8217;aven\u00e7 i l&#8217;enriquiment educatiu PROA+<\/strong>\u00a02021-2024, en relaci\u00f3 amb els seus objectius, destinataris i cat\u00e0leg d&#8217;actuacions, es considera adient integrar el Programa del Ministeri d&#8217;Educaci\u00f3 i Formaci\u00f3 Professional PROA+ en el PMOE.<\/p>\n<p>\u200bEl beneficiari d&#8217;aquest Programa \u00e9s l&#8217;<strong>alumnat de 719 centres de major complexitat educativa per la seva situaci\u00f3 de tenir condicions socioecon\u00f2miques i socioculturals desafavorides,<\/strong>\u00a0d&#8217;acord amb el darrer estudi de complexitat del Consell Superior d&#8217;Avaluaci\u00f3 del Sistema Educatiu.<\/p>\n<p>El mecanisme per al desplegament del Pla estrat\u00e8gic de millora (PEM) ser\u00e0 l&#8217;assignaci\u00f3 econ\u00f2mica als centres educatius seleccionats per a l\u2019aplicaci\u00f3 de les activitats programades, aix\u00ed com l\u2019acompanyament per part de la Inspecci\u00f3 d\u2019Educaci\u00f3 i de les persones referents del Programa als territoris.<\/p>\n<p>En aquest <a href=\"https:\/\/cido.diba.cat\/legislacio\/13561411\/resolucio-edu19312022-de-17-de-juny-per-la-qual-es-regula-el-pla-de-millora-doportunitats-educatives-pmoe-per-als-cursos-2022-2023-i-2023-2024-en-el-marc-de-les-mesures-adoptades-pel-departament-deducacio-per-reforcar-els-centres-educatius-amb-mes-complexitat-i-vulnerabilitat-educativa-al-qual-sintegra-el-programa-del-ministeri-deducacio-i-formacio-professional-de-cooperacio-territorial-per-a-lorientacio-avenc-i-enriquiment-educatiu-proa-departament-deducacio\">enlla\u00e7<\/a> podeu consultar la Resoluci\u00f3 EDU\/1931\/2022, de 17 de juny, per la qual es regula el Pla de millora d&#8217;oportunitats educatives (PMOE) per als cursos 2022-2023 i 2023-2024.<\/p>\n<p>Amb data 14 d&#8217;abril de 2023, el Consell Escolar del centre va aprovar el Pla Estrat\u00e8gic de Millora (PEM) de la nostra escola. Aquest pla inclou una detallada diagnosi de l&#8217;entorn i del centre, defineix les l\u00ednies pedag\u00f2giques del PdD i defineix els principals objectius on es focalitzaran les activitats palanca que es faran cada curs per donar resposta a les necessitats detectades. Podeu consultar el PEM a la web a l&#8217;apartat de Documents de centre.<\/p>\n<p>&nbsp;<\/p>\n<p><a href=\"https:\/\/agora.xtec.cat\/escbellavista\/wp-content\/uploads\/usu1127\/2023\/11\/logos-ProaPlus-scaled.jpg\"><img loading=\"lazy\" decoding=\"async\" class=\"alignnone size-full wp-image-2971\" src=\"https:\/\/agora.xtec.cat\/escbellavista\/wp-content\/uploads\/usu1127\/2023\/11\/logos-ProaPlus-scaled.jpg\" alt=\"\" width=\"2560\" height=\"342\" srcset=\"https:\/\/agora.xtec.cat\/escbellavista\/wp-content\/uploads\/usu1127\/2023\/11\/logos-ProaPlus-scaled.jpg 2560w, https:\/\/agora.xtec.cat\/escbellavista\/wp-content\/uploads\/usu1127\/2023\/11\/logos-ProaPlus-300x40.jpg 300w, https:\/\/agora.xtec.cat\/escbellavista\/wp-content\/uploads\/usu1127\/2023\/11\/logos-ProaPlus-1024x137.jpg 1024w, https:\/\/agora.xtec.cat\/escbellavista\/wp-content\/uploads\/usu1127\/2023\/11\/logos-ProaPlus-768x103.jpg 768w, https:\/\/agora.xtec.cat\/escbellavista\/wp-content\/uploads\/usu1127\/2023\/11\/logos-ProaPlus-1536x205.jpg 1536w, https:\/\/agora.xtec.cat\/escbellavista\/wp-content\/uploads\/usu1127\/2023\/11\/logos-ProaPlus-2048x273.jpg 2048w\" sizes=\"auto, (max-width: 2560px) 100vw, 2560px\" \/><\/a><\/p>\n","protected":false},"excerpt":{"rendered":"<p>Atesa la coincid\u00e8ncia del Pla de millora d\u2019oportunitats educatives (PMOE) i el Programa de cooperaci\u00f3 territorial per a l&#8217;orientaci\u00f3, l&#8217;aven\u00e7 i l&#8217;enriquiment educatiu PROA+\u00a02021-2024, en relaci\u00f3 amb els seus objectius, destinataris i cat\u00e0leg d&#8217;actuacions, es considera adient integrar el Programa del Ministeri d&#8217;Educaci\u00f3 i Formaci\u00f3&hellip;  <a href=\"https:\/\/agora.xtec.cat\/escbellavista\/pla-de-millora-doportunitats-educatives-2020-2021\/\" title=\"Read PMOE-PROA+\">Llegeix m\u00e9s\u00bb<\/a><\/p>\n","protected":false},"author":1,"featured_media":0,"parent":0,"menu_order":0,"comment_status":"closed","ping_status":"closed","template":"","meta":{"_bbp_topic_count":0,"_bbp_reply_count":0,"_bbp_total_topic_count":0,"_bbp_total_reply_count":0,"_bbp_voice_count":0,"_bbp_anonymous_reply_count":0,"_bbp_topic_count_hidden":0,"_bbp_reply_count_hidden":0,"_bbp_forum_subforum_count":0,"footnotes":""},"class_list":["post-2208","page","type-page","status-publish","hentry"],"post_mailing_queue_ids":[],"_links":{"self":[{"href":"https:\/\/agora.xtec.cat\/escbellavista\/wp-json\/wp\/v2\/pages\/2208","targetHints":{"allow":["GET"]}}],"collection":[{"href":"https:\/\/agora.xtec.cat\/escbellavista\/wp-json\/wp\/v2\/pages"}],"about":[{"href":"https:\/\/agora.xtec.cat\/escbellavista\/wp-json\/wp\/v2\/types\/page"}],"author":[{"embeddable":true,"href":"https:\/\/agora.xtec.cat\/escbellavista\/wp-json\/wp\/v2\/users\/1"}],"replies":[{"embeddable":true,"href":"https:\/\/agora.xtec.cat\/escbellavista\/wp-json\/wp\/v2\/comments?post=2208"}],"version-history":[{"count":4,"href":"https:\/\/agora.xtec.cat\/escbellavista\/wp-json\/wp\/v2\/pages\/2208\/revisions"}],"predecessor-version":[{"id":2972,"href":"https:\/\/agora.xtec.cat\/escbellavista\/wp-json\/wp\/v2\/pages\/2208\/revisions\/2972"}],"wp:attachment":[{"href":"https:\/\/agora.xtec.cat\/escbellavista\/wp-json\/wp\/v2\/media?parent=2208"}],"curies":[{"name":"wp","href":"https:\/\/api.w.org\/{rel}","templated":true}]}}