{"id":22,"date":"2014-09-18T12:19:57","date_gmt":"2014-09-18T11:19:57","guid":{"rendered":"http:\/\/agora.xtec.cat\/escbellavista\/?page_id=22"},"modified":"2019-10-18T16:26:14","modified_gmt":"2019-10-18T14:26:14","slug":"lescola","status":"publish","type":"page","link":"https:\/\/agora.xtec.cat\/escbellavista\/lescola\/","title":{"rendered":"L&#8217;escola"},"content":{"rendered":"<p>L&#8217;escola Bellavista Joan-Camps som un centre p\u00fablic d&#8217;Educaci\u00f3 Infantil i Prim\u00e0ria amb un total de 17 grups-classe.<\/p>\n<ul>\n<li>Infantil: Hi ha 5 grups de refer\u00e8ncia amb alumnat de P3, P4 i P5.<\/li>\n<li>Prim\u00e0ria: Hi ha 12 grups, dos de cada nivell (1r, 2n, 3r, 4t, 5\u00e8 i 6\u00e8).<\/li>\n<\/ul>\n<p>&nbsp;<\/p>\n","protected":false},"excerpt":{"rendered":"<p>L&#8217;escola Bellavista Joan-Camps som un centre p\u00fablic d&#8217;Educaci\u00f3 Infantil i Prim\u00e0ria amb un total de 17 grups-classe.<\/p>\n<ul>\n<li>Infantil: Hi ha 5 grups de refer\u00e8ncia amb alumnat de P3, P4 i P5.<\/li>\n<li>Prim\u00e0ria: Hi ha 12 grups, dos de cada nivell (1r, 2n, 3r, 4t, 5\u00e8 i 6\u00e8).<\/li>\n<\/ul>\n<p>&nbsp;<\/p>\n","protected":false},"author":1,"featured_media":0,"parent":0,"menu_order":0,"comment_status":"closed","ping_status":"closed","template":"page-templates\/side-menu.php","meta":{"_bbp_topic_count":0,"_bbp_reply_count":0,"_bbp_total_topic_count":0,"_bbp_total_reply_count":0,"_bbp_voice_count":0,"_bbp_anonymous_reply_count":0,"_bbp_topic_count_hidden":0,"_bbp_reply_count_hidden":0,"_bbp_forum_subforum_count":0,"footnotes":""},"class_list":["post-22","page","type-page","status-publish","hentry"],"post_mailing_queue_ids":[],"_links":{"self":[{"href":"https:\/\/agora.xtec.cat\/escbellavista\/wp-json\/wp\/v2\/pages\/22","targetHints":{"allow":["GET"]}}],"collection":[{"href":"https:\/\/agora.xtec.cat\/escbellavista\/wp-json\/wp\/v2\/pages"}],"about":[{"href":"https:\/\/agora.xtec.cat\/escbellavista\/wp-json\/wp\/v2\/types\/page"}],"author":[{"embeddable":true,"href":"https:\/\/agora.xtec.cat\/escbellavista\/wp-json\/wp\/v2\/users\/1"}],"replies":[{"embeddable":true,"href":"https:\/\/agora.xtec.cat\/escbellavista\/wp-json\/wp\/v2\/comments?post=22"}],"version-history":[{"count":3,"href":"https:\/\/agora.xtec.cat\/escbellavista\/wp-json\/wp\/v2\/pages\/22\/revisions"}],"predecessor-version":[{"id":1354,"href":"https:\/\/agora.xtec.cat\/escbellavista\/wp-json\/wp\/v2\/pages\/22\/revisions\/1354"}],"wp:attachment":[{"href":"https:\/\/agora.xtec.cat\/escbellavista\/wp-json\/wp\/v2\/media?parent=22"}],"curies":[{"name":"wp","href":"https:\/\/api.w.org\/{rel}","templated":true}]}}