{"id":1971,"date":"2020-11-05T16:02:45","date_gmt":"2020-11-05T15:02:45","guid":{"rendered":"http:\/\/agora.xtec.cat\/escbellavista\/?page_id=1971"},"modified":"2025-01-14T11:40:11","modified_gmt":"2025-01-14T10:40:11","slug":"reptes","status":"publish","type":"page","link":"https:\/\/agora.xtec.cat\/escbellavista\/linia\/reptes\/","title":{"rendered":"Reptes d&#8217;aprenentatge"},"content":{"rendered":"<p>Els <strong>REPTES D\u2019APRENENTATGE<\/strong> s\u00f3n propostes de treball guiat i globalitzat que configuren una de les franges de treball que iniciem aquest curs amb infants del mateix cicle.<\/p>\n<p>Amb aquesta franja de treball promovem la investigaci\u00f3, l\u2019experimentaci\u00f3, la construcci\u00f3 de coneixement i l\u2019adquisici\u00f3 dels diversos \u00e0mbits fomentant el desenvolupament de les compet\u00e8ncies transversals:<\/p>\n<ul>\n<li>Ciutadana.<\/li>\n<li>Emprenedora.<\/li>\n<li>Personal, social i d&#8217;aprendre a aprendre.<\/li>\n<li>Digital.<\/li>\n<\/ul>\n<p>Cada repte \u00e9s una proposta de treball a assolir on l&#8217;alumnat s&#8217;autogestiona el temps per arribar a la conclusi\u00f3 i\/o producci\u00f3 final. Quan es finalitza la proposta es comparteix i cada infant realitza la seva autoavaluaci\u00f3.<\/p>\n\r\n\t<div class=\"slideshow_container slideshow_container_style-light\" style=\" \" data-slideshow-id=\"3654\" data-style-name=\"style-light\" data-style-version=\"2.3.1\" >\r\n\r\n\t\t\t\t\t<div class=\"slideshow_loading_icon\"><\/div>\r\n\t\t\r\n\t\t<div class=\"slideshow_content\" style=\"display: none;\">\r\n\r\n\t\t\t<div class=\"slideshow_view\">\r\n\t\t\t\t<div class=\"slideshow_slide slideshow_slide_image\">\r\n\t\t\t\t\t\t\t\t\t\t\t<img src=\"https:\/\/agora.xtec.cat\/escbellavista\/wp-content\/uploads\/usu1127\/2025\/01\/Repte-digital-2.jpg\" alt=\"Repte digital (2)\" width=\"480\" height=\"640\" \/>\r\n\t\t\t\t\t\t\t\t\t\t<div class=\"slideshow_description_box slideshow_transparent\">\r\n\t\t\t\t\t\t<div class=\"slideshow_title\">Repte digital (2)<\/div>\t\t\t\t\t\t\t\t\t\t\t<\/div>\r\n\t\t\t\t<\/div>\r\n\r\n\t\t\t\t\t\t<div style=\"clear: both;\"><\/div><\/div><div class=\"slideshow_view\">\r\n\t\t\t\t<div class=\"slideshow_slide slideshow_slide_image\">\r\n\t\t\t\t\t\t\t\t\t\t\t<img src=\"https:\/\/agora.xtec.cat\/escbellavista\/wp-content\/uploads\/usu1127\/2025\/01\/Repte-digital-1.jpg\" alt=\"Repte digital (1)\" width=\"480\" height=\"640\" \/>\r\n\t\t\t\t\t\t\t\t\t\t<div class=\"slideshow_description_box slideshow_transparent\">\r\n\t\t\t\t\t\t<div class=\"slideshow_title\">Repte digital (1)<\/div>\t\t\t\t\t\t\t\t\t\t\t<\/div>\r\n\t\t\t\t<\/div>\r\n\r\n\t\t\t\t\t\t<div style=\"clear: both;\"><\/div><\/div><div class=\"slideshow_view\">\r\n\t\t\t\t<div class=\"slideshow_slide slideshow_slide_image\">\r\n\t\t\t\t\t\t\t\t\t\t\t<img src=\"https:\/\/agora.xtec.cat\/escbellavista\/wp-content\/uploads\/usu1127\/2025\/01\/Reptes-6-scaled.jpg\" alt=\"Reptes (6)\" width=\"2560\" height=\"2318\" \/>\r\n\t\t\t\t\t\t\t\t\t\t<div class=\"slideshow_description_box slideshow_transparent\">\r\n\t\t\t\t\t\t<div class=\"slideshow_title\">Reptes (6)<\/div>\t\t\t\t\t\t\t\t\t\t\t<\/div>\r\n\t\t\t\t<\/div>\r\n\r\n\t\t\t\t\t\t<div style=\"clear: both;\"><\/div><\/div><div class=\"slideshow_view\">\r\n\t\t\t\t<div class=\"slideshow_slide slideshow_slide_image\">\r\n\t\t\t\t\t\t\t\t\t\t\t<img src=\"https:\/\/agora.xtec.cat\/escbellavista\/wp-content\/uploads\/usu1127\/2025\/01\/Reptes-5.jpg\" alt=\"Reptes (5)\" width=\"1200\" height=\"1129\" \/>\r\n\t\t\t\t\t\t\t\t\t\t<div class=\"slideshow_description_box slideshow_transparent\">\r\n\t\t\t\t\t\t<div class=\"slideshow_title\">Reptes (5)<\/div>\t\t\t\t\t\t\t\t\t\t\t<\/div>\r\n\t\t\t\t<\/div>\r\n\r\n\t\t\t\t\t\t<div style=\"clear: both;\"><\/div><\/div><div class=\"slideshow_view\">\r\n\t\t\t\t<div class=\"slideshow_slide slideshow_slide_image\">\r\n\t\t\t\t\t\t\t\t\t\t\t<img src=\"https:\/\/agora.xtec.cat\/escbellavista\/wp-content\/uploads\/usu1127\/2025\/01\/Reptes-4-scaled.jpg\" alt=\"Reptes (4)\" width=\"2560\" height=\"2013\" \/>\r\n\t\t\t\t\t\t\t\t\t\t<div class=\"slideshow_description_box slideshow_transparent\">\r\n\t\t\t\t\t\t<div class=\"slideshow_title\">Reptes (4)<\/div>\t\t\t\t\t\t\t\t\t\t\t<\/div>\r\n\t\t\t\t<\/div>\r\n\r\n\t\t\t\t\t\t<div style=\"clear: both;\"><\/div><\/div><div class=\"slideshow_view\">\r\n\t\t\t\t<div class=\"slideshow_slide slideshow_slide_image\">\r\n\t\t\t\t\t\t\t\t\t\t\t<img src=\"https:\/\/agora.xtec.cat\/escbellavista\/wp-content\/uploads\/usu1127\/2025\/01\/Reptes-3-scaled.jpg\" alt=\"Reptes (3)\" width=\"2560\" height=\"2348\" \/>\r\n\t\t\t\t\t\t\t\t\t\t<div class=\"slideshow_description_box slideshow_transparent\">\r\n\t\t\t\t\t\t<div class=\"slideshow_title\">Reptes (3)<\/div>\t\t\t\t\t\t\t\t\t\t\t<\/div>\r\n\t\t\t\t<\/div>\r\n\r\n\t\t\t\t\t\t<div style=\"clear: both;\"><\/div><\/div><div class=\"slideshow_view\">\r\n\t\t\t\t<div class=\"slideshow_slide slideshow_slide_image\">\r\n\t\t\t\t\t\t\t\t\t\t\t<img src=\"https:\/\/agora.xtec.cat\/escbellavista\/wp-content\/uploads\/usu1127\/2025\/01\/Reptes-2-scaled.jpg\" alt=\"Reptes (2)\" width=\"2395\" height=\"2560\" \/>\r\n\t\t\t\t\t\t\t\t\t\t<div class=\"slideshow_description_box slideshow_transparent\">\r\n\t\t\t\t\t\t<div class=\"slideshow_title\">Reptes (2)<\/div>\t\t\t\t\t\t\t\t\t\t\t<\/div>\r\n\t\t\t\t<\/div>\r\n\r\n\t\t\t\t\t\t<div style=\"clear: both;\"><\/div><\/div><div class=\"slideshow_view\">\r\n\t\t\t\t<div class=\"slideshow_slide slideshow_slide_image\">\r\n\t\t\t\t\t\t\t\t\t\t\t<img src=\"https:\/\/agora.xtec.cat\/escbellavista\/wp-content\/uploads\/usu1127\/2025\/01\/Reptes-1.jpg\" alt=\"Reptes (1)\" width=\"1136\" height=\"918\" \/>\r\n\t\t\t\t\t\t\t\t\t\t<div class=\"slideshow_description_box slideshow_transparent\">\r\n\t\t\t\t\t\t<div class=\"slideshow_title\">Reptes (1)<\/div>\t\t\t\t\t\t\t\t\t\t\t<\/div>\r\n\t\t\t\t<\/div>\r\n\r\n\t\t\t\t\t\t<div style=\"clear: both;\"><\/div><\/div><div class=\"slideshow_view\">\r\n\t\t\t\t<div class=\"slideshow_slide slideshow_slide_image\">\r\n\t\t\t\t\t\t\t\t\t\t\t<img src=\"https:\/\/agora.xtec.cat\/escbellavista\/wp-content\/uploads\/usu1127\/2025\/01\/Reptes-8-scaled.jpg\" alt=\"Reptes (8)\" width=\"2560\" height=\"1956\" \/>\r\n\t\t\t\t\t\t\t\t\t\t<div class=\"slideshow_description_box slideshow_transparent\">\r\n\t\t\t\t\t\t<div class=\"slideshow_title\">Reptes (8)<\/div>\t\t\t\t\t\t\t\t\t\t\t<\/div>\r\n\t\t\t\t<\/div>\r\n\r\n\t\t\t\t\t\t<div style=\"clear: both;\"><\/div><\/div>\r\n\t\t<\/div>\r\n\r\n\t\t<div class=\"slideshow_controlPanel slideshow_transparent\" style=\"display: none;\"><ul><li class=\"slideshow_togglePlay\" data-play-text=\"Visualitza\" data-pause-text=\"Pausa\"><\/li><\/ul><\/div>\r\n\r\n\t\t<div class=\"slideshow_button slideshow_previous slideshow_transparent\" role=\"button\" data-previous-text=\"Anterior\" style=\"display: none;\"><\/div>\r\n\t\t<div class=\"slideshow_button slideshow_next slideshow_transparent\" role=\"button\" data-next-text=\"Seg\u00fcent\" style=\"display: none;\"><\/div>\r\n\r\n\t\t<div class=\"slideshow_pagination\" style=\"display: none;\" data-go-to-text=\"V\u00e9s a la diapositiva\"><div class=\"slideshow_pagination_center\"><\/div><\/div>\r\n\r\n\t\t<!-- WordPress Slideshow Version 2.3.1 -->\r\n\r\n\t\t\t<\/div>\r\n\r\n\n","protected":false},"excerpt":{"rendered":"<p>Els REPTES D\u2019APRENENTATGE s\u00f3n propostes de treball guiat i globalitzat que configuren una de les franges de treball que iniciem aquest curs amb infants del mateix cicle.<br \/>\nAmb aquesta franja de treball promovem la investigaci\u00f3, l\u2019experimentaci\u00f3, la construcci\u00f3 de coneixement i l\u2019adquisici\u00f3 dels diversos \u00e0mbits fomentant&hellip;  <a href=\"https:\/\/agora.xtec.cat\/escbellavista\/linia\/reptes\/\" title=\"Read Reptes d&#8217;aprenentatge\">Llegeix m\u00e9s\u00bb<\/a><\/p>\n","protected":false},"author":1,"featured_media":0,"parent":1038,"menu_order":5,"comment_status":"closed","ping_status":"closed","template":"page-templates\/side-menu.php","meta":{"_bbp_topic_count":0,"_bbp_reply_count":0,"_bbp_total_topic_count":0,"_bbp_total_reply_count":0,"_bbp_voice_count":0,"_bbp_anonymous_reply_count":0,"_bbp_topic_count_hidden":0,"_bbp_reply_count_hidden":0,"_bbp_forum_subforum_count":0,"footnotes":""},"class_list":["post-1971","page","type-page","status-publish","hentry"],"post_mailing_queue_ids":[],"_links":{"self":[{"href":"https:\/\/agora.xtec.cat\/escbellavista\/wp-json\/wp\/v2\/pages\/1971","targetHints":{"allow":["GET"]}}],"collection":[{"href":"https:\/\/agora.xtec.cat\/escbellavista\/wp-json\/wp\/v2\/pages"}],"about":[{"href":"https:\/\/agora.xtec.cat\/escbellavista\/wp-json\/wp\/v2\/types\/page"}],"author":[{"embeddable":true,"href":"https:\/\/agora.xtec.cat\/escbellavista\/wp-json\/wp\/v2\/users\/1"}],"replies":[{"embeddable":true,"href":"https:\/\/agora.xtec.cat\/escbellavista\/wp-json\/wp\/v2\/comments?post=1971"}],"version-history":[{"count":6,"href":"https:\/\/agora.xtec.cat\/escbellavista\/wp-json\/wp\/v2\/pages\/1971\/revisions"}],"predecessor-version":[{"id":3663,"href":"https:\/\/agora.xtec.cat\/escbellavista\/wp-json\/wp\/v2\/pages\/1971\/revisions\/3663"}],"up":[{"embeddable":true,"href":"https:\/\/agora.xtec.cat\/escbellavista\/wp-json\/wp\/v2\/pages\/1038"}],"wp:attachment":[{"href":"https:\/\/agora.xtec.cat\/escbellavista\/wp-json\/wp\/v2\/media?parent=1971"}],"curies":[{"name":"wp","href":"https:\/\/api.w.org\/{rel}","templated":true}]}}