{"id":1953,"date":"2020-11-04T15:07:28","date_gmt":"2020-11-04T14:07:28","guid":{"rendered":"http:\/\/agora.xtec.cat\/escbellavista\/?page_id=1953"},"modified":"2025-03-12T16:32:56","modified_gmt":"2025-03-12T15:32:56","slug":"qui-som-2","status":"publish","type":"page","link":"https:\/\/agora.xtec.cat\/escbellavista\/lescola\/qui-som-2\/","title":{"rendered":"Qui som?"},"content":{"rendered":"<p style=\"text-align: left;\">L&#8217;escola Bellavista-Joan Camps i Gir\u00f3 \u00e9s una escola p\u00fablica, catalana, aconfessional, inclusiva i integradora, acollidora i democr\u00e0tica, del Servei Territorial del Maresme Vall\u00e8s i Vall\u00e8s Oriental.<\/p>\n<p style=\"text-align: left;\">Entenem que educar va m\u00e9s enll\u00e0 de fer possible que els infants aprenguin o adquireixin coneixements. Entenem l\u2019educaci\u00f3 com un proc\u00e9s integral de l\u2019alumnat,\u00a0 proposem reptes cognitius, creem ambients que facilitin les relacions humanes, donem oportunitats per refor\u00e7ar la confian\u00e7a i l\u2019autoestima, assegurem el cam\u00ed cap a l\u2019autonomia i ajudem als infants a entendre el m\u00f3n i la societat on viuen. Una societat i un m\u00f3n que canvia molt r\u00e0pidament i de manera constant per\u00f2, alhora, s\u2019adapta als nous temps. Per tant, hem de ser una escola que doni resposta a tots aquests canvis i aquestes noves necessitats, ens hem d\u2019adaptar i renovar.<\/p>\n<p style=\"text-align: left;\">Aix\u00ed mateix, tenim com a missi\u00f3 garantir la igualtat d\u2019oportunitats i l\u2019equitat del nostre alumnat, evitant qualsevol tipus de marginaci\u00f3 i\/o exclusi\u00f3, contribuint a formar ciutadans responsables, cr\u00edtics, actius, aut\u00f2noms, solidaris i respectuosos amb l\u2019entorn, la ciutat, el pa\u00eds, la societat i el medi ambient.<\/p>\n<p style=\"text-align: left;\">La nostra visi\u00f3 d&#8217;escola \u00e9s la seg\u00fcent:<\/p>\n<ul style=\"text-align: left;\">\n<li>Volem ser una escola p\u00fablica innovadora que s\u2019obri a noves propostes que millorin el funcionament del centre, a compartir experi\u00e8ncies i amb capacitat de renovaci\u00f3 constant.<\/li>\n<li>Volem ser una escola compromesa que desenvolupa i millora les capacitats i les compet\u00e8ncies de tot l\u2019alumnat respectant els diferents ritmes d\u2019aprenentatge.<\/li>\n<li>Volem adaptar-nos a un entorn canviant essent conscients de les oportunitats i necessitats reals de cada moment.<\/li>\n<li>Volem fomentar l\u2019\u00fas de les tecnologies de l\u2019aprenentatge i la comunicaci\u00f3 per part de tota la comunitat educativa.<\/li>\n<li>Volem ser un centre amb un clima de treball motivador i rigor\u00f3s, i amb un equip de mestres il\u00b7lusionats, amb neguits pedag\u00f2gics i que apostin per la formaci\u00f3.<\/li>\n<li>Volem afavorir el treball cooperatiu i les habilitats socials, construint aprenentatges en relaci\u00f3 amb l\u2019altre i aix\u00f2 ens permetr\u00e0 crear un bon clima de conviv\u00e8ncia, de treball, contribuint a l\u2019autonomia de l\u2019alumnat.<\/li>\n<li>Volem ser una escola que fomenta els h\u00e0bits de vida saludable.<\/li>\n<li>Volem ser una escola oberta a la comunitat educativa, al barri i al municipi.<\/li>\n<\/ul>\n<p>A l\u2019escola tenim en compte tots els agents que intervenen directament en l\u2019educaci\u00f3. \u00c9s necessari, per tant, la implicaci\u00f3 de tothom per tal de promoure el bon desenvolupament personal del nostre alumnat.<\/p>\n<p>Treballarem per transmetre els seg\u00fcents valors que consten al Projecte Educatiu de Centre:<\/p>\n<ul>\n<li>Honestedat i bondat.<\/li>\n<li>Acceptaci\u00f3 de la diversitat i respecte.<\/li>\n<li>Solidaritat i Cultura de la Pau.<\/li>\n<li>Cooperaci\u00f3 i treball en equip.<\/li>\n<li>Igualtat d\u2019oportunitats.<\/li>\n<li>Equitat i no exclusi\u00f3.<\/li>\n<li>Innovaci\u00f3 i Transformaci\u00f3.<\/li>\n<li>Inter\u00e8s general en les fam\u00edlies i l\u2019entorn.<\/li>\n<li>Cultura de resoluci\u00f3 de conflictes i mediaci\u00f3.<\/li>\n<\/ul>\n","protected":false},"excerpt":{"rendered":"<p>L&#8217;escola Bellavista-Joan Camps i Gir\u00f3 \u00e9s una escola p\u00fablica, catalana, aconfessional, inclusiva i integradora, acollidora i democr\u00e0tica, del Servei Territorial del Maresme Vall\u00e8s i Vall\u00e8s Oriental.<br \/>\nEntenem que educar va m\u00e9s enll\u00e0 de fer possible que els infants aprenguin o adquireixin coneixements. Entenem l\u2019educaci\u00f3 com un&hellip;  <a href=\"https:\/\/agora.xtec.cat\/escbellavista\/lescola\/qui-som-2\/\" title=\"Read Qui som?\">Llegeix m\u00e9s\u00bb<\/a><\/p>\n","protected":false},"author":1,"featured_media":0,"parent":22,"menu_order":1,"comment_status":"closed","ping_status":"closed","template":"page-templates\/side-menu.php","meta":{"_bbp_topic_count":0,"_bbp_reply_count":0,"_bbp_total_topic_count":0,"_bbp_total_reply_count":0,"_bbp_voice_count":0,"_bbp_anonymous_reply_count":0,"_bbp_topic_count_hidden":0,"_bbp_reply_count_hidden":0,"_bbp_forum_subforum_count":0,"footnotes":""},"class_list":["post-1953","page","type-page","status-publish","hentry"],"post_mailing_queue_ids":[],"_links":{"self":[{"href":"https:\/\/agora.xtec.cat\/escbellavista\/wp-json\/wp\/v2\/pages\/1953","targetHints":{"allow":["GET"]}}],"collection":[{"href":"https:\/\/agora.xtec.cat\/escbellavista\/wp-json\/wp\/v2\/pages"}],"about":[{"href":"https:\/\/agora.xtec.cat\/escbellavista\/wp-json\/wp\/v2\/types\/page"}],"author":[{"embeddable":true,"href":"https:\/\/agora.xtec.cat\/escbellavista\/wp-json\/wp\/v2\/users\/1"}],"replies":[{"embeddable":true,"href":"https:\/\/agora.xtec.cat\/escbellavista\/wp-json\/wp\/v2\/comments?post=1953"}],"version-history":[{"count":4,"href":"https:\/\/agora.xtec.cat\/escbellavista\/wp-json\/wp\/v2\/pages\/1953\/revisions"}],"predecessor-version":[{"id":3905,"href":"https:\/\/agora.xtec.cat\/escbellavista\/wp-json\/wp\/v2\/pages\/1953\/revisions\/3905"}],"up":[{"embeddable":true,"href":"https:\/\/agora.xtec.cat\/escbellavista\/wp-json\/wp\/v2\/pages\/22"}],"wp:attachment":[{"href":"https:\/\/agora.xtec.cat\/escbellavista\/wp-json\/wp\/v2\/media?parent=1953"}],"curies":[{"name":"wp","href":"https:\/\/api.w.org\/{rel}","templated":true}]}}